{"id":11599,"date":"2024-05-07T19:23:46","date_gmt":"2024-05-07T17:23:46","guid":{"rendered":"https:\/\/eacim-ceramic-implantology.com\/one-day-training-la-zircone-une-alternative-a-limplant-en-titane-par-les-centres-de-formations-eacim\/"},"modified":"2024-05-15T16:10:35","modified_gmt":"2024-05-15T14:10:35","slug":"one-day-training-la-zircone-une-alternative-a-limplant-en-titane-par-les-centres-de-formations-eacim","status":"publish","type":"page","link":"https:\/\/eacim-ceramic-implantology.com\/fr\/one-day-training-la-zircone-une-alternative-a-limplant-en-titane-par-les-centres-de-formations-eacim\/","title":{"rendered":"ONE-DAY TRAINING \u00ab\u00a0La zircone, une alternative \u00e0 l&rsquo;implant en titane\u00a0\u00bb par les Centres de Formations EACim"},"content":{"rendered":"<div class=\"fusion-fullwidth fullwidth-box fusion-builder-row-1 fusion-flex-container nonhundred-percent-fullwidth non-hundred-percent-height-scrolling\" style=\"--awb-border-radius-top-left:0px;--awb-border-radius-top-right:0px;--awb-border-radius-bottom-right:0px;--awb-border-radius-bottom-left:0px;--awb-flex-wrap:wrap;\" ><div class=\"fusion-builder-row fusion-row fusion-flex-align-items-flex-start fusion-flex-content-wrap\" style=\"max-width:1144px;margin-left: calc(-4% \/ 2 );margin-right: calc(-4% \/ 2 );\"><div class=\"fusion-layout-column fusion_builder_column fusion-builder-column-0 fusion_builder_column_1_1 1_1 fusion-flex-column\" style=\"--awb-bg-size:cover;--awb-width-large:100%;--awb-margin-top-large:0px;--awb-spacing-right-large:1.92%;--awb-margin-bottom-large:0px;--awb-spacing-left-large:1.92%;--awb-width-medium:100%;--awb-spacing-right-medium:1.92%;--awb-spacing-left-medium:1.92%;--awb-width-small:100%;--awb-spacing-right-small:1.92%;--awb-spacing-left-small:1.92%;\"><div class=\"fusion-column-wrapper fusion-flex-justify-content-flex-start fusion-content-layout-column\"><div class=\"fusion-text fusion-text-1\"><p><img decoding=\"async\" class=\"size-full wp-image-11555 aligncenter\" src=\"https:\/\/eacim-ceramic-implantology.com\/wp-content\/uploads\/2024\/05\/bandeau-page-TC.jpg\" alt=\"\" width=\"819\" height=\"360\" srcset=\"https:\/\/eacim-ceramic-implantology.com\/wp-content\/uploads\/2024\/05\/bandeau-page-TC-200x88.jpg 200w, https:\/\/eacim-ceramic-implantology.com\/wp-content\/uploads\/2024\/05\/bandeau-page-TC-300x132.jpg 300w, https:\/\/eacim-ceramic-implantology.com\/wp-content\/uploads\/2024\/05\/bandeau-page-TC-400x176.jpg 400w, https:\/\/eacim-ceramic-implantology.com\/wp-content\/uploads\/2024\/05\/bandeau-page-TC-500x220.jpg 500w, https:\/\/eacim-ceramic-implantology.com\/wp-content\/uploads\/2024\/05\/bandeau-page-TC-600x264.jpg 600w, https:\/\/eacim-ceramic-implantology.com\/wp-content\/uploads\/2024\/05\/bandeau-page-TC-700x308.jpg 700w, https:\/\/eacim-ceramic-implantology.com\/wp-content\/uploads\/2024\/05\/bandeau-page-TC-768x338.jpg 768w, https:\/\/eacim-ceramic-implantology.com\/wp-content\/uploads\/2024\/05\/bandeau-page-TC-800x352.jpg 800w, https:\/\/eacim-ceramic-implantology.com\/wp-content\/uploads\/2024\/05\/bandeau-page-TC.jpg 819w\" sizes=\"(max-width: 819px) 100vw, 819px\" \/><\/p>\n<h2>MASTERCLASS TRAINING: La zircone, une alternative \u00e0 l&rsquo;implant en titane<\/h2>\n<p><strong><img decoding=\"async\" class=\" wp-image-11583 alignright\" src=\"https:\/\/eacim-ceramic-implantology.com\/wp-content\/uploads\/2024\/05\/ONE-DAY-TRAINING-Trainings-Centers.jpg\" alt=\"\" width=\"358\" height=\"261\" srcset=\"https:\/\/eacim-ceramic-implantology.com\/wp-content\/uploads\/2024\/05\/ONE-DAY-TRAINING-Trainings-Centers-200x146.jpg 200w, https:\/\/eacim-ceramic-implantology.com\/wp-content\/uploads\/2024\/05\/ONE-DAY-TRAINING-Trainings-Centers-300x219.jpg 300w, https:\/\/eacim-ceramic-implantology.com\/wp-content\/uploads\/2024\/05\/ONE-DAY-TRAINING-Trainings-Centers-400x292.jpg 400w, https:\/\/eacim-ceramic-implantology.com\/wp-content\/uploads\/2024\/05\/ONE-DAY-TRAINING-Trainings-Centers.jpg 428w\" sizes=\"(max-width: 358px) 100vw, 358px\" \/>Cette journ\u00e9e de formation pratique est con\u00e7ue pour vous permettre d&rsquo;acqu\u00e9rir et de d\u00e9velopper de nouvelles comp\u00e9tences en implantologie c\u00e9ramique. Vous b\u00e9n\u00e9ficierez d&rsquo;une formation th\u00e9orique et pratique bas\u00e9e sur des interventions en direct et des travaux pratiques, sur la base d&rsquo;un coaching personnalis\u00e9.<\/strong><\/p>\n<h3><strong>PROGRAMME DE LA FORMATION : voir le programme en fonction de chaque centre de formation<\/strong><\/h3>\n<hr \/>\n<h1><strong>R\u00c9SERVEZ VOTRE PROCHAINE FORMATION DANS UN CENTRE DU RESEAU EACim<\/strong><\/h1>\n<p><strong>L&rsquo;EACim a cr\u00e9\u00e9 un r\u00e9seau europ\u00e9en de Centres de Formation pour proposer une formation professionnelle aux m\u00e9decins et chirurgiens proth\u00e9sistes g\u00e9n\u00e9raux \u00e0 l&rsquo;utilisation des implants en c\u00e9ramique. Nos formateurs exp\u00e9riment\u00e9s vous guideront \u00e0 travers les proc\u00e9dures et techniques les plus innovantes.<\/strong><\/p>\n<p><img decoding=\"async\" class=\"size-full wp-image-11559 aligncenter\" src=\"https:\/\/eacim-ceramic-implantology.com\/wp-content\/uploads\/2024\/05\/map-TC-EACim-may2024.jpg\" alt=\"\" width=\"1000\" height=\"994\" srcset=\"https:\/\/eacim-ceramic-implantology.com\/wp-content\/uploads\/2024\/05\/map-TC-EACim-may2024-66x66.jpg 66w, https:\/\/eacim-ceramic-implantology.com\/wp-content\/uploads\/2024\/05\/map-TC-EACim-may2024-100x100.jpg 100w, https:\/\/eacim-ceramic-implantology.com\/wp-content\/uploads\/2024\/05\/map-TC-EACim-may2024-150x150.jpg 150w, https:\/\/eacim-ceramic-implantology.com\/wp-content\/uploads\/2024\/05\/map-TC-EACim-may2024-200x199.jpg 200w, https:\/\/eacim-ceramic-implantology.com\/wp-content\/uploads\/2024\/05\/map-TC-EACim-may2024-300x298.jpg 300w, https:\/\/eacim-ceramic-implantology.com\/wp-content\/uploads\/2024\/05\/map-TC-EACim-may2024-400x398.jpg 400w, https:\/\/eacim-ceramic-implantology.com\/wp-content\/uploads\/2024\/05\/map-TC-EACim-may2024-500x497.jpg 500w, https:\/\/eacim-ceramic-implantology.com\/wp-content\/uploads\/2024\/05\/map-TC-EACim-may2024-600x596.jpg 600w, https:\/\/eacim-ceramic-implantology.com\/wp-content\/uploads\/2024\/05\/map-TC-EACim-may2024-700x696.jpg 700w, https:\/\/eacim-ceramic-implantology.com\/wp-content\/uploads\/2024\/05\/map-TC-EACim-may2024-768x763.jpg 768w, https:\/\/eacim-ceramic-implantology.com\/wp-content\/uploads\/2024\/05\/map-TC-EACim-may2024-800x795.jpg 800w, https:\/\/eacim-ceramic-implantology.com\/wp-content\/uploads\/2024\/05\/map-TC-EACim-may2024.jpg 1000w\" sizes=\"(max-width: 1000px) 100vw, 1000px\" \/><\/p>\n<\/div><div class=\"fusion-text fusion-text-2\"><h3><strong>R\u00c9SERVEZ VOTRE PROCHAINE FORMATION<br \/>\n<\/strong><\/h3>\n<p><strong><span class=\"HwtZe\" lang=\"en\"><span class=\"jCAhz ChMk0b\"><span class=\"ryNqvb\">Cette formation sera dispens\u00e9e exclusivement dans les centres de formation de l&rsquo;EACim. <\/span><\/span><\/span>. Merci donc de s\u00e9lectionner le centre le plus proche de chez vous pour consulter les dates de la prochaine formation<\/strong><\/p>\n<\/div><div class=\"fusion-builder-row fusion-builder-row-inner fusion-row fusion-flex-align-items-flex-start fusion-flex-content-wrap\" style=\"width:104% !important;max-width:104% !important;margin-left: calc(-4% \/ 2 );margin-right: calc(-4% \/ 2 );\"><div class=\"fusion-layout-column fusion_builder_column_inner fusion-builder-nested-column-0 fusion_builder_column_inner_1_2 1_2 fusion-flex-column\" style=\"--awb-bg-size:cover;--awb-width-large:50%;--awb-margin-top-large:0px;--awb-spacing-right-large:3.84%;--awb-margin-bottom-large:20px;--awb-spacing-left-large:3.84%;--awb-width-medium:100%;--awb-order-medium:0;--awb-spacing-right-medium:1.92%;--awb-spacing-left-medium:1.92%;--awb-width-small:100%;--awb-order-small:0;--awb-spacing-right-small:1.92%;--awb-spacing-left-small:1.92%;\"><div class=\"fusion-column-wrapper fusion-column-has-shadow fusion-flex-justify-content-flex-start fusion-content-layout-column\"><div class=\"fusion-text fusion-text-3\"><ul>\n<li><strong>Belgique<\/strong> &gt; ETALLE (6740)<\/li>\n<li><strong>Belgique<\/strong> &gt; BRUSSELS (1180)<\/li>\n<li><strong>France<\/strong> &gt; <a href=\"\/fr\/event\/masterclass-eacim-z-systems-la-zircone-une-alternative-a-limplant-en-titane\/\"><strong>MARSEILLE<\/strong> <\/a>(13006)<\/li>\n<li><strong>France<\/strong> &gt; CHATEAURENARD (13160)<\/li>\n<li><strong>France <\/strong>&gt; AUBAGNE (13400)<\/li>\n<li><strong>France<\/strong> &gt;PARIS ( 75017)<\/li>\n<li><strong>France<\/strong> &gt; <strong><a href=\"\/fr\/event\/masterclass-eacim-patent-la-zircone-une-alternative-a-limplant-en-titane\/\">SAINT-GELY-DU-FESC<\/a> <\/strong>(34980)<\/li>\n<li><strong>France<\/strong> &gt; PARIS (75008)<\/li>\n<\/ul>\n<\/div><\/div><\/div><div class=\"fusion-layout-column fusion_builder_column_inner fusion-builder-nested-column-1 fusion_builder_column_inner_1_2 1_2 fusion-flex-column\" style=\"--awb-bg-size:cover;--awb-width-large:50%;--awb-margin-top-large:0px;--awb-spacing-right-large:3.84%;--awb-margin-bottom-large:20px;--awb-spacing-left-large:3.84%;--awb-width-medium:100%;--awb-order-medium:0;--awb-spacing-right-medium:1.92%;--awb-spacing-left-medium:1.92%;--awb-width-small:100%;--awb-order-small:0;--awb-spacing-right-small:1.92%;--awb-spacing-left-small:1.92%;\"><div class=\"fusion-column-wrapper fusion-column-has-shadow fusion-flex-justify-content-flex-start fusion-content-layout-column\"><div class=\"fusion-text fusion-text-4\"><ul>\n<li><strong>Allemagne<\/strong> &#8211; 91472 IPSHEIM<\/li>\n<li><strong>Gr\u00e8ce<\/strong> &#8211; 115 25 ATHENES<\/li>\n<li><strong>Italie<\/strong> &#8211; 20129 MILAN<\/li>\n<li><strong>Luxembourg<\/strong> &#8211; 2449 LUXEMBOURG<\/li>\n<li><strong>Portugal<\/strong> &#8211; 1070 LISBOA<\/li>\n<li><strong>Espagne<\/strong> &#8211; 08022 BARCELONA<\/li>\n<li><strong>Suisse<\/strong> &#8211; 1213 PETIT LANCY<\/li>\n<li><strong>Pays-Bas<\/strong> &#8211; 7555SK HENGELO<\/li>\n<\/ul>\n<\/div><\/div><\/div><\/div><div style=\"text-align:center;\"><a class=\"fusion-button button-flat fusion-button-default-size button-default fusion-button-default button-1 fusion-button-default-span fusion-button-default-type\" target=\"_self\" href=\"\/fr\/events\/list\/\"><span class=\"fusion-button-text awb-button__text awb-button__text--default\">CONSULTER LE CALENDRIER DES PROCHAINES FORMATIONS<\/span><\/a><\/div><div class=\"fusion-separator fusion-full-width-sep\" style=\"align-self: center;margin-left: auto;margin-right: auto;margin-top:20px;margin-bottom:20px;width:100%;\"><\/div><div class=\"fusion-text fusion-text-5\"><p><img decoding=\"async\" class=\"size-full wp-image-11577 aligncenter\" src=\"https:\/\/eacim-ceramic-implantology.com\/wp-content\/uploads\/2024\/05\/partners-TC2.jpg\" alt=\"\" width=\"1000\" height=\"159\" srcset=\"https:\/\/eacim-ceramic-implantology.com\/wp-content\/uploads\/2024\/05\/partners-TC2-200x32.jpg 200w, https:\/\/eacim-ceramic-implantology.com\/wp-content\/uploads\/2024\/05\/partners-TC2-300x48.jpg 300w, https:\/\/eacim-ceramic-implantology.com\/wp-content\/uploads\/2024\/05\/partners-TC2-400x64.jpg 400w, https:\/\/eacim-ceramic-implantology.com\/wp-content\/uploads\/2024\/05\/partners-TC2-500x80.jpg 500w, https:\/\/eacim-ceramic-implantology.com\/wp-content\/uploads\/2024\/05\/partners-TC2-600x95.jpg 600w, https:\/\/eacim-ceramic-implantology.com\/wp-content\/uploads\/2024\/05\/partners-TC2-700x111.jpg 700w, https:\/\/eacim-ceramic-implantology.com\/wp-content\/uploads\/2024\/05\/partners-TC2-768x122.jpg 768w, https:\/\/eacim-ceramic-implantology.com\/wp-content\/uploads\/2024\/05\/partners-TC2-800x127.jpg 800w, https:\/\/eacim-ceramic-implantology.com\/wp-content\/uploads\/2024\/05\/partners-TC2.jpg 1000w\" sizes=\"(max-width: 1000px) 100vw, 1000px\" \/><\/p>\n<p>&nbsp;<\/p>\n<hr \/>\n<p>L&rsquo;EACim a \u00e9t\u00e9 s\u00e9lectionn\u00e9 pour enseigner son expertise en implantologie c\u00e9ramique dans le cadre du cursus du Programme Universitaire d&rsquo;Implantologie Orale (D.U I.O.). Cette formation de sp\u00e9cialisation destin\u00e9e aux cliniciens chirurgiens-dentistes permet aux praticiens d&rsquo;acqu\u00e9rir les connaissances th\u00e9oriques, pratiques et cliniques en implantologie des c\u00e9ramiques de zircone.<\/p>\n<p><img decoding=\"async\" class=\"alignleft size-full wp-image-11557\" src=\"https:\/\/eacim-ceramic-implantology.com\/wp-content\/uploads\/2024\/05\/universities-EACim.jpg\" alt=\"implantology.\" width=\"1208\" height=\"91\" srcset=\"https:\/\/eacim-ceramic-implantology.com\/wp-content\/uploads\/2024\/05\/universities-EACim-200x15.jpg 200w, https:\/\/eacim-ceramic-implantology.com\/wp-content\/uploads\/2024\/05\/universities-EACim-300x23.jpg 300w, https:\/\/eacim-ceramic-implantology.com\/wp-content\/uploads\/2024\/05\/universities-EACim-400x30.jpg 400w, https:\/\/eacim-ceramic-implantology.com\/wp-content\/uploads\/2024\/05\/universities-EACim-500x38.jpg 500w, https:\/\/eacim-ceramic-implantology.com\/wp-content\/uploads\/2024\/05\/universities-EACim-600x45.jpg 600w, https:\/\/eacim-ceramic-implantology.com\/wp-content\/uploads\/2024\/05\/universities-EACim-700x53.jpg 700w, https:\/\/eacim-ceramic-implantology.com\/wp-content\/uploads\/2024\/05\/universities-EACim-768x58.jpg 768w, https:\/\/eacim-ceramic-implantology.com\/wp-content\/uploads\/2024\/05\/universities-EACim-800x60.jpg 800w, https:\/\/eacim-ceramic-implantology.com\/wp-content\/uploads\/2024\/05\/universities-EACim-1024x77.jpg 1024w, https:\/\/eacim-ceramic-implantology.com\/wp-content\/uploads\/2024\/05\/universities-EACim-1200x90.jpg 1200w, https:\/\/eacim-ceramic-implantology.com\/wp-content\/uploads\/2024\/05\/universities-EACim.jpg 1208w\" sizes=\"(max-width: 1208px) 100vw, 1208px\" \/><\/p>\n<\/div><\/div><\/div><\/div><\/div>\n","protected":false},"excerpt":{"rendered":"","protected":false},"author":1,"featured_media":0,"parent":0,"menu_order":0,"comment_status":"closed","ping_status":"closed","template":"","meta":{"_price":"","_stock":"","_tribe_ticket_header":"","_tribe_default_ticket_provider":"","_tribe_ticket_capacity":"0","_ticket_start_date":"","_ticket_end_date":"","_tribe_ticket_show_description":"","_tribe_ticket_show_not_going":false,"_tribe_ticket_use_global_stock":"","_tribe_ticket_global_stock_level":"","_global_stock_mode":"","_global_stock_cap":"","_tribe_rsvp_for_event":"","_tribe_ticket_going_count":"","_tribe_ticket_not_going_count":"","_tribe_tickets_list":"[]","_tribe_ticket_has_attendee_info_fields":false,"footnotes":""},"class_list":["post-11599","page","type-page","status-publish","hentry"],"yoast_head":"<!-- This site is optimized with the Yoast SEO plugin v26.4 - https:\/\/yoast.com\/wordpress\/plugins\/seo\/ -->\n<title>ONE-DAY TRAINING &quot;La zircone, une alternative \u00e0 l&#039;implant en titane&quot; par les Centres de Formations EACim - EACim<\/title>\n<meta name=\"robots\" content=\"index, follow, max-snippet:-1, max-image-preview:large, max-video-preview:-1\" \/>\n<link rel=\"canonical\" href=\"https:\/\/eacim-ceramic-implantology.com\/fr\/one-day-training-la-zircone-une-alternative-a-limplant-en-titane-par-les-centres-de-formations-eacim\/\" \/>\n<meta property=\"og:locale\" content=\"fr_FR\" \/>\n<meta property=\"og:type\" content=\"article\" \/>\n<meta property=\"og:title\" content=\"ONE-DAY TRAINING &quot;La zircone, une alternative \u00e0 l&#039;implant en titane&quot; par les Centres de Formations EACim - EACim\" \/>\n<meta property=\"og:url\" content=\"https:\/\/eacim-ceramic-implantology.com\/fr\/one-day-training-la-zircone-une-alternative-a-limplant-en-titane-par-les-centres-de-formations-eacim\/\" \/>\n<meta property=\"og:site_name\" content=\"EACim\" \/>\n<meta property=\"article:modified_time\" content=\"2024-05-15T14:10:35+00:00\" \/>\n<meta property=\"og:image\" content=\"https:\/\/eacim-ceramic-implantology.com\/wp-content\/uploads\/2024\/05\/bandeau-page-TC.jpg\" \/>\n<meta name=\"twitter:card\" content=\"summary_large_image\" \/>\n<meta name=\"twitter:label1\" content=\"Dur\u00e9e de lecture estim\u00e9e\" \/>\n\t<meta name=\"twitter:data1\" content=\"3 minutes\" \/>\n<script type=\"application\/ld+json\" class=\"yoast-schema-graph\">{\"@context\":\"https:\/\/schema.org\",\"@graph\":[{\"@type\":\"WebPage\",\"@id\":\"https:\/\/eacim-ceramic-implantology.com\/fr\/one-day-training-la-zircone-une-alternative-a-limplant-en-titane-par-les-centres-de-formations-eacim\/\",\"url\":\"https:\/\/eacim-ceramic-implantology.com\/fr\/one-day-training-la-zircone-une-alternative-a-limplant-en-titane-par-les-centres-de-formations-eacim\/\",\"name\":\"ONE-DAY TRAINING \\\"La zircone, une alternative \u00e0 l'implant en titane\\\" par les Centres de Formations EACim - EACim\",\"isPartOf\":{\"@id\":\"https:\/\/3c9a-d050ef7659ec.wptiger.fr\/#website\"},\"primaryImageOfPage\":{\"@id\":\"https:\/\/eacim-ceramic-implantology.com\/fr\/one-day-training-la-zircone-une-alternative-a-limplant-en-titane-par-les-centres-de-formations-eacim\/#primaryimage\"},\"image\":{\"@id\":\"https:\/\/eacim-ceramic-implantology.com\/fr\/one-day-training-la-zircone-une-alternative-a-limplant-en-titane-par-les-centres-de-formations-eacim\/#primaryimage\"},\"thumbnailUrl\":\"https:\/\/eacim-ceramic-implantology.com\/wp-content\/uploads\/2024\/05\/bandeau-page-TC.jpg\",\"datePublished\":\"2024-05-07T17:23:46+00:00\",\"dateModified\":\"2024-05-15T14:10:35+00:00\",\"breadcrumb\":{\"@id\":\"https:\/\/eacim-ceramic-implantology.com\/fr\/one-day-training-la-zircone-une-alternative-a-limplant-en-titane-par-les-centres-de-formations-eacim\/#breadcrumb\"},\"inLanguage\":\"fr-FR\",\"potentialAction\":[{\"@type\":\"ReadAction\",\"target\":[\"https:\/\/eacim-ceramic-implantology.com\/fr\/one-day-training-la-zircone-une-alternative-a-limplant-en-titane-par-les-centres-de-formations-eacim\/\"]}]},{\"@type\":\"ImageObject\",\"inLanguage\":\"fr-FR\",\"@id\":\"https:\/\/eacim-ceramic-implantology.com\/fr\/one-day-training-la-zircone-une-alternative-a-limplant-en-titane-par-les-centres-de-formations-eacim\/#primaryimage\",\"url\":\"https:\/\/eacim-ceramic-implantology.com\/wp-content\/uploads\/2024\/05\/bandeau-page-TC.jpg\",\"contentUrl\":\"https:\/\/eacim-ceramic-implantology.com\/wp-content\/uploads\/2024\/05\/bandeau-page-TC.jpg\"},{\"@type\":\"BreadcrumbList\",\"@id\":\"https:\/\/eacim-ceramic-implantology.com\/fr\/one-day-training-la-zircone-une-alternative-a-limplant-en-titane-par-les-centres-de-formations-eacim\/#breadcrumb\",\"itemListElement\":[{\"@type\":\"ListItem\",\"position\":1,\"name\":\"Accueil\",\"item\":\"https:\/\/eacim-ceramic-implantology.com\/fr\/\"},{\"@type\":\"ListItem\",\"position\":2,\"name\":\"ONE-DAY TRAINING &#8220;La zircone, une alternative \u00e0 l&#8217;implant en titane&#8221; par les Centres de Formations EACim\"}]},{\"@type\":\"WebSite\",\"@id\":\"https:\/\/3c9a-d050ef7659ec.wptiger.fr\/#website\",\"url\":\"https:\/\/3c9a-d050ef7659ec.wptiger.fr\/\",\"name\":\"EACim\",\"description\":\"European Academy of Ceramic Implantology\",\"potentialAction\":[{\"@type\":\"SearchAction\",\"target\":{\"@type\":\"EntryPoint\",\"urlTemplate\":\"https:\/\/3c9a-d050ef7659ec.wptiger.fr\/?s={search_term_string}\"},\"query-input\":{\"@type\":\"PropertyValueSpecification\",\"valueRequired\":true,\"valueName\":\"search_term_string\"}}],\"inLanguage\":\"fr-FR\"}]}<\/script>\n<!-- \/ Yoast SEO plugin. -->","yoast_head_json":{"title":"ONE-DAY TRAINING \"La zircone, une alternative \u00e0 l'implant en titane\" par les Centres de Formations EACim - EACim","robots":{"index":"index","follow":"follow","max-snippet":"max-snippet:-1","max-image-preview":"max-image-preview:large","max-video-preview":"max-video-preview:-1"},"canonical":"https:\/\/eacim-ceramic-implantology.com\/fr\/one-day-training-la-zircone-une-alternative-a-limplant-en-titane-par-les-centres-de-formations-eacim\/","og_locale":"fr_FR","og_type":"article","og_title":"ONE-DAY TRAINING \"La zircone, une alternative \u00e0 l'implant en titane\" par les Centres de Formations EACim - EACim","og_url":"https:\/\/eacim-ceramic-implantology.com\/fr\/one-day-training-la-zircone-une-alternative-a-limplant-en-titane-par-les-centres-de-formations-eacim\/","og_site_name":"EACim","article_modified_time":"2024-05-15T14:10:35+00:00","og_image":[{"url":"https:\/\/eacim-ceramic-implantology.com\/wp-content\/uploads\/2024\/05\/bandeau-page-TC.jpg","type":"","width":"","height":""}],"twitter_card":"summary_large_image","twitter_misc":{"Dur\u00e9e de lecture estim\u00e9e":"3 minutes"},"schema":{"@context":"https:\/\/schema.org","@graph":[{"@type":"WebPage","@id":"https:\/\/eacim-ceramic-implantology.com\/fr\/one-day-training-la-zircone-une-alternative-a-limplant-en-titane-par-les-centres-de-formations-eacim\/","url":"https:\/\/eacim-ceramic-implantology.com\/fr\/one-day-training-la-zircone-une-alternative-a-limplant-en-titane-par-les-centres-de-formations-eacim\/","name":"ONE-DAY TRAINING \"La zircone, une alternative \u00e0 l'implant en titane\" par les Centres de Formations EACim - EACim","isPartOf":{"@id":"https:\/\/3c9a-d050ef7659ec.wptiger.fr\/#website"},"primaryImageOfPage":{"@id":"https:\/\/eacim-ceramic-implantology.com\/fr\/one-day-training-la-zircone-une-alternative-a-limplant-en-titane-par-les-centres-de-formations-eacim\/#primaryimage"},"image":{"@id":"https:\/\/eacim-ceramic-implantology.com\/fr\/one-day-training-la-zircone-une-alternative-a-limplant-en-titane-par-les-centres-de-formations-eacim\/#primaryimage"},"thumbnailUrl":"https:\/\/eacim-ceramic-implantology.com\/wp-content\/uploads\/2024\/05\/bandeau-page-TC.jpg","datePublished":"2024-05-07T17:23:46+00:00","dateModified":"2024-05-15T14:10:35+00:00","breadcrumb":{"@id":"https:\/\/eacim-ceramic-implantology.com\/fr\/one-day-training-la-zircone-une-alternative-a-limplant-en-titane-par-les-centres-de-formations-eacim\/#breadcrumb"},"inLanguage":"fr-FR","potentialAction":[{"@type":"ReadAction","target":["https:\/\/eacim-ceramic-implantology.com\/fr\/one-day-training-la-zircone-une-alternative-a-limplant-en-titane-par-les-centres-de-formations-eacim\/"]}]},{"@type":"ImageObject","inLanguage":"fr-FR","@id":"https:\/\/eacim-ceramic-implantology.com\/fr\/one-day-training-la-zircone-une-alternative-a-limplant-en-titane-par-les-centres-de-formations-eacim\/#primaryimage","url":"https:\/\/eacim-ceramic-implantology.com\/wp-content\/uploads\/2024\/05\/bandeau-page-TC.jpg","contentUrl":"https:\/\/eacim-ceramic-implantology.com\/wp-content\/uploads\/2024\/05\/bandeau-page-TC.jpg"},{"@type":"BreadcrumbList","@id":"https:\/\/eacim-ceramic-implantology.com\/fr\/one-day-training-la-zircone-une-alternative-a-limplant-en-titane-par-les-centres-de-formations-eacim\/#breadcrumb","itemListElement":[{"@type":"ListItem","position":1,"name":"Accueil","item":"https:\/\/eacim-ceramic-implantology.com\/fr\/"},{"@type":"ListItem","position":2,"name":"ONE-DAY TRAINING &#8220;La zircone, une alternative \u00e0 l&#8217;implant en titane&#8221; par les Centres de Formations EACim"}]},{"@type":"WebSite","@id":"https:\/\/3c9a-d050ef7659ec.wptiger.fr\/#website","url":"https:\/\/3c9a-d050ef7659ec.wptiger.fr\/","name":"EACim","description":"European Academy of Ceramic Implantology","potentialAction":[{"@type":"SearchAction","target":{"@type":"EntryPoint","urlTemplate":"https:\/\/3c9a-d050ef7659ec.wptiger.fr\/?s={search_term_string}"},"query-input":{"@type":"PropertyValueSpecification","valueRequired":true,"valueName":"search_term_string"}}],"inLanguage":"fr-FR"}]}},"_links":{"self":[{"href":"https:\/\/eacim-ceramic-implantology.com\/fr\/wp-json\/wp\/v2\/pages\/11599","targetHints":{"allow":["GET"]}}],"collection":[{"href":"https:\/\/eacim-ceramic-implantology.com\/fr\/wp-json\/wp\/v2\/pages"}],"about":[{"href":"https:\/\/eacim-ceramic-implantology.com\/fr\/wp-json\/wp\/v2\/types\/page"}],"author":[{"embeddable":true,"href":"https:\/\/eacim-ceramic-implantology.com\/fr\/wp-json\/wp\/v2\/users\/1"}],"replies":[{"embeddable":true,"href":"https:\/\/eacim-ceramic-implantology.com\/fr\/wp-json\/wp\/v2\/comments?post=11599"}],"version-history":[{"count":5,"href":"https:\/\/eacim-ceramic-implantology.com\/fr\/wp-json\/wp\/v2\/pages\/11599\/revisions"}],"predecessor-version":[{"id":11916,"href":"https:\/\/eacim-ceramic-implantology.com\/fr\/wp-json\/wp\/v2\/pages\/11599\/revisions\/11916"}],"wp:attachment":[{"href":"https:\/\/eacim-ceramic-implantology.com\/fr\/wp-json\/wp\/v2\/media?parent=11599"}],"curies":[{"name":"wp","href":"https:\/\/api.w.org\/{rel}","templated":true}]}}