{"id":1191,"date":"2018-11-25T23:44:46","date_gmt":"2018-11-25T22:44:46","guid":{"rendered":"https:\/\/eacim-ceramic-implantology.com\/?page_id=1191"},"modified":"2019-11-08T12:11:47","modified_gmt":"2019-11-08T11:11:47","slug":"confirmation-adhesion-eacim","status":"publish","type":"page","link":"https:\/\/eacim-ceramic-implantology.com\/fr\/confirmation-adhesion-eacim\/","title":{"rendered":"Confirmation de votre adh\u00e9sion \u00e0 l&rsquo;EACim"},"content":{"rendered":"<div class=\"fusion-fullwidth fullwidth-box fusion-builder-row-1 nonhundred-percent-fullwidth non-hundred-percent-height-scrolling\" style=\"--awb-border-radius-top-left:0px;--awb-border-radius-top-right:0px;--awb-border-radius-bottom-right:0px;--awb-border-radius-bottom-left:0px;--awb-flex-wrap:wrap;\" ><div class=\"fusion-builder-row fusion-row\"><div class=\"fusion-layout-column fusion_builder_column fusion-builder-column-0 fusion_builder_column_1_1 1_1 fusion-one-full fusion-column-first fusion-column-last\" style=\"--awb-bg-size:cover;--awb-margin-bottom:0px;\"><div class=\"fusion-column-wrapper fusion-flex-column-wrapper-legacy\"><div class=\"fusion-text fusion-text-1\"><h2>Merci de votre demande d&rsquo;adh\u00e9sion<\/h2>\n<p><strong>Nous avons bien re\u00e7u votre demande d&rsquo;adh\u00e9sion \u00e0 l&rsquo;EACim et nous vous en remercions vivement.<\/strong><\/p>\n<p><strong>Vous pourrez acc\u00e9der \u00e0 votre Espace Adh\u00e9rent d\u00e9di\u00e9 d\u00e8s que votre compte sera valid\u00e9.<\/strong><\/p>\n<ul>\n<li>Si vous avez pay\u00e9 par l&rsquo;inscription en ligne, le d\u00e9lai d&rsquo;activation sera court (quelques heures en moyenne).<\/li>\n<li>Si vous avez opt\u00e9 pour l&rsquo;inscription par courrier et le paiement par virement bancaire, le d\u00e9lai sera plus long, le temps de r\u00e9ceptionner votre r\u00e8glement et d&rsquo;activer votre compte.<\/li>\n<\/ul>\n<p><strong>D\u00e8s l&rsquo;activation du compte, vous recevrez un email de confirmation vous communicant les codes d&rsquo;acc\u00e8s \u00e0 votre documenth\u00e8que adh\u00e9rent pour b\u00e9n\u00e9ficier de toutes les services et avantages adh\u00e9rent.<br \/>\n<\/strong><\/p>\n<p><strong>Merci de votre confiance<br \/>\n<\/strong><\/p>\n<\/div><div class=\"fusion-button-wrapper\"><a class=\"fusion-button button-flat button-medium button-custom fusion-button-default button-1 fusion-button-default-span fusion-button-default-type\" style=\"--button_accent_color:#ffffff;--button_accent_hover_color:#f7f7f7;--button_border_hover_color:#f7f7f7;--button_gradient_top_color:#04486b;--button_gradient_bottom_color:#04486b;--button_gradient_top_color_hover:#2898a0;--button_gradient_bottom_color_hover:#2898a0;\" target=\"_self\" href=\"\/la-documentheque-eacim\/\"><span class=\"fusion-button-text awb-button__text awb-button__text--default\">Acc\u00e9der \u00e0 ma documenth\u00e8que adh\u00e9rent<\/span><\/a><\/div><div class=\"fusion-text fusion-text-2\"><\/div><div class=\"fusion-clearfix\"><\/div><\/div><\/div><\/div><\/div>\n","protected":false},"excerpt":{"rendered":"","protected":false},"author":1,"featured_media":0,"parent":0,"menu_order":0,"comment_status":"closed","ping_status":"closed","template":"","meta":{"_price":"","_stock":"","_tribe_ticket_header":"","_tribe_default_ticket_provider":"","_tribe_ticket_capacity":"0","_ticket_start_date":"","_ticket_end_date":"","_tribe_ticket_show_description":"","_tribe_ticket_show_not_going":false,"_tribe_ticket_use_global_stock":"","_tribe_ticket_global_stock_level":"","_global_stock_mode":"","_global_stock_cap":"","_tribe_rsvp_for_event":"","_tribe_ticket_going_count":"","_tribe_ticket_not_going_count":"","_tribe_tickets_list":"[]","_tribe_ticket_has_attendee_info_fields":false,"footnotes":""},"class_list":["post-1191","page","type-page","status-publish","hentry"],"yoast_head":"<!-- This site is optimized with the Yoast SEO plugin v26.4 - https:\/\/yoast.com\/wordpress\/plugins\/seo\/ -->\n<title>Confirmation de votre adh\u00e9sion \u00e0 l&#039;EACim - EACim<\/title>\n<meta name=\"description\" content=\"Confirmation de votre adh\u00e9sion \u00e0 l\u2019EACim, Acad\u00e9mie Europ\u00e9enne d\u2019Implantologie C\u00e9ramique, pour partager son savoir-faire en implantologie c\u00e9ramique.\" \/>\n<meta name=\"robots\" content=\"index, follow, max-snippet:-1, max-image-preview:large, max-video-preview:-1\" \/>\n<link rel=\"canonical\" href=\"https:\/\/eacim-ceramic-implantology.com\/fr\/confirmation-adhesion-eacim\/\" \/>\n<meta property=\"og:locale\" content=\"fr_FR\" \/>\n<meta property=\"og:type\" content=\"article\" \/>\n<meta property=\"og:title\" content=\"Confirmation de votre adh\u00e9sion \u00e0 l&#039;EACim - EACim\" \/>\n<meta property=\"og:description\" content=\"Confirmation de votre adh\u00e9sion \u00e0 l\u2019EACim, Acad\u00e9mie Europ\u00e9enne d\u2019Implantologie C\u00e9ramique, pour partager son savoir-faire en implantologie c\u00e9ramique.\" \/>\n<meta property=\"og:url\" content=\"https:\/\/eacim-ceramic-implantology.com\/fr\/confirmation-adhesion-eacim\/\" \/>\n<meta property=\"og:site_name\" content=\"EACim\" \/>\n<meta property=\"article:modified_time\" content=\"2019-11-08T11:11:47+00:00\" \/>\n<meta name=\"twitter:card\" content=\"summary_large_image\" \/>\n<meta name=\"twitter:label1\" content=\"Dur\u00e9e de lecture estim\u00e9e\" \/>\n\t<meta name=\"twitter:data1\" content=\"2 minutes\" \/>\n<script type=\"application\/ld+json\" class=\"yoast-schema-graph\">{\"@context\":\"https:\/\/schema.org\",\"@graph\":[{\"@type\":\"WebPage\",\"@id\":\"https:\/\/eacim-ceramic-implantology.com\/fr\/confirmation-adhesion-eacim\/\",\"url\":\"https:\/\/eacim-ceramic-implantology.com\/fr\/confirmation-adhesion-eacim\/\",\"name\":\"Confirmation de votre adh\u00e9sion \u00e0 l'EACim - EACim\",\"isPartOf\":{\"@id\":\"https:\/\/3c9a-d050ef7659ec.wptiger.fr\/#website\"},\"datePublished\":\"2018-11-25T22:44:46+00:00\",\"dateModified\":\"2019-11-08T11:11:47+00:00\",\"description\":\"Confirmation de votre adh\u00e9sion \u00e0 l\u2019EACim, Acad\u00e9mie Europ\u00e9enne d\u2019Implantologie C\u00e9ramique, pour partager son savoir-faire en implantologie c\u00e9ramique.\",\"breadcrumb\":{\"@id\":\"https:\/\/eacim-ceramic-implantology.com\/fr\/confirmation-adhesion-eacim\/#breadcrumb\"},\"inLanguage\":\"fr-FR\",\"potentialAction\":[{\"@type\":\"ReadAction\",\"target\":[\"https:\/\/eacim-ceramic-implantology.com\/fr\/confirmation-adhesion-eacim\/\"]}]},{\"@type\":\"BreadcrumbList\",\"@id\":\"https:\/\/eacim-ceramic-implantology.com\/fr\/confirmation-adhesion-eacim\/#breadcrumb\",\"itemListElement\":[{\"@type\":\"ListItem\",\"position\":1,\"name\":\"Accueil\",\"item\":\"https:\/\/eacim-ceramic-implantology.com\/fr\/\"},{\"@type\":\"ListItem\",\"position\":2,\"name\":\"Confirmation de votre adh\u00e9sion \u00e0 l&#8217;EACim\"}]},{\"@type\":\"WebSite\",\"@id\":\"https:\/\/3c9a-d050ef7659ec.wptiger.fr\/#website\",\"url\":\"https:\/\/3c9a-d050ef7659ec.wptiger.fr\/\",\"name\":\"EACim\",\"description\":\"European Academy of Ceramic Implantology\",\"potentialAction\":[{\"@type\":\"SearchAction\",\"target\":{\"@type\":\"EntryPoint\",\"urlTemplate\":\"https:\/\/3c9a-d050ef7659ec.wptiger.fr\/?s={search_term_string}\"},\"query-input\":{\"@type\":\"PropertyValueSpecification\",\"valueRequired\":true,\"valueName\":\"search_term_string\"}}],\"inLanguage\":\"fr-FR\"}]}<\/script>\n<!-- \/ Yoast SEO plugin. -->","yoast_head_json":{"title":"Confirmation de votre adh\u00e9sion \u00e0 l'EACim - EACim","description":"Confirmation de votre adh\u00e9sion \u00e0 l\u2019EACim, Acad\u00e9mie Europ\u00e9enne d\u2019Implantologie C\u00e9ramique, pour partager son savoir-faire en implantologie c\u00e9ramique.","robots":{"index":"index","follow":"follow","max-snippet":"max-snippet:-1","max-image-preview":"max-image-preview:large","max-video-preview":"max-video-preview:-1"},"canonical":"https:\/\/eacim-ceramic-implantology.com\/fr\/confirmation-adhesion-eacim\/","og_locale":"fr_FR","og_type":"article","og_title":"Confirmation de votre adh\u00e9sion \u00e0 l'EACim - EACim","og_description":"Confirmation de votre adh\u00e9sion \u00e0 l\u2019EACim, Acad\u00e9mie Europ\u00e9enne d\u2019Implantologie C\u00e9ramique, pour partager son savoir-faire en implantologie c\u00e9ramique.","og_url":"https:\/\/eacim-ceramic-implantology.com\/fr\/confirmation-adhesion-eacim\/","og_site_name":"EACim","article_modified_time":"2019-11-08T11:11:47+00:00","twitter_card":"summary_large_image","twitter_misc":{"Dur\u00e9e de lecture estim\u00e9e":"2 minutes"},"schema":{"@context":"https:\/\/schema.org","@graph":[{"@type":"WebPage","@id":"https:\/\/eacim-ceramic-implantology.com\/fr\/confirmation-adhesion-eacim\/","url":"https:\/\/eacim-ceramic-implantology.com\/fr\/confirmation-adhesion-eacim\/","name":"Confirmation de votre adh\u00e9sion \u00e0 l'EACim - EACim","isPartOf":{"@id":"https:\/\/3c9a-d050ef7659ec.wptiger.fr\/#website"},"datePublished":"2018-11-25T22:44:46+00:00","dateModified":"2019-11-08T11:11:47+00:00","description":"Confirmation de votre adh\u00e9sion \u00e0 l\u2019EACim, Acad\u00e9mie Europ\u00e9enne d\u2019Implantologie C\u00e9ramique, pour partager son savoir-faire en implantologie c\u00e9ramique.","breadcrumb":{"@id":"https:\/\/eacim-ceramic-implantology.com\/fr\/confirmation-adhesion-eacim\/#breadcrumb"},"inLanguage":"fr-FR","potentialAction":[{"@type":"ReadAction","target":["https:\/\/eacim-ceramic-implantology.com\/fr\/confirmation-adhesion-eacim\/"]}]},{"@type":"BreadcrumbList","@id":"https:\/\/eacim-ceramic-implantology.com\/fr\/confirmation-adhesion-eacim\/#breadcrumb","itemListElement":[{"@type":"ListItem","position":1,"name":"Accueil","item":"https:\/\/eacim-ceramic-implantology.com\/fr\/"},{"@type":"ListItem","position":2,"name":"Confirmation de votre adh\u00e9sion \u00e0 l&#8217;EACim"}]},{"@type":"WebSite","@id":"https:\/\/3c9a-d050ef7659ec.wptiger.fr\/#website","url":"https:\/\/3c9a-d050ef7659ec.wptiger.fr\/","name":"EACim","description":"European Academy of Ceramic Implantology","potentialAction":[{"@type":"SearchAction","target":{"@type":"EntryPoint","urlTemplate":"https:\/\/3c9a-d050ef7659ec.wptiger.fr\/?s={search_term_string}"},"query-input":{"@type":"PropertyValueSpecification","valueRequired":true,"valueName":"search_term_string"}}],"inLanguage":"fr-FR"}]}},"_links":{"self":[{"href":"https:\/\/eacim-ceramic-implantology.com\/fr\/wp-json\/wp\/v2\/pages\/1191","targetHints":{"allow":["GET"]}}],"collection":[{"href":"https:\/\/eacim-ceramic-implantology.com\/fr\/wp-json\/wp\/v2\/pages"}],"about":[{"href":"https:\/\/eacim-ceramic-implantology.com\/fr\/wp-json\/wp\/v2\/types\/page"}],"author":[{"embeddable":true,"href":"https:\/\/eacim-ceramic-implantology.com\/fr\/wp-json\/wp\/v2\/users\/1"}],"replies":[{"embeddable":true,"href":"https:\/\/eacim-ceramic-implantology.com\/fr\/wp-json\/wp\/v2\/comments?post=1191"}],"version-history":[{"count":5,"href":"https:\/\/eacim-ceramic-implantology.com\/fr\/wp-json\/wp\/v2\/pages\/1191\/revisions"}],"predecessor-version":[{"id":4477,"href":"https:\/\/eacim-ceramic-implantology.com\/fr\/wp-json\/wp\/v2\/pages\/1191\/revisions\/4477"}],"wp:attachment":[{"href":"https:\/\/eacim-ceramic-implantology.com\/fr\/wp-json\/wp\/v2\/media?parent=1191"}],"curies":[{"name":"wp","href":"https:\/\/api.w.org\/{rel}","templated":true}]}}