{"id":13177,"date":"2025-01-18T12:14:21","date_gmt":"2025-01-18T11:14:21","guid":{"rendered":"https:\/\/eacim-ceramic-implantology.com\/dr-jorge-cortes-breton-brinkmann-congres-eacim-2025\/"},"modified":"2025-01-18T12:16:35","modified_gmt":"2025-01-18T11:16:35","slug":"dr-jorge-cortes-breton-brinkmann-congres-eacim-2025","status":"publish","type":"page","link":"https:\/\/eacim-ceramic-implantology.com\/fr\/dr-jorge-cortes-breton-brinkmann-congres-eacim-2025\/","title":{"rendered":"Dr Jorge Cort\u00e9s-Bret\u00f3n Brinkmann &#8211; Congr\u00e8s EACim 2025"},"content":{"rendered":"<p><div class=\"fusion-fullwidth fullwidth-box fusion-builder-row-1 fusion-flex-container nonhundred-percent-fullwidth non-hundred-percent-height-scrolling\" style=\"--awb-border-radius-top-left:0px;--awb-border-radius-top-right:0px;--awb-border-radius-bottom-right:0px;--awb-border-radius-bottom-left:0px;--awb-flex-wrap:wrap;\" ><\/div><div class=\"fusion-builder-row fusion-row fusion-flex-align-items-flex-start fusion-flex-content-wrap\" style=\"max-width:1144px;margin-left: calc(-4% \/ 2 );margin-right: calc(-4% \/ 2 );\"><\/div><div class=\"fusion-layout-column fusion_builder_column fusion-builder-column-0 fusion_builder_column_1_1 1_1 fusion-one-full fusion-column-first fusion-column-last\" style=\"--awb-bg-size:cover;--awb-margin-bottom:0px;width:100%;\"><div class=\"fusion-column-wrapper fusion-flex-column-wrapper-legacy\"><div class=\"fusion-clearfix\"><\/div><\/div><\/div><div class=\"fusion-text fusion-text-1\"><\/div><\/p>\n<h1><em><span class=\"text-primary h2\">Dr Jorge Cort\u00e9s-Bret\u00f3n Brinkmann <\/span><\/em><em>\u2013 Espagne<img decoding=\"async\" class=\"alignright wp-image-13086\" src=\"https:\/\/eacim-ceramic-implantology.com\/wp-content\/uploads\/2025\/01\/Trombi_conf_madrid_CORTES_2025-300x300.jpg\" alt=\"\" width=\"325\" height=\"325\" srcset=\"https:\/\/eacim-ceramic-implantology.com\/wp-content\/uploads\/2025\/01\/Trombi_conf_madrid_CORTES_2025-66x66.jpg 66w, https:\/\/eacim-ceramic-implantology.com\/wp-content\/uploads\/2025\/01\/Trombi_conf_madrid_CORTES_2025-100x100.jpg 100w, https:\/\/eacim-ceramic-implantology.com\/wp-content\/uploads\/2025\/01\/Trombi_conf_madrid_CORTES_2025-150x150.jpg 150w, https:\/\/eacim-ceramic-implantology.com\/wp-content\/uploads\/2025\/01\/Trombi_conf_madrid_CORTES_2025-200x200.jpg 200w, https:\/\/eacim-ceramic-implantology.com\/wp-content\/uploads\/2025\/01\/Trombi_conf_madrid_CORTES_2025-300x300.jpg 300w, https:\/\/eacim-ceramic-implantology.com\/wp-content\/uploads\/2025\/01\/Trombi_conf_madrid_CORTES_2025-400x400.jpg 400w, https:\/\/eacim-ceramic-implantology.com\/wp-content\/uploads\/2025\/01\/Trombi_conf_madrid_CORTES_2025-500x500.jpg 500w, https:\/\/eacim-ceramic-implantology.com\/wp-content\/uploads\/2025\/01\/Trombi_conf_madrid_CORTES_2025-600x600.jpg 600w, https:\/\/eacim-ceramic-implantology.com\/wp-content\/uploads\/2025\/01\/Trombi_conf_madrid_CORTES_2025-700x700.jpg 700w, https:\/\/eacim-ceramic-implantology.com\/wp-content\/uploads\/2025\/01\/Trombi_conf_madrid_CORTES_2025-768x768.jpg 768w, https:\/\/eacim-ceramic-implantology.com\/wp-content\/uploads\/2025\/01\/Trombi_conf_madrid_CORTES_2025-800x800.jpg 800w, https:\/\/eacim-ceramic-implantology.com\/wp-content\/uploads\/2025\/01\/Trombi_conf_madrid_CORTES_2025.jpg 1000w\" sizes=\"(max-width: 325px) 100vw, 325px\" \/><br \/>\n<\/em><\/h1>\n<ul>\n<li>Dipl\u00f4m\u00e9 en odontologie (DDS), Universit\u00e9 Complutense de Madrid (UCM).<\/li>\n<li>Doctorat en odontologie (PhD), UCM.<\/li>\n<li>Membre du Conseil europ\u00e9en de chirurgie orale. EFOSS. (F\u00e9d\u00e9ration europ\u00e9enne des soci\u00e9t\u00e9s de chirurgie buccale).<\/li>\n<li>Professeur adjoint dans le domaine de la chirurgie buccale, D\u00e9partement des sp\u00e9cialit\u00e9s cliniques dentaires, Facult\u00e9 de m\u00e9decine dentaire. UCM<\/li>\n<li>Professeur du Master en chirurgie buccale et implantologie, Facult\u00e9 de m\u00e9decine dentaire. UCM.<\/li>\n<li>Professeur du Master en proth\u00e8ses et occlusion orales et faciales, Facult\u00e9 de m\u00e9decine dentaire. UCM.<\/li>\n<li>Membre du groupe de recherche de l&rsquo;UCM (Th\u00e9rapies chirurgicales et implantaires dans la cavit\u00e9 buccale)<\/li>\n<li>Auteur et co-auteur de plus de 60 articles dans des revues index\u00e9es de la sp\u00e9cialit\u00e9<\/li>\n<\/ul>\n<p>&nbsp;<\/p>\n<h2>\u00ab\u00a0Implants dentaires monoblocs en zircone : pourquoi et o\u00f9 ?\u00a0\u00bb \u2013 Congr\u00e8s EACim 2025<\/h2>\n<h3>R\u00e9sum\u00e9 de la conf\u00e9rence :<\/h3>\n<p>En dentisterie implantaire contemporaine, le titane et ses alliages sont consid\u00e9r\u00e9s comme le mat\u00e9riau de r\u00e9f\u00e9rence pour la fabrication d\u2019implants dentaires. Mais ces derni\u00e8res ann\u00e9es, plusieurs questions ont surgi concernant les probl\u00e8mes qui surviennent parfois avec les implants en titane, soulignant la n\u00e9cessit\u00e9 d\u2019un mat\u00e9riau alternatif. \u00c0 l\u2019heure actuelle, plusieurs marques et conceptions d\u2019implants en c\u00e9ramique sont disponibles sur le march\u00e9, \u00e0 la fois des implants en zircone monobloc (O-PZI) et plus r\u00e9cemment en T-PZI. \u00c0 ce jour, les syst\u00e8mes d\u2019implants en zircone les plus largement utilis\u00e9s et les plus document\u00e9s scientifiquement sont les O-PZI. Cependant, l\u2019O-PZI pr\u00e9sente plusieurs inconv\u00e9nients principalement dus \u00e0 sa pr\u00e9sentation en une seule pi\u00e8ce. Ce fait explique la tendance actuelle et future vers le T-PZI. N\u00e9anmoins, les \u00e9tudes cliniques \u00e0 moyen\/long terme sur le T-PZI sont rares.<br \/>\nEnvoyer des commentaires<br \/>\nR\u00e9sultats de traduction disponibles<\/p>\n","protected":false},"excerpt":{"rendered":"<p>Dr Jorge Cort\u00e9s-Bret\u00f3n Brinkmann \u2013 Espagne Dipl\u00f4m\u00e9 en odontologie (DDS),  [&#8230;]<\/p>\n","protected":false},"author":1,"featured_media":0,"parent":0,"menu_order":0,"comment_status":"closed","ping_status":"closed","template":"","meta":{"_price":"","_stock":"","_tribe_ticket_header":"","_tribe_default_ticket_provider":"","_tribe_ticket_capacity":"0","_ticket_start_date":"","_ticket_end_date":"","_tribe_ticket_show_description":"","_tribe_ticket_show_not_going":false,"_tribe_ticket_use_global_stock":"","_tribe_ticket_global_stock_level":"","_global_stock_mode":"","_global_stock_cap":"","_tribe_rsvp_for_event":"","_tribe_ticket_going_count":"","_tribe_ticket_not_going_count":"","_tribe_tickets_list":"[]","_tribe_ticket_has_attendee_info_fields":false,"footnotes":""},"class_list":["post-13177","page","type-page","status-publish","hentry"],"yoast_head":"<!-- This site is optimized with the Yoast SEO plugin v26.4 - https:\/\/yoast.com\/wordpress\/plugins\/seo\/ -->\n<title>Dr Jorge Cort\u00e9s-Bret\u00f3n Brinkmann - Congr\u00e8s EACim 2025 - EACim<\/title>\n<meta name=\"robots\" content=\"index, follow, max-snippet:-1, max-image-preview:large, max-video-preview:-1\" \/>\n<link rel=\"canonical\" href=\"https:\/\/eacim-ceramic-implantology.com\/fr\/dr-jorge-cortes-breton-brinkmann-congres-eacim-2025\/\" \/>\n<meta property=\"og:locale\" content=\"fr_FR\" \/>\n<meta property=\"og:type\" content=\"article\" \/>\n<meta property=\"og:title\" content=\"Dr Jorge Cort\u00e9s-Bret\u00f3n Brinkmann - Congr\u00e8s EACim 2025 - EACim\" \/>\n<meta property=\"og:description\" content=\"Dr Jorge Cort\u00e9s-Bret\u00f3n Brinkmann \u2013 Espagne Dipl\u00f4m\u00e9 en odontologie (DDS), [...]\" \/>\n<meta property=\"og:url\" content=\"https:\/\/eacim-ceramic-implantology.com\/fr\/dr-jorge-cortes-breton-brinkmann-congres-eacim-2025\/\" \/>\n<meta property=\"og:site_name\" content=\"EACim\" \/>\n<meta property=\"article:modified_time\" content=\"2025-01-18T11:16:35+00:00\" \/>\n<meta property=\"og:image\" content=\"https:\/\/eacim-ceramic-implantology.com\/wp-content\/uploads\/2025\/01\/Trombi_conf_madrid_CORTES_2025-300x300.jpg\" \/>\n<meta name=\"twitter:card\" content=\"summary_large_image\" \/>\n<meta name=\"twitter:label1\" content=\"Dur\u00e9e de lecture estim\u00e9e\" \/>\n\t<meta name=\"twitter:data1\" content=\"2 minutes\" \/>\n<script type=\"application\/ld+json\" class=\"yoast-schema-graph\">{\"@context\":\"https:\/\/schema.org\",\"@graph\":[{\"@type\":\"WebPage\",\"@id\":\"https:\/\/eacim-ceramic-implantology.com\/fr\/dr-jorge-cortes-breton-brinkmann-congres-eacim-2025\/\",\"url\":\"https:\/\/eacim-ceramic-implantology.com\/fr\/dr-jorge-cortes-breton-brinkmann-congres-eacim-2025\/\",\"name\":\"Dr Jorge Cort\u00e9s-Bret\u00f3n Brinkmann - Congr\u00e8s EACim 2025 - EACim\",\"isPartOf\":{\"@id\":\"https:\/\/3c9a-d050ef7659ec.wptiger.fr\/#website\"},\"primaryImageOfPage\":{\"@id\":\"https:\/\/eacim-ceramic-implantology.com\/fr\/dr-jorge-cortes-breton-brinkmann-congres-eacim-2025\/#primaryimage\"},\"image\":{\"@id\":\"https:\/\/eacim-ceramic-implantology.com\/fr\/dr-jorge-cortes-breton-brinkmann-congres-eacim-2025\/#primaryimage\"},\"thumbnailUrl\":\"https:\/\/eacim-ceramic-implantology.com\/wp-content\/uploads\/2025\/01\/Trombi_conf_madrid_CORTES_2025-300x300.jpg\",\"datePublished\":\"2025-01-18T11:14:21+00:00\",\"dateModified\":\"2025-01-18T11:16:35+00:00\",\"breadcrumb\":{\"@id\":\"https:\/\/eacim-ceramic-implantology.com\/fr\/dr-jorge-cortes-breton-brinkmann-congres-eacim-2025\/#breadcrumb\"},\"inLanguage\":\"fr-FR\",\"potentialAction\":[{\"@type\":\"ReadAction\",\"target\":[\"https:\/\/eacim-ceramic-implantology.com\/fr\/dr-jorge-cortes-breton-brinkmann-congres-eacim-2025\/\"]}]},{\"@type\":\"ImageObject\",\"inLanguage\":\"fr-FR\",\"@id\":\"https:\/\/eacim-ceramic-implantology.com\/fr\/dr-jorge-cortes-breton-brinkmann-congres-eacim-2025\/#primaryimage\",\"url\":\"https:\/\/eacim-ceramic-implantology.com\/wp-content\/uploads\/2025\/01\/Trombi_conf_madrid_CORTES_2025-300x300.jpg\",\"contentUrl\":\"https:\/\/eacim-ceramic-implantology.com\/wp-content\/uploads\/2025\/01\/Trombi_conf_madrid_CORTES_2025-300x300.jpg\"},{\"@type\":\"BreadcrumbList\",\"@id\":\"https:\/\/eacim-ceramic-implantology.com\/fr\/dr-jorge-cortes-breton-brinkmann-congres-eacim-2025\/#breadcrumb\",\"itemListElement\":[{\"@type\":\"ListItem\",\"position\":1,\"name\":\"Accueil\",\"item\":\"https:\/\/eacim-ceramic-implantology.com\/fr\/\"},{\"@type\":\"ListItem\",\"position\":2,\"name\":\"Dr Jorge Cort\u00e9s-Bret\u00f3n Brinkmann &#8211; Congr\u00e8s EACim 2025\"}]},{\"@type\":\"WebSite\",\"@id\":\"https:\/\/3c9a-d050ef7659ec.wptiger.fr\/#website\",\"url\":\"https:\/\/3c9a-d050ef7659ec.wptiger.fr\/\",\"name\":\"EACim\",\"description\":\"European Academy of Ceramic Implantology\",\"potentialAction\":[{\"@type\":\"SearchAction\",\"target\":{\"@type\":\"EntryPoint\",\"urlTemplate\":\"https:\/\/3c9a-d050ef7659ec.wptiger.fr\/?s={search_term_string}\"},\"query-input\":{\"@type\":\"PropertyValueSpecification\",\"valueRequired\":true,\"valueName\":\"search_term_string\"}}],\"inLanguage\":\"fr-FR\"}]}<\/script>\n<!-- \/ Yoast SEO plugin. -->","yoast_head_json":{"title":"Dr Jorge Cort\u00e9s-Bret\u00f3n Brinkmann - Congr\u00e8s EACim 2025 - EACim","robots":{"index":"index","follow":"follow","max-snippet":"max-snippet:-1","max-image-preview":"max-image-preview:large","max-video-preview":"max-video-preview:-1"},"canonical":"https:\/\/eacim-ceramic-implantology.com\/fr\/dr-jorge-cortes-breton-brinkmann-congres-eacim-2025\/","og_locale":"fr_FR","og_type":"article","og_title":"Dr Jorge Cort\u00e9s-Bret\u00f3n Brinkmann - Congr\u00e8s EACim 2025 - EACim","og_description":"Dr Jorge Cort\u00e9s-Bret\u00f3n Brinkmann \u2013 Espagne Dipl\u00f4m\u00e9 en odontologie (DDS), [...]","og_url":"https:\/\/eacim-ceramic-implantology.com\/fr\/dr-jorge-cortes-breton-brinkmann-congres-eacim-2025\/","og_site_name":"EACim","article_modified_time":"2025-01-18T11:16:35+00:00","og_image":[{"url":"https:\/\/eacim-ceramic-implantology.com\/wp-content\/uploads\/2025\/01\/Trombi_conf_madrid_CORTES_2025-300x300.jpg","type":"","width":"","height":""}],"twitter_card":"summary_large_image","twitter_misc":{"Dur\u00e9e de lecture estim\u00e9e":"2 minutes"},"schema":{"@context":"https:\/\/schema.org","@graph":[{"@type":"WebPage","@id":"https:\/\/eacim-ceramic-implantology.com\/fr\/dr-jorge-cortes-breton-brinkmann-congres-eacim-2025\/","url":"https:\/\/eacim-ceramic-implantology.com\/fr\/dr-jorge-cortes-breton-brinkmann-congres-eacim-2025\/","name":"Dr Jorge Cort\u00e9s-Bret\u00f3n Brinkmann - Congr\u00e8s EACim 2025 - EACim","isPartOf":{"@id":"https:\/\/3c9a-d050ef7659ec.wptiger.fr\/#website"},"primaryImageOfPage":{"@id":"https:\/\/eacim-ceramic-implantology.com\/fr\/dr-jorge-cortes-breton-brinkmann-congres-eacim-2025\/#primaryimage"},"image":{"@id":"https:\/\/eacim-ceramic-implantology.com\/fr\/dr-jorge-cortes-breton-brinkmann-congres-eacim-2025\/#primaryimage"},"thumbnailUrl":"https:\/\/eacim-ceramic-implantology.com\/wp-content\/uploads\/2025\/01\/Trombi_conf_madrid_CORTES_2025-300x300.jpg","datePublished":"2025-01-18T11:14:21+00:00","dateModified":"2025-01-18T11:16:35+00:00","breadcrumb":{"@id":"https:\/\/eacim-ceramic-implantology.com\/fr\/dr-jorge-cortes-breton-brinkmann-congres-eacim-2025\/#breadcrumb"},"inLanguage":"fr-FR","potentialAction":[{"@type":"ReadAction","target":["https:\/\/eacim-ceramic-implantology.com\/fr\/dr-jorge-cortes-breton-brinkmann-congres-eacim-2025\/"]}]},{"@type":"ImageObject","inLanguage":"fr-FR","@id":"https:\/\/eacim-ceramic-implantology.com\/fr\/dr-jorge-cortes-breton-brinkmann-congres-eacim-2025\/#primaryimage","url":"https:\/\/eacim-ceramic-implantology.com\/wp-content\/uploads\/2025\/01\/Trombi_conf_madrid_CORTES_2025-300x300.jpg","contentUrl":"https:\/\/eacim-ceramic-implantology.com\/wp-content\/uploads\/2025\/01\/Trombi_conf_madrid_CORTES_2025-300x300.jpg"},{"@type":"BreadcrumbList","@id":"https:\/\/eacim-ceramic-implantology.com\/fr\/dr-jorge-cortes-breton-brinkmann-congres-eacim-2025\/#breadcrumb","itemListElement":[{"@type":"ListItem","position":1,"name":"Accueil","item":"https:\/\/eacim-ceramic-implantology.com\/fr\/"},{"@type":"ListItem","position":2,"name":"Dr Jorge Cort\u00e9s-Bret\u00f3n Brinkmann &#8211; Congr\u00e8s EACim 2025"}]},{"@type":"WebSite","@id":"https:\/\/3c9a-d050ef7659ec.wptiger.fr\/#website","url":"https:\/\/3c9a-d050ef7659ec.wptiger.fr\/","name":"EACim","description":"European Academy of Ceramic Implantology","potentialAction":[{"@type":"SearchAction","target":{"@type":"EntryPoint","urlTemplate":"https:\/\/3c9a-d050ef7659ec.wptiger.fr\/?s={search_term_string}"},"query-input":{"@type":"PropertyValueSpecification","valueRequired":true,"valueName":"search_term_string"}}],"inLanguage":"fr-FR"}]}},"_links":{"self":[{"href":"https:\/\/eacim-ceramic-implantology.com\/fr\/wp-json\/wp\/v2\/pages\/13177","targetHints":{"allow":["GET"]}}],"collection":[{"href":"https:\/\/eacim-ceramic-implantology.com\/fr\/wp-json\/wp\/v2\/pages"}],"about":[{"href":"https:\/\/eacim-ceramic-implantology.com\/fr\/wp-json\/wp\/v2\/types\/page"}],"author":[{"embeddable":true,"href":"https:\/\/eacim-ceramic-implantology.com\/fr\/wp-json\/wp\/v2\/users\/1"}],"replies":[{"embeddable":true,"href":"https:\/\/eacim-ceramic-implantology.com\/fr\/wp-json\/wp\/v2\/comments?post=13177"}],"version-history":[{"count":3,"href":"https:\/\/eacim-ceramic-implantology.com\/fr\/wp-json\/wp\/v2\/pages\/13177\/revisions"}],"predecessor-version":[{"id":13181,"href":"https:\/\/eacim-ceramic-implantology.com\/fr\/wp-json\/wp\/v2\/pages\/13177\/revisions\/13181"}],"wp:attachment":[{"href":"https:\/\/eacim-ceramic-implantology.com\/fr\/wp-json\/wp\/v2\/media?parent=13177"}],"curies":[{"name":"wp","href":"https:\/\/api.w.org\/{rel}","templated":true}]}}