{"id":13187,"date":"2025-01-18T12:26:12","date_gmt":"2025-01-18T11:26:12","guid":{"rendered":"https:\/\/eacim-ceramic-implantology.com\/dr-regeane-kaniak-conferenciere-congres-eacim-2025\/"},"modified":"2025-01-18T12:26:12","modified_gmt":"2025-01-18T11:26:12","slug":"dr-regeane-kaniak-conferenciere-congres-eacim-2025","status":"publish","type":"page","link":"https:\/\/eacim-ceramic-implantology.com\/fr\/dr-regeane-kaniak-conferenciere-congres-eacim-2025\/","title":{"rendered":"Dr Regeane Kaniak conf\u00e9renci\u00e8re &#8211; Congr\u00e8s EACim 2025"},"content":{"rendered":"<p><div class=\"fusion-fullwidth fullwidth-box fusion-builder-row-1 fusion-flex-container nonhundred-percent-fullwidth non-hundred-percent-height-scrolling\" style=\"--awb-border-radius-top-left:0px;--awb-border-radius-top-right:0px;--awb-border-radius-bottom-right:0px;--awb-border-radius-bottom-left:0px;--awb-flex-wrap:wrap;\" ><\/div><div class=\"fusion-builder-row fusion-row fusion-flex-align-items-flex-start fusion-flex-content-wrap\" style=\"max-width:1144px;margin-left: calc(-4% \/ 2 );margin-right: calc(-4% \/ 2 );\"><\/div><div class=\"fusion-layout-column fusion_builder_column fusion-builder-column-0 fusion_builder_column_1_1 1_1 fusion-one-full fusion-column-first fusion-column-last\" style=\"--awb-bg-size:cover;--awb-margin-bottom:0px;width:100%;\"><div class=\"fusion-column-wrapper fusion-flex-column-wrapper-legacy\"><div class=\"fusion-clearfix\"><\/div><\/div><\/div><div class=\"fusion-text fusion-text-1\"><\/div><\/p>\n<h1><em><span class=\"text-primary h2\">Dr Regeane KANIAK <\/span><\/em><em>\u2013 Br\u00e9sil<img decoding=\"async\" class=\"alignright size-medium wp-image-13082\" src=\"https:\/\/eacim-ceramic-implantology.com\/wp-content\/uploads\/2025\/01\/Trombi_conf_Kaniak_madrid_2025-300x300.jpg\" alt=\"\" width=\"300\" height=\"300\" srcset=\"https:\/\/eacim-ceramic-implantology.com\/wp-content\/uploads\/2025\/01\/Trombi_conf_Kaniak_madrid_2025-66x66.jpg 66w, https:\/\/eacim-ceramic-implantology.com\/wp-content\/uploads\/2025\/01\/Trombi_conf_Kaniak_madrid_2025-100x100.jpg 100w, https:\/\/eacim-ceramic-implantology.com\/wp-content\/uploads\/2025\/01\/Trombi_conf_Kaniak_madrid_2025-150x150.jpg 150w, https:\/\/eacim-ceramic-implantology.com\/wp-content\/uploads\/2025\/01\/Trombi_conf_Kaniak_madrid_2025-200x200.jpg 200w, https:\/\/eacim-ceramic-implantology.com\/wp-content\/uploads\/2025\/01\/Trombi_conf_Kaniak_madrid_2025-300x300.jpg 300w, https:\/\/eacim-ceramic-implantology.com\/wp-content\/uploads\/2025\/01\/Trombi_conf_Kaniak_madrid_2025-400x400.jpg 400w, https:\/\/eacim-ceramic-implantology.com\/wp-content\/uploads\/2025\/01\/Trombi_conf_Kaniak_madrid_2025-500x500.jpg 500w, https:\/\/eacim-ceramic-implantology.com\/wp-content\/uploads\/2025\/01\/Trombi_conf_Kaniak_madrid_2025-600x600.jpg 600w, https:\/\/eacim-ceramic-implantology.com\/wp-content\/uploads\/2025\/01\/Trombi_conf_Kaniak_madrid_2025-700x700.jpg 700w, https:\/\/eacim-ceramic-implantology.com\/wp-content\/uploads\/2025\/01\/Trombi_conf_Kaniak_madrid_2025-768x768.jpg 768w, https:\/\/eacim-ceramic-implantology.com\/wp-content\/uploads\/2025\/01\/Trombi_conf_Kaniak_madrid_2025-800x800.jpg 800w, https:\/\/eacim-ceramic-implantology.com\/wp-content\/uploads\/2025\/01\/Trombi_conf_Kaniak_madrid_2025.jpg 1000w\" sizes=\"(max-width: 300px) 100vw, 300px\" \/><br \/>\n<\/em><\/h1>\n<ul>\n<li>DDS &#8211; Dipl\u00f4me en dentisterie au Br\u00e9sil, sp\u00e9cialis\u00e9 en dentisterie implantaire depuis 2000<\/li>\n<li>Chirurgie avanc\u00e9e, avec formation en \u00e9limination chirurgicale des champs interf\u00e9rents &#8211; Munich\/Allemagne.<\/li>\n<li>Co-auteur du livre en langue portugaise. Ost\u00e9on\u00e9crose cavitationnelle de la m\u00e2choire &#8211; De l&rsquo;inflammation locale n\u00e9glig\u00e9e \u00e0 l&rsquo;inflammation syst\u00e9mique dangereuse, bas\u00e9e sur la science de l&rsquo;ost\u00e9oimmunologie. Avec Johann Lechner.<\/li>\n<li>Leader du conseil consultatif du Br\u00e9sil ICOSIM \u2013 (International College of Maxillomandibular Osteoimmunology).<\/li>\n<li>Sp\u00e9cialisation en thermographie cranio-cervicale, th\u00e9rapie au laser en dentisterie, sp\u00e9cialisation en acupuncture et m\u00e9decine chinoise, avec formation en craniopuncture, auriculoth\u00e9rapie et microsyst\u00e8mes buccaux.<\/li>\n<li>Enseignant de la m\u00e9thode MAB, dans laquelle les microsyst\u00e8mes de l&rsquo;acupuncture orale et de la MTC sont utilis\u00e9s.<br \/>\nPr\u00e9sident de l&rsquo;IOCMO &#8211; Congr\u00e8s international d&rsquo;ost\u00e9oimmunologie maxillo-mandibulaire.<\/li>\n<li>Conf\u00e9rencier des implants en c\u00e9ramique Straumann &#8211; Paran\u00e1-Br\u00e9sil<\/li>\n<li>Enseignant d&rsquo;ost\u00e9oimmunologie maxillo-mandibulaire au Br\u00e9sil et au Portugal.<\/li>\n<\/ul>\n<p>&nbsp;<\/p>\n<h2>\u00ab\u00a0Ost\u00e9oimmunologie et implants c\u00e9ramiques &#8211; comment \u00e9viter les \u00e9checs de l&rsquo;ost\u00e9oint\u00e9gration\u00a0\u00bb \u2013 Congr\u00e8s EACim 2025<\/h2>\n<h3>R\u00e9sum\u00e9 de la conf\u00e9rence :<\/h3>\n<p>L&rsquo;ost\u00e9oimmunologie est un domaine interdisciplinaire, qui englobe les m\u00e9canismes et les interactions partag\u00e9s entre les cellules osseuses et le syst\u00e8me immunitaire. Les fondamentaux de l&rsquo;ost\u00e9oimmunologie peuvent permettre de comprendre les r\u00e9sultats de la r\u00e9g\u00e9n\u00e9ration osseuse et les \u00e9ventuels \u00e9checs de l&rsquo;ost\u00e9oint\u00e9gration. Le m\u00e9tabolisme osseux et ses voies interf\u00e8rent directement avec l&rsquo;ost\u00e9oint\u00e9gration, par la modulation de l&rsquo;ost\u00e9ogen\u00e8se et de l&rsquo;ost\u00e9oclastogen\u00e8se. Les facteurs \u00e9tiologiques de l&rsquo;ost\u00e9on\u00e9crose aseptique et des modifications osseuses p\u00e9ri-implantaires peuvent inclure des facteurs syst\u00e9miques et locaux, autocrines et paracrines. La connaissance de ce m\u00e9canisme combin\u00e9e \u00e0 la modulation des voies de signalisation inflammatoire r\u00e9duisant l&rsquo;expression des chimiokines inflammatoires RANTES\/CCL5 peut \u00eatre pertinente pour le succ\u00e8s clinique. Il est possible d\u2019\u00e9viter les modifications osseuses de faible densit\u00e9, telles que l\u2019ost\u00e9on\u00e9crose d\u00e9g\u00e9n\u00e9rative graisseuse de la m\u00e2choire (FDOJ) et les \u00e9checs possibles de l\u2019ost\u00e9oint\u00e9gration en appliquant les principes de l\u2019ost\u00e9oimmunologie en dentisterie implantaire.<\/p>\n","protected":false},"excerpt":{"rendered":"<p>Dr Regeane KANIAK \u2013 Br\u00e9sil DDS &#8211; Dipl\u00f4me en dentisterie  [&#8230;]<\/p>\n","protected":false},"author":1,"featured_media":0,"parent":0,"menu_order":0,"comment_status":"closed","ping_status":"closed","template":"","meta":{"_price":"","_stock":"","_tribe_ticket_header":"","_tribe_default_ticket_provider":"","_tribe_ticket_capacity":"0","_ticket_start_date":"","_ticket_end_date":"","_tribe_ticket_show_description":"","_tribe_ticket_show_not_going":false,"_tribe_ticket_use_global_stock":"","_tribe_ticket_global_stock_level":"","_global_stock_mode":"","_global_stock_cap":"","_tribe_rsvp_for_event":"","_tribe_ticket_going_count":"","_tribe_ticket_not_going_count":"","_tribe_tickets_list":"[]","_tribe_ticket_has_attendee_info_fields":false,"footnotes":""},"class_list":["post-13187","page","type-page","status-publish","hentry"],"yoast_head":"<!-- This site is optimized with the Yoast SEO plugin v26.4 - https:\/\/yoast.com\/wordpress\/plugins\/seo\/ -->\n<title>Dr Regeane Kaniak conf\u00e9renci\u00e8re - Congr\u00e8s EACim 2025 - EACim<\/title>\n<meta name=\"robots\" content=\"index, follow, max-snippet:-1, max-image-preview:large, max-video-preview:-1\" \/>\n<link rel=\"canonical\" href=\"https:\/\/eacim-ceramic-implantology.com\/fr\/dr-regeane-kaniak-conferenciere-congres-eacim-2025\/\" \/>\n<meta property=\"og:locale\" content=\"fr_FR\" \/>\n<meta property=\"og:type\" content=\"article\" \/>\n<meta property=\"og:title\" content=\"Dr Regeane Kaniak conf\u00e9renci\u00e8re - Congr\u00e8s EACim 2025 - EACim\" \/>\n<meta property=\"og:description\" content=\"Dr Regeane KANIAK \u2013 Br\u00e9sil DDS &#8211; Dipl\u00f4me en dentisterie [...]\" \/>\n<meta property=\"og:url\" content=\"https:\/\/eacim-ceramic-implantology.com\/fr\/dr-regeane-kaniak-conferenciere-congres-eacim-2025\/\" \/>\n<meta property=\"og:site_name\" content=\"EACim\" \/>\n<meta property=\"og:image\" content=\"https:\/\/eacim-ceramic-implantology.com\/wp-content\/uploads\/2025\/01\/Trombi_conf_Kaniak_madrid_2025-300x300.jpg\" \/>\n<meta name=\"twitter:card\" content=\"summary_large_image\" \/>\n<meta name=\"twitter:label1\" content=\"Dur\u00e9e de lecture estim\u00e9e\" \/>\n\t<meta name=\"twitter:data1\" content=\"3 minutes\" \/>\n<script type=\"application\/ld+json\" class=\"yoast-schema-graph\">{\"@context\":\"https:\/\/schema.org\",\"@graph\":[{\"@type\":\"WebPage\",\"@id\":\"https:\/\/eacim-ceramic-implantology.com\/fr\/dr-regeane-kaniak-conferenciere-congres-eacim-2025\/\",\"url\":\"https:\/\/eacim-ceramic-implantology.com\/fr\/dr-regeane-kaniak-conferenciere-congres-eacim-2025\/\",\"name\":\"Dr Regeane Kaniak conf\u00e9renci\u00e8re - Congr\u00e8s EACim 2025 - EACim\",\"isPartOf\":{\"@id\":\"https:\/\/3c9a-d050ef7659ec.wptiger.fr\/#website\"},\"primaryImageOfPage\":{\"@id\":\"https:\/\/eacim-ceramic-implantology.com\/fr\/dr-regeane-kaniak-conferenciere-congres-eacim-2025\/#primaryimage\"},\"image\":{\"@id\":\"https:\/\/eacim-ceramic-implantology.com\/fr\/dr-regeane-kaniak-conferenciere-congres-eacim-2025\/#primaryimage\"},\"thumbnailUrl\":\"https:\/\/eacim-ceramic-implantology.com\/wp-content\/uploads\/2025\/01\/Trombi_conf_Kaniak_madrid_2025-300x300.jpg\",\"datePublished\":\"2025-01-18T11:26:12+00:00\",\"breadcrumb\":{\"@id\":\"https:\/\/eacim-ceramic-implantology.com\/fr\/dr-regeane-kaniak-conferenciere-congres-eacim-2025\/#breadcrumb\"},\"inLanguage\":\"fr-FR\",\"potentialAction\":[{\"@type\":\"ReadAction\",\"target\":[\"https:\/\/eacim-ceramic-implantology.com\/fr\/dr-regeane-kaniak-conferenciere-congres-eacim-2025\/\"]}]},{\"@type\":\"ImageObject\",\"inLanguage\":\"fr-FR\",\"@id\":\"https:\/\/eacim-ceramic-implantology.com\/fr\/dr-regeane-kaniak-conferenciere-congres-eacim-2025\/#primaryimage\",\"url\":\"https:\/\/eacim-ceramic-implantology.com\/wp-content\/uploads\/2025\/01\/Trombi_conf_Kaniak_madrid_2025-300x300.jpg\",\"contentUrl\":\"https:\/\/eacim-ceramic-implantology.com\/wp-content\/uploads\/2025\/01\/Trombi_conf_Kaniak_madrid_2025-300x300.jpg\"},{\"@type\":\"BreadcrumbList\",\"@id\":\"https:\/\/eacim-ceramic-implantology.com\/fr\/dr-regeane-kaniak-conferenciere-congres-eacim-2025\/#breadcrumb\",\"itemListElement\":[{\"@type\":\"ListItem\",\"position\":1,\"name\":\"Accueil\",\"item\":\"https:\/\/eacim-ceramic-implantology.com\/fr\/\"},{\"@type\":\"ListItem\",\"position\":2,\"name\":\"Dr Regeane Kaniak conf\u00e9renci\u00e8re &#8211; Congr\u00e8s EACim 2025\"}]},{\"@type\":\"WebSite\",\"@id\":\"https:\/\/3c9a-d050ef7659ec.wptiger.fr\/#website\",\"url\":\"https:\/\/3c9a-d050ef7659ec.wptiger.fr\/\",\"name\":\"EACim\",\"description\":\"European Academy of Ceramic Implantology\",\"potentialAction\":[{\"@type\":\"SearchAction\",\"target\":{\"@type\":\"EntryPoint\",\"urlTemplate\":\"https:\/\/3c9a-d050ef7659ec.wptiger.fr\/?s={search_term_string}\"},\"query-input\":{\"@type\":\"PropertyValueSpecification\",\"valueRequired\":true,\"valueName\":\"search_term_string\"}}],\"inLanguage\":\"fr-FR\"}]}<\/script>\n<!-- \/ Yoast SEO plugin. -->","yoast_head_json":{"title":"Dr Regeane Kaniak conf\u00e9renci\u00e8re - Congr\u00e8s EACim 2025 - EACim","robots":{"index":"index","follow":"follow","max-snippet":"max-snippet:-1","max-image-preview":"max-image-preview:large","max-video-preview":"max-video-preview:-1"},"canonical":"https:\/\/eacim-ceramic-implantology.com\/fr\/dr-regeane-kaniak-conferenciere-congres-eacim-2025\/","og_locale":"fr_FR","og_type":"article","og_title":"Dr Regeane Kaniak conf\u00e9renci\u00e8re - Congr\u00e8s EACim 2025 - EACim","og_description":"Dr Regeane KANIAK \u2013 Br\u00e9sil DDS &#8211; Dipl\u00f4me en dentisterie [...]","og_url":"https:\/\/eacim-ceramic-implantology.com\/fr\/dr-regeane-kaniak-conferenciere-congres-eacim-2025\/","og_site_name":"EACim","og_image":[{"url":"https:\/\/eacim-ceramic-implantology.com\/wp-content\/uploads\/2025\/01\/Trombi_conf_Kaniak_madrid_2025-300x300.jpg","type":"","width":"","height":""}],"twitter_card":"summary_large_image","twitter_misc":{"Dur\u00e9e de lecture estim\u00e9e":"3 minutes"},"schema":{"@context":"https:\/\/schema.org","@graph":[{"@type":"WebPage","@id":"https:\/\/eacim-ceramic-implantology.com\/fr\/dr-regeane-kaniak-conferenciere-congres-eacim-2025\/","url":"https:\/\/eacim-ceramic-implantology.com\/fr\/dr-regeane-kaniak-conferenciere-congres-eacim-2025\/","name":"Dr Regeane Kaniak conf\u00e9renci\u00e8re - Congr\u00e8s EACim 2025 - EACim","isPartOf":{"@id":"https:\/\/3c9a-d050ef7659ec.wptiger.fr\/#website"},"primaryImageOfPage":{"@id":"https:\/\/eacim-ceramic-implantology.com\/fr\/dr-regeane-kaniak-conferenciere-congres-eacim-2025\/#primaryimage"},"image":{"@id":"https:\/\/eacim-ceramic-implantology.com\/fr\/dr-regeane-kaniak-conferenciere-congres-eacim-2025\/#primaryimage"},"thumbnailUrl":"https:\/\/eacim-ceramic-implantology.com\/wp-content\/uploads\/2025\/01\/Trombi_conf_Kaniak_madrid_2025-300x300.jpg","datePublished":"2025-01-18T11:26:12+00:00","breadcrumb":{"@id":"https:\/\/eacim-ceramic-implantology.com\/fr\/dr-regeane-kaniak-conferenciere-congres-eacim-2025\/#breadcrumb"},"inLanguage":"fr-FR","potentialAction":[{"@type":"ReadAction","target":["https:\/\/eacim-ceramic-implantology.com\/fr\/dr-regeane-kaniak-conferenciere-congres-eacim-2025\/"]}]},{"@type":"ImageObject","inLanguage":"fr-FR","@id":"https:\/\/eacim-ceramic-implantology.com\/fr\/dr-regeane-kaniak-conferenciere-congres-eacim-2025\/#primaryimage","url":"https:\/\/eacim-ceramic-implantology.com\/wp-content\/uploads\/2025\/01\/Trombi_conf_Kaniak_madrid_2025-300x300.jpg","contentUrl":"https:\/\/eacim-ceramic-implantology.com\/wp-content\/uploads\/2025\/01\/Trombi_conf_Kaniak_madrid_2025-300x300.jpg"},{"@type":"BreadcrumbList","@id":"https:\/\/eacim-ceramic-implantology.com\/fr\/dr-regeane-kaniak-conferenciere-congres-eacim-2025\/#breadcrumb","itemListElement":[{"@type":"ListItem","position":1,"name":"Accueil","item":"https:\/\/eacim-ceramic-implantology.com\/fr\/"},{"@type":"ListItem","position":2,"name":"Dr Regeane Kaniak conf\u00e9renci\u00e8re &#8211; Congr\u00e8s EACim 2025"}]},{"@type":"WebSite","@id":"https:\/\/3c9a-d050ef7659ec.wptiger.fr\/#website","url":"https:\/\/3c9a-d050ef7659ec.wptiger.fr\/","name":"EACim","description":"European Academy of Ceramic Implantology","potentialAction":[{"@type":"SearchAction","target":{"@type":"EntryPoint","urlTemplate":"https:\/\/3c9a-d050ef7659ec.wptiger.fr\/?s={search_term_string}"},"query-input":{"@type":"PropertyValueSpecification","valueRequired":true,"valueName":"search_term_string"}}],"inLanguage":"fr-FR"}]}},"_links":{"self":[{"href":"https:\/\/eacim-ceramic-implantology.com\/fr\/wp-json\/wp\/v2\/pages\/13187","targetHints":{"allow":["GET"]}}],"collection":[{"href":"https:\/\/eacim-ceramic-implantology.com\/fr\/wp-json\/wp\/v2\/pages"}],"about":[{"href":"https:\/\/eacim-ceramic-implantology.com\/fr\/wp-json\/wp\/v2\/types\/page"}],"author":[{"embeddable":true,"href":"https:\/\/eacim-ceramic-implantology.com\/fr\/wp-json\/wp\/v2\/users\/1"}],"replies":[{"embeddable":true,"href":"https:\/\/eacim-ceramic-implantology.com\/fr\/wp-json\/wp\/v2\/comments?post=13187"}],"version-history":[{"count":2,"href":"https:\/\/eacim-ceramic-implantology.com\/fr\/wp-json\/wp\/v2\/pages\/13187\/revisions"}],"predecessor-version":[{"id":13189,"href":"https:\/\/eacim-ceramic-implantology.com\/fr\/wp-json\/wp\/v2\/pages\/13187\/revisions\/13189"}],"wp:attachment":[{"href":"https:\/\/eacim-ceramic-implantology.com\/fr\/wp-json\/wp\/v2\/media?parent=13187"}],"curies":[{"name":"wp","href":"https:\/\/api.w.org\/{rel}","templated":true}]}}