{"id":13190,"date":"2025-01-18T12:27:39","date_gmt":"2025-01-18T11:27:39","guid":{"rendered":"https:\/\/eacim-ceramic-implantology.com\/dr-roland-glauser-conferencier-congres-eacim-2025\/"},"modified":"2025-01-18T12:27:39","modified_gmt":"2025-01-18T11:27:39","slug":"dr-roland-glauser-conferencier-congres-eacim-2025","status":"publish","type":"page","link":"https:\/\/eacim-ceramic-implantology.com\/fr\/dr-roland-glauser-conferencier-congres-eacim-2025\/","title":{"rendered":"Dr Roland Glauser conf\u00e9rencier &#8211; Congr\u00e8s EACim 2025"},"content":{"rendered":"<div class=\"fusion-fullwidth fullwidth-box fusion-builder-row-1 fusion-flex-container nonhundred-percent-fullwidth non-hundred-percent-height-scrolling\" style=\"--awb-border-radius-top-left:0px;--awb-border-radius-top-right:0px;--awb-border-radius-bottom-right:0px;--awb-border-radius-bottom-left:0px;--awb-flex-wrap:wrap;\" ><div class=\"fusion-builder-row fusion-row fusion-flex-align-items-flex-start fusion-flex-content-wrap\" style=\"max-width:1144px;margin-left: calc(-4% \/ 2 );margin-right: calc(-4% \/ 2 );\"><div class=\"fusion-layout-column fusion_builder_column fusion-builder-column-0 fusion_builder_column_1_1 1_1 fusion-flex-column\" style=\"--awb-bg-size:cover;--awb-width-large:100%;--awb-margin-top-large:0px;--awb-spacing-right-large:1.92%;--awb-margin-bottom-large:0px;--awb-spacing-left-large:1.92%;--awb-width-medium:100%;--awb-spacing-right-medium:1.92%;--awb-spacing-left-medium:1.92%;--awb-width-small:100%;--awb-spacing-right-small:1.92%;--awb-spacing-left-small:1.92%;\"><div class=\"fusion-column-wrapper fusion-flex-justify-content-flex-start fusion-content-layout-column\"><div class=\"fusion-text fusion-text-1\"><h1><em>Dr Roland Glauser, DMD \u2013 Suisse <img decoding=\"async\" class=\"alignright wp-image-13068\" src=\"https:\/\/eacim-ceramic-implantology.com\/wp-content\/uploads\/2025\/01\/Trombi_conf_madrid_GLAUSER_2025-300x300.jpg\" alt=\"\" width=\"325\" height=\"325\" srcset=\"https:\/\/eacim-ceramic-implantology.com\/wp-content\/uploads\/2025\/01\/Trombi_conf_madrid_GLAUSER_2025-66x66.jpg 66w, https:\/\/eacim-ceramic-implantology.com\/wp-content\/uploads\/2025\/01\/Trombi_conf_madrid_GLAUSER_2025-100x100.jpg 100w, https:\/\/eacim-ceramic-implantology.com\/wp-content\/uploads\/2025\/01\/Trombi_conf_madrid_GLAUSER_2025-150x150.jpg 150w, https:\/\/eacim-ceramic-implantology.com\/wp-content\/uploads\/2025\/01\/Trombi_conf_madrid_GLAUSER_2025-200x200.jpg 200w, https:\/\/eacim-ceramic-implantology.com\/wp-content\/uploads\/2025\/01\/Trombi_conf_madrid_GLAUSER_2025-300x300.jpg 300w, https:\/\/eacim-ceramic-implantology.com\/wp-content\/uploads\/2025\/01\/Trombi_conf_madrid_GLAUSER_2025-400x400.jpg 400w, https:\/\/eacim-ceramic-implantology.com\/wp-content\/uploads\/2025\/01\/Trombi_conf_madrid_GLAUSER_2025-500x500.jpg 500w, https:\/\/eacim-ceramic-implantology.com\/wp-content\/uploads\/2025\/01\/Trombi_conf_madrid_GLAUSER_2025-600x600.jpg 600w, https:\/\/eacim-ceramic-implantology.com\/wp-content\/uploads\/2025\/01\/Trombi_conf_madrid_GLAUSER_2025-700x700.jpg 700w, https:\/\/eacim-ceramic-implantology.com\/wp-content\/uploads\/2025\/01\/Trombi_conf_madrid_GLAUSER_2025-768x768.jpg 768w, https:\/\/eacim-ceramic-implantology.com\/wp-content\/uploads\/2025\/01\/Trombi_conf_madrid_GLAUSER_2025-800x800.jpg 800w, https:\/\/eacim-ceramic-implantology.com\/wp-content\/uploads\/2025\/01\/Trombi_conf_madrid_GLAUSER_2025.jpg 1000w\" sizes=\"(max-width: 325px) 100vw, 325px\" \/><br \/>\n<\/em><\/h1>\n<p>Le Dr Roland Glauser est dipl\u00f4m\u00e9 de l&rsquo;Universit\u00e9 de Zurich et a \u00e9t\u00e9 de 1997 \u00e0 2006 professeur assistant au D\u00e9partement de proth\u00e8ses fixes et de mat\u00e9riaux dentaires de l&rsquo;Universit\u00e9 de Zurich. Roland Glauser a \u00e9t\u00e9 pr\u00e9sident du conseil scientifique de la Soci\u00e9t\u00e9 suisse d&rsquo;implantologie orale SSOI et est membre actif de l&rsquo;Acad\u00e9mie d&rsquo;ost\u00e9oint\u00e9gration AO et de l&rsquo;Association europ\u00e9enne d&rsquo;ost\u00e9oint\u00e9gration EAO. De 2006 \u00e0 2020, Roland Glauser a \u00e9t\u00e9 conf\u00e9rencier invit\u00e9 et chercheur associ\u00e9 au poste de professeur clinicien associ\u00e9 au Dental College of Georgia, Augusta University, Augusta (GA), \u00c9tats-Unis.<\/p>\n<p>Ses activit\u00e9s de recherche portent principalement sur l&rsquo;int\u00e9gration tissulaire des implants buccaux et sur les protocoles cliniques raccourcis. Le Dr Glauser a publi\u00e9 plus de 80 articles et chapitres de manuels sur le th\u00e8me de la dentisterie restauratrice et des implants ost\u00e9oint\u00e9gr\u00e9s. Il a \u00e9t\u00e9 r\u00e9viseur pour le <em>Journal of Biomechanics<\/em>, le <em>Journal of Oral Rehabilitation<\/em>, le <em>Journal of Clinical Periodontology<\/em> et <em>Clinical Implant Dentistry and Related Research<\/em>. Roland Glauser donne de nombreuses conf\u00e9rences dans le monde entier et a re\u00e7u des Oscars pour ses pr\u00e9sentations de l&rsquo;<em>Academy of Osseointegration AO<\/em>, de l&rsquo;<em>Japan Academy of Gnathology and Occlusion<\/em>, de l&rsquo;<em>Asian Academy of Osseointegration AAO<\/em> et de la <em>Taiwan Formosa Academy of Implant Dentistry FAID<\/em>. Il est expert certifi\u00e9 en implantologie orale aupr\u00e8s de l&rsquo;<em>European Dental Association EDA<\/em> et de la<em>Foundation for Oral Rehabilitation FOR<\/em>.<\/p>\n<p>Le Dr Glauser dirige une clinique priv\u00e9e renomm\u00e9e \u00e0 Zurich, en Suisse.<\/p>\n<p>&nbsp;<\/p>\n<h2>\u00ab\u00a0Le tissu est le probl\u00e8me ! Surpasser la norme d&rsquo;or \u00e9tablie en mati\u00e8re de th\u00e9rapie implantaire\u00a0\u00bb &#8211; Congr\u00e8s EACim 2025<\/h2>\n<h3>R\u00e9sum\u00e9 de la conf\u00e9rence :<\/h3>\n<p>Des proc\u00e9dures de modification de surface sont appliqu\u00e9es aux implants dentaires en titane et en zircone afin d&rsquo;am\u00e9liorer l&rsquo;int\u00e9gration tissulaire. Au niveau des tissus durs, l&rsquo;objectif est d&rsquo;\u00e9tablir une ost\u00e9oint\u00e9gration plus rapide ainsi qu&rsquo;une zone de contact os-implant plus \u00e9lev\u00e9e. Lors de l&rsquo;insertion de l&rsquo;implant, une surface rugueuse peut \u00e9galement avoir un effet abrasif \u00e0 l&rsquo;interface osseuse. En cons\u00e9quence, une couche de frottis de plusieurs microns d&rsquo;\u00e9paisseur compos\u00e9e de d\u00e9bris osseux et de sang recouvre la surface de l&rsquo;implant imm\u00e9diatement apr\u00e8s l&rsquo;installation. Outre l&rsquo;ost\u00e9ogen\u00e8se de contact, cette couche de frottis osseux a \u00e9galement un effet ost\u00e9oinducteur \u00e0 l&rsquo;interface implant-tissu qui acc\u00e9l\u00e8re encore l&rsquo;ensemble du processus d&rsquo;ost\u00e9oint\u00e9gration. Au niveau des tissus mous, les aspects mat\u00e9riels et de conception influencent la formation de l&rsquo;interface tissu-implant initiale. La recherche r\u00e9v\u00e8le qu&rsquo;un caract\u00e8re de surface de col d&rsquo;implant mucophile et textur\u00e9 est l&rsquo;un des principaux facteurs contribuant \u00e0 la r\u00e9sistance \u00e0 la p\u00e9ri-implantite. En particulier, une surface de col sp\u00e9cifique avec sa capacit\u00e9 unique \u00e0 favoriser une adh\u00e9sion robuste des tissus mous le long de sa partie transmuqueuse est essentielle. Par cons\u00e9quent, de telles caract\u00e9ristiques entra\u00eenent la formation d&rsquo;une barri\u00e8re de d\u00e9fense efficace &#8211; un v\u00e9ritable \u00ab pare-feu biologique \u00bb &#8211; emp\u00eachant la migration vers le bas des bact\u00e9ries et de la plaque. Cette pr\u00e9sentation partage les r\u00e9sultats pr\u00e9cliniques des processus de cicatrisation des tissus durs et mous et les aspects fascinants de l&rsquo;interaction tissulaire pr\u00e9coce autour des implants en zircone \u00e0 surface modifi\u00e9e en 2 pi\u00e8ces au niveau des tissus. Les implications cliniques d&rsquo;un traitement avanc\u00e9 et acc\u00e9l\u00e9r\u00e9 des patients \u00e0 l&rsquo;aide du syst\u00e8me d&rsquo;implant dentaire Patent\u2122 sont d\u00e9montr\u00e9es et discut\u00e9es.<\/p>\n<\/div><\/div><\/div><\/div><\/div>\n","protected":false},"excerpt":{"rendered":"","protected":false},"author":1,"featured_media":0,"parent":0,"menu_order":0,"comment_status":"closed","ping_status":"closed","template":"","meta":{"_price":"","_stock":"","_tribe_ticket_header":"","_tribe_default_ticket_provider":"","_tribe_ticket_capacity":"0","_ticket_start_date":"","_ticket_end_date":"","_tribe_ticket_show_description":"","_tribe_ticket_show_not_going":false,"_tribe_ticket_use_global_stock":"","_tribe_ticket_global_stock_level":"","_global_stock_mode":"","_global_stock_cap":"","_tribe_rsvp_for_event":"","_tribe_ticket_going_count":"","_tribe_ticket_not_going_count":"","_tribe_tickets_list":"[]","_tribe_ticket_has_attendee_info_fields":false,"footnotes":""},"class_list":["post-13190","page","type-page","status-publish","hentry"],"yoast_head":"<!-- This site is optimized with the Yoast SEO plugin v26.4 - https:\/\/yoast.com\/wordpress\/plugins\/seo\/ -->\n<title>Dr Roland Glauser conf\u00e9rencier - Congr\u00e8s EACim 2025 - EACim<\/title>\n<meta name=\"robots\" content=\"index, follow, max-snippet:-1, max-image-preview:large, max-video-preview:-1\" \/>\n<link rel=\"canonical\" href=\"https:\/\/eacim-ceramic-implantology.com\/fr\/dr-roland-glauser-conferencier-congres-eacim-2025\/\" \/>\n<meta property=\"og:locale\" content=\"fr_FR\" \/>\n<meta property=\"og:type\" content=\"article\" \/>\n<meta property=\"og:title\" content=\"Dr Roland Glauser conf\u00e9rencier - Congr\u00e8s EACim 2025 - EACim\" \/>\n<meta property=\"og:url\" content=\"https:\/\/eacim-ceramic-implantology.com\/fr\/dr-roland-glauser-conferencier-congres-eacim-2025\/\" \/>\n<meta property=\"og:site_name\" content=\"EACim\" \/>\n<meta property=\"og:image\" content=\"https:\/\/eacim-ceramic-implantology.com\/wp-content\/uploads\/2025\/01\/Trombi_conf_madrid_GLAUSER_2025-300x300.jpg\" \/>\n<meta name=\"twitter:card\" content=\"summary_large_image\" \/>\n<meta name=\"twitter:label1\" content=\"Dur\u00e9e de lecture estim\u00e9e\" \/>\n\t<meta name=\"twitter:data1\" content=\"4 minutes\" \/>\n<script type=\"application\/ld+json\" class=\"yoast-schema-graph\">{\"@context\":\"https:\/\/schema.org\",\"@graph\":[{\"@type\":\"WebPage\",\"@id\":\"https:\/\/eacim-ceramic-implantology.com\/fr\/dr-roland-glauser-conferencier-congres-eacim-2025\/\",\"url\":\"https:\/\/eacim-ceramic-implantology.com\/fr\/dr-roland-glauser-conferencier-congres-eacim-2025\/\",\"name\":\"Dr Roland Glauser conf\u00e9rencier - Congr\u00e8s EACim 2025 - EACim\",\"isPartOf\":{\"@id\":\"https:\/\/3c9a-d050ef7659ec.wptiger.fr\/#website\"},\"primaryImageOfPage\":{\"@id\":\"https:\/\/eacim-ceramic-implantology.com\/fr\/dr-roland-glauser-conferencier-congres-eacim-2025\/#primaryimage\"},\"image\":{\"@id\":\"https:\/\/eacim-ceramic-implantology.com\/fr\/dr-roland-glauser-conferencier-congres-eacim-2025\/#primaryimage\"},\"thumbnailUrl\":\"https:\/\/eacim-ceramic-implantology.com\/wp-content\/uploads\/2025\/01\/Trombi_conf_madrid_GLAUSER_2025-300x300.jpg\",\"datePublished\":\"2025-01-18T11:27:39+00:00\",\"breadcrumb\":{\"@id\":\"https:\/\/eacim-ceramic-implantology.com\/fr\/dr-roland-glauser-conferencier-congres-eacim-2025\/#breadcrumb\"},\"inLanguage\":\"fr-FR\",\"potentialAction\":[{\"@type\":\"ReadAction\",\"target\":[\"https:\/\/eacim-ceramic-implantology.com\/fr\/dr-roland-glauser-conferencier-congres-eacim-2025\/\"]}]},{\"@type\":\"ImageObject\",\"inLanguage\":\"fr-FR\",\"@id\":\"https:\/\/eacim-ceramic-implantology.com\/fr\/dr-roland-glauser-conferencier-congres-eacim-2025\/#primaryimage\",\"url\":\"https:\/\/eacim-ceramic-implantology.com\/wp-content\/uploads\/2025\/01\/Trombi_conf_madrid_GLAUSER_2025-300x300.jpg\",\"contentUrl\":\"https:\/\/eacim-ceramic-implantology.com\/wp-content\/uploads\/2025\/01\/Trombi_conf_madrid_GLAUSER_2025-300x300.jpg\"},{\"@type\":\"BreadcrumbList\",\"@id\":\"https:\/\/eacim-ceramic-implantology.com\/fr\/dr-roland-glauser-conferencier-congres-eacim-2025\/#breadcrumb\",\"itemListElement\":[{\"@type\":\"ListItem\",\"position\":1,\"name\":\"Accueil\",\"item\":\"https:\/\/eacim-ceramic-implantology.com\/fr\/\"},{\"@type\":\"ListItem\",\"position\":2,\"name\":\"Dr Roland Glauser conf\u00e9rencier &#8211; Congr\u00e8s EACim 2025\"}]},{\"@type\":\"WebSite\",\"@id\":\"https:\/\/3c9a-d050ef7659ec.wptiger.fr\/#website\",\"url\":\"https:\/\/3c9a-d050ef7659ec.wptiger.fr\/\",\"name\":\"EACim\",\"description\":\"European Academy of Ceramic Implantology\",\"potentialAction\":[{\"@type\":\"SearchAction\",\"target\":{\"@type\":\"EntryPoint\",\"urlTemplate\":\"https:\/\/3c9a-d050ef7659ec.wptiger.fr\/?s={search_term_string}\"},\"query-input\":{\"@type\":\"PropertyValueSpecification\",\"valueRequired\":true,\"valueName\":\"search_term_string\"}}],\"inLanguage\":\"fr-FR\"}]}<\/script>\n<!-- \/ Yoast SEO plugin. -->","yoast_head_json":{"title":"Dr Roland Glauser conf\u00e9rencier - Congr\u00e8s EACim 2025 - EACim","robots":{"index":"index","follow":"follow","max-snippet":"max-snippet:-1","max-image-preview":"max-image-preview:large","max-video-preview":"max-video-preview:-1"},"canonical":"https:\/\/eacim-ceramic-implantology.com\/fr\/dr-roland-glauser-conferencier-congres-eacim-2025\/","og_locale":"fr_FR","og_type":"article","og_title":"Dr Roland Glauser conf\u00e9rencier - Congr\u00e8s EACim 2025 - EACim","og_url":"https:\/\/eacim-ceramic-implantology.com\/fr\/dr-roland-glauser-conferencier-congres-eacim-2025\/","og_site_name":"EACim","og_image":[{"url":"https:\/\/eacim-ceramic-implantology.com\/wp-content\/uploads\/2025\/01\/Trombi_conf_madrid_GLAUSER_2025-300x300.jpg","type":"","width":"","height":""}],"twitter_card":"summary_large_image","twitter_misc":{"Dur\u00e9e de lecture estim\u00e9e":"4 minutes"},"schema":{"@context":"https:\/\/schema.org","@graph":[{"@type":"WebPage","@id":"https:\/\/eacim-ceramic-implantology.com\/fr\/dr-roland-glauser-conferencier-congres-eacim-2025\/","url":"https:\/\/eacim-ceramic-implantology.com\/fr\/dr-roland-glauser-conferencier-congres-eacim-2025\/","name":"Dr Roland Glauser conf\u00e9rencier - Congr\u00e8s EACim 2025 - EACim","isPartOf":{"@id":"https:\/\/3c9a-d050ef7659ec.wptiger.fr\/#website"},"primaryImageOfPage":{"@id":"https:\/\/eacim-ceramic-implantology.com\/fr\/dr-roland-glauser-conferencier-congres-eacim-2025\/#primaryimage"},"image":{"@id":"https:\/\/eacim-ceramic-implantology.com\/fr\/dr-roland-glauser-conferencier-congres-eacim-2025\/#primaryimage"},"thumbnailUrl":"https:\/\/eacim-ceramic-implantology.com\/wp-content\/uploads\/2025\/01\/Trombi_conf_madrid_GLAUSER_2025-300x300.jpg","datePublished":"2025-01-18T11:27:39+00:00","breadcrumb":{"@id":"https:\/\/eacim-ceramic-implantology.com\/fr\/dr-roland-glauser-conferencier-congres-eacim-2025\/#breadcrumb"},"inLanguage":"fr-FR","potentialAction":[{"@type":"ReadAction","target":["https:\/\/eacim-ceramic-implantology.com\/fr\/dr-roland-glauser-conferencier-congres-eacim-2025\/"]}]},{"@type":"ImageObject","inLanguage":"fr-FR","@id":"https:\/\/eacim-ceramic-implantology.com\/fr\/dr-roland-glauser-conferencier-congres-eacim-2025\/#primaryimage","url":"https:\/\/eacim-ceramic-implantology.com\/wp-content\/uploads\/2025\/01\/Trombi_conf_madrid_GLAUSER_2025-300x300.jpg","contentUrl":"https:\/\/eacim-ceramic-implantology.com\/wp-content\/uploads\/2025\/01\/Trombi_conf_madrid_GLAUSER_2025-300x300.jpg"},{"@type":"BreadcrumbList","@id":"https:\/\/eacim-ceramic-implantology.com\/fr\/dr-roland-glauser-conferencier-congres-eacim-2025\/#breadcrumb","itemListElement":[{"@type":"ListItem","position":1,"name":"Accueil","item":"https:\/\/eacim-ceramic-implantology.com\/fr\/"},{"@type":"ListItem","position":2,"name":"Dr Roland Glauser conf\u00e9rencier &#8211; Congr\u00e8s EACim 2025"}]},{"@type":"WebSite","@id":"https:\/\/3c9a-d050ef7659ec.wptiger.fr\/#website","url":"https:\/\/3c9a-d050ef7659ec.wptiger.fr\/","name":"EACim","description":"European Academy of Ceramic Implantology","potentialAction":[{"@type":"SearchAction","target":{"@type":"EntryPoint","urlTemplate":"https:\/\/3c9a-d050ef7659ec.wptiger.fr\/?s={search_term_string}"},"query-input":{"@type":"PropertyValueSpecification","valueRequired":true,"valueName":"search_term_string"}}],"inLanguage":"fr-FR"}]}},"_links":{"self":[{"href":"https:\/\/eacim-ceramic-implantology.com\/fr\/wp-json\/wp\/v2\/pages\/13190","targetHints":{"allow":["GET"]}}],"collection":[{"href":"https:\/\/eacim-ceramic-implantology.com\/fr\/wp-json\/wp\/v2\/pages"}],"about":[{"href":"https:\/\/eacim-ceramic-implantology.com\/fr\/wp-json\/wp\/v2\/types\/page"}],"author":[{"embeddable":true,"href":"https:\/\/eacim-ceramic-implantology.com\/fr\/wp-json\/wp\/v2\/users\/1"}],"replies":[{"embeddable":true,"href":"https:\/\/eacim-ceramic-implantology.com\/fr\/wp-json\/wp\/v2\/comments?post=13190"}],"version-history":[{"count":2,"href":"https:\/\/eacim-ceramic-implantology.com\/fr\/wp-json\/wp\/v2\/pages\/13190\/revisions"}],"predecessor-version":[{"id":13192,"href":"https:\/\/eacim-ceramic-implantology.com\/fr\/wp-json\/wp\/v2\/pages\/13190\/revisions\/13192"}],"wp:attachment":[{"href":"https:\/\/eacim-ceramic-implantology.com\/fr\/wp-json\/wp\/v2\/media?parent=13190"}],"curies":[{"name":"wp","href":"https:\/\/api.w.org\/{rel}","templated":true}]}}