{"id":13198,"date":"2025-01-18T12:31:20","date_gmt":"2025-01-18T11:31:20","guid":{"rendered":"https:\/\/eacim-ceramic-implantology.com\/dr-saurabh-gupta-conferencier-congres-eacim-2025\/"},"modified":"2025-01-18T12:32:22","modified_gmt":"2025-01-18T11:32:22","slug":"dr-saurabh-gupta-conferencier-congres-eacim-2025","status":"publish","type":"page","link":"https:\/\/eacim-ceramic-implantology.com\/fr\/dr-saurabh-gupta-conferencier-congres-eacim-2025\/","title":{"rendered":"Dr. Saurabh Gupta, conf\u00e9rencier &#8211; Congr\u00e8s EACim 2025"},"content":{"rendered":"<p><div class=\"fusion-fullwidth fullwidth-box fusion-builder-row-1 fusion-flex-container nonhundred-percent-fullwidth non-hundred-percent-height-scrolling\" style=\"--awb-border-radius-top-left:0px;--awb-border-radius-top-right:0px;--awb-border-radius-bottom-right:0px;--awb-border-radius-bottom-left:0px;--awb-flex-wrap:wrap;\" ><\/div><div class=\"fusion-builder-row fusion-row fusion-flex-align-items-flex-start fusion-flex-content-wrap\" style=\"max-width:1144px;margin-left: calc(-4% \/ 2 );margin-right: calc(-4% \/ 2 );\"><\/div><div class=\"fusion-layout-column fusion_builder_column fusion-builder-column-0 fusion_builder_column_1_1 1_1 fusion-one-full fusion-column-first fusion-column-last\" style=\"--awb-bg-size:cover;--awb-margin-bottom:0px;width:100%;\"><div class=\"fusion-column-wrapper fusion-flex-column-wrapper-legacy\"><div class=\"fusion-clearfix\"><\/div><\/div><\/div><div class=\"fusion-text fusion-text-1\"><\/div><\/p>\n<h1><em><span class=\"text-primary h2\">Dr. Saurabh Gupta <\/span><\/em><em>\u2013 Inde<img decoding=\"async\" class=\"alignright wp-image-13074\" src=\"https:\/\/eacim-ceramic-implantology.com\/wp-content\/uploads\/2025\/01\/Trombi_conf_GUPTA_madrid_2025-Recupere.jpg\" alt=\"\" width=\"325\" height=\"325\" srcset=\"https:\/\/eacim-ceramic-implantology.com\/wp-content\/uploads\/2025\/01\/Trombi_conf_GUPTA_madrid_2025-Recupere-66x66.jpg 66w, https:\/\/eacim-ceramic-implantology.com\/wp-content\/uploads\/2025\/01\/Trombi_conf_GUPTA_madrid_2025-Recupere-100x100.jpg 100w, https:\/\/eacim-ceramic-implantology.com\/wp-content\/uploads\/2025\/01\/Trombi_conf_GUPTA_madrid_2025-Recupere-150x150.jpg 150w, https:\/\/eacim-ceramic-implantology.com\/wp-content\/uploads\/2025\/01\/Trombi_conf_GUPTA_madrid_2025-Recupere-200x200.jpg 200w, https:\/\/eacim-ceramic-implantology.com\/wp-content\/uploads\/2025\/01\/Trombi_conf_GUPTA_madrid_2025-Recupere-300x300.jpg 300w, https:\/\/eacim-ceramic-implantology.com\/wp-content\/uploads\/2025\/01\/Trombi_conf_GUPTA_madrid_2025-Recupere-400x400.jpg 400w, https:\/\/eacim-ceramic-implantology.com\/wp-content\/uploads\/2025\/01\/Trombi_conf_GUPTA_madrid_2025-Recupere-500x500.jpg 500w, https:\/\/eacim-ceramic-implantology.com\/wp-content\/uploads\/2025\/01\/Trombi_conf_GUPTA_madrid_2025-Recupere-600x600.jpg 600w, https:\/\/eacim-ceramic-implantology.com\/wp-content\/uploads\/2025\/01\/Trombi_conf_GUPTA_madrid_2025-Recupere-700x700.jpg 700w, https:\/\/eacim-ceramic-implantology.com\/wp-content\/uploads\/2025\/01\/Trombi_conf_GUPTA_madrid_2025-Recupere-768x768.jpg 768w, https:\/\/eacim-ceramic-implantology.com\/wp-content\/uploads\/2025\/01\/Trombi_conf_GUPTA_madrid_2025-Recupere-800x800.jpg 800w, https:\/\/eacim-ceramic-implantology.com\/wp-content\/uploads\/2025\/01\/Trombi_conf_GUPTA_madrid_2025-Recupere.jpg 1000w\" sizes=\"(max-width: 325px) 100vw, 325px\" \/><br \/>\n<\/em><\/h1>\n<p>Le Dr Saurabh Gupta est dipl\u00f4m\u00e9 de l&rsquo;Universit\u00e9 de Manipal et titulaire d&rsquo;une ma\u00eetrise en chirurgie buccale et maxillo-faciale de l&rsquo;Universit\u00e9 Rajiv Gandhi, en Inde. Il travaille comme professeur adjoint au d\u00e9partement de prosthodontie et comme conseiller externe au Centre de dentisterie num\u00e9rique de l&rsquo;Universit\u00e9 de Manipal, en Inde. Il poss\u00e8de \u00e9galement un cabinet priv\u00e9, WhiteZ Dental, \u00e0 Bangalore, en Inde. Il est \u00e9galement professeur invit\u00e9 \u00e0 l&rsquo;Universit\u00e9 Jaume I, Castell\u00f3n (Espagne).<\/p>\n<p>Il est directeur de l&rsquo;\u00e9ducation\/membre du conseil d&rsquo;administration de l&rsquo;Acad\u00e9mie internationale d&rsquo;implantologie c\u00e9ramique, qui est la premi\u00e8re acad\u00e9mie aux \u00c9tats-Unis d\u00e9di\u00e9e \u00e0 l&rsquo;implantologie sans m\u00e9tal. Il est un membre actif du ZIRG (Zirconia Implant Research Group), dont les objectifs sont de diriger et d&rsquo;orienter la recherche en implantologie sans m\u00e9tal et de soutenir les cliniciens jeunes et confirm\u00e9s dans la recherche clinique et scientifique. Il est \u00e9galement membre et ambassadeur de la Cleanimplant Foundation, en Allemagne. Actuellement, il participe \u00e0 de nombreuses \u00e9tudes de recherche sur les mat\u00e9riaux d&rsquo;implants en zircone et la dentisterie num\u00e9rique au prestigieux Indian Institute of Science, \u00e0 Bangalore, en Inde.<\/p>\n<p>&nbsp;<\/p>\n<h2>\u00ab\u00a0L&rsquo;implant c\u00e9ramique est-il la solution r\u00e9volutionnaire aux d\u00e9fis actuels de la dentisterie implantaire ?\u00a0\u00bb \u2013 Congr\u00e8s EACim 2025<\/h2>\n<h3>R\u00e9sum\u00e9 de la conf\u00e9rence :<\/h3>\n<p>La p\u00e9ri-implantite est une maladie infectieuse sp\u00e9cifique au site qui provoque un processus inflammatoire dans les tissus mous et une perte osseuse autour d&rsquo;un implant ost\u00e9oint\u00e9gr\u00e9 en fonction. Il est bien \u00e9tabli que la mucosite p\u00e9ri-implantaire et la p\u00e9ri-implantite sont toutes deux tr\u00e8s r\u00e9pandues. De plus, la p\u00e9ri-implantite est particuli\u00e8rement difficile \u00e0 g\u00e9rer et s&rsquo;accompagne d&rsquo;une morbidit\u00e9 importante. Un autre probl\u00e8me est l&rsquo;inqui\u00e9tude croissante concernant la r\u00e9action d&rsquo;hypersensibilit\u00e9 au titane concernant les implants endo-osseux dentaires en titane.<\/p>\n<p>En outre, la litt\u00e9rature a r\u00e9v\u00e9l\u00e9 que le mat\u00e9riau en zircone pr\u00e9sente certaines caract\u00e9ristiques qui en font un excellent mat\u00e9riau pour les implants, notamment la biocompatibilit\u00e9 et l&rsquo;ost\u00e9oint\u00e9gration qui illustrent une r\u00e9ponse positive des tissus mous avec une faible affinit\u00e9 \u00e0 la plaque ainsi que l&rsquo;esth\u00e9tique gr\u00e2ce \u00e0 la transmission de la lumi\u00e8re et \u00e0 la couleur.<\/p>\n<p>En conclusion, cette pr\u00e9sentation vise \u00e0 discuter des probl\u00e8mes actuels en dentisterie implantaire et de la mani\u00e8re dont ces probl\u00e8mes peuvent \u00eatre r\u00e9solus gr\u00e2ce \u00e0 l&rsquo;utilisation d&rsquo;implants en c\u00e9ramique sans m\u00e9tal dans nos pratiques cliniques quotidiennes.<\/p>\n","protected":false},"excerpt":{"rendered":"<p>Dr. Saurabh Gupta \u2013 Inde Le Dr Saurabh Gupta est  [&#8230;]<\/p>\n","protected":false},"author":1,"featured_media":0,"parent":0,"menu_order":0,"comment_status":"closed","ping_status":"closed","template":"","meta":{"_price":"","_stock":"","_tribe_ticket_header":"","_tribe_default_ticket_provider":"","_tribe_ticket_capacity":"0","_ticket_start_date":"","_ticket_end_date":"","_tribe_ticket_show_description":"","_tribe_ticket_show_not_going":false,"_tribe_ticket_use_global_stock":"","_tribe_ticket_global_stock_level":"","_global_stock_mode":"","_global_stock_cap":"","_tribe_rsvp_for_event":"","_tribe_ticket_going_count":"","_tribe_ticket_not_going_count":"","_tribe_tickets_list":"[]","_tribe_ticket_has_attendee_info_fields":false,"footnotes":""},"class_list":["post-13198","page","type-page","status-publish","hentry"],"yoast_head":"<!-- This site is optimized with the Yoast SEO plugin v26.4 - https:\/\/yoast.com\/wordpress\/plugins\/seo\/ -->\n<title>Dr. Saurabh Gupta, conf\u00e9rencier - Congr\u00e8s EACim 2025 - EACim<\/title>\n<meta name=\"robots\" content=\"index, follow, max-snippet:-1, max-image-preview:large, max-video-preview:-1\" \/>\n<link rel=\"canonical\" href=\"https:\/\/eacim-ceramic-implantology.com\/fr\/dr-saurabh-gupta-conferencier-congres-eacim-2025\/\" \/>\n<meta property=\"og:locale\" content=\"fr_FR\" \/>\n<meta property=\"og:type\" content=\"article\" \/>\n<meta property=\"og:title\" content=\"Dr. Saurabh Gupta, conf\u00e9rencier - Congr\u00e8s EACim 2025 - EACim\" \/>\n<meta property=\"og:description\" content=\"Dr. Saurabh Gupta \u2013 Inde Le Dr Saurabh Gupta est [...]\" \/>\n<meta property=\"og:url\" content=\"https:\/\/eacim-ceramic-implantology.com\/fr\/dr-saurabh-gupta-conferencier-congres-eacim-2025\/\" \/>\n<meta property=\"og:site_name\" content=\"EACim\" \/>\n<meta property=\"article:modified_time\" content=\"2025-01-18T11:32:22+00:00\" \/>\n<meta property=\"og:image\" content=\"https:\/\/eacim-ceramic-implantology.com\/wp-content\/uploads\/2025\/01\/Trombi_conf_GUPTA_madrid_2025-Recupere.jpg\" \/>\n<meta name=\"twitter:card\" content=\"summary_large_image\" \/>\n<meta name=\"twitter:label1\" content=\"Dur\u00e9e de lecture estim\u00e9e\" \/>\n\t<meta name=\"twitter:data1\" content=\"2 minutes\" \/>\n<script type=\"application\/ld+json\" class=\"yoast-schema-graph\">{\"@context\":\"https:\/\/schema.org\",\"@graph\":[{\"@type\":\"WebPage\",\"@id\":\"https:\/\/eacim-ceramic-implantology.com\/fr\/dr-saurabh-gupta-conferencier-congres-eacim-2025\/\",\"url\":\"https:\/\/eacim-ceramic-implantology.com\/fr\/dr-saurabh-gupta-conferencier-congres-eacim-2025\/\",\"name\":\"Dr. Saurabh Gupta, conf\u00e9rencier - Congr\u00e8s EACim 2025 - EACim\",\"isPartOf\":{\"@id\":\"https:\/\/3c9a-d050ef7659ec.wptiger.fr\/#website\"},\"primaryImageOfPage\":{\"@id\":\"https:\/\/eacim-ceramic-implantology.com\/fr\/dr-saurabh-gupta-conferencier-congres-eacim-2025\/#primaryimage\"},\"image\":{\"@id\":\"https:\/\/eacim-ceramic-implantology.com\/fr\/dr-saurabh-gupta-conferencier-congres-eacim-2025\/#primaryimage\"},\"thumbnailUrl\":\"https:\/\/eacim-ceramic-implantology.com\/wp-content\/uploads\/2025\/01\/Trombi_conf_GUPTA_madrid_2025-Recupere.jpg\",\"datePublished\":\"2025-01-18T11:31:20+00:00\",\"dateModified\":\"2025-01-18T11:32:22+00:00\",\"breadcrumb\":{\"@id\":\"https:\/\/eacim-ceramic-implantology.com\/fr\/dr-saurabh-gupta-conferencier-congres-eacim-2025\/#breadcrumb\"},\"inLanguage\":\"fr-FR\",\"potentialAction\":[{\"@type\":\"ReadAction\",\"target\":[\"https:\/\/eacim-ceramic-implantology.com\/fr\/dr-saurabh-gupta-conferencier-congres-eacim-2025\/\"]}]},{\"@type\":\"ImageObject\",\"inLanguage\":\"fr-FR\",\"@id\":\"https:\/\/eacim-ceramic-implantology.com\/fr\/dr-saurabh-gupta-conferencier-congres-eacim-2025\/#primaryimage\",\"url\":\"https:\/\/eacim-ceramic-implantology.com\/wp-content\/uploads\/2025\/01\/Trombi_conf_GUPTA_madrid_2025-Recupere.jpg\",\"contentUrl\":\"https:\/\/eacim-ceramic-implantology.com\/wp-content\/uploads\/2025\/01\/Trombi_conf_GUPTA_madrid_2025-Recupere.jpg\"},{\"@type\":\"BreadcrumbList\",\"@id\":\"https:\/\/eacim-ceramic-implantology.com\/fr\/dr-saurabh-gupta-conferencier-congres-eacim-2025\/#breadcrumb\",\"itemListElement\":[{\"@type\":\"ListItem\",\"position\":1,\"name\":\"Accueil\",\"item\":\"https:\/\/eacim-ceramic-implantology.com\/fr\/\"},{\"@type\":\"ListItem\",\"position\":2,\"name\":\"Dr. Saurabh Gupta, conf\u00e9rencier &#8211; Congr\u00e8s EACim 2025\"}]},{\"@type\":\"WebSite\",\"@id\":\"https:\/\/3c9a-d050ef7659ec.wptiger.fr\/#website\",\"url\":\"https:\/\/3c9a-d050ef7659ec.wptiger.fr\/\",\"name\":\"EACim\",\"description\":\"European Academy of Ceramic Implantology\",\"potentialAction\":[{\"@type\":\"SearchAction\",\"target\":{\"@type\":\"EntryPoint\",\"urlTemplate\":\"https:\/\/3c9a-d050ef7659ec.wptiger.fr\/?s={search_term_string}\"},\"query-input\":{\"@type\":\"PropertyValueSpecification\",\"valueRequired\":true,\"valueName\":\"search_term_string\"}}],\"inLanguage\":\"fr-FR\"}]}<\/script>\n<!-- \/ Yoast SEO plugin. -->","yoast_head_json":{"title":"Dr. Saurabh Gupta, conf\u00e9rencier - Congr\u00e8s EACim 2025 - EACim","robots":{"index":"index","follow":"follow","max-snippet":"max-snippet:-1","max-image-preview":"max-image-preview:large","max-video-preview":"max-video-preview:-1"},"canonical":"https:\/\/eacim-ceramic-implantology.com\/fr\/dr-saurabh-gupta-conferencier-congres-eacim-2025\/","og_locale":"fr_FR","og_type":"article","og_title":"Dr. Saurabh Gupta, conf\u00e9rencier - Congr\u00e8s EACim 2025 - EACim","og_description":"Dr. Saurabh Gupta \u2013 Inde Le Dr Saurabh Gupta est [...]","og_url":"https:\/\/eacim-ceramic-implantology.com\/fr\/dr-saurabh-gupta-conferencier-congres-eacim-2025\/","og_site_name":"EACim","article_modified_time":"2025-01-18T11:32:22+00:00","og_image":[{"url":"https:\/\/eacim-ceramic-implantology.com\/wp-content\/uploads\/2025\/01\/Trombi_conf_GUPTA_madrid_2025-Recupere.jpg","type":"","width":"","height":""}],"twitter_card":"summary_large_image","twitter_misc":{"Dur\u00e9e de lecture estim\u00e9e":"2 minutes"},"schema":{"@context":"https:\/\/schema.org","@graph":[{"@type":"WebPage","@id":"https:\/\/eacim-ceramic-implantology.com\/fr\/dr-saurabh-gupta-conferencier-congres-eacim-2025\/","url":"https:\/\/eacim-ceramic-implantology.com\/fr\/dr-saurabh-gupta-conferencier-congres-eacim-2025\/","name":"Dr. Saurabh Gupta, conf\u00e9rencier - Congr\u00e8s EACim 2025 - EACim","isPartOf":{"@id":"https:\/\/3c9a-d050ef7659ec.wptiger.fr\/#website"},"primaryImageOfPage":{"@id":"https:\/\/eacim-ceramic-implantology.com\/fr\/dr-saurabh-gupta-conferencier-congres-eacim-2025\/#primaryimage"},"image":{"@id":"https:\/\/eacim-ceramic-implantology.com\/fr\/dr-saurabh-gupta-conferencier-congres-eacim-2025\/#primaryimage"},"thumbnailUrl":"https:\/\/eacim-ceramic-implantology.com\/wp-content\/uploads\/2025\/01\/Trombi_conf_GUPTA_madrid_2025-Recupere.jpg","datePublished":"2025-01-18T11:31:20+00:00","dateModified":"2025-01-18T11:32:22+00:00","breadcrumb":{"@id":"https:\/\/eacim-ceramic-implantology.com\/fr\/dr-saurabh-gupta-conferencier-congres-eacim-2025\/#breadcrumb"},"inLanguage":"fr-FR","potentialAction":[{"@type":"ReadAction","target":["https:\/\/eacim-ceramic-implantology.com\/fr\/dr-saurabh-gupta-conferencier-congres-eacim-2025\/"]}]},{"@type":"ImageObject","inLanguage":"fr-FR","@id":"https:\/\/eacim-ceramic-implantology.com\/fr\/dr-saurabh-gupta-conferencier-congres-eacim-2025\/#primaryimage","url":"https:\/\/eacim-ceramic-implantology.com\/wp-content\/uploads\/2025\/01\/Trombi_conf_GUPTA_madrid_2025-Recupere.jpg","contentUrl":"https:\/\/eacim-ceramic-implantology.com\/wp-content\/uploads\/2025\/01\/Trombi_conf_GUPTA_madrid_2025-Recupere.jpg"},{"@type":"BreadcrumbList","@id":"https:\/\/eacim-ceramic-implantology.com\/fr\/dr-saurabh-gupta-conferencier-congres-eacim-2025\/#breadcrumb","itemListElement":[{"@type":"ListItem","position":1,"name":"Accueil","item":"https:\/\/eacim-ceramic-implantology.com\/fr\/"},{"@type":"ListItem","position":2,"name":"Dr. Saurabh Gupta, conf\u00e9rencier &#8211; Congr\u00e8s EACim 2025"}]},{"@type":"WebSite","@id":"https:\/\/3c9a-d050ef7659ec.wptiger.fr\/#website","url":"https:\/\/3c9a-d050ef7659ec.wptiger.fr\/","name":"EACim","description":"European Academy of Ceramic Implantology","potentialAction":[{"@type":"SearchAction","target":{"@type":"EntryPoint","urlTemplate":"https:\/\/3c9a-d050ef7659ec.wptiger.fr\/?s={search_term_string}"},"query-input":{"@type":"PropertyValueSpecification","valueRequired":true,"valueName":"search_term_string"}}],"inLanguage":"fr-FR"}]}},"_links":{"self":[{"href":"https:\/\/eacim-ceramic-implantology.com\/fr\/wp-json\/wp\/v2\/pages\/13198","targetHints":{"allow":["GET"]}}],"collection":[{"href":"https:\/\/eacim-ceramic-implantology.com\/fr\/wp-json\/wp\/v2\/pages"}],"about":[{"href":"https:\/\/eacim-ceramic-implantology.com\/fr\/wp-json\/wp\/v2\/types\/page"}],"author":[{"embeddable":true,"href":"https:\/\/eacim-ceramic-implantology.com\/fr\/wp-json\/wp\/v2\/users\/1"}],"replies":[{"embeddable":true,"href":"https:\/\/eacim-ceramic-implantology.com\/fr\/wp-json\/wp\/v2\/comments?post=13198"}],"version-history":[{"count":3,"href":"https:\/\/eacim-ceramic-implantology.com\/fr\/wp-json\/wp\/v2\/pages\/13198\/revisions"}],"predecessor-version":[{"id":13201,"href":"https:\/\/eacim-ceramic-implantology.com\/fr\/wp-json\/wp\/v2\/pages\/13198\/revisions\/13201"}],"wp:attachment":[{"href":"https:\/\/eacim-ceramic-implantology.com\/fr\/wp-json\/wp\/v2\/media?parent=13198"}],"curies":[{"name":"wp","href":"https:\/\/api.w.org\/{rel}","templated":true}]}}