{"id":2169,"date":"2019-01-25T15:32:26","date_gmt":"2019-01-25T14:32:26","guid":{"rendered":"https:\/\/eacim-ceramic-implantology.com\/dr-stephanie-gouiran-lecture-congres-eacim-2019\/"},"modified":"2019-01-25T16:10:16","modified_gmt":"2019-01-25T15:10:16","slug":"conference-du-dr-stephanie-gouiran-congres-eacim-2019","status":"publish","type":"page","link":"https:\/\/eacim-ceramic-implantology.com\/fr\/conference-du-dr-stephanie-gouiran-congres-eacim-2019\/","title":{"rendered":"Conf\u00e9rence du Dr St\u00e9phanie GOUIRAN \u2013 congr\u00e8s EACim 2019"},"content":{"rendered":"<h1><em><img decoding=\"async\" class=\"size-full wp-image-1544 alignright\" src=\"https:\/\/eacim-ceramic-implantology.com\/wp-content\/uploads\/2018\/11\/trombi-EACim-gourian.gif\" alt=\"St\u00e9phanie GOUIRAN, founding member and treasurer of EACim\" width=\"300\" height=\"300\" \/>Dr St\u00e9phanie GOUIRAN\u2013 France<\/em><\/h1>\n<ul>\n<li>Omnipratique depuis 18 ans<\/li>\n<li>CFAO combin\u00e9 \u00e0 l\u2019implantologie en c\u00e9ramique<\/li>\n<li>Approche phytoth\u00e9rapeutique de la chirurgie<\/li>\n<li>Dipl\u00f4me d\u2019implantologie du DUI de Corte\u200d Corse<\/li>\n<li>Pratique de l\u2019implantologie en c\u00e9ramique depuis 2014<\/li>\n<\/ul>\n<div class=\"fusion-button-wrapper\"><a class=\"fusion-button button-flat button-medium button-custom fusion-button-default button-1 fusion-button-default-span fusion-button-default-type\" style=\"--button_accent_color:#ffffff;--button_accent_hover_color:#f7f7f7;--button_border_hover_color:#f7f7f7;--button_gradient_top_color:#04486b;--button_gradient_bottom_color:#04486b;--button_gradient_top_color_hover:#2898a0;--button_gradient_bottom_color_hover:#2898a0;\" target=\"_self\" href=\"http:\/\/www.dr-gouiran-stephanie.chirurgiens-dentistes.fr\"><span class=\"fusion-button-text awb-button__text awb-button__text--default\">Consulter son site <\/span><\/a><\/div>\n<p>&nbsp;<\/p>\n<h2>\u00ab\u00a0La CFAO en implantologie c\u00e9ramique \u00bb \u2013\u00a0congr\u00e8s EACim 2019<\/h2>\n<h3><strong>R\u00e9sum\u00e9 de la\u00a0<\/strong><\/h3>\n<p>A l&rsquo;\u00e8re du num\u00e9rique et des hautes technologies, la Conception et Fabrication Assist\u00e9e par Ordinateur prends naturellement une place grandissante dans les cabinets dentaires.<\/p>\n<p>Une autre implantologie, alternative, celle des implants en c\u00e9ramique, se rajoute \u00e9galement et naturellement \u00e0 la pratique implantaire.<\/p>\n<p>Ces deux approches ne seraient-elles pas compatibles et compl\u00e9mentaires?<\/p>\n<h3><strong>Comment le flux num\u00e9rique, dans le traitement des r\u00e9habilitations orales, devient notre plus pr\u00e9cieux alli\u00e9\u00a0depuis la planification jusqu&rsquo;\u00e0 la phase proth\u00e9tique de \u00a0l&rsquo;\u00e9quipement des implants c\u00e9ramiques ?<\/strong><\/h3>\n<p>A l&rsquo;\u00e8re du num\u00e9rique et des hautes technologies, la Conception et Fabrication Assist\u00e9e par Ordinateur prends naturellement une place grandissante dans les cabinets dentaires.<\/p>\n<p>Une autre implantologie, alternative, celle des implants en c\u00e9ramique, se rajoute \u00e9galement et naturellement \u00e0 la pratique implantaire.<\/p>\n<p>Ces deux approches ne seraient-elles pas compatibles et compl\u00e9mentaires?<\/p>\n<p>Comment le flux num\u00e9rique, dans le traitement des r\u00e9habilitations orales, devient notre plus pr\u00e9cieux alli\u00e9\u00a0depuis la planification jusqu&rsquo;\u00e0 la phase proth\u00e9tique de \u00a0l&rsquo;\u00e9quipement des implants c\u00e9ramiques ?<strong><br \/>\n<\/strong><\/p>\n<p>&nbsp;<\/p>\n","protected":false},"excerpt":{"rendered":"<p>Dr St\u00e9phanie GOUIRAN\u2013 France Omnipratique depuis 18 ans CFAO combin\u00e9  [&#8230;]<\/p>\n","protected":false},"author":1,"featured_media":0,"parent":0,"menu_order":0,"comment_status":"closed","ping_status":"closed","template":"","meta":{"_price":"","_stock":"","_tribe_ticket_header":"","_tribe_default_ticket_provider":"","_tribe_ticket_capacity":"0","_ticket_start_date":"","_ticket_end_date":"","_tribe_ticket_show_description":"","_tribe_ticket_show_not_going":false,"_tribe_ticket_use_global_stock":"","_tribe_ticket_global_stock_level":"","_global_stock_mode":"","_global_stock_cap":"","_tribe_rsvp_for_event":"","_tribe_ticket_going_count":"","_tribe_ticket_not_going_count":"","_tribe_tickets_list":"[]","_tribe_ticket_has_attendee_info_fields":false,"footnotes":""},"class_list":["post-2169","page","type-page","status-publish","hentry"],"yoast_head":"<!-- This site is optimized with the Yoast SEO plugin v26.4 - https:\/\/yoast.com\/wordpress\/plugins\/seo\/ -->\n<title>Conf\u00e9rence du Dr St\u00e9phanie GOUIRAN \u2013 congr\u00e8s EACim 2019 - EACim<\/title>\n<meta name=\"description\" content=\"Conf\u00e9rence du Dr St\u00e9phanie GOUIRAN durant le congr\u00e8s EACim 2019. Son th\u00e8me: La CFAO en implantologie c\u00e9ramique\" \/>\n<meta name=\"robots\" content=\"index, follow, max-snippet:-1, max-image-preview:large, max-video-preview:-1\" \/>\n<link rel=\"canonical\" href=\"https:\/\/eacim-ceramic-implantology.com\/fr\/conference-du-dr-stephanie-gouiran-congres-eacim-2019\/\" \/>\n<meta property=\"og:locale\" content=\"fr_FR\" \/>\n<meta property=\"og:type\" content=\"article\" \/>\n<meta property=\"og:title\" content=\"Conf\u00e9rence du Dr St\u00e9phanie GOUIRAN \u2013 congr\u00e8s EACim 2019 - EACim\" \/>\n<meta property=\"og:description\" content=\"Conf\u00e9rence du Dr St\u00e9phanie GOUIRAN durant le congr\u00e8s EACim 2019. Son th\u00e8me: La CFAO en implantologie c\u00e9ramique\" \/>\n<meta property=\"og:url\" content=\"https:\/\/eacim-ceramic-implantology.com\/fr\/conference-du-dr-stephanie-gouiran-congres-eacim-2019\/\" \/>\n<meta property=\"og:site_name\" content=\"EACim\" \/>\n<meta property=\"article:modified_time\" content=\"2019-01-25T15:10:16+00:00\" \/>\n<meta property=\"og:image\" content=\"https:\/\/eacim-ceramic-implantology.com\/wp-content\/uploads\/2018\/11\/trombi-EACim-gourian.gif\" \/>\n<meta name=\"twitter:card\" content=\"summary_large_image\" \/>\n<meta name=\"twitter:label1\" content=\"Dur\u00e9e de lecture estim\u00e9e\" \/>\n\t<meta name=\"twitter:data1\" content=\"2 minutes\" \/>\n<script type=\"application\/ld+json\" class=\"yoast-schema-graph\">{\"@context\":\"https:\/\/schema.org\",\"@graph\":[{\"@type\":\"WebPage\",\"@id\":\"https:\/\/eacim-ceramic-implantology.com\/fr\/conference-du-dr-stephanie-gouiran-congres-eacim-2019\/\",\"url\":\"https:\/\/eacim-ceramic-implantology.com\/fr\/conference-du-dr-stephanie-gouiran-congres-eacim-2019\/\",\"name\":\"Conf\u00e9rence du Dr St\u00e9phanie GOUIRAN \u2013 congr\u00e8s EACim 2019 - EACim\",\"isPartOf\":{\"@id\":\"https:\/\/3c9a-d050ef7659ec.wptiger.fr\/#website\"},\"primaryImageOfPage\":{\"@id\":\"https:\/\/eacim-ceramic-implantology.com\/fr\/conference-du-dr-stephanie-gouiran-congres-eacim-2019\/#primaryimage\"},\"image\":{\"@id\":\"https:\/\/eacim-ceramic-implantology.com\/fr\/conference-du-dr-stephanie-gouiran-congres-eacim-2019\/#primaryimage\"},\"thumbnailUrl\":\"https:\/\/eacim-ceramic-implantology.com\/wp-content\/uploads\/2018\/11\/trombi-EACim-gourian.gif\",\"datePublished\":\"2019-01-25T14:32:26+00:00\",\"dateModified\":\"2019-01-25T15:10:16+00:00\",\"description\":\"Conf\u00e9rence du Dr St\u00e9phanie GOUIRAN durant le congr\u00e8s EACim 2019. Son th\u00e8me: La CFAO en implantologie c\u00e9ramique\",\"breadcrumb\":{\"@id\":\"https:\/\/eacim-ceramic-implantology.com\/fr\/conference-du-dr-stephanie-gouiran-congres-eacim-2019\/#breadcrumb\"},\"inLanguage\":\"fr-FR\",\"potentialAction\":[{\"@type\":\"ReadAction\",\"target\":[\"https:\/\/eacim-ceramic-implantology.com\/fr\/conference-du-dr-stephanie-gouiran-congres-eacim-2019\/\"]}]},{\"@type\":\"ImageObject\",\"inLanguage\":\"fr-FR\",\"@id\":\"https:\/\/eacim-ceramic-implantology.com\/fr\/conference-du-dr-stephanie-gouiran-congres-eacim-2019\/#primaryimage\",\"url\":\"https:\/\/eacim-ceramic-implantology.com\/wp-content\/uploads\/2018\/11\/trombi-EACim-gourian.gif\",\"contentUrl\":\"https:\/\/eacim-ceramic-implantology.com\/wp-content\/uploads\/2018\/11\/trombi-EACim-gourian.gif\"},{\"@type\":\"BreadcrumbList\",\"@id\":\"https:\/\/eacim-ceramic-implantology.com\/fr\/conference-du-dr-stephanie-gouiran-congres-eacim-2019\/#breadcrumb\",\"itemListElement\":[{\"@type\":\"ListItem\",\"position\":1,\"name\":\"Accueil\",\"item\":\"https:\/\/eacim-ceramic-implantology.com\/fr\/\"},{\"@type\":\"ListItem\",\"position\":2,\"name\":\"Conf\u00e9rence du Dr St\u00e9phanie GOUIRAN \u2013 congr\u00e8s EACim 2019\"}]},{\"@type\":\"WebSite\",\"@id\":\"https:\/\/3c9a-d050ef7659ec.wptiger.fr\/#website\",\"url\":\"https:\/\/3c9a-d050ef7659ec.wptiger.fr\/\",\"name\":\"EACim\",\"description\":\"European Academy of Ceramic Implantology\",\"potentialAction\":[{\"@type\":\"SearchAction\",\"target\":{\"@type\":\"EntryPoint\",\"urlTemplate\":\"https:\/\/3c9a-d050ef7659ec.wptiger.fr\/?s={search_term_string}\"},\"query-input\":{\"@type\":\"PropertyValueSpecification\",\"valueRequired\":true,\"valueName\":\"search_term_string\"}}],\"inLanguage\":\"fr-FR\"}]}<\/script>\n<!-- \/ Yoast SEO plugin. -->","yoast_head_json":{"title":"Conf\u00e9rence du Dr St\u00e9phanie GOUIRAN \u2013 congr\u00e8s EACim 2019 - EACim","description":"Conf\u00e9rence du Dr St\u00e9phanie GOUIRAN durant le congr\u00e8s EACim 2019. Son th\u00e8me: La CFAO en implantologie c\u00e9ramique","robots":{"index":"index","follow":"follow","max-snippet":"max-snippet:-1","max-image-preview":"max-image-preview:large","max-video-preview":"max-video-preview:-1"},"canonical":"https:\/\/eacim-ceramic-implantology.com\/fr\/conference-du-dr-stephanie-gouiran-congres-eacim-2019\/","og_locale":"fr_FR","og_type":"article","og_title":"Conf\u00e9rence du Dr St\u00e9phanie GOUIRAN \u2013 congr\u00e8s EACim 2019 - EACim","og_description":"Conf\u00e9rence du Dr St\u00e9phanie GOUIRAN durant le congr\u00e8s EACim 2019. Son th\u00e8me: La CFAO en implantologie c\u00e9ramique","og_url":"https:\/\/eacim-ceramic-implantology.com\/fr\/conference-du-dr-stephanie-gouiran-congres-eacim-2019\/","og_site_name":"EACim","article_modified_time":"2019-01-25T15:10:16+00:00","og_image":[{"url":"https:\/\/eacim-ceramic-implantology.com\/wp-content\/uploads\/2018\/11\/trombi-EACim-gourian.gif","type":"","width":"","height":""}],"twitter_card":"summary_large_image","twitter_misc":{"Dur\u00e9e de lecture estim\u00e9e":"2 minutes"},"schema":{"@context":"https:\/\/schema.org","@graph":[{"@type":"WebPage","@id":"https:\/\/eacim-ceramic-implantology.com\/fr\/conference-du-dr-stephanie-gouiran-congres-eacim-2019\/","url":"https:\/\/eacim-ceramic-implantology.com\/fr\/conference-du-dr-stephanie-gouiran-congres-eacim-2019\/","name":"Conf\u00e9rence du Dr St\u00e9phanie GOUIRAN \u2013 congr\u00e8s EACim 2019 - EACim","isPartOf":{"@id":"https:\/\/3c9a-d050ef7659ec.wptiger.fr\/#website"},"primaryImageOfPage":{"@id":"https:\/\/eacim-ceramic-implantology.com\/fr\/conference-du-dr-stephanie-gouiran-congres-eacim-2019\/#primaryimage"},"image":{"@id":"https:\/\/eacim-ceramic-implantology.com\/fr\/conference-du-dr-stephanie-gouiran-congres-eacim-2019\/#primaryimage"},"thumbnailUrl":"https:\/\/eacim-ceramic-implantology.com\/wp-content\/uploads\/2018\/11\/trombi-EACim-gourian.gif","datePublished":"2019-01-25T14:32:26+00:00","dateModified":"2019-01-25T15:10:16+00:00","description":"Conf\u00e9rence du Dr St\u00e9phanie GOUIRAN durant le congr\u00e8s EACim 2019. Son th\u00e8me: La CFAO en implantologie c\u00e9ramique","breadcrumb":{"@id":"https:\/\/eacim-ceramic-implantology.com\/fr\/conference-du-dr-stephanie-gouiran-congres-eacim-2019\/#breadcrumb"},"inLanguage":"fr-FR","potentialAction":[{"@type":"ReadAction","target":["https:\/\/eacim-ceramic-implantology.com\/fr\/conference-du-dr-stephanie-gouiran-congres-eacim-2019\/"]}]},{"@type":"ImageObject","inLanguage":"fr-FR","@id":"https:\/\/eacim-ceramic-implantology.com\/fr\/conference-du-dr-stephanie-gouiran-congres-eacim-2019\/#primaryimage","url":"https:\/\/eacim-ceramic-implantology.com\/wp-content\/uploads\/2018\/11\/trombi-EACim-gourian.gif","contentUrl":"https:\/\/eacim-ceramic-implantology.com\/wp-content\/uploads\/2018\/11\/trombi-EACim-gourian.gif"},{"@type":"BreadcrumbList","@id":"https:\/\/eacim-ceramic-implantology.com\/fr\/conference-du-dr-stephanie-gouiran-congres-eacim-2019\/#breadcrumb","itemListElement":[{"@type":"ListItem","position":1,"name":"Accueil","item":"https:\/\/eacim-ceramic-implantology.com\/fr\/"},{"@type":"ListItem","position":2,"name":"Conf\u00e9rence du Dr St\u00e9phanie GOUIRAN \u2013 congr\u00e8s EACim 2019"}]},{"@type":"WebSite","@id":"https:\/\/3c9a-d050ef7659ec.wptiger.fr\/#website","url":"https:\/\/3c9a-d050ef7659ec.wptiger.fr\/","name":"EACim","description":"European Academy of Ceramic Implantology","potentialAction":[{"@type":"SearchAction","target":{"@type":"EntryPoint","urlTemplate":"https:\/\/3c9a-d050ef7659ec.wptiger.fr\/?s={search_term_string}"},"query-input":{"@type":"PropertyValueSpecification","valueRequired":true,"valueName":"search_term_string"}}],"inLanguage":"fr-FR"}]}},"_links":{"self":[{"href":"https:\/\/eacim-ceramic-implantology.com\/fr\/wp-json\/wp\/v2\/pages\/2169","targetHints":{"allow":["GET"]}}],"collection":[{"href":"https:\/\/eacim-ceramic-implantology.com\/fr\/wp-json\/wp\/v2\/pages"}],"about":[{"href":"https:\/\/eacim-ceramic-implantology.com\/fr\/wp-json\/wp\/v2\/types\/page"}],"author":[{"embeddable":true,"href":"https:\/\/eacim-ceramic-implantology.com\/fr\/wp-json\/wp\/v2\/users\/1"}],"replies":[{"embeddable":true,"href":"https:\/\/eacim-ceramic-implantology.com\/fr\/wp-json\/wp\/v2\/comments?post=2169"}],"version-history":[{"count":5,"href":"https:\/\/eacim-ceramic-implantology.com\/fr\/wp-json\/wp\/v2\/pages\/2169\/revisions"}],"predecessor-version":[{"id":2202,"href":"https:\/\/eacim-ceramic-implantology.com\/fr\/wp-json\/wp\/v2\/pages\/2169\/revisions\/2202"}],"wp:attachment":[{"href":"https:\/\/eacim-ceramic-implantology.com\/fr\/wp-json\/wp\/v2\/media?parent=2169"}],"curies":[{"name":"wp","href":"https:\/\/api.w.org\/{rel}","templated":true}]}}