{"id":2179,"date":"2019-01-25T15:44:50","date_gmt":"2019-01-25T14:44:50","guid":{"rendered":"https:\/\/eacim-ceramic-implantology.com\/conference-du-dr-fabrice-baudot-congres-eacim-2019\/"},"modified":"2019-03-06T17:36:00","modified_gmt":"2019-03-06T16:36:00","slug":"conference-du-dr-fabrice-baudot-congres-eacim-2019","status":"publish","type":"page","link":"https:\/\/eacim-ceramic-implantology.com\/fr\/conference-du-dr-fabrice-baudot-congres-eacim-2019\/","title":{"rendered":"Conf\u00e9rence du Dr Fabrice BAUDOT &#8211; congr\u00e8s EACim 2019"},"content":{"rendered":"<h1><em><img decoding=\"async\" class=\"size-full wp-image-1540 alignright\" src=\"https:\/\/eacim-ceramic-implantology.com\/wp-content\/uploads\/2018\/11\/trombi-EACim-baudot.gif\" alt=\"Fabrice BAUDOT, founding member of EACim\" width=\"300\" height=\"300\" \/>Dr Fabrice BAUDOT \u2013 France<\/em><\/h1>\n<ul>\n<li>Conf\u00e9rencier International et auteur de nombreuses publications<\/li>\n<li>Exercice en microchirurgie au LASER<\/li>\n<li>Approche th\u00e9rapeutique bas\u00e9e sur des interventions mini-invasives<\/li>\n<li>Pratique de l\u2019implantologie en c\u00e9ramique depuis 2013<\/li>\n<\/ul>\n<div class=\"fusion-button-wrapper\"><a class=\"fusion-button button-flat button-medium button-custom fusion-button-default button-1 fusion-button-default-span fusion-button-default-type\" style=\"--button_accent_color:#ffffff;--button_accent_hover_color:#f7f7f7;--button_border_hover_color:#f7f7f7;--button_gradient_top_color:#04486b;--button_gradient_bottom_color:#04486b;--button_gradient_top_color_hover:#2898a0;--button_gradient_bottom_color_hover:#2898a0;\" target=\"_self\" href=\"http:\/\/www.dr-baudot-fabrice-chirurgiens-dentistes.fr\"><span class=\"fusion-button-text awb-button__text awb-button__text--default\">Consulter son site <\/span><\/a><\/div>\n<p>&nbsp;<\/p>\n<h2>\u00ab\u00a0Le comportement de la c\u00e9ramique zircone au contact des tissus mous p\u00e9ri-implantaires :\u00a0Int\u00e9r\u00eats biologiques et esth\u00e9tiques\u00a0\u00bb \u2013\u00a0congr\u00e8s EACim 2019<\/h2>\n<h3><strong>R\u00e9sum\u00e9 de la conf\u00e9rence<\/strong><strong>\u00a0:<\/strong><\/h3>\n<p>La lutte contre les p\u00e9ri-implantites, devient aujourd\u2019hui une pr\u00e9-occupation majeure de l\u2019implantologie.<\/p>\n<p>L\u2019\u00e9tiologie microbienne de cette pathologie semble faire l\u2019unanimit\u00e9 et de ce point de vue, l\u2019interface de l\u2019implant avec les tissus mous semble \u00eatre d\u2019une importance capitale dans la pr\u00e9vention de ce fl\u00e9au.<\/p>\n<p>Notre exp\u00e9rience confort\u00e9e par la publication d\u2019\u00e9tudes r\u00e9centes sur des r\u00e9actions immunitaires\u00a0 \u00e0 l\u2019\u00e9gard du titane, nous poussent \u00e0 penser que les cols implantaires en zircone peuvent constituer une des cl\u00e9s de la lutte contre les p\u00e9ri-implantites.<\/p>\n<p><img decoding=\"async\" class=\"size-full wp-image-2917 alignleft\" src=\"https:\/\/eacim-ceramic-implantology.com\/wp-content\/uploads\/2019\/03\/Fabrice-Baudot-1.jpg\" alt=\"\" width=\"536\" height=\"467\" srcset=\"https:\/\/eacim-ceramic-implantology.com\/wp-content\/uploads\/2019\/03\/Fabrice-Baudot-1-200x174.jpg 200w, https:\/\/eacim-ceramic-implantology.com\/wp-content\/uploads\/2019\/03\/Fabrice-Baudot-1-300x261.jpg 300w, https:\/\/eacim-ceramic-implantology.com\/wp-content\/uploads\/2019\/03\/Fabrice-Baudot-1-400x349.jpg 400w, https:\/\/eacim-ceramic-implantology.com\/wp-content\/uploads\/2019\/03\/Fabrice-Baudot-1-500x436.jpg 500w, https:\/\/eacim-ceramic-implantology.com\/wp-content\/uploads\/2019\/03\/Fabrice-Baudot-1.jpg 536w\" sizes=\"(max-width: 536px) 100vw, 536px\" \/><\/p>\n<p>&nbsp;<\/p>\n","protected":false},"excerpt":{"rendered":"<p>Dr Fabrice BAUDOT \u2013 France Conf\u00e9rencier International et auteur de  [&#8230;]<\/p>\n","protected":false},"author":1,"featured_media":0,"parent":0,"menu_order":0,"comment_status":"closed","ping_status":"closed","template":"","meta":{"_price":"","_stock":"","_tribe_ticket_header":"","_tribe_default_ticket_provider":"","_tribe_ticket_capacity":"0","_ticket_start_date":"","_ticket_end_date":"","_tribe_ticket_show_description":"","_tribe_ticket_show_not_going":false,"_tribe_ticket_use_global_stock":"","_tribe_ticket_global_stock_level":"","_global_stock_mode":"","_global_stock_cap":"","_tribe_rsvp_for_event":"","_tribe_ticket_going_count":"","_tribe_ticket_not_going_count":"","_tribe_tickets_list":"[]","_tribe_ticket_has_attendee_info_fields":false,"footnotes":""},"class_list":["post-2179","page","type-page","status-publish","hentry"],"yoast_head":"<!-- This site is optimized with the Yoast SEO plugin v26.4 - https:\/\/yoast.com\/wordpress\/plugins\/seo\/ -->\n<title>Conf\u00e9rence du Dr Fabrice BAUDOT - congr\u00e8s EACim 2019 - EACim<\/title>\n<meta name=\"description\" content=\"Conf\u00e9rence du Dr Fabrice BAUDOT au congr\u00e8s EACim 2019. Son th\u00e8me : Le comportement de la c\u00e9ramique zircone au contact des tissus mous p\u00e9ri-implantaires : Int\u00e9r\u00eats biologiques et esth\u00e9tiques.\" \/>\n<meta name=\"robots\" content=\"index, follow, max-snippet:-1, max-image-preview:large, max-video-preview:-1\" \/>\n<link rel=\"canonical\" href=\"https:\/\/eacim-ceramic-implantology.com\/fr\/conference-du-dr-fabrice-baudot-congres-eacim-2019\/\" \/>\n<meta property=\"og:locale\" content=\"fr_FR\" \/>\n<meta property=\"og:type\" content=\"article\" \/>\n<meta property=\"og:title\" content=\"Conf\u00e9rence du Dr Fabrice BAUDOT - congr\u00e8s EACim 2019 - EACim\" \/>\n<meta property=\"og:description\" content=\"Conf\u00e9rence du Dr Fabrice BAUDOT au congr\u00e8s EACim 2019. Son th\u00e8me : Le comportement de la c\u00e9ramique zircone au contact des tissus mous p\u00e9ri-implantaires : Int\u00e9r\u00eats biologiques et esth\u00e9tiques.\" \/>\n<meta property=\"og:url\" content=\"https:\/\/eacim-ceramic-implantology.com\/fr\/conference-du-dr-fabrice-baudot-congres-eacim-2019\/\" \/>\n<meta property=\"og:site_name\" content=\"EACim\" \/>\n<meta property=\"article:modified_time\" content=\"2019-03-06T16:36:00+00:00\" \/>\n<meta property=\"og:image\" content=\"https:\/\/eacim-ceramic-implantology.com\/wp-content\/uploads\/2018\/11\/trombi-EACim-baudot.gif\" \/>\n<meta name=\"twitter:card\" content=\"summary_large_image\" \/>\n<meta name=\"twitter:label1\" content=\"Dur\u00e9e de lecture estim\u00e9e\" \/>\n\t<meta name=\"twitter:data1\" content=\"1 minute\" \/>\n<script type=\"application\/ld+json\" class=\"yoast-schema-graph\">{\"@context\":\"https:\/\/schema.org\",\"@graph\":[{\"@type\":\"WebPage\",\"@id\":\"https:\/\/eacim-ceramic-implantology.com\/fr\/conference-du-dr-fabrice-baudot-congres-eacim-2019\/\",\"url\":\"https:\/\/eacim-ceramic-implantology.com\/fr\/conference-du-dr-fabrice-baudot-congres-eacim-2019\/\",\"name\":\"Conf\u00e9rence du Dr Fabrice BAUDOT - congr\u00e8s EACim 2019 - EACim\",\"isPartOf\":{\"@id\":\"https:\/\/3c9a-d050ef7659ec.wptiger.fr\/#website\"},\"primaryImageOfPage\":{\"@id\":\"https:\/\/eacim-ceramic-implantology.com\/fr\/conference-du-dr-fabrice-baudot-congres-eacim-2019\/#primaryimage\"},\"image\":{\"@id\":\"https:\/\/eacim-ceramic-implantology.com\/fr\/conference-du-dr-fabrice-baudot-congres-eacim-2019\/#primaryimage\"},\"thumbnailUrl\":\"https:\/\/eacim-ceramic-implantology.com\/wp-content\/uploads\/2018\/11\/trombi-EACim-baudot.gif\",\"datePublished\":\"2019-01-25T14:44:50+00:00\",\"dateModified\":\"2019-03-06T16:36:00+00:00\",\"description\":\"Conf\u00e9rence du Dr Fabrice BAUDOT au congr\u00e8s EACim 2019. Son th\u00e8me : Le comportement de la c\u00e9ramique zircone au contact des tissus mous p\u00e9ri-implantaires : Int\u00e9r\u00eats biologiques et esth\u00e9tiques.\",\"breadcrumb\":{\"@id\":\"https:\/\/eacim-ceramic-implantology.com\/fr\/conference-du-dr-fabrice-baudot-congres-eacim-2019\/#breadcrumb\"},\"inLanguage\":\"fr-FR\",\"potentialAction\":[{\"@type\":\"ReadAction\",\"target\":[\"https:\/\/eacim-ceramic-implantology.com\/fr\/conference-du-dr-fabrice-baudot-congres-eacim-2019\/\"]}]},{\"@type\":\"ImageObject\",\"inLanguage\":\"fr-FR\",\"@id\":\"https:\/\/eacim-ceramic-implantology.com\/fr\/conference-du-dr-fabrice-baudot-congres-eacim-2019\/#primaryimage\",\"url\":\"https:\/\/eacim-ceramic-implantology.com\/wp-content\/uploads\/2018\/11\/trombi-EACim-baudot.gif\",\"contentUrl\":\"https:\/\/eacim-ceramic-implantology.com\/wp-content\/uploads\/2018\/11\/trombi-EACim-baudot.gif\"},{\"@type\":\"BreadcrumbList\",\"@id\":\"https:\/\/eacim-ceramic-implantology.com\/fr\/conference-du-dr-fabrice-baudot-congres-eacim-2019\/#breadcrumb\",\"itemListElement\":[{\"@type\":\"ListItem\",\"position\":1,\"name\":\"Accueil\",\"item\":\"https:\/\/eacim-ceramic-implantology.com\/fr\/\"},{\"@type\":\"ListItem\",\"position\":2,\"name\":\"Conf\u00e9rence du Dr Fabrice BAUDOT &#8211; congr\u00e8s EACim 2019\"}]},{\"@type\":\"WebSite\",\"@id\":\"https:\/\/3c9a-d050ef7659ec.wptiger.fr\/#website\",\"url\":\"https:\/\/3c9a-d050ef7659ec.wptiger.fr\/\",\"name\":\"EACim\",\"description\":\"European Academy of Ceramic Implantology\",\"potentialAction\":[{\"@type\":\"SearchAction\",\"target\":{\"@type\":\"EntryPoint\",\"urlTemplate\":\"https:\/\/3c9a-d050ef7659ec.wptiger.fr\/?s={search_term_string}\"},\"query-input\":{\"@type\":\"PropertyValueSpecification\",\"valueRequired\":true,\"valueName\":\"search_term_string\"}}],\"inLanguage\":\"fr-FR\"}]}<\/script>\n<!-- \/ Yoast SEO plugin. -->","yoast_head_json":{"title":"Conf\u00e9rence du Dr Fabrice BAUDOT - congr\u00e8s EACim 2019 - EACim","description":"Conf\u00e9rence du Dr Fabrice BAUDOT au congr\u00e8s EACim 2019. Son th\u00e8me : Le comportement de la c\u00e9ramique zircone au contact des tissus mous p\u00e9ri-implantaires : Int\u00e9r\u00eats biologiques et esth\u00e9tiques.","robots":{"index":"index","follow":"follow","max-snippet":"max-snippet:-1","max-image-preview":"max-image-preview:large","max-video-preview":"max-video-preview:-1"},"canonical":"https:\/\/eacim-ceramic-implantology.com\/fr\/conference-du-dr-fabrice-baudot-congres-eacim-2019\/","og_locale":"fr_FR","og_type":"article","og_title":"Conf\u00e9rence du Dr Fabrice BAUDOT - congr\u00e8s EACim 2019 - EACim","og_description":"Conf\u00e9rence du Dr Fabrice BAUDOT au congr\u00e8s EACim 2019. Son th\u00e8me : Le comportement de la c\u00e9ramique zircone au contact des tissus mous p\u00e9ri-implantaires : Int\u00e9r\u00eats biologiques et esth\u00e9tiques.","og_url":"https:\/\/eacim-ceramic-implantology.com\/fr\/conference-du-dr-fabrice-baudot-congres-eacim-2019\/","og_site_name":"EACim","article_modified_time":"2019-03-06T16:36:00+00:00","og_image":[{"url":"https:\/\/eacim-ceramic-implantology.com\/wp-content\/uploads\/2018\/11\/trombi-EACim-baudot.gif","type":"","width":"","height":""}],"twitter_card":"summary_large_image","twitter_misc":{"Dur\u00e9e de lecture estim\u00e9e":"1 minute"},"schema":{"@context":"https:\/\/schema.org","@graph":[{"@type":"WebPage","@id":"https:\/\/eacim-ceramic-implantology.com\/fr\/conference-du-dr-fabrice-baudot-congres-eacim-2019\/","url":"https:\/\/eacim-ceramic-implantology.com\/fr\/conference-du-dr-fabrice-baudot-congres-eacim-2019\/","name":"Conf\u00e9rence du Dr Fabrice BAUDOT - congr\u00e8s EACim 2019 - EACim","isPartOf":{"@id":"https:\/\/3c9a-d050ef7659ec.wptiger.fr\/#website"},"primaryImageOfPage":{"@id":"https:\/\/eacim-ceramic-implantology.com\/fr\/conference-du-dr-fabrice-baudot-congres-eacim-2019\/#primaryimage"},"image":{"@id":"https:\/\/eacim-ceramic-implantology.com\/fr\/conference-du-dr-fabrice-baudot-congres-eacim-2019\/#primaryimage"},"thumbnailUrl":"https:\/\/eacim-ceramic-implantology.com\/wp-content\/uploads\/2018\/11\/trombi-EACim-baudot.gif","datePublished":"2019-01-25T14:44:50+00:00","dateModified":"2019-03-06T16:36:00+00:00","description":"Conf\u00e9rence du Dr Fabrice BAUDOT au congr\u00e8s EACim 2019. Son th\u00e8me : Le comportement de la c\u00e9ramique zircone au contact des tissus mous p\u00e9ri-implantaires : Int\u00e9r\u00eats biologiques et esth\u00e9tiques.","breadcrumb":{"@id":"https:\/\/eacim-ceramic-implantology.com\/fr\/conference-du-dr-fabrice-baudot-congres-eacim-2019\/#breadcrumb"},"inLanguage":"fr-FR","potentialAction":[{"@type":"ReadAction","target":["https:\/\/eacim-ceramic-implantology.com\/fr\/conference-du-dr-fabrice-baudot-congres-eacim-2019\/"]}]},{"@type":"ImageObject","inLanguage":"fr-FR","@id":"https:\/\/eacim-ceramic-implantology.com\/fr\/conference-du-dr-fabrice-baudot-congres-eacim-2019\/#primaryimage","url":"https:\/\/eacim-ceramic-implantology.com\/wp-content\/uploads\/2018\/11\/trombi-EACim-baudot.gif","contentUrl":"https:\/\/eacim-ceramic-implantology.com\/wp-content\/uploads\/2018\/11\/trombi-EACim-baudot.gif"},{"@type":"BreadcrumbList","@id":"https:\/\/eacim-ceramic-implantology.com\/fr\/conference-du-dr-fabrice-baudot-congres-eacim-2019\/#breadcrumb","itemListElement":[{"@type":"ListItem","position":1,"name":"Accueil","item":"https:\/\/eacim-ceramic-implantology.com\/fr\/"},{"@type":"ListItem","position":2,"name":"Conf\u00e9rence du Dr Fabrice BAUDOT &#8211; congr\u00e8s EACim 2019"}]},{"@type":"WebSite","@id":"https:\/\/3c9a-d050ef7659ec.wptiger.fr\/#website","url":"https:\/\/3c9a-d050ef7659ec.wptiger.fr\/","name":"EACim","description":"European Academy of Ceramic Implantology","potentialAction":[{"@type":"SearchAction","target":{"@type":"EntryPoint","urlTemplate":"https:\/\/3c9a-d050ef7659ec.wptiger.fr\/?s={search_term_string}"},"query-input":{"@type":"PropertyValueSpecification","valueRequired":true,"valueName":"search_term_string"}}],"inLanguage":"fr-FR"}]}},"_links":{"self":[{"href":"https:\/\/eacim-ceramic-implantology.com\/fr\/wp-json\/wp\/v2\/pages\/2179","targetHints":{"allow":["GET"]}}],"collection":[{"href":"https:\/\/eacim-ceramic-implantology.com\/fr\/wp-json\/wp\/v2\/pages"}],"about":[{"href":"https:\/\/eacim-ceramic-implantology.com\/fr\/wp-json\/wp\/v2\/types\/page"}],"author":[{"embeddable":true,"href":"https:\/\/eacim-ceramic-implantology.com\/fr\/wp-json\/wp\/v2\/users\/1"}],"replies":[{"embeddable":true,"href":"https:\/\/eacim-ceramic-implantology.com\/fr\/wp-json\/wp\/v2\/comments?post=2179"}],"version-history":[{"count":5,"href":"https:\/\/eacim-ceramic-implantology.com\/fr\/wp-json\/wp\/v2\/pages\/2179\/revisions"}],"predecessor-version":[{"id":2924,"href":"https:\/\/eacim-ceramic-implantology.com\/fr\/wp-json\/wp\/v2\/pages\/2179\/revisions\/2924"}],"wp:attachment":[{"href":"https:\/\/eacim-ceramic-implantology.com\/fr\/wp-json\/wp\/v2\/media?parent=2179"}],"curies":[{"name":"wp","href":"https:\/\/api.w.org\/{rel}","templated":true}]}}