{"id":2215,"date":"2019-01-26T13:20:59","date_gmt":"2019-01-26T12:20:59","guid":{"rendered":"https:\/\/eacim-ceramic-implantology.com\/connexion-espace-adherent-eacim\/"},"modified":"2019-01-26T17:44:57","modified_gmt":"2019-01-26T16:44:57","slug":"connexion-espace-adherent-eacim","status":"publish","type":"page","link":"https:\/\/eacim-ceramic-implantology.com\/fr\/connexion-espace-adherent-eacim\/","title":{"rendered":"Connexion Espace Adh\u00e9rent EACim"},"content":{"rendered":"<h1>Connexion \u00e0 votre espace adh\u00e9rent<\/h1>\n<h2>Pour vous connecter \u00e0 votre espace d\u00e9di\u00e9, veuillez saisir votre identifiant et mot de passe personnel :<\/h2>\n<p><div class=\"pc_aligned_form pc_falign_center\"><form class=\"pc_login_form pc_rm_login  pc_lf_long_labels pc_forced_lf_long_labels  has_pcma_psw_recovery\" ><div class=\"pc_login_row pc_lf_username \"><label for=\"69f102de9a158_username\">Identifiant<\/label><div class=\"pc_field_container\"><input type=\"text\" name=\"pc_auth_username\" value=\"\"  autocapitalize=\"off\" autocomplete=\"off\" autocorrect=\"off\" aria-label=\"Identifiant\" maxlength=\"150\" id=\"69f102de9a158_username\" tabindex=\"1\" \/><\/div><\/div><div class=\"pc_login_row pc_lf_psw \"><label for=\"69f102de9a158_psw\">Mot de passe<\/label><div class=\"pc_field_container\"><input type=\"password\" name=\"pc_auth_psw\" value=\"\"  autocapitalize=\"off\" autocomplete=\"off\" autocorrect=\"off\" aria-label=\"Mot de passe\" id=\"69f102de9a158_psw\" tabindex=\"2\" \/><\/div><\/div><div class=\"pc_hnpt_code\" aria-hidden=\"true\">            <label for=\"1067723_pc_hnpt_1\">hpt 1067723 1<\/label><input type=\"text\" name=\"pc_hnpt_1\" value=\"\" id=\"1067723_pc_hnpt_1\" autocomplete=\"off\" \/>                        <label for=\"1067723_pc_hnpt_2\">hpt 1067723 2<\/label><input type=\"text\" name=\"pc_hnpt_2\" value=\"1067723\" id=\"1067723_pc_hnpt_2\" autocomplete=\"off\" required \/>                        <label for=\"1067723_pc_hnpt_3\">hpt 1067723 3<\/label><input type=\"text\" name=\"pc_hnpt_3\" value=\"153479468\" id=\"1067723_pc_hnpt_3\" autocomplete=\"off\" required \/><\/div>        <div class=\"pc_lf_subfields\">            <div class=\"pc_login_smalls\">                <div class=\"pc_login_remember_me\">                    <input type=\"checkbox\" name=\"pc_remember_me\" value=\"1\" autocomplete=\"off\" aria-label=\"se souvenir de moi\" id=\"69f102de9a158_rmbm\" \/>                    <small role=\"button\" tabindex=\"0\">                        <label for=\"69f102de9a158_rmbm\">se souvenir de moi<\/label>                    <\/small>                <\/div><small class=\"pcma_psw_recovery_trigger\" role=\"button\" tabindex=\"0\">mot de passe oubli\u00e9?<\/small><\/div>            <div id=\"pc_auth_message\"><\/div>        <\/div>            <button class=\"pc_auth_btn\" type=\"submit\">            <span class=\"pc_inner_btn\">Connexion<\/span>        <\/button>        <div class=\"pcma_psw_recovery_wrap pc_displaynone\">            <div class=\"pc_login_row \">                <label for=\"69f102de9a29f_pcma_pr\">Entrer votre nom d'utilisateur ou votre e-mail<\/label>                <div class=\"pc_field_container\">                                        <input type=\"text\" name=\"pcma_psw_username\" class=\"pcma_psw_username\" value=\"\"  id=\"69f102de9a29f_pcma_pr\" autocomplete=\"off\" \/>                <\/div>            <\/div>                        <div class=\"pc_lf_subfields\">                <div class=\"pc_login_smalls\">                    <small class=\"pcma_del_recovery\" role=\"button\" tabindex=\"0\">Retour au formulaire de connexion<\/small>                <\/div>                <div class=\"pcma_psw_recovery_message\"><\/div>            <\/div>                        <button class=\"pcma_do_recovery\" type=\"button\">                <span class=\"pc_inner_btn\">R\u00e9cup\u00e9rer<\/span>            <\/button>        <\/div><\/form>    <script type=\"text\/javascript\">    (function() {         \"use strict\";        const intval = setInterval(() => {            if(typeof(pc_lf_overlapping_smalls_check) == \"undefined\") {                return true;            }            else {                clearTimeout(intval);                window.pc_lf_overlapping_smalls_check();            }        }, 50);    })();    <\/script><\/div> <\/p>\n","protected":false},"excerpt":{"rendered":"<p>Connexion \u00e0 votre espace adh\u00e9rent Pour vous connecter \u00e0 votre  [&#8230;]<\/p>\n","protected":false},"author":1,"featured_media":0,"parent":0,"menu_order":0,"comment_status":"closed","ping_status":"closed","template":"","meta":{"_price":"","_stock":"","_tribe_ticket_header":"","_tribe_default_ticket_provider":"","_tribe_ticket_capacity":"0","_ticket_start_date":"","_ticket_end_date":"","_tribe_ticket_show_description":"","_tribe_ticket_show_not_going":false,"_tribe_ticket_use_global_stock":"","_tribe_ticket_global_stock_level":"","_global_stock_mode":"","_global_stock_cap":"","_tribe_rsvp_for_event":"","_tribe_ticket_going_count":"","_tribe_ticket_not_going_count":"","_tribe_tickets_list":"[]","_tribe_ticket_has_attendee_info_fields":false,"footnotes":""},"class_list":["post-2215","page","type-page","status-publish","hentry"],"yoast_head":"<!-- This site is optimized with the Yoast SEO plugin v26.4 - https:\/\/yoast.com\/wordpress\/plugins\/seo\/ -->\n<title>Connexion Espace Adh\u00e9rent EACim - EACim<\/title>\n<meta name=\"robots\" content=\"index, follow, max-snippet:-1, max-image-preview:large, max-video-preview:-1\" \/>\n<link rel=\"canonical\" href=\"https:\/\/eacim-ceramic-implantology.com\/fr\/connexion-espace-adherent-eacim\/\" \/>\n<meta property=\"og:locale\" content=\"fr_FR\" \/>\n<meta property=\"og:type\" content=\"article\" \/>\n<meta property=\"og:title\" content=\"Connexion Espace Adh\u00e9rent EACim - EACim\" \/>\n<meta property=\"og:description\" content=\"Connexion \u00e0 votre espace adh\u00e9rent Pour vous connecter \u00e0 votre [...]\" \/>\n<meta property=\"og:url\" content=\"https:\/\/eacim-ceramic-implantology.com\/fr\/connexion-espace-adherent-eacim\/\" \/>\n<meta property=\"og:site_name\" content=\"EACim\" \/>\n<meta property=\"article:modified_time\" content=\"2019-01-26T16:44:57+00:00\" \/>\n<meta name=\"twitter:card\" content=\"summary_large_image\" \/>\n<script type=\"application\/ld+json\" class=\"yoast-schema-graph\">{\"@context\":\"https:\/\/schema.org\",\"@graph\":[{\"@type\":\"WebPage\",\"@id\":\"https:\/\/eacim-ceramic-implantology.com\/fr\/connexion-espace-adherent-eacim\/\",\"url\":\"https:\/\/eacim-ceramic-implantology.com\/fr\/connexion-espace-adherent-eacim\/\",\"name\":\"Connexion Espace Adh\u00e9rent EACim - EACim\",\"isPartOf\":{\"@id\":\"https:\/\/3c9a-d050ef7659ec.wptiger.fr\/#website\"},\"datePublished\":\"2019-01-26T12:20:59+00:00\",\"dateModified\":\"2019-01-26T16:44:57+00:00\",\"breadcrumb\":{\"@id\":\"https:\/\/eacim-ceramic-implantology.com\/fr\/connexion-espace-adherent-eacim\/#breadcrumb\"},\"inLanguage\":\"fr-FR\",\"potentialAction\":[{\"@type\":\"ReadAction\",\"target\":[\"https:\/\/eacim-ceramic-implantology.com\/fr\/connexion-espace-adherent-eacim\/\"]}]},{\"@type\":\"BreadcrumbList\",\"@id\":\"https:\/\/eacim-ceramic-implantology.com\/fr\/connexion-espace-adherent-eacim\/#breadcrumb\",\"itemListElement\":[{\"@type\":\"ListItem\",\"position\":1,\"name\":\"Accueil\",\"item\":\"https:\/\/eacim-ceramic-implantology.com\/fr\/\"},{\"@type\":\"ListItem\",\"position\":2,\"name\":\"Connexion Espace Adh\u00e9rent EACim\"}]},{\"@type\":\"WebSite\",\"@id\":\"https:\/\/3c9a-d050ef7659ec.wptiger.fr\/#website\",\"url\":\"https:\/\/3c9a-d050ef7659ec.wptiger.fr\/\",\"name\":\"EACim\",\"description\":\"European Academy of Ceramic Implantology\",\"potentialAction\":[{\"@type\":\"SearchAction\",\"target\":{\"@type\":\"EntryPoint\",\"urlTemplate\":\"https:\/\/3c9a-d050ef7659ec.wptiger.fr\/?s={search_term_string}\"},\"query-input\":{\"@type\":\"PropertyValueSpecification\",\"valueRequired\":true,\"valueName\":\"search_term_string\"}}],\"inLanguage\":\"fr-FR\"}]}<\/script>\n<!-- \/ Yoast SEO plugin. -->","yoast_head_json":{"title":"Connexion Espace Adh\u00e9rent EACim - EACim","robots":{"index":"index","follow":"follow","max-snippet":"max-snippet:-1","max-image-preview":"max-image-preview:large","max-video-preview":"max-video-preview:-1"},"canonical":"https:\/\/eacim-ceramic-implantology.com\/fr\/connexion-espace-adherent-eacim\/","og_locale":"fr_FR","og_type":"article","og_title":"Connexion Espace Adh\u00e9rent EACim - EACim","og_description":"Connexion \u00e0 votre espace adh\u00e9rent Pour vous connecter \u00e0 votre [...]","og_url":"https:\/\/eacim-ceramic-implantology.com\/fr\/connexion-espace-adherent-eacim\/","og_site_name":"EACim","article_modified_time":"2019-01-26T16:44:57+00:00","twitter_card":"summary_large_image","schema":{"@context":"https:\/\/schema.org","@graph":[{"@type":"WebPage","@id":"https:\/\/eacim-ceramic-implantology.com\/fr\/connexion-espace-adherent-eacim\/","url":"https:\/\/eacim-ceramic-implantology.com\/fr\/connexion-espace-adherent-eacim\/","name":"Connexion Espace Adh\u00e9rent EACim - EACim","isPartOf":{"@id":"https:\/\/3c9a-d050ef7659ec.wptiger.fr\/#website"},"datePublished":"2019-01-26T12:20:59+00:00","dateModified":"2019-01-26T16:44:57+00:00","breadcrumb":{"@id":"https:\/\/eacim-ceramic-implantology.com\/fr\/connexion-espace-adherent-eacim\/#breadcrumb"},"inLanguage":"fr-FR","potentialAction":[{"@type":"ReadAction","target":["https:\/\/eacim-ceramic-implantology.com\/fr\/connexion-espace-adherent-eacim\/"]}]},{"@type":"BreadcrumbList","@id":"https:\/\/eacim-ceramic-implantology.com\/fr\/connexion-espace-adherent-eacim\/#breadcrumb","itemListElement":[{"@type":"ListItem","position":1,"name":"Accueil","item":"https:\/\/eacim-ceramic-implantology.com\/fr\/"},{"@type":"ListItem","position":2,"name":"Connexion Espace Adh\u00e9rent EACim"}]},{"@type":"WebSite","@id":"https:\/\/3c9a-d050ef7659ec.wptiger.fr\/#website","url":"https:\/\/3c9a-d050ef7659ec.wptiger.fr\/","name":"EACim","description":"European Academy of Ceramic Implantology","potentialAction":[{"@type":"SearchAction","target":{"@type":"EntryPoint","urlTemplate":"https:\/\/3c9a-d050ef7659ec.wptiger.fr\/?s={search_term_string}"},"query-input":{"@type":"PropertyValueSpecification","valueRequired":true,"valueName":"search_term_string"}}],"inLanguage":"fr-FR"}]}},"_links":{"self":[{"href":"https:\/\/eacim-ceramic-implantology.com\/fr\/wp-json\/wp\/v2\/pages\/2215","targetHints":{"allow":["GET"]}}],"collection":[{"href":"https:\/\/eacim-ceramic-implantology.com\/fr\/wp-json\/wp\/v2\/pages"}],"about":[{"href":"https:\/\/eacim-ceramic-implantology.com\/fr\/wp-json\/wp\/v2\/types\/page"}],"author":[{"embeddable":true,"href":"https:\/\/eacim-ceramic-implantology.com\/fr\/wp-json\/wp\/v2\/users\/1"}],"replies":[{"embeddable":true,"href":"https:\/\/eacim-ceramic-implantology.com\/fr\/wp-json\/wp\/v2\/comments?post=2215"}],"version-history":[{"count":1,"href":"https:\/\/eacim-ceramic-implantology.com\/fr\/wp-json\/wp\/v2\/pages\/2215\/revisions"}],"predecessor-version":[{"id":2219,"href":"https:\/\/eacim-ceramic-implantology.com\/fr\/wp-json\/wp\/v2\/pages\/2215\/revisions\/2219"}],"wp:attachment":[{"href":"https:\/\/eacim-ceramic-implantology.com\/fr\/wp-json\/wp\/v2\/media?parent=2215"}],"curies":[{"name":"wp","href":"https:\/\/api.w.org\/{rel}","templated":true}]}}