{"id":350,"date":"2018-11-20T17:40:33","date_gmt":"2018-11-20T16:40:33","guid":{"rendered":"http:\/\/eacim-ceramic-implantology.com\/?page_id=350"},"modified":"2019-02-17T14:19:24","modified_gmt":"2019-02-17T13:19:24","slug":"contact-eacim","status":"publish","type":"page","link":"https:\/\/eacim-ceramic-implantology.com\/fr\/contact-eacim\/","title":{"rendered":"CONTACT"},"content":{"rendered":"<div class=\"fusion-fullwidth fullwidth-box fusion-builder-row-1 nonhundred-percent-fullwidth non-hundred-percent-height-scrolling\" style=\"--awb-border-radius-top-left:0px;--awb-border-radius-top-right:0px;--awb-border-radius-bottom-right:0px;--awb-border-radius-bottom-left:0px;--awb-flex-wrap:wrap;\" ><div class=\"fusion-builder-row fusion-row\"><div class=\"fusion-layout-column fusion_builder_column fusion-builder-column-0 fusion_builder_column_1_1 1_1 fusion-one-full fusion-column-first fusion-column-last\" style=\"--awb-bg-size:cover;--awb-margin-bottom:0px;\"><div class=\"fusion-column-wrapper fusion-flex-column-wrapper-legacy\"><div class=\"fusion-text fusion-text-1\"><h2><img decoding=\"async\" class=\"alignright wp-image-970 size-full\" src=\"https:\/\/eacim-ceramic-implantology.com\/wp-content\/uploads\/2018\/11\/EACIM-LOGO-200.jpg\" alt=\"\" width=\"200\" height=\"204\" srcset=\"https:\/\/eacim-ceramic-implantology.com\/wp-content\/uploads\/2018\/11\/EACIM-LOGO-200-66x66.jpg 66w, https:\/\/eacim-ceramic-implantology.com\/wp-content\/uploads\/2018\/11\/EACIM-LOGO-200.jpg 200w\" sizes=\"(max-width: 200px) 100vw, 200px\" \/><\/h2>\n<h1>CONTACTEZ-NOUS<\/h1>\n<h2>Contact postal<\/h2>\n<p class=\"widget-title\"><strong>European Academy of Ceramic Implantology (EACim)<br \/>\n<\/strong>65, avenue du Prado, 13006 Marseille (France) \u00a0 &#8211;\u00a0 T\u00e9l. : +33 (0)4 91 53 01 05 \u00a0 &#8211;\u00a0\u00a0 Fax : +33 (0)4 91 81 52 64<\/p>\n<h2>Contact en ligne<\/h2>\n<h3>Laissez-nous votre message, cas cliniques ou autres propositions<\/h3>\n<p><strong>Nous sommes \u00e0 votre disposition pour r\u00e9pondre \u00e0 vos questionnements concernant l&rsquo;acad\u00e9mie, son positionnement et ses avantages pour vous.<\/strong><br \/>\nSi vous souhaitez nous envoyer vos <strong>cas cliniques<\/strong> \u00e0 publier dans notre documenth\u00e8que, merci de nous le sp\u00e9cifier ci-dessous.<\/p>\n<\/div><div class=\"fusion-clearfix\"><\/div><\/div><\/div><\/div><\/div>\n","protected":false},"excerpt":{"rendered":"","protected":false},"author":1,"featured_media":0,"parent":0,"menu_order":0,"comment_status":"closed","ping_status":"closed","template":"contact.php","meta":{"_price":"","_stock":"","_tribe_ticket_header":"","_tribe_default_ticket_provider":"","_tribe_ticket_capacity":"0","_ticket_start_date":"","_ticket_end_date":"","_tribe_ticket_show_description":"","_tribe_ticket_show_not_going":false,"_tribe_ticket_use_global_stock":"","_tribe_ticket_global_stock_level":"","_global_stock_mode":"","_global_stock_cap":"","_tribe_rsvp_for_event":"","_tribe_ticket_going_count":"","_tribe_ticket_not_going_count":"","_tribe_tickets_list":"[]","_tribe_ticket_has_attendee_info_fields":false,"footnotes":""},"class_list":["post-350","page","type-page","status-publish","hentry"],"yoast_head":"<!-- This site is optimized with the Yoast SEO plugin v26.4 - https:\/\/yoast.com\/wordpress\/plugins\/seo\/ -->\n<title>CONTACT - EACim<\/title>\n<meta name=\"description\" content=\"Contactez l\u2019EACim, Acad\u00e9mie Europ\u00e9enne d\u2019Implantologie C\u00e9ramique, pour promouvoir l\u2019implantologie c\u00e9ramique biocompatible\" \/>\n<meta name=\"robots\" content=\"index, follow, max-snippet:-1, max-image-preview:large, max-video-preview:-1\" \/>\n<link rel=\"canonical\" href=\"https:\/\/eacim-ceramic-implantology.com\/fr\/contact-eacim\/\" \/>\n<meta property=\"og:locale\" content=\"fr_FR\" \/>\n<meta property=\"og:type\" content=\"article\" \/>\n<meta property=\"og:title\" content=\"CONTACT - EACim\" \/>\n<meta property=\"og:description\" content=\"Contactez l\u2019EACim, Acad\u00e9mie Europ\u00e9enne d\u2019Implantologie C\u00e9ramique, pour promouvoir l\u2019implantologie c\u00e9ramique biocompatible\" \/>\n<meta property=\"og:url\" content=\"https:\/\/eacim-ceramic-implantology.com\/fr\/contact-eacim\/\" \/>\n<meta property=\"og:site_name\" content=\"EACim\" \/>\n<meta property=\"article:modified_time\" content=\"2019-02-17T13:19:24+00:00\" \/>\n<meta property=\"og:image\" content=\"https:\/\/eacim-ceramic-implantology.com\/wp-content\/uploads\/2018\/11\/EACIM-LOGO-200.jpg\" \/>\n<meta name=\"twitter:card\" content=\"summary_large_image\" \/>\n<meta name=\"twitter:label1\" content=\"Dur\u00e9e de lecture estim\u00e9e\" \/>\n\t<meta name=\"twitter:data1\" content=\"1 minute\" \/>\n<script type=\"application\/ld+json\" class=\"yoast-schema-graph\">{\"@context\":\"https:\/\/schema.org\",\"@graph\":[{\"@type\":\"WebPage\",\"@id\":\"https:\/\/eacim-ceramic-implantology.com\/fr\/contact-eacim\/\",\"url\":\"https:\/\/eacim-ceramic-implantology.com\/fr\/contact-eacim\/\",\"name\":\"CONTACT - EACim\",\"isPartOf\":{\"@id\":\"https:\/\/3c9a-d050ef7659ec.wptiger.fr\/#website\"},\"primaryImageOfPage\":{\"@id\":\"https:\/\/eacim-ceramic-implantology.com\/fr\/contact-eacim\/#primaryimage\"},\"image\":{\"@id\":\"https:\/\/eacim-ceramic-implantology.com\/fr\/contact-eacim\/#primaryimage\"},\"thumbnailUrl\":\"https:\/\/eacim-ceramic-implantology.com\/wp-content\/uploads\/2018\/11\/EACIM-LOGO-200.jpg\",\"datePublished\":\"2018-11-20T16:40:33+00:00\",\"dateModified\":\"2019-02-17T13:19:24+00:00\",\"description\":\"Contactez l\u2019EACim, Acad\u00e9mie Europ\u00e9enne d\u2019Implantologie C\u00e9ramique, pour promouvoir l\u2019implantologie c\u00e9ramique biocompatible\",\"breadcrumb\":{\"@id\":\"https:\/\/eacim-ceramic-implantology.com\/fr\/contact-eacim\/#breadcrumb\"},\"inLanguage\":\"fr-FR\",\"potentialAction\":[{\"@type\":\"ReadAction\",\"target\":[\"https:\/\/eacim-ceramic-implantology.com\/fr\/contact-eacim\/\"]}]},{\"@type\":\"ImageObject\",\"inLanguage\":\"fr-FR\",\"@id\":\"https:\/\/eacim-ceramic-implantology.com\/fr\/contact-eacim\/#primaryimage\",\"url\":\"https:\/\/eacim-ceramic-implantology.com\/wp-content\/uploads\/2018\/11\/EACIM-LOGO-200.jpg\",\"contentUrl\":\"https:\/\/eacim-ceramic-implantology.com\/wp-content\/uploads\/2018\/11\/EACIM-LOGO-200.jpg\"},{\"@type\":\"BreadcrumbList\",\"@id\":\"https:\/\/eacim-ceramic-implantology.com\/fr\/contact-eacim\/#breadcrumb\",\"itemListElement\":[{\"@type\":\"ListItem\",\"position\":1,\"name\":\"Accueil\",\"item\":\"https:\/\/eacim-ceramic-implantology.com\/fr\/\"},{\"@type\":\"ListItem\",\"position\":2,\"name\":\"CONTACT\"}]},{\"@type\":\"WebSite\",\"@id\":\"https:\/\/3c9a-d050ef7659ec.wptiger.fr\/#website\",\"url\":\"https:\/\/3c9a-d050ef7659ec.wptiger.fr\/\",\"name\":\"EACim\",\"description\":\"European Academy of Ceramic Implantology\",\"potentialAction\":[{\"@type\":\"SearchAction\",\"target\":{\"@type\":\"EntryPoint\",\"urlTemplate\":\"https:\/\/3c9a-d050ef7659ec.wptiger.fr\/?s={search_term_string}\"},\"query-input\":{\"@type\":\"PropertyValueSpecification\",\"valueRequired\":true,\"valueName\":\"search_term_string\"}}],\"inLanguage\":\"fr-FR\"}]}<\/script>\n<!-- \/ Yoast SEO plugin. -->","yoast_head_json":{"title":"CONTACT - EACim","description":"Contactez l\u2019EACim, Acad\u00e9mie Europ\u00e9enne d\u2019Implantologie C\u00e9ramique, pour promouvoir l\u2019implantologie c\u00e9ramique biocompatible","robots":{"index":"index","follow":"follow","max-snippet":"max-snippet:-1","max-image-preview":"max-image-preview:large","max-video-preview":"max-video-preview:-1"},"canonical":"https:\/\/eacim-ceramic-implantology.com\/fr\/contact-eacim\/","og_locale":"fr_FR","og_type":"article","og_title":"CONTACT - EACim","og_description":"Contactez l\u2019EACim, Acad\u00e9mie Europ\u00e9enne d\u2019Implantologie C\u00e9ramique, pour promouvoir l\u2019implantologie c\u00e9ramique biocompatible","og_url":"https:\/\/eacim-ceramic-implantology.com\/fr\/contact-eacim\/","og_site_name":"EACim","article_modified_time":"2019-02-17T13:19:24+00:00","og_image":[{"url":"https:\/\/eacim-ceramic-implantology.com\/wp-content\/uploads\/2018\/11\/EACIM-LOGO-200.jpg","type":"","width":"","height":""}],"twitter_card":"summary_large_image","twitter_misc":{"Dur\u00e9e de lecture estim\u00e9e":"1 minute"},"schema":{"@context":"https:\/\/schema.org","@graph":[{"@type":"WebPage","@id":"https:\/\/eacim-ceramic-implantology.com\/fr\/contact-eacim\/","url":"https:\/\/eacim-ceramic-implantology.com\/fr\/contact-eacim\/","name":"CONTACT - EACim","isPartOf":{"@id":"https:\/\/3c9a-d050ef7659ec.wptiger.fr\/#website"},"primaryImageOfPage":{"@id":"https:\/\/eacim-ceramic-implantology.com\/fr\/contact-eacim\/#primaryimage"},"image":{"@id":"https:\/\/eacim-ceramic-implantology.com\/fr\/contact-eacim\/#primaryimage"},"thumbnailUrl":"https:\/\/eacim-ceramic-implantology.com\/wp-content\/uploads\/2018\/11\/EACIM-LOGO-200.jpg","datePublished":"2018-11-20T16:40:33+00:00","dateModified":"2019-02-17T13:19:24+00:00","description":"Contactez l\u2019EACim, Acad\u00e9mie Europ\u00e9enne d\u2019Implantologie C\u00e9ramique, pour promouvoir l\u2019implantologie c\u00e9ramique biocompatible","breadcrumb":{"@id":"https:\/\/eacim-ceramic-implantology.com\/fr\/contact-eacim\/#breadcrumb"},"inLanguage":"fr-FR","potentialAction":[{"@type":"ReadAction","target":["https:\/\/eacim-ceramic-implantology.com\/fr\/contact-eacim\/"]}]},{"@type":"ImageObject","inLanguage":"fr-FR","@id":"https:\/\/eacim-ceramic-implantology.com\/fr\/contact-eacim\/#primaryimage","url":"https:\/\/eacim-ceramic-implantology.com\/wp-content\/uploads\/2018\/11\/EACIM-LOGO-200.jpg","contentUrl":"https:\/\/eacim-ceramic-implantology.com\/wp-content\/uploads\/2018\/11\/EACIM-LOGO-200.jpg"},{"@type":"BreadcrumbList","@id":"https:\/\/eacim-ceramic-implantology.com\/fr\/contact-eacim\/#breadcrumb","itemListElement":[{"@type":"ListItem","position":1,"name":"Accueil","item":"https:\/\/eacim-ceramic-implantology.com\/fr\/"},{"@type":"ListItem","position":2,"name":"CONTACT"}]},{"@type":"WebSite","@id":"https:\/\/3c9a-d050ef7659ec.wptiger.fr\/#website","url":"https:\/\/3c9a-d050ef7659ec.wptiger.fr\/","name":"EACim","description":"European Academy of Ceramic Implantology","potentialAction":[{"@type":"SearchAction","target":{"@type":"EntryPoint","urlTemplate":"https:\/\/3c9a-d050ef7659ec.wptiger.fr\/?s={search_term_string}"},"query-input":{"@type":"PropertyValueSpecification","valueRequired":true,"valueName":"search_term_string"}}],"inLanguage":"fr-FR"}]}},"_links":{"self":[{"href":"https:\/\/eacim-ceramic-implantology.com\/fr\/wp-json\/wp\/v2\/pages\/350","targetHints":{"allow":["GET"]}}],"collection":[{"href":"https:\/\/eacim-ceramic-implantology.com\/fr\/wp-json\/wp\/v2\/pages"}],"about":[{"href":"https:\/\/eacim-ceramic-implantology.com\/fr\/wp-json\/wp\/v2\/types\/page"}],"author":[{"embeddable":true,"href":"https:\/\/eacim-ceramic-implantology.com\/fr\/wp-json\/wp\/v2\/users\/1"}],"replies":[{"embeddable":true,"href":"https:\/\/eacim-ceramic-implantology.com\/fr\/wp-json\/wp\/v2\/comments?post=350"}],"version-history":[{"count":5,"href":"https:\/\/eacim-ceramic-implantology.com\/fr\/wp-json\/wp\/v2\/pages\/350\/revisions"}],"predecessor-version":[{"id":2708,"href":"https:\/\/eacim-ceramic-implantology.com\/fr\/wp-json\/wp\/v2\/pages\/350\/revisions\/2708"}],"wp:attachment":[{"href":"https:\/\/eacim-ceramic-implantology.com\/fr\/wp-json\/wp\/v2\/media?parent=350"}],"curies":[{"name":"wp","href":"https:\/\/api.w.org\/{rel}","templated":true}]}}