{"id":4342,"date":"2019-10-30T15:26:44","date_gmt":"2019-10-30T14:26:44","guid":{"rendered":"https:\/\/eacim-ceramic-implantology.com\/prof-eric-rompen-conferencier-au-congres-eacim-2020\/"},"modified":"2021-05-31T10:25:34","modified_gmt":"2021-05-31T08:25:34","slug":"prof-eric-rompen-conferencier-au-congres-eacim-2021","status":"publish","type":"page","link":"https:\/\/eacim-ceramic-implantology.com\/fr\/prof-eric-rompen-conferencier-au-congres-eacim-2021\/","title":{"rendered":"Prof. Eric Rompen &#8211; Conf\u00e9rencier au congr\u00e8s EACim 2021"},"content":{"rendered":"<p><div class=\"fusion-fullwidth fullwidth-box fusion-builder-row-1 nonhundred-percent-fullwidth non-hundred-percent-height-scrolling\" style=\"--awb-border-radius-top-left:0px;--awb-border-radius-top-right:0px;--awb-border-radius-bottom-right:0px;--awb-border-radius-bottom-left:0px;--awb-flex-wrap:wrap;\" ><div class=\"fusion-builder-row fusion-row\"><div class=\"fusion-layout-column fusion_builder_column fusion-builder-column-0 fusion_builder_column_1_1 1_1 fusion-one-full fusion-column-first fusion-column-last\" style=\"--awb-bg-size:cover;--awb-margin-bottom:0px;\"><div class=\"fusion-column-wrapper fusion-flex-column-wrapper-legacy\"><div class=\"fusion-text fusion-text-1\"><h1><em><img decoding=\"async\" class=\"size-medium wp-image-4238 alignright\" src=\"https:\/\/eacim-ceramic-implantology.com\/wp-content\/uploads\/2019\/10\/trombi-rompen-2020-300x293.jpg\" alt=\"\" width=\"300\" height=\"293\" srcset=\"https:\/\/eacim-ceramic-implantology.com\/wp-content\/uploads\/2019\/10\/trombi-rompen-2020-200x196.jpg 200w, https:\/\/eacim-ceramic-implantology.com\/wp-content\/uploads\/2019\/10\/trombi-rompen-2020-300x293.jpg 300w, https:\/\/eacim-ceramic-implantology.com\/wp-content\/uploads\/2019\/10\/trombi-rompen-2020.jpg 369w\" sizes=\"(max-width: 300px) 100vw, 300px\" \/><\/em><strong>Prof. Eric Rompen (Belgique) <\/strong><\/h1>\n<p>Prof. Rompen is Professor of Periodontology-Dental Surgery at the University of Li\u00e8ge, Belgium.<\/p>\n<p>He has been Head of the Department of Periodontology-Dental Surgery and of the postgraduate program in Periodontology &amp; in Implantology from 1999 to 2018.<\/p>\n<p>He is also a former President of the Belgian Society of Periodontology (2001\u20132004).<\/p>\n<p>He is author or co-author of numerous international publications, and heading the DentalME Education Center.<\/p>\n<\/div><div class=\"fusion-sep-clear\"><\/div><div class=\"fusion-separator fusion-full-width-sep\" style=\"margin-left: auto;margin-right: auto;margin-top:20px;margin-bottom:20px;width:100%;\"><\/div><div class=\"fusion-sep-clear\"><\/div><div class=\"fusion-text fusion-text-2\"><h2>\u00ab\u00a0PLACE RESPECTIVE DES IMPLANTS CERAMIQUES ET METALLIQUES DANS UNE PRATIQUE GLOBALE DE REHABILITATION BUCCO-DENTAIRE EN 2020\u00a0\u00bb &#8211; Congr\u00e8s EACim 2020<\/h2>\n<p><strong>Conf\u00e9rence en Anglais avec traduction simultan\u00e9e en Fran\u00e7ais.<\/strong><\/p>\n<h3>R\u00e9sum\u00e9 de la conf\u00e9rence :<strong><br \/>\n<\/strong><\/h3>\n<p>Les implants en c\u00e9ramique offrent de nouvelles possibilit\u00e9s de r\u00e9habilitation bucco-dentaire et augmenteront tr\u00e8s certainement en puissance dans un avenir proche.<\/p>\n<p>Cette conf\u00e9rence d\u00e9taillera certains param\u00e8tres cl\u00e9s pour une meilleure stabilit\u00e9 \u00e0 long terme des tissus p\u00e9ri-implantaires durs et mous, et analysera comment les implants m\u00e9talliques et c\u00e9ramiques se comportent par rapport \u00e0 ces param\u00e8tres.<\/p>\n<p>Un point de vue acad\u00e9mique sur les taux de r\u00e9ussite des deux types d&rsquo;implants et sur la toxicit\u00e9 potentielle des implants m\u00e9talliques sera pr\u00e9sent\u00e9, et un point de vue clinique sur leurs avantages \/ inconv\u00e9nients respectifs (r\u00e9versibilit\u00e9, connexions proth\u00e9tiques, workflow num\u00e9rique, etc&#8230;) sera pr\u00e9sent\u00e9.<\/p>\n<p><img decoding=\"async\" class=\"alignnone size-full wp-image-4093\" src=\"https:\/\/eacim-ceramic-implantology.com\/wp-content\/uploads\/2019\/10\/Zircone-implant.jpg\" alt=\"\" width=\"800\" height=\"674\" srcset=\"https:\/\/eacim-ceramic-implantology.com\/wp-content\/uploads\/2019\/10\/Zircone-implant-200x169.jpg 200w, https:\/\/eacim-ceramic-implantology.com\/wp-content\/uploads\/2019\/10\/Zircone-implant-300x253.jpg 300w, https:\/\/eacim-ceramic-implantology.com\/wp-content\/uploads\/2019\/10\/Zircone-implant-400x337.jpg 400w, https:\/\/eacim-ceramic-implantology.com\/wp-content\/uploads\/2019\/10\/Zircone-implant-500x421.jpg 500w, https:\/\/eacim-ceramic-implantology.com\/wp-content\/uploads\/2019\/10\/Zircone-implant-600x506.jpg 600w, https:\/\/eacim-ceramic-implantology.com\/wp-content\/uploads\/2019\/10\/Zircone-implant-700x590.jpg 700w, https:\/\/eacim-ceramic-implantology.com\/wp-content\/uploads\/2019\/10\/Zircone-implant-768x647.jpg 768w, https:\/\/eacim-ceramic-implantology.com\/wp-content\/uploads\/2019\/10\/Zircone-implant.jpg 800w\" sizes=\"(max-width: 800px) 100vw, 800px\" \/><\/p>\n<\/div><div class=\"fusion-clearfix\"><\/div><\/div><\/div><\/div><\/div><div class=\"fusion-fullwidth fullwidth-box fusion-builder-row-2 nonhundred-percent-fullwidth non-hundred-percent-height-scrolling\" style=\"--awb-border-radius-top-left:0px;--awb-border-radius-top-right:0px;--awb-border-radius-bottom-right:0px;--awb-border-radius-bottom-left:0px;--awb-flex-wrap:wrap;\" ><div class=\"fusion-builder-row fusion-row\"><div class=\"fusion-layout-column fusion_builder_column fusion-builder-column-1 fusion_builder_column_1_1 1_1 fusion-one-full fusion-column-first fusion-column-last\" style=\"--awb-bg-size:cover;\"><div class=\"fusion-column-wrapper fusion-column-has-shadow fusion-flex-column-wrapper-legacy\"><div class=\"fusion-sep-clear\"><\/div><div class=\"fusion-separator fusion-full-width-sep\" style=\"margin-left: auto;margin-right: auto;margin-top:10px;margin-bottom:10px;width:100%;\"><\/div><div class=\"fusion-sep-clear\"><\/div><div class=\"fusion-aligncenter\"><a class=\"fusion-button button-flat button-large button-default fusion-button-default button-1 fusion-button-default-span fusion-button-default-type\" target=\"_self\" href=\"\/event\/2nd-eacim-congress-in-brussels-large-reconstruction-with-ceramic-implants\/\"><span class=\"fusion-button-text awb-button__text awb-button__text--default\">Go back to congress page \/ retour \u00e0 la page Congr\u00e8s<\/span><\/a><\/div><div class=\"fusion-clearfix\"><\/div><\/div><\/div>\n<\/div><\/div>\n<\/p>\n","protected":false},"excerpt":{"rendered":"","protected":false},"author":1,"featured_media":0,"parent":0,"menu_order":0,"comment_status":"closed","ping_status":"closed","template":"","meta":{"_price":"","_stock":"","_tribe_ticket_header":"","_tribe_default_ticket_provider":"","_tribe_ticket_capacity":"0","_ticket_start_date":"","_ticket_end_date":"","_tribe_ticket_show_description":"","_tribe_ticket_show_not_going":false,"_tribe_ticket_use_global_stock":"","_tribe_ticket_global_stock_level":"","_global_stock_mode":"","_global_stock_cap":"","_tribe_rsvp_for_event":"","_tribe_ticket_going_count":"","_tribe_ticket_not_going_count":"","_tribe_tickets_list":"[]","_tribe_ticket_has_attendee_info_fields":false,"footnotes":""},"class_list":["post-4342","page","type-page","status-publish","hentry"],"yoast_head":"<!-- This site is optimized with the Yoast SEO plugin v26.4 - https:\/\/yoast.com\/wordpress\/plugins\/seo\/ -->\n<title>Prof. Eric Rompen - Conf\u00e9rencier au congr\u00e8s EACim 2021 - EACim<\/title>\n<meta name=\"description\" content=\"Tout sur la conf\u00e9rence au congr\u00e8s EACim : &quot;Place respective des implants c\u00e9ramiques et m\u00e9talliques dans une pratique globale de r\u00e9habilitation bucco-dentaire en 2020&quot;\" \/>\n<meta name=\"robots\" content=\"index, follow, max-snippet:-1, max-image-preview:large, max-video-preview:-1\" \/>\n<link rel=\"canonical\" href=\"https:\/\/eacim-ceramic-implantology.com\/fr\/prof-eric-rompen-conferencier-au-congres-eacim-2021\/\" \/>\n<meta property=\"og:locale\" content=\"fr_FR\" \/>\n<meta property=\"og:type\" content=\"article\" \/>\n<meta property=\"og:title\" content=\"Prof. Eric Rompen - Conf\u00e9rencier au congr\u00e8s EACim 2021 - EACim\" \/>\n<meta property=\"og:description\" content=\"Tout sur la conf\u00e9rence au congr\u00e8s EACim : &quot;Place respective des implants c\u00e9ramiques et m\u00e9talliques dans une pratique globale de r\u00e9habilitation bucco-dentaire en 2020&quot;\" \/>\n<meta property=\"og:url\" content=\"https:\/\/eacim-ceramic-implantology.com\/fr\/prof-eric-rompen-conferencier-au-congres-eacim-2021\/\" \/>\n<meta property=\"og:site_name\" content=\"EACim\" \/>\n<meta property=\"article:modified_time\" content=\"2021-05-31T08:25:34+00:00\" \/>\n<meta property=\"og:image\" content=\"https:\/\/eacim-ceramic-implantology.com\/wp-content\/uploads\/2019\/10\/trombi-rompen-2020-300x293.jpg\" \/>\n<meta name=\"twitter:card\" content=\"summary_large_image\" \/>\n<meta name=\"twitter:label1\" content=\"Dur\u00e9e de lecture estim\u00e9e\" \/>\n\t<meta name=\"twitter:data1\" content=\"2 minutes\" \/>\n<script type=\"application\/ld+json\" class=\"yoast-schema-graph\">{\"@context\":\"https:\/\/schema.org\",\"@graph\":[{\"@type\":\"WebPage\",\"@id\":\"https:\/\/eacim-ceramic-implantology.com\/fr\/prof-eric-rompen-conferencier-au-congres-eacim-2021\/\",\"url\":\"https:\/\/eacim-ceramic-implantology.com\/fr\/prof-eric-rompen-conferencier-au-congres-eacim-2021\/\",\"name\":\"Prof. Eric Rompen - Conf\u00e9rencier au congr\u00e8s EACim 2021 - EACim\",\"isPartOf\":{\"@id\":\"https:\/\/3c9a-d050ef7659ec.wptiger.fr\/#website\"},\"primaryImageOfPage\":{\"@id\":\"https:\/\/eacim-ceramic-implantology.com\/fr\/prof-eric-rompen-conferencier-au-congres-eacim-2021\/#primaryimage\"},\"image\":{\"@id\":\"https:\/\/eacim-ceramic-implantology.com\/fr\/prof-eric-rompen-conferencier-au-congres-eacim-2021\/#primaryimage\"},\"thumbnailUrl\":\"https:\/\/eacim-ceramic-implantology.com\/wp-content\/uploads\/2019\/10\/trombi-rompen-2020-300x293.jpg\",\"datePublished\":\"2019-10-30T14:26:44+00:00\",\"dateModified\":\"2021-05-31T08:25:34+00:00\",\"description\":\"Tout sur la conf\u00e9rence au congr\u00e8s EACim : \\\"Place respective des implants c\u00e9ramiques et m\u00e9talliques dans une pratique globale de r\u00e9habilitation bucco-dentaire en 2020\\\"\",\"breadcrumb\":{\"@id\":\"https:\/\/eacim-ceramic-implantology.com\/fr\/prof-eric-rompen-conferencier-au-congres-eacim-2021\/#breadcrumb\"},\"inLanguage\":\"fr-FR\",\"potentialAction\":[{\"@type\":\"ReadAction\",\"target\":[\"https:\/\/eacim-ceramic-implantology.com\/fr\/prof-eric-rompen-conferencier-au-congres-eacim-2021\/\"]}]},{\"@type\":\"ImageObject\",\"inLanguage\":\"fr-FR\",\"@id\":\"https:\/\/eacim-ceramic-implantology.com\/fr\/prof-eric-rompen-conferencier-au-congres-eacim-2021\/#primaryimage\",\"url\":\"https:\/\/eacim-ceramic-implantology.com\/wp-content\/uploads\/2019\/10\/trombi-rompen-2020-300x293.jpg\",\"contentUrl\":\"https:\/\/eacim-ceramic-implantology.com\/wp-content\/uploads\/2019\/10\/trombi-rompen-2020-300x293.jpg\"},{\"@type\":\"BreadcrumbList\",\"@id\":\"https:\/\/eacim-ceramic-implantology.com\/fr\/prof-eric-rompen-conferencier-au-congres-eacim-2021\/#breadcrumb\",\"itemListElement\":[{\"@type\":\"ListItem\",\"position\":1,\"name\":\"Accueil\",\"item\":\"https:\/\/eacim-ceramic-implantology.com\/fr\/\"},{\"@type\":\"ListItem\",\"position\":2,\"name\":\"Prof. Eric Rompen &#8211; Conf\u00e9rencier au congr\u00e8s EACim 2021\"}]},{\"@type\":\"WebSite\",\"@id\":\"https:\/\/3c9a-d050ef7659ec.wptiger.fr\/#website\",\"url\":\"https:\/\/3c9a-d050ef7659ec.wptiger.fr\/\",\"name\":\"EACim\",\"description\":\"European Academy of Ceramic Implantology\",\"potentialAction\":[{\"@type\":\"SearchAction\",\"target\":{\"@type\":\"EntryPoint\",\"urlTemplate\":\"https:\/\/3c9a-d050ef7659ec.wptiger.fr\/?s={search_term_string}\"},\"query-input\":{\"@type\":\"PropertyValueSpecification\",\"valueRequired\":true,\"valueName\":\"search_term_string\"}}],\"inLanguage\":\"fr-FR\"}]}<\/script>\n<!-- \/ Yoast SEO plugin. -->","yoast_head_json":{"title":"Prof. Eric Rompen - Conf\u00e9rencier au congr\u00e8s EACim 2021 - EACim","description":"Tout sur la conf\u00e9rence au congr\u00e8s EACim : \"Place respective des implants c\u00e9ramiques et m\u00e9talliques dans une pratique globale de r\u00e9habilitation bucco-dentaire en 2020\"","robots":{"index":"index","follow":"follow","max-snippet":"max-snippet:-1","max-image-preview":"max-image-preview:large","max-video-preview":"max-video-preview:-1"},"canonical":"https:\/\/eacim-ceramic-implantology.com\/fr\/prof-eric-rompen-conferencier-au-congres-eacim-2021\/","og_locale":"fr_FR","og_type":"article","og_title":"Prof. Eric Rompen - Conf\u00e9rencier au congr\u00e8s EACim 2021 - EACim","og_description":"Tout sur la conf\u00e9rence au congr\u00e8s EACim : \"Place respective des implants c\u00e9ramiques et m\u00e9talliques dans une pratique globale de r\u00e9habilitation bucco-dentaire en 2020\"","og_url":"https:\/\/eacim-ceramic-implantology.com\/fr\/prof-eric-rompen-conferencier-au-congres-eacim-2021\/","og_site_name":"EACim","article_modified_time":"2021-05-31T08:25:34+00:00","og_image":[{"url":"https:\/\/eacim-ceramic-implantology.com\/wp-content\/uploads\/2019\/10\/trombi-rompen-2020-300x293.jpg","type":"","width":"","height":""}],"twitter_card":"summary_large_image","twitter_misc":{"Dur\u00e9e de lecture estim\u00e9e":"2 minutes"},"schema":{"@context":"https:\/\/schema.org","@graph":[{"@type":"WebPage","@id":"https:\/\/eacim-ceramic-implantology.com\/fr\/prof-eric-rompen-conferencier-au-congres-eacim-2021\/","url":"https:\/\/eacim-ceramic-implantology.com\/fr\/prof-eric-rompen-conferencier-au-congres-eacim-2021\/","name":"Prof. Eric Rompen - Conf\u00e9rencier au congr\u00e8s EACim 2021 - EACim","isPartOf":{"@id":"https:\/\/3c9a-d050ef7659ec.wptiger.fr\/#website"},"primaryImageOfPage":{"@id":"https:\/\/eacim-ceramic-implantology.com\/fr\/prof-eric-rompen-conferencier-au-congres-eacim-2021\/#primaryimage"},"image":{"@id":"https:\/\/eacim-ceramic-implantology.com\/fr\/prof-eric-rompen-conferencier-au-congres-eacim-2021\/#primaryimage"},"thumbnailUrl":"https:\/\/eacim-ceramic-implantology.com\/wp-content\/uploads\/2019\/10\/trombi-rompen-2020-300x293.jpg","datePublished":"2019-10-30T14:26:44+00:00","dateModified":"2021-05-31T08:25:34+00:00","description":"Tout sur la conf\u00e9rence au congr\u00e8s EACim : \"Place respective des implants c\u00e9ramiques et m\u00e9talliques dans une pratique globale de r\u00e9habilitation bucco-dentaire en 2020\"","breadcrumb":{"@id":"https:\/\/eacim-ceramic-implantology.com\/fr\/prof-eric-rompen-conferencier-au-congres-eacim-2021\/#breadcrumb"},"inLanguage":"fr-FR","potentialAction":[{"@type":"ReadAction","target":["https:\/\/eacim-ceramic-implantology.com\/fr\/prof-eric-rompen-conferencier-au-congres-eacim-2021\/"]}]},{"@type":"ImageObject","inLanguage":"fr-FR","@id":"https:\/\/eacim-ceramic-implantology.com\/fr\/prof-eric-rompen-conferencier-au-congres-eacim-2021\/#primaryimage","url":"https:\/\/eacim-ceramic-implantology.com\/wp-content\/uploads\/2019\/10\/trombi-rompen-2020-300x293.jpg","contentUrl":"https:\/\/eacim-ceramic-implantology.com\/wp-content\/uploads\/2019\/10\/trombi-rompen-2020-300x293.jpg"},{"@type":"BreadcrumbList","@id":"https:\/\/eacim-ceramic-implantology.com\/fr\/prof-eric-rompen-conferencier-au-congres-eacim-2021\/#breadcrumb","itemListElement":[{"@type":"ListItem","position":1,"name":"Accueil","item":"https:\/\/eacim-ceramic-implantology.com\/fr\/"},{"@type":"ListItem","position":2,"name":"Prof. Eric Rompen &#8211; Conf\u00e9rencier au congr\u00e8s EACim 2021"}]},{"@type":"WebSite","@id":"https:\/\/3c9a-d050ef7659ec.wptiger.fr\/#website","url":"https:\/\/3c9a-d050ef7659ec.wptiger.fr\/","name":"EACim","description":"European Academy of Ceramic Implantology","potentialAction":[{"@type":"SearchAction","target":{"@type":"EntryPoint","urlTemplate":"https:\/\/3c9a-d050ef7659ec.wptiger.fr\/?s={search_term_string}"},"query-input":{"@type":"PropertyValueSpecification","valueRequired":true,"valueName":"search_term_string"}}],"inLanguage":"fr-FR"}]}},"_links":{"self":[{"href":"https:\/\/eacim-ceramic-implantology.com\/fr\/wp-json\/wp\/v2\/pages\/4342","targetHints":{"allow":["GET"]}}],"collection":[{"href":"https:\/\/eacim-ceramic-implantology.com\/fr\/wp-json\/wp\/v2\/pages"}],"about":[{"href":"https:\/\/eacim-ceramic-implantology.com\/fr\/wp-json\/wp\/v2\/types\/page"}],"author":[{"embeddable":true,"href":"https:\/\/eacim-ceramic-implantology.com\/fr\/wp-json\/wp\/v2\/users\/1"}],"replies":[{"embeddable":true,"href":"https:\/\/eacim-ceramic-implantology.com\/fr\/wp-json\/wp\/v2\/comments?post=4342"}],"version-history":[{"count":5,"href":"https:\/\/eacim-ceramic-implantology.com\/fr\/wp-json\/wp\/v2\/pages\/4342\/revisions"}],"predecessor-version":[{"id":7225,"href":"https:\/\/eacim-ceramic-implantology.com\/fr\/wp-json\/wp\/v2\/pages\/4342\/revisions\/7225"}],"wp:attachment":[{"href":"https:\/\/eacim-ceramic-implantology.com\/fr\/wp-json\/wp\/v2\/media?parent=4342"}],"curies":[{"name":"wp","href":"https:\/\/api.w.org\/{rel}","templated":true}]}}