{"id":4344,"date":"2019-10-30T15:31:27","date_gmt":"2019-10-30T14:31:27","guid":{"rendered":"https:\/\/eacim-ceramic-implantology.com\/dr-alexander-volkmann-conferencier-au-congres-eacim-2020\/"},"modified":"2019-12-15T17:50:23","modified_gmt":"2019-12-15T16:50:23","slug":"dr-alexander-volkmann-conferencier-au-congres-eacim-2020","status":"publish","type":"page","link":"https:\/\/eacim-ceramic-implantology.com\/fr\/dr-alexander-volkmann-conferencier-au-congres-eacim-2020\/","title":{"rendered":"Dr Alexander Volkmann &#8211; Conf\u00e9rencier au congr\u00e8s EACim 2020"},"content":{"rendered":"<div class=\"fusion-fullwidth fullwidth-box fusion-builder-row-1 nonhundred-percent-fullwidth non-hundred-percent-height-scrolling\" style=\"--awb-border-radius-top-left:0px;--awb-border-radius-top-right:0px;--awb-border-radius-bottom-right:0px;--awb-border-radius-bottom-left:0px;--awb-flex-wrap:wrap;\" ><div class=\"fusion-builder-row fusion-row\"><div class=\"fusion-layout-column fusion_builder_column fusion-builder-column-0 fusion_builder_column_1_1 1_1 fusion-one-full fusion-column-first fusion-column-last\" style=\"--awb-bg-size:cover;--awb-margin-bottom:0px;\"><div class=\"fusion-column-wrapper fusion-flex-column-wrapper-legacy\"><div class=\"fusion-text fusion-text-1\"><h1><img decoding=\"async\" class=\"size-medium wp-image-4251 alignright\" src=\"https:\/\/eacim-ceramic-implantology.com\/wp-content\/uploads\/2019\/10\/trombi-conf-congres2020-Volkmann-300x293.jpg\" alt=\"\" width=\"300\" height=\"293\" srcset=\"https:\/\/eacim-ceramic-implantology.com\/wp-content\/uploads\/2019\/10\/trombi-conf-congres2020-Volkmann-200x196.jpg 200w, https:\/\/eacim-ceramic-implantology.com\/wp-content\/uploads\/2019\/10\/trombi-conf-congres2020-Volkmann-300x293.jpg 300w, https:\/\/eacim-ceramic-implantology.com\/wp-content\/uploads\/2019\/10\/trombi-conf-congres2020-Volkmann.jpg 369w\" sizes=\"(max-width: 300px) 100vw, 300px\" \/><strong>Dr Alexander Volkmann (Allemagne) <\/strong><\/h1>\n<p>Dr. Volkmann studied dental medicine at the Friedrich-Schiller University in Jena, Germany from 2000-2005.<\/p>\n<p>After graduation, he started a training program as assistant doctor in a dental practice for oral and maxillofacial surgery and focused on dental implantology and 3D diagnostics while he became a specialist dentist for oral surgery in 2010. Since then, he has been running his own full-scope practice for oral and maxillofacial surgery called Facelook Concept.<\/p>\n<p>He is member of the executive Board of MVZI (DGI) and member of the following associations: BDO, MVZI, DGI, DGZMK, FvdZ, PEERS. Since 2007, he had been regularly giving lectures at congresses for education in implant dentistry, training both nationally and internationally.<\/p>\n<h3><\/h3>\n<\/div><div class=\"fusion-sep-clear\"><\/div><div class=\"fusion-separator fusion-full-width-sep\" style=\"margin-left: auto;margin-right: auto;margin-top:20px;margin-bottom:10px;width:100%;\"><div class=\"fusion-separator-border sep-double\" style=\"--awb-height:20px;--awb-amount:20px;border-color:#e0dede;border-top-width:0px;border-bottom-width:0px;\"><\/div><\/div><div class=\"fusion-sep-clear\"><\/div>\n<div class=\"fusion-text fusion-text-2\"><h2><iframe src=\"https:\/\/www.youtube.com\/embed\/zpquaytpwfY\" width=\"1100\" height=\"618\" frameborder=\"0\" allowfullscreen=\"allowfullscreen\"><\/iframe><\/h2>\n<h2>\u00ab\u00a0DES RESTAURATIONS SIMPLES AUX RESTAURATIONS COMPLEXES, APPROCHES ET DEFIS AVEC LES IMPLANTS CERAMIQUES\u00a0\u00bb &#8211; Congr\u00e8s EACim 2020<\/h2>\n<p><strong>Conf\u00e9rence en Anglais avec traduction simultan\u00e9e en Fran\u00e7ais.<\/strong><\/p>\n<h3><strong>R\u00e9sum\u00e9 de la conf\u00e9rence :<\/strong><\/h3>\n<p>En raison de sa couleur, de sa structure, de ses propri\u00e9t\u00e9s mat\u00e9rielles et de sa r\u00e9ponse biologique, la zircone moderne est devenue tout \u00e0 fait appropri\u00e9e pour les implants dentaires une fois que l&rsquo;implant classique en titane ne sera plus accept\u00e9 ou refus\u00e9 par le patient. De plus, des \u00e9tudes chez l&rsquo;homme indiquent que l&rsquo;adh\u00e9sion des bact\u00e9ries \u00e0 la zircone est r\u00e9duite au minimum par rapport au titane. De plus, il pr\u00e9sente moins de cellules inflammatoires dans les tissus mous p\u00e9ri-implantaires.<\/p>\n<p>D&rsquo;une part, nous avons la question des mat\u00e9riaux, comme de meilleures caract\u00e9ristiques chimiques mais aussi de pires habitudes physiques. D&rsquo;un autre c\u00f4t\u00e9, nous devons nous occuper des probl\u00e8mes mentaux du patient. C&rsquo;est pourquoi nous trouvons des motivations diff\u00e9rentes pour l&rsquo;utilisation d&rsquo;implants en zircone. L&rsquo;utilisation d&rsquo;implants en zircone ouvre donc un nouveau champ de patients pour la reconstruction proth\u00e9tique sur implants.<\/p>\n<p>En tant que clinique de chirurgie maxillo-faciale, nous devons donner des r\u00e9sultats pr\u00e9cis et fiables \u00e0 nos coll\u00e8gues qui r\u00e9alisent la proth\u00e8se, donc nous avons besoin de concepts s\u00fbrs.<\/p>\n<p>La conf\u00e9rence montrera aux congressistes l&rsquo;exp\u00e9rience personnelle, le cheminement et l&rsquo;\u00e9volution des 8 derni\u00e8res ann\u00e9es dans l&rsquo;utilisation des implants en zircone.<\/p>\n<p>Travailler avec des implants c\u00e9ramiques nous donne certainement un couloir d&rsquo;indications plus \u00e9troit. N\u00e9anmoins, comme les solutions proth\u00e9tiques r\u00e9versibles retenues par vis sont marqu\u00e9es (conception en deux pi\u00e8ces), nous sommes en mesure de r\u00e9soudre m\u00eame les restaurations buccales compl\u00e8tes. Tant que nous restons dans le bon couloir, il peut \u00eatre une bonne alternative aux implants en titane.<\/p>\n<p><strong>Extrait de la conf\u00e9rence que va donner Dr Alexander Volkmann au congr\u00e8s EACIm :<\/strong><\/p>\n<p data-wp-editing=\"1\"><img decoding=\"async\" class=\"alignnone wp-image-4445 size-full\" src=\"https:\/\/eacim-ceramic-implantology.com\/wp-content\/uploads\/2019\/11\/Trailer-EACIM-1.jpg\" alt=\"\" width=\"1000\" height=\"563\" srcset=\"https:\/\/eacim-ceramic-implantology.com\/wp-content\/uploads\/2019\/11\/Trailer-EACIM-1-200x113.jpg 200w, https:\/\/eacim-ceramic-implantology.com\/wp-content\/uploads\/2019\/11\/Trailer-EACIM-1-300x169.jpg 300w, https:\/\/eacim-ceramic-implantology.com\/wp-content\/uploads\/2019\/11\/Trailer-EACIM-1-400x225.jpg 400w, https:\/\/eacim-ceramic-implantology.com\/wp-content\/uploads\/2019\/11\/Trailer-EACIM-1-500x282.jpg 500w, https:\/\/eacim-ceramic-implantology.com\/wp-content\/uploads\/2019\/11\/Trailer-EACIM-1-600x338.jpg 600w, https:\/\/eacim-ceramic-implantology.com\/wp-content\/uploads\/2019\/11\/Trailer-EACIM-1-700x394.jpg 700w, https:\/\/eacim-ceramic-implantology.com\/wp-content\/uploads\/2019\/11\/Trailer-EACIM-1-768x432.jpg 768w, https:\/\/eacim-ceramic-implantology.com\/wp-content\/uploads\/2019\/11\/Trailer-EACIM-1-800x450.jpg 800w, https:\/\/eacim-ceramic-implantology.com\/wp-content\/uploads\/2019\/11\/Trailer-EACIM-1.jpg 1000w\" sizes=\"(max-width: 1000px) 100vw, 1000px\" \/><\/p>\n<p data-wp-editing=\"1\"><img decoding=\"async\" class=\"alignnone wp-image-4447 size-full\" src=\"https:\/\/eacim-ceramic-implantology.com\/wp-content\/uploads\/2019\/11\/Trailer-EACIM-2.jpg\" alt=\"\" width=\"1000\" height=\"563\" srcset=\"https:\/\/eacim-ceramic-implantology.com\/wp-content\/uploads\/2019\/11\/Trailer-EACIM-2-200x113.jpg 200w, https:\/\/eacim-ceramic-implantology.com\/wp-content\/uploads\/2019\/11\/Trailer-EACIM-2-300x169.jpg 300w, https:\/\/eacim-ceramic-implantology.com\/wp-content\/uploads\/2019\/11\/Trailer-EACIM-2-400x225.jpg 400w, https:\/\/eacim-ceramic-implantology.com\/wp-content\/uploads\/2019\/11\/Trailer-EACIM-2-500x282.jpg 500w, https:\/\/eacim-ceramic-implantology.com\/wp-content\/uploads\/2019\/11\/Trailer-EACIM-2-600x338.jpg 600w, https:\/\/eacim-ceramic-implantology.com\/wp-content\/uploads\/2019\/11\/Trailer-EACIM-2-700x394.jpg 700w, https:\/\/eacim-ceramic-implantology.com\/wp-content\/uploads\/2019\/11\/Trailer-EACIM-2-768x432.jpg 768w, https:\/\/eacim-ceramic-implantology.com\/wp-content\/uploads\/2019\/11\/Trailer-EACIM-2-800x450.jpg 800w, https:\/\/eacim-ceramic-implantology.com\/wp-content\/uploads\/2019\/11\/Trailer-EACIM-2.jpg 1000w\" sizes=\"(max-width: 1000px) 100vw, 1000px\" \/><\/p>\n<p data-wp-editing=\"1\"><img decoding=\"async\" class=\"alignnone wp-image-4449 size-full\" src=\"https:\/\/eacim-ceramic-implantology.com\/wp-content\/uploads\/2019\/11\/Trailer-EACIM-3.jpg\" alt=\"\" width=\"1000\" height=\"563\" srcset=\"https:\/\/eacim-ceramic-implantology.com\/wp-content\/uploads\/2019\/11\/Trailer-EACIM-3-200x113.jpg 200w, https:\/\/eacim-ceramic-implantology.com\/wp-content\/uploads\/2019\/11\/Trailer-EACIM-3-300x169.jpg 300w, https:\/\/eacim-ceramic-implantology.com\/wp-content\/uploads\/2019\/11\/Trailer-EACIM-3-400x225.jpg 400w, https:\/\/eacim-ceramic-implantology.com\/wp-content\/uploads\/2019\/11\/Trailer-EACIM-3-500x282.jpg 500w, https:\/\/eacim-ceramic-implantology.com\/wp-content\/uploads\/2019\/11\/Trailer-EACIM-3-600x338.jpg 600w, https:\/\/eacim-ceramic-implantology.com\/wp-content\/uploads\/2019\/11\/Trailer-EACIM-3-700x394.jpg 700w, https:\/\/eacim-ceramic-implantology.com\/wp-content\/uploads\/2019\/11\/Trailer-EACIM-3-768x432.jpg 768w, https:\/\/eacim-ceramic-implantology.com\/wp-content\/uploads\/2019\/11\/Trailer-EACIM-3-800x450.jpg 800w, https:\/\/eacim-ceramic-implantology.com\/wp-content\/uploads\/2019\/11\/Trailer-EACIM-3.jpg 1000w\" sizes=\"(max-width: 1000px) 100vw, 1000px\" \/><\/p>\n<p data-wp-editing=\"1\"><img decoding=\"async\" class=\"alignnone wp-image-4451 size-full\" src=\"https:\/\/eacim-ceramic-implantology.com\/wp-content\/uploads\/2019\/11\/Trailer-EACIM-4.jpg\" alt=\"\" width=\"1000\" height=\"563\" srcset=\"https:\/\/eacim-ceramic-implantology.com\/wp-content\/uploads\/2019\/11\/Trailer-EACIM-4-200x113.jpg 200w, https:\/\/eacim-ceramic-implantology.com\/wp-content\/uploads\/2019\/11\/Trailer-EACIM-4-300x169.jpg 300w, https:\/\/eacim-ceramic-implantology.com\/wp-content\/uploads\/2019\/11\/Trailer-EACIM-4-400x225.jpg 400w, https:\/\/eacim-ceramic-implantology.com\/wp-content\/uploads\/2019\/11\/Trailer-EACIM-4-500x282.jpg 500w, https:\/\/eacim-ceramic-implantology.com\/wp-content\/uploads\/2019\/11\/Trailer-EACIM-4-600x338.jpg 600w, https:\/\/eacim-ceramic-implantology.com\/wp-content\/uploads\/2019\/11\/Trailer-EACIM-4-700x394.jpg 700w, https:\/\/eacim-ceramic-implantology.com\/wp-content\/uploads\/2019\/11\/Trailer-EACIM-4-768x432.jpg 768w, https:\/\/eacim-ceramic-implantology.com\/wp-content\/uploads\/2019\/11\/Trailer-EACIM-4-800x450.jpg 800w, https:\/\/eacim-ceramic-implantology.com\/wp-content\/uploads\/2019\/11\/Trailer-EACIM-4.jpg 1000w\" sizes=\"(max-width: 1000px) 100vw, 1000px\" \/><\/p>\n<p>&nbsp;<\/p>\n<h4><strong><span class=\"tlid-translation translation\" lang=\"en\"><span class=\"\" title=\"\">Cas clinique :<\/span><\/span><\/strong><\/h4>\n<a href=\"https:\/\/eacim-ceramic-implantology.com\/wp-content\/uploads\/2019\/10\/CaseStudyVolkmann.pdf\" class=\"pdfemb-viewer\" style=\"\" data-width=\"max\" data-height=\"max\" data-toolbar=\"bottom\" data-toolbar-fixed=\"on\">CaseStudyVolkmann<\/a>\n<\/div><div class=\"fusion-clearfix\"><\/div><\/div><\/div><\/div><\/div>\n<p data-wp-editing=\"1\">\n","protected":false},"excerpt":{"rendered":"","protected":false},"author":1,"featured_media":0,"parent":0,"menu_order":0,"comment_status":"closed","ping_status":"closed","template":"","meta":{"_price":"","_stock":"","_tribe_ticket_header":"","_tribe_default_ticket_provider":"","_tribe_ticket_capacity":"0","_ticket_start_date":"","_ticket_end_date":"","_tribe_ticket_show_description":"","_tribe_ticket_show_not_going":false,"_tribe_ticket_use_global_stock":"","_tribe_ticket_global_stock_level":"","_global_stock_mode":"","_global_stock_cap":"","_tribe_rsvp_for_event":"","_tribe_ticket_going_count":"","_tribe_ticket_not_going_count":"","_tribe_tickets_list":"[]","_tribe_ticket_has_attendee_info_fields":false,"footnotes":""},"class_list":["post-4344","page","type-page","status-publish","hentry"],"yoast_head":"<!-- This site is optimized with the Yoast SEO plugin v26.4 - https:\/\/yoast.com\/wordpress\/plugins\/seo\/ -->\n<title>Dr Alexander Volkmann - Conf\u00e9rencier au congr\u00e8s EACim 2020 - EACim<\/title>\n<meta name=\"description\" content=\"Tout sur la conf\u00e9rence : &quot;DES RESTAURATIONS SIMPLES AUX RESTAURATIONS COMPLEXES, APPROCHES ET DEFIS AVEC LES IMPLANTS CERAMIQUES&quot;\" \/>\n<meta name=\"robots\" content=\"index, follow, max-snippet:-1, max-image-preview:large, max-video-preview:-1\" \/>\n<link rel=\"canonical\" href=\"https:\/\/eacim-ceramic-implantology.com\/fr\/dr-alexander-volkmann-conferencier-au-congres-eacim-2020\/\" \/>\n<meta property=\"og:locale\" content=\"fr_FR\" \/>\n<meta property=\"og:type\" content=\"article\" \/>\n<meta property=\"og:title\" content=\"Dr Alexander Volkmann - Conf\u00e9rencier au congr\u00e8s EACim 2020 - EACim\" \/>\n<meta property=\"og:description\" content=\"Tout sur la conf\u00e9rence : &quot;DES RESTAURATIONS SIMPLES AUX RESTAURATIONS COMPLEXES, APPROCHES ET DEFIS AVEC LES IMPLANTS CERAMIQUES&quot;\" \/>\n<meta property=\"og:url\" content=\"https:\/\/eacim-ceramic-implantology.com\/fr\/dr-alexander-volkmann-conferencier-au-congres-eacim-2020\/\" \/>\n<meta property=\"og:site_name\" content=\"EACim\" \/>\n<meta property=\"article:modified_time\" content=\"2019-12-15T16:50:23+00:00\" \/>\n<meta property=\"og:image\" content=\"https:\/\/eacim-ceramic-implantology.com\/wp-content\/uploads\/2019\/10\/trombi-conf-congres2020-Volkmann-300x293.jpg\" \/>\n<meta name=\"twitter:card\" content=\"summary_large_image\" \/>\n<meta name=\"twitter:label1\" content=\"Dur\u00e9e de lecture estim\u00e9e\" \/>\n\t<meta name=\"twitter:data1\" content=\"3 minutes\" \/>\n<script type=\"application\/ld+json\" class=\"yoast-schema-graph\">{\"@context\":\"https:\/\/schema.org\",\"@graph\":[{\"@type\":\"WebPage\",\"@id\":\"https:\/\/eacim-ceramic-implantology.com\/fr\/dr-alexander-volkmann-conferencier-au-congres-eacim-2020\/\",\"url\":\"https:\/\/eacim-ceramic-implantology.com\/fr\/dr-alexander-volkmann-conferencier-au-congres-eacim-2020\/\",\"name\":\"Dr Alexander Volkmann - Conf\u00e9rencier au congr\u00e8s EACim 2020 - EACim\",\"isPartOf\":{\"@id\":\"https:\/\/3c9a-d050ef7659ec.wptiger.fr\/#website\"},\"primaryImageOfPage\":{\"@id\":\"https:\/\/eacim-ceramic-implantology.com\/fr\/dr-alexander-volkmann-conferencier-au-congres-eacim-2020\/#primaryimage\"},\"image\":{\"@id\":\"https:\/\/eacim-ceramic-implantology.com\/fr\/dr-alexander-volkmann-conferencier-au-congres-eacim-2020\/#primaryimage\"},\"thumbnailUrl\":\"https:\/\/eacim-ceramic-implantology.com\/wp-content\/uploads\/2019\/10\/trombi-conf-congres2020-Volkmann-300x293.jpg\",\"datePublished\":\"2019-10-30T14:31:27+00:00\",\"dateModified\":\"2019-12-15T16:50:23+00:00\",\"description\":\"Tout sur la conf\u00e9rence : \\\"DES RESTAURATIONS SIMPLES AUX RESTAURATIONS COMPLEXES, APPROCHES ET DEFIS AVEC LES IMPLANTS CERAMIQUES\\\"\",\"breadcrumb\":{\"@id\":\"https:\/\/eacim-ceramic-implantology.com\/fr\/dr-alexander-volkmann-conferencier-au-congres-eacim-2020\/#breadcrumb\"},\"inLanguage\":\"fr-FR\",\"potentialAction\":[{\"@type\":\"ReadAction\",\"target\":[\"https:\/\/eacim-ceramic-implantology.com\/fr\/dr-alexander-volkmann-conferencier-au-congres-eacim-2020\/\"]}]},{\"@type\":\"ImageObject\",\"inLanguage\":\"fr-FR\",\"@id\":\"https:\/\/eacim-ceramic-implantology.com\/fr\/dr-alexander-volkmann-conferencier-au-congres-eacim-2020\/#primaryimage\",\"url\":\"https:\/\/eacim-ceramic-implantology.com\/wp-content\/uploads\/2019\/10\/trombi-conf-congres2020-Volkmann-300x293.jpg\",\"contentUrl\":\"https:\/\/eacim-ceramic-implantology.com\/wp-content\/uploads\/2019\/10\/trombi-conf-congres2020-Volkmann-300x293.jpg\"},{\"@type\":\"BreadcrumbList\",\"@id\":\"https:\/\/eacim-ceramic-implantology.com\/fr\/dr-alexander-volkmann-conferencier-au-congres-eacim-2020\/#breadcrumb\",\"itemListElement\":[{\"@type\":\"ListItem\",\"position\":1,\"name\":\"Accueil\",\"item\":\"https:\/\/eacim-ceramic-implantology.com\/fr\/\"},{\"@type\":\"ListItem\",\"position\":2,\"name\":\"Dr Alexander Volkmann &#8211; Conf\u00e9rencier au congr\u00e8s EACim 2020\"}]},{\"@type\":\"WebSite\",\"@id\":\"https:\/\/3c9a-d050ef7659ec.wptiger.fr\/#website\",\"url\":\"https:\/\/3c9a-d050ef7659ec.wptiger.fr\/\",\"name\":\"EACim\",\"description\":\"European Academy of Ceramic Implantology\",\"potentialAction\":[{\"@type\":\"SearchAction\",\"target\":{\"@type\":\"EntryPoint\",\"urlTemplate\":\"https:\/\/3c9a-d050ef7659ec.wptiger.fr\/?s={search_term_string}\"},\"query-input\":{\"@type\":\"PropertyValueSpecification\",\"valueRequired\":true,\"valueName\":\"search_term_string\"}}],\"inLanguage\":\"fr-FR\"}]}<\/script>\n<!-- \/ Yoast SEO plugin. -->","yoast_head_json":{"title":"Dr Alexander Volkmann - Conf\u00e9rencier au congr\u00e8s EACim 2020 - EACim","description":"Tout sur la conf\u00e9rence : \"DES RESTAURATIONS SIMPLES AUX RESTAURATIONS COMPLEXES, APPROCHES ET DEFIS AVEC LES IMPLANTS CERAMIQUES\"","robots":{"index":"index","follow":"follow","max-snippet":"max-snippet:-1","max-image-preview":"max-image-preview:large","max-video-preview":"max-video-preview:-1"},"canonical":"https:\/\/eacim-ceramic-implantology.com\/fr\/dr-alexander-volkmann-conferencier-au-congres-eacim-2020\/","og_locale":"fr_FR","og_type":"article","og_title":"Dr Alexander Volkmann - Conf\u00e9rencier au congr\u00e8s EACim 2020 - EACim","og_description":"Tout sur la conf\u00e9rence : \"DES RESTAURATIONS SIMPLES AUX RESTAURATIONS COMPLEXES, APPROCHES ET DEFIS AVEC LES IMPLANTS CERAMIQUES\"","og_url":"https:\/\/eacim-ceramic-implantology.com\/fr\/dr-alexander-volkmann-conferencier-au-congres-eacim-2020\/","og_site_name":"EACim","article_modified_time":"2019-12-15T16:50:23+00:00","og_image":[{"url":"https:\/\/eacim-ceramic-implantology.com\/wp-content\/uploads\/2019\/10\/trombi-conf-congres2020-Volkmann-300x293.jpg","type":"","width":"","height":""}],"twitter_card":"summary_large_image","twitter_misc":{"Dur\u00e9e de lecture estim\u00e9e":"3 minutes"},"schema":{"@context":"https:\/\/schema.org","@graph":[{"@type":"WebPage","@id":"https:\/\/eacim-ceramic-implantology.com\/fr\/dr-alexander-volkmann-conferencier-au-congres-eacim-2020\/","url":"https:\/\/eacim-ceramic-implantology.com\/fr\/dr-alexander-volkmann-conferencier-au-congres-eacim-2020\/","name":"Dr Alexander Volkmann - Conf\u00e9rencier au congr\u00e8s EACim 2020 - EACim","isPartOf":{"@id":"https:\/\/3c9a-d050ef7659ec.wptiger.fr\/#website"},"primaryImageOfPage":{"@id":"https:\/\/eacim-ceramic-implantology.com\/fr\/dr-alexander-volkmann-conferencier-au-congres-eacim-2020\/#primaryimage"},"image":{"@id":"https:\/\/eacim-ceramic-implantology.com\/fr\/dr-alexander-volkmann-conferencier-au-congres-eacim-2020\/#primaryimage"},"thumbnailUrl":"https:\/\/eacim-ceramic-implantology.com\/wp-content\/uploads\/2019\/10\/trombi-conf-congres2020-Volkmann-300x293.jpg","datePublished":"2019-10-30T14:31:27+00:00","dateModified":"2019-12-15T16:50:23+00:00","description":"Tout sur la conf\u00e9rence : \"DES RESTAURATIONS SIMPLES AUX RESTAURATIONS COMPLEXES, APPROCHES ET DEFIS AVEC LES IMPLANTS CERAMIQUES\"","breadcrumb":{"@id":"https:\/\/eacim-ceramic-implantology.com\/fr\/dr-alexander-volkmann-conferencier-au-congres-eacim-2020\/#breadcrumb"},"inLanguage":"fr-FR","potentialAction":[{"@type":"ReadAction","target":["https:\/\/eacim-ceramic-implantology.com\/fr\/dr-alexander-volkmann-conferencier-au-congres-eacim-2020\/"]}]},{"@type":"ImageObject","inLanguage":"fr-FR","@id":"https:\/\/eacim-ceramic-implantology.com\/fr\/dr-alexander-volkmann-conferencier-au-congres-eacim-2020\/#primaryimage","url":"https:\/\/eacim-ceramic-implantology.com\/wp-content\/uploads\/2019\/10\/trombi-conf-congres2020-Volkmann-300x293.jpg","contentUrl":"https:\/\/eacim-ceramic-implantology.com\/wp-content\/uploads\/2019\/10\/trombi-conf-congres2020-Volkmann-300x293.jpg"},{"@type":"BreadcrumbList","@id":"https:\/\/eacim-ceramic-implantology.com\/fr\/dr-alexander-volkmann-conferencier-au-congres-eacim-2020\/#breadcrumb","itemListElement":[{"@type":"ListItem","position":1,"name":"Accueil","item":"https:\/\/eacim-ceramic-implantology.com\/fr\/"},{"@type":"ListItem","position":2,"name":"Dr Alexander Volkmann &#8211; Conf\u00e9rencier au congr\u00e8s EACim 2020"}]},{"@type":"WebSite","@id":"https:\/\/3c9a-d050ef7659ec.wptiger.fr\/#website","url":"https:\/\/3c9a-d050ef7659ec.wptiger.fr\/","name":"EACim","description":"European Academy of Ceramic Implantology","potentialAction":[{"@type":"SearchAction","target":{"@type":"EntryPoint","urlTemplate":"https:\/\/3c9a-d050ef7659ec.wptiger.fr\/?s={search_term_string}"},"query-input":{"@type":"PropertyValueSpecification","valueRequired":true,"valueName":"search_term_string"}}],"inLanguage":"fr-FR"}]}},"_links":{"self":[{"href":"https:\/\/eacim-ceramic-implantology.com\/fr\/wp-json\/wp\/v2\/pages\/4344","targetHints":{"allow":["GET"]}}],"collection":[{"href":"https:\/\/eacim-ceramic-implantology.com\/fr\/wp-json\/wp\/v2\/pages"}],"about":[{"href":"https:\/\/eacim-ceramic-implantology.com\/fr\/wp-json\/wp\/v2\/types\/page"}],"author":[{"embeddable":true,"href":"https:\/\/eacim-ceramic-implantology.com\/fr\/wp-json\/wp\/v2\/users\/1"}],"replies":[{"embeddable":true,"href":"https:\/\/eacim-ceramic-implantology.com\/fr\/wp-json\/wp\/v2\/comments?post=4344"}],"version-history":[{"count":5,"href":"https:\/\/eacim-ceramic-implantology.com\/fr\/wp-json\/wp\/v2\/pages\/4344\/revisions"}],"predecessor-version":[{"id":4723,"href":"https:\/\/eacim-ceramic-implantology.com\/fr\/wp-json\/wp\/v2\/pages\/4344\/revisions\/4723"}],"wp:attachment":[{"href":"https:\/\/eacim-ceramic-implantology.com\/fr\/wp-json\/wp\/v2\/media?parent=4344"}],"curies":[{"name":"wp","href":"https:\/\/api.w.org\/{rel}","templated":true}]}}