{"id":4358,"date":"2019-10-30T15:41:25","date_gmt":"2019-10-30T14:41:25","guid":{"rendered":"https:\/\/eacim-ceramic-implantology.com\/dr-andrea-enrico-borgonovo-conferencier-au-congres-eacim-2020\/"},"modified":"2021-05-31T10:27:16","modified_gmt":"2021-05-31T08:27:16","slug":"dr-andrea-enrico-borgonovo-conferencier-au-congres-eacim-2021","status":"publish","type":"page","link":"https:\/\/eacim-ceramic-implantology.com\/fr\/dr-andrea-enrico-borgonovo-conferencier-au-congres-eacim-2021\/","title":{"rendered":"Dr Andrea Enrico Borgonovo &#8211; Conf\u00e9rencier au congr\u00e8s EACim 2021"},"content":{"rendered":"<p><div class=\"fusion-fullwidth fullwidth-box fusion-builder-row-1 nonhundred-percent-fullwidth non-hundred-percent-height-scrolling\" style=\"--awb-border-radius-top-left:0px;--awb-border-radius-top-right:0px;--awb-border-radius-bottom-right:0px;--awb-border-radius-bottom-left:0px;--awb-flex-wrap:wrap;\" ><div class=\"fusion-builder-row fusion-row\"><div class=\"fusion-layout-column fusion_builder_column fusion-builder-column-0 fusion_builder_column_1_1 1_1 fusion-one-full fusion-column-first fusion-column-last\" style=\"--awb-bg-size:cover;--awb-margin-bottom:0px;\"><div class=\"fusion-column-wrapper fusion-flex-column-wrapper-legacy\"><div class=\"fusion-text fusion-text-1\"><h1><img decoding=\"async\" class=\"size-medium wp-image-4243 alignright\" src=\"https:\/\/eacim-ceramic-implantology.com\/wp-content\/uploads\/2019\/10\/trombi-conf-congres2020-Borgonovo-300x293.jpg\" alt=\"\" width=\"300\" height=\"293\" srcset=\"https:\/\/eacim-ceramic-implantology.com\/wp-content\/uploads\/2019\/10\/trombi-conf-congres2020-Borgonovo-200x196.jpg 200w, https:\/\/eacim-ceramic-implantology.com\/wp-content\/uploads\/2019\/10\/trombi-conf-congres2020-Borgonovo-300x293.jpg 300w, https:\/\/eacim-ceramic-implantology.com\/wp-content\/uploads\/2019\/10\/trombi-conf-congres2020-Borgonovo.jpg 369w\" sizes=\"(max-width: 300px) 100vw, 300px\" \/><strong>Dr Andrea Enrico Borgonovo<\/strong> (Italie)<\/h1>\n<p>He graduated in Medicine and postgraduated in Oral and Maxillo-facial Surgery with honors at the University of Milan.<\/p>\n<p>He started his Academic Career in 2005 as Clinical Assistant Professor at the School of Oral Surgery, at the University of Milan. In 2012 He obtained the Italian Abilitation for Associate Professor , in 2016 was admitted at University of Murcia as Visiting professor of Implantology and at Ludes Foundation University of Malta as Adjunct Professor of Oral Surgery.<\/p>\n<p>Actually he is clinical assistant professor at the Department of Esthetic Dentistry of University of Milan and focuses his practice on oral surgery and implantology with specific interest in metal free rehabilitation. He is author of a more than 100 international publications , and speaker at more than 150 national and international conferences. He is author of 2 surgery\u2019s books<\/p>\n<h3><\/h3>\n<\/div><div class=\"fusion-sep-clear\"><\/div><div class=\"fusion-separator fusion-full-width-sep\" style=\"margin-left: auto;margin-right: auto;margin-top:20px;margin-bottom:10px;width:100%;\"><div class=\"fusion-separator-border sep-double\" style=\"--awb-height:20px;--awb-amount:20px;border-color:#e0dede;border-top-width:0px;border-bottom-width:0px;\"><\/div><\/div><div class=\"fusion-sep-clear\"><\/div>\n<div class=\"fusion-text fusion-text-2\"><p><iframe src=\"https:\/\/www.youtube.com\/embed\/P8rxtYZH68A\" width=\"1100\" height=\"618\" frameborder=\"0\" allowfullscreen=\"allowfullscreen\"><\/iframe><\/p>\n<h2>\u00ab\u00a0UTILISATION DES IMPLANTS DENTAIRES EN CERAMIQUE DANS LA REHABILITATION ORALE : RESULTATS CLINIQUES ET EXPERIMENTAUX AVEC UN SUIVI DE 14 ANS\u00a0\u00bb &#8211; Congr\u00e8s EACim 2020<\/h2>\n<p><strong>Conf\u00e9rence en Anglais avec traduction simultan\u00e9e en Fran\u00e7ais.<\/strong><\/p>\n<h3><strong>R\u00e9sum\u00e9 de la conf\u00e9rence :<\/strong><\/h3>\n<p>Dans cette conf\u00e9rence, le conf\u00e9rencier pr\u00e9sentera l&rsquo;exp\u00e9rience de l&rsquo;Ecole dentaire de Milan dans l&rsquo;utilisation des implants dentaires en c\u00e9ramique.<\/p>\n<p>L&rsquo;aper\u00e7u commencera \u00e0 montrer les r\u00e9sultats \u00e0 long terme des \u00e9tudes cliniques et exp\u00e9rimentales avec l&rsquo;implant en zircone d&rsquo;une seule pi\u00e8ce.<\/p>\n<p>Le conf\u00e9rencier pr\u00e9sentera une \u00e9valuation des taux de survie et de r\u00e9ussite, la sant\u00e9 des tissus mous et la perte osseuse marginale radiographique (MBL) des implants dentaires en zircone plac\u00e9s dans les r\u00e9gions esth\u00e9tiques et dans les zones post\u00e9rieures, et en association avec de multiples ou uniques restaurations sur implants avec un suivi de 10 \u00e0 14 ans.<\/p>\n<p>De plus, la zircone pr\u00e9sente une biocompatibilit\u00e9 \u00e9lev\u00e9e et une faible adh\u00e9rence de la plaque dentaire.<\/p>\n<p>Dans la deuxi\u00e8me partie de la conf\u00e9rence, l&rsquo;auteur pr\u00e9sentera l&rsquo;exp\u00e9rience clinique des implants en zircone en deux parties, r\u00e9cemment introduits dans le panorama de l&rsquo;implantologie c\u00e9ramique, offrant une solution clinique nouvelle et diff\u00e9rente pour compl\u00e9ter la possibilit\u00e9 des restaurations sans m\u00e9tal.<\/p>\n<p>&nbsp;<\/p>\n<p><img decoding=\"async\" class=\"alignnone wp-image-4278 size-full\" src=\"https:\/\/eacim-ceramic-implantology.com\/wp-content\/uploads\/2019\/10\/12-ans-recul-Borgonovo.jpg\" alt=\"\" width=\"1242\" height=\"702\" srcset=\"https:\/\/eacim-ceramic-implantology.com\/wp-content\/uploads\/2019\/10\/12-ans-recul-Borgonovo-200x113.jpg 200w, https:\/\/eacim-ceramic-implantology.com\/wp-content\/uploads\/2019\/10\/12-ans-recul-Borgonovo-300x170.jpg 300w, https:\/\/eacim-ceramic-implantology.com\/wp-content\/uploads\/2019\/10\/12-ans-recul-Borgonovo-400x226.jpg 400w, https:\/\/eacim-ceramic-implantology.com\/wp-content\/uploads\/2019\/10\/12-ans-recul-Borgonovo-500x283.jpg 500w, https:\/\/eacim-ceramic-implantology.com\/wp-content\/uploads\/2019\/10\/12-ans-recul-Borgonovo-600x339.jpg 600w, https:\/\/eacim-ceramic-implantology.com\/wp-content\/uploads\/2019\/10\/12-ans-recul-Borgonovo-700x396.jpg 700w, https:\/\/eacim-ceramic-implantology.com\/wp-content\/uploads\/2019\/10\/12-ans-recul-Borgonovo-768x434.jpg 768w, https:\/\/eacim-ceramic-implantology.com\/wp-content\/uploads\/2019\/10\/12-ans-recul-Borgonovo-800x452.jpg 800w, https:\/\/eacim-ceramic-implantology.com\/wp-content\/uploads\/2019\/10\/12-ans-recul-Borgonovo-1024x579.jpg 1024w, https:\/\/eacim-ceramic-implantology.com\/wp-content\/uploads\/2019\/10\/12-ans-recul-Borgonovo-1200x678.jpg 1200w, https:\/\/eacim-ceramic-implantology.com\/wp-content\/uploads\/2019\/10\/12-ans-recul-Borgonovo.jpg 1242w\" sizes=\"(max-width: 1242px) 100vw, 1242px\" \/><\/p>\n<\/div><div class=\"fusion-clearfix\"><\/div><\/div><\/div><\/div><\/div><div class=\"fusion-fullwidth fullwidth-box fusion-builder-row-2 nonhundred-percent-fullwidth non-hundred-percent-height-scrolling\" style=\"--awb-border-radius-top-left:0px;--awb-border-radius-top-right:0px;--awb-border-radius-bottom-right:0px;--awb-border-radius-bottom-left:0px;--awb-flex-wrap:wrap;\" ><div class=\"fusion-builder-row fusion-row\"><div class=\"fusion-layout-column fusion_builder_column fusion-builder-column-1 fusion_builder_column_1_1 1_1 fusion-one-full fusion-column-first fusion-column-last\" style=\"--awb-bg-size:cover;\"><div class=\"fusion-column-wrapper fusion-column-has-shadow fusion-flex-column-wrapper-legacy\"><div class=\"fusion-sep-clear\"><\/div><div class=\"fusion-separator fusion-full-width-sep\" style=\"margin-left: auto;margin-right: auto;margin-top:10px;margin-bottom:10px;width:100%;\"><\/div><div class=\"fusion-sep-clear\"><\/div><div class=\"fusion-aligncenter\"><a class=\"fusion-button button-flat button-large button-default fusion-button-default button-1 fusion-button-default-span fusion-button-default-type\" target=\"_self\" href=\"\/event\/2nd-eacim-congress-in-brussels-large-reconstruction-with-ceramic-implants\/\"><span class=\"fusion-button-text awb-button__text awb-button__text--default\">Go back to congress page \/ retour \u00e0 la page Congr\u00e8s<\/span><\/a><\/div><div class=\"fusion-clearfix\"><\/div><\/div><\/div>\n<\/div><\/div>\n<\/p>\n","protected":false},"excerpt":{"rendered":"","protected":false},"author":1,"featured_media":0,"parent":0,"menu_order":0,"comment_status":"closed","ping_status":"closed","template":"","meta":{"_price":"","_stock":"","_tribe_ticket_header":"","_tribe_default_ticket_provider":"","_tribe_ticket_capacity":"0","_ticket_start_date":"","_ticket_end_date":"","_tribe_ticket_show_description":"","_tribe_ticket_show_not_going":false,"_tribe_ticket_use_global_stock":"","_tribe_ticket_global_stock_level":"","_global_stock_mode":"","_global_stock_cap":"","_tribe_rsvp_for_event":"","_tribe_ticket_going_count":"","_tribe_ticket_not_going_count":"","_tribe_tickets_list":"[]","_tribe_ticket_has_attendee_info_fields":false,"footnotes":""},"class_list":["post-4358","page","type-page","status-publish","hentry"],"yoast_head":"<!-- This site is optimized with the Yoast SEO plugin v26.4 - https:\/\/yoast.com\/wordpress\/plugins\/seo\/ -->\n<title>Dr Andrea Enrico Borgonovo - Conf\u00e9rencier au congr\u00e8s EACim 2021 - EACim<\/title>\n<meta name=\"description\" content=\"Tout sur la conf\u00e9rence EACim : &quot;Utilisation des implants dentaires en c\u00e9ramique dans la r\u00e9habilitation orale : r\u00e9sultats cliniques et exp\u00e9rimentaux avec un suivi de 14 ans.&quot;\" \/>\n<meta name=\"robots\" content=\"index, follow, max-snippet:-1, max-image-preview:large, max-video-preview:-1\" \/>\n<link rel=\"canonical\" href=\"https:\/\/eacim-ceramic-implantology.com\/fr\/dr-andrea-enrico-borgonovo-conferencier-au-congres-eacim-2021\/\" \/>\n<meta property=\"og:locale\" content=\"fr_FR\" \/>\n<meta property=\"og:type\" content=\"article\" \/>\n<meta property=\"og:title\" content=\"Dr Andrea Enrico Borgonovo - Conf\u00e9rencier au congr\u00e8s EACim 2021 - EACim\" \/>\n<meta property=\"og:description\" content=\"Tout sur la conf\u00e9rence EACim : &quot;Utilisation des implants dentaires en c\u00e9ramique dans la r\u00e9habilitation orale : r\u00e9sultats cliniques et exp\u00e9rimentaux avec un suivi de 14 ans.&quot;\" \/>\n<meta property=\"og:url\" content=\"https:\/\/eacim-ceramic-implantology.com\/fr\/dr-andrea-enrico-borgonovo-conferencier-au-congres-eacim-2021\/\" \/>\n<meta property=\"og:site_name\" content=\"EACim\" \/>\n<meta property=\"article:modified_time\" content=\"2021-05-31T08:27:16+00:00\" \/>\n<meta property=\"og:image\" content=\"https:\/\/eacim-ceramic-implantology.com\/wp-content\/uploads\/2019\/10\/trombi-conf-congres2020-Borgonovo-300x293.jpg\" \/>\n<meta name=\"twitter:card\" content=\"summary_large_image\" \/>\n<meta name=\"twitter:label1\" content=\"Dur\u00e9e de lecture estim\u00e9e\" \/>\n\t<meta name=\"twitter:data1\" content=\"3 minutes\" \/>\n<script type=\"application\/ld+json\" class=\"yoast-schema-graph\">{\"@context\":\"https:\/\/schema.org\",\"@graph\":[{\"@type\":\"WebPage\",\"@id\":\"https:\/\/eacim-ceramic-implantology.com\/fr\/dr-andrea-enrico-borgonovo-conferencier-au-congres-eacim-2021\/\",\"url\":\"https:\/\/eacim-ceramic-implantology.com\/fr\/dr-andrea-enrico-borgonovo-conferencier-au-congres-eacim-2021\/\",\"name\":\"Dr Andrea Enrico Borgonovo - Conf\u00e9rencier au congr\u00e8s EACim 2021 - EACim\",\"isPartOf\":{\"@id\":\"https:\/\/3c9a-d050ef7659ec.wptiger.fr\/#website\"},\"primaryImageOfPage\":{\"@id\":\"https:\/\/eacim-ceramic-implantology.com\/fr\/dr-andrea-enrico-borgonovo-conferencier-au-congres-eacim-2021\/#primaryimage\"},\"image\":{\"@id\":\"https:\/\/eacim-ceramic-implantology.com\/fr\/dr-andrea-enrico-borgonovo-conferencier-au-congres-eacim-2021\/#primaryimage\"},\"thumbnailUrl\":\"https:\/\/eacim-ceramic-implantology.com\/wp-content\/uploads\/2019\/10\/trombi-conf-congres2020-Borgonovo-300x293.jpg\",\"datePublished\":\"2019-10-30T14:41:25+00:00\",\"dateModified\":\"2021-05-31T08:27:16+00:00\",\"description\":\"Tout sur la conf\u00e9rence EACim : \\\"Utilisation des implants dentaires en c\u00e9ramique dans la r\u00e9habilitation orale : r\u00e9sultats cliniques et exp\u00e9rimentaux avec un suivi de 14 ans.\\\"\",\"breadcrumb\":{\"@id\":\"https:\/\/eacim-ceramic-implantology.com\/fr\/dr-andrea-enrico-borgonovo-conferencier-au-congres-eacim-2021\/#breadcrumb\"},\"inLanguage\":\"fr-FR\",\"potentialAction\":[{\"@type\":\"ReadAction\",\"target\":[\"https:\/\/eacim-ceramic-implantology.com\/fr\/dr-andrea-enrico-borgonovo-conferencier-au-congres-eacim-2021\/\"]}]},{\"@type\":\"ImageObject\",\"inLanguage\":\"fr-FR\",\"@id\":\"https:\/\/eacim-ceramic-implantology.com\/fr\/dr-andrea-enrico-borgonovo-conferencier-au-congres-eacim-2021\/#primaryimage\",\"url\":\"https:\/\/eacim-ceramic-implantology.com\/wp-content\/uploads\/2019\/10\/trombi-conf-congres2020-Borgonovo-300x293.jpg\",\"contentUrl\":\"https:\/\/eacim-ceramic-implantology.com\/wp-content\/uploads\/2019\/10\/trombi-conf-congres2020-Borgonovo-300x293.jpg\"},{\"@type\":\"BreadcrumbList\",\"@id\":\"https:\/\/eacim-ceramic-implantology.com\/fr\/dr-andrea-enrico-borgonovo-conferencier-au-congres-eacim-2021\/#breadcrumb\",\"itemListElement\":[{\"@type\":\"ListItem\",\"position\":1,\"name\":\"Accueil\",\"item\":\"https:\/\/eacim-ceramic-implantology.com\/fr\/\"},{\"@type\":\"ListItem\",\"position\":2,\"name\":\"Dr Andrea Enrico Borgonovo &#8211; Conf\u00e9rencier au congr\u00e8s EACim 2021\"}]},{\"@type\":\"WebSite\",\"@id\":\"https:\/\/3c9a-d050ef7659ec.wptiger.fr\/#website\",\"url\":\"https:\/\/3c9a-d050ef7659ec.wptiger.fr\/\",\"name\":\"EACim\",\"description\":\"European Academy of Ceramic Implantology\",\"potentialAction\":[{\"@type\":\"SearchAction\",\"target\":{\"@type\":\"EntryPoint\",\"urlTemplate\":\"https:\/\/3c9a-d050ef7659ec.wptiger.fr\/?s={search_term_string}\"},\"query-input\":{\"@type\":\"PropertyValueSpecification\",\"valueRequired\":true,\"valueName\":\"search_term_string\"}}],\"inLanguage\":\"fr-FR\"}]}<\/script>\n<!-- \/ Yoast SEO plugin. -->","yoast_head_json":{"title":"Dr Andrea Enrico Borgonovo - Conf\u00e9rencier au congr\u00e8s EACim 2021 - EACim","description":"Tout sur la conf\u00e9rence EACim : \"Utilisation des implants dentaires en c\u00e9ramique dans la r\u00e9habilitation orale : r\u00e9sultats cliniques et exp\u00e9rimentaux avec un suivi de 14 ans.\"","robots":{"index":"index","follow":"follow","max-snippet":"max-snippet:-1","max-image-preview":"max-image-preview:large","max-video-preview":"max-video-preview:-1"},"canonical":"https:\/\/eacim-ceramic-implantology.com\/fr\/dr-andrea-enrico-borgonovo-conferencier-au-congres-eacim-2021\/","og_locale":"fr_FR","og_type":"article","og_title":"Dr Andrea Enrico Borgonovo - Conf\u00e9rencier au congr\u00e8s EACim 2021 - EACim","og_description":"Tout sur la conf\u00e9rence EACim : \"Utilisation des implants dentaires en c\u00e9ramique dans la r\u00e9habilitation orale : r\u00e9sultats cliniques et exp\u00e9rimentaux avec un suivi de 14 ans.\"","og_url":"https:\/\/eacim-ceramic-implantology.com\/fr\/dr-andrea-enrico-borgonovo-conferencier-au-congres-eacim-2021\/","og_site_name":"EACim","article_modified_time":"2021-05-31T08:27:16+00:00","og_image":[{"url":"https:\/\/eacim-ceramic-implantology.com\/wp-content\/uploads\/2019\/10\/trombi-conf-congres2020-Borgonovo-300x293.jpg","type":"","width":"","height":""}],"twitter_card":"summary_large_image","twitter_misc":{"Dur\u00e9e de lecture estim\u00e9e":"3 minutes"},"schema":{"@context":"https:\/\/schema.org","@graph":[{"@type":"WebPage","@id":"https:\/\/eacim-ceramic-implantology.com\/fr\/dr-andrea-enrico-borgonovo-conferencier-au-congres-eacim-2021\/","url":"https:\/\/eacim-ceramic-implantology.com\/fr\/dr-andrea-enrico-borgonovo-conferencier-au-congres-eacim-2021\/","name":"Dr Andrea Enrico Borgonovo - Conf\u00e9rencier au congr\u00e8s EACim 2021 - EACim","isPartOf":{"@id":"https:\/\/3c9a-d050ef7659ec.wptiger.fr\/#website"},"primaryImageOfPage":{"@id":"https:\/\/eacim-ceramic-implantology.com\/fr\/dr-andrea-enrico-borgonovo-conferencier-au-congres-eacim-2021\/#primaryimage"},"image":{"@id":"https:\/\/eacim-ceramic-implantology.com\/fr\/dr-andrea-enrico-borgonovo-conferencier-au-congres-eacim-2021\/#primaryimage"},"thumbnailUrl":"https:\/\/eacim-ceramic-implantology.com\/wp-content\/uploads\/2019\/10\/trombi-conf-congres2020-Borgonovo-300x293.jpg","datePublished":"2019-10-30T14:41:25+00:00","dateModified":"2021-05-31T08:27:16+00:00","description":"Tout sur la conf\u00e9rence EACim : \"Utilisation des implants dentaires en c\u00e9ramique dans la r\u00e9habilitation orale : r\u00e9sultats cliniques et exp\u00e9rimentaux avec un suivi de 14 ans.\"","breadcrumb":{"@id":"https:\/\/eacim-ceramic-implantology.com\/fr\/dr-andrea-enrico-borgonovo-conferencier-au-congres-eacim-2021\/#breadcrumb"},"inLanguage":"fr-FR","potentialAction":[{"@type":"ReadAction","target":["https:\/\/eacim-ceramic-implantology.com\/fr\/dr-andrea-enrico-borgonovo-conferencier-au-congres-eacim-2021\/"]}]},{"@type":"ImageObject","inLanguage":"fr-FR","@id":"https:\/\/eacim-ceramic-implantology.com\/fr\/dr-andrea-enrico-borgonovo-conferencier-au-congres-eacim-2021\/#primaryimage","url":"https:\/\/eacim-ceramic-implantology.com\/wp-content\/uploads\/2019\/10\/trombi-conf-congres2020-Borgonovo-300x293.jpg","contentUrl":"https:\/\/eacim-ceramic-implantology.com\/wp-content\/uploads\/2019\/10\/trombi-conf-congres2020-Borgonovo-300x293.jpg"},{"@type":"BreadcrumbList","@id":"https:\/\/eacim-ceramic-implantology.com\/fr\/dr-andrea-enrico-borgonovo-conferencier-au-congres-eacim-2021\/#breadcrumb","itemListElement":[{"@type":"ListItem","position":1,"name":"Accueil","item":"https:\/\/eacim-ceramic-implantology.com\/fr\/"},{"@type":"ListItem","position":2,"name":"Dr Andrea Enrico Borgonovo &#8211; Conf\u00e9rencier au congr\u00e8s EACim 2021"}]},{"@type":"WebSite","@id":"https:\/\/3c9a-d050ef7659ec.wptiger.fr\/#website","url":"https:\/\/3c9a-d050ef7659ec.wptiger.fr\/","name":"EACim","description":"European Academy of Ceramic Implantology","potentialAction":[{"@type":"SearchAction","target":{"@type":"EntryPoint","urlTemplate":"https:\/\/3c9a-d050ef7659ec.wptiger.fr\/?s={search_term_string}"},"query-input":{"@type":"PropertyValueSpecification","valueRequired":true,"valueName":"search_term_string"}}],"inLanguage":"fr-FR"}]}},"_links":{"self":[{"href":"https:\/\/eacim-ceramic-implantology.com\/fr\/wp-json\/wp\/v2\/pages\/4358","targetHints":{"allow":["GET"]}}],"collection":[{"href":"https:\/\/eacim-ceramic-implantology.com\/fr\/wp-json\/wp\/v2\/pages"}],"about":[{"href":"https:\/\/eacim-ceramic-implantology.com\/fr\/wp-json\/wp\/v2\/types\/page"}],"author":[{"embeddable":true,"href":"https:\/\/eacim-ceramic-implantology.com\/fr\/wp-json\/wp\/v2\/users\/1"}],"replies":[{"embeddable":true,"href":"https:\/\/eacim-ceramic-implantology.com\/fr\/wp-json\/wp\/v2\/comments?post=4358"}],"version-history":[{"count":5,"href":"https:\/\/eacim-ceramic-implantology.com\/fr\/wp-json\/wp\/v2\/pages\/4358\/revisions"}],"predecessor-version":[{"id":7228,"href":"https:\/\/eacim-ceramic-implantology.com\/fr\/wp-json\/wp\/v2\/pages\/4358\/revisions\/7228"}],"wp:attachment":[{"href":"https:\/\/eacim-ceramic-implantology.com\/fr\/wp-json\/wp\/v2\/media?parent=4358"}],"curies":[{"name":"wp","href":"https:\/\/api.w.org\/{rel}","templated":true}]}}