{"id":4362,"date":"2019-10-30T15:44:52","date_gmt":"2019-10-30T14:44:52","guid":{"rendered":"https:\/\/eacim-ceramic-implantology.com\/dr-sammy-noumbissi-conferencier-au-congres-eacim-2020\/"},"modified":"2021-05-31T10:28:31","modified_gmt":"2021-05-31T08:28:31","slug":"dr-sammy-noumbissi-conferencier-au-congres-eacim-2021","status":"publish","type":"page","link":"https:\/\/eacim-ceramic-implantology.com\/fr\/dr-sammy-noumbissi-conferencier-au-congres-eacim-2021\/","title":{"rendered":"Prof. Sammy Noumbissi &#8211; Conf\u00e9rencier au congr\u00e8s EACim 2021"},"content":{"rendered":"<p><div class=\"fusion-fullwidth fullwidth-box fusion-builder-row-1 nonhundred-percent-fullwidth non-hundred-percent-height-scrolling\" style=\"--awb-border-radius-top-left:0px;--awb-border-radius-top-right:0px;--awb-border-radius-bottom-right:0px;--awb-border-radius-bottom-left:0px;--awb-flex-wrap:wrap;\" ><div class=\"fusion-builder-row fusion-row\"><div class=\"fusion-layout-column fusion_builder_column fusion-builder-column-0 fusion_builder_column_1_1 1_1 fusion-one-full fusion-column-first fusion-column-last\" style=\"--awb-bg-size:cover;--awb-margin-bottom:0px;\"><div class=\"fusion-column-wrapper fusion-flex-column-wrapper-legacy\"><div class=\"fusion-text fusion-text-1\"><h1><img decoding=\"async\" class=\"size-medium wp-image-4247 alignright\" src=\"https:\/\/eacim-ceramic-implantology.com\/wp-content\/uploads\/2019\/10\/trombi-conf-congres2020-Noumbissi-300x293.jpg\" alt=\"\" width=\"300\" height=\"293\" srcset=\"https:\/\/eacim-ceramic-implantology.com\/wp-content\/uploads\/2019\/10\/trombi-conf-congres2020-Noumbissi-200x196.jpg 200w, https:\/\/eacim-ceramic-implantology.com\/wp-content\/uploads\/2019\/10\/trombi-conf-congres2020-Noumbissi-300x293.jpg 300w, https:\/\/eacim-ceramic-implantology.com\/wp-content\/uploads\/2019\/10\/trombi-conf-congres2020-Noumbissi.jpg 369w\" sizes=\"(max-width: 300px) 100vw, 300px\" \/><strong>Dr Sammy Noumbissi<\/strong> (USA)<\/h1>\n<p>Pr. Sammy Noumbissi obtained his Doctorate in Dental Surgery from Howard University in Washington DC. He was then selected to attend the prestigious Loma Linda University Graduate Program in Implant Dentistry. There he received three years of formal training in dental implantology which culminated with a certificate in Implant Dentistry and a Master of Science degree in Implant Surgery.<\/p>\n<p>He is a researcher, author and has published on ceramic implants in peer reviewed dental journals. He is a visiting professor at the University of Milan, Italy and visiting researcher at INSA Lyon in France.<\/p>\n<p>Pr. Noumbissi is the founder and current <strong>president of the International Academy of Ceramic Implantology (IAOCI)<\/strong> which is an independent association focused on metal free and ceramic implantology.<\/p>\n<p>He is a fellow and Ambassador at the Clean Implant Foundation whose mission is to assess production quality and purity of commercially available dental implant surfaces.<\/p>\n<p>Pr. Noumbissi has been practicing and educating dentists on metal free implantology since 2009. His practice is located in Silver Spring, Maryland USA.<\/p>\n<h3><\/h3>\n<\/div><div class=\"fusion-button-wrapper\"><a class=\"fusion-button button-flat button-medium button-custom fusion-button-default button-1 fusion-button-default-span fusion-button-default-type\" style=\"--button_accent_color:#ffffff;--button_accent_hover_color:#f7f7f7;--button_border_hover_color:#f7f7f7;--button_gradient_top_color:#04486b;--button_gradient_bottom_color:#04486b;--button_gradient_top_color_hover:#2898a0;--button_gradient_bottom_color_hover:#2898a0;\" target=\"_self\" href=\"https:\/\/iaoci.com\"><span class=\"fusion-button-text awb-button__text awb-button__text--default\">Consulter le site de l&rsquo;IAOCI <\/span><\/a><\/div><div class=\"fusion-sep-clear\"><\/div><div class=\"fusion-separator fusion-full-width-sep\" style=\"margin-left: auto;margin-right: auto;margin-top:20px;margin-bottom:10px;width:100%;\"><div class=\"fusion-separator-border sep-double\" style=\"--awb-height:20px;--awb-amount:20px;border-color:#e0dede;border-top-width:0px;border-bottom-width:0px;\"><\/div><\/div><div class=\"fusion-sep-clear\"><\/div>\n<div class=\"fusion-text fusion-text-2\"><p><iframe src=\"https:\/\/www.youtube.com\/embed\/zM8HAwS9iKA\" width=\"1000\" height=\"562\" frameborder=\"0\" allowfullscreen=\"allowfullscreen\"><\/iframe><\/p>\n<h2>\u00ab\u00a0LES IMPLANTS DENTAIRES EN CERAMIQUE ZIRCONE SONT LA POUR LONGTEMPS : DIX ANS D&rsquo;OBSERVATION SCIENTIFIQUE ET CLINIQUE\u00a0\u00bb<strong>\u00a0 &#8211;\u00a0<\/strong> Congr\u00e8s EACim 2020<\/h2>\n<p><strong>Conf\u00e9rence en Anglais avec traduction simultan\u00e9e en Fran\u00e7ais.<\/strong><\/p>\n<h3><strong>R\u00e9sum\u00e9 de la conf\u00e9rence :<\/strong><\/h3>\n<p>Les bioc\u00e9ramiques polycristallines telles que la zircone gr\u00e2ce \u00e0 leurs propri\u00e9t\u00e9s physiques, leur inertie, leur hypo-allerg\u00e9nicit\u00e9 et leur esth\u00e9tique sup\u00e9rieure sont devenues les mat\u00e9riaux de choix pour la fabrication des implants utilis\u00e9s pour le remplacement sans m\u00e9tal des dents.<\/p>\n<p>Cependant, il reste des limites quant \u00e0 l&rsquo;endroit, au moment et \u00e0 la mani\u00e8re dont les implants c\u00e9ramiques peuvent \u00eatre utilis\u00e9s avec succ\u00e8s et de mani\u00e8re pr\u00e9visible.<\/p>\n<p>Cette conf\u00e9rence pr\u00e9sentera dix ann\u00e9es d&rsquo;exp\u00e9rience clinique et scientifique sur le r\u00f4le des mat\u00e9riaux implantaires, la conception comme facteurs dans le choix des syst\u00e8mes implantaires dans des cas sp\u00e9cifiques de remplacement de dents.<\/p>\n<p>Un large \u00e9ventail de cas cliniques seront pr\u00e9sent\u00e9s en corr\u00e9lation avec des preuves scientifiques et des r\u00e9sultats cliniques sur une p\u00e9riode de dix ans.<\/p>\n<p><img decoding=\"async\" class=\"alignnone size-full wp-image-4543\" src=\"https:\/\/eacim-ceramic-implantology.com\/wp-content\/uploads\/2019\/11\/Slide_Noumbissi.jpg\" alt=\"\" width=\"1280\" height=\"720\" srcset=\"https:\/\/eacim-ceramic-implantology.com\/wp-content\/uploads\/2019\/11\/Slide_Noumbissi-200x113.jpg 200w, https:\/\/eacim-ceramic-implantology.com\/wp-content\/uploads\/2019\/11\/Slide_Noumbissi-300x169.jpg 300w, https:\/\/eacim-ceramic-implantology.com\/wp-content\/uploads\/2019\/11\/Slide_Noumbissi-400x225.jpg 400w, https:\/\/eacim-ceramic-implantology.com\/wp-content\/uploads\/2019\/11\/Slide_Noumbissi-500x281.jpg 500w, https:\/\/eacim-ceramic-implantology.com\/wp-content\/uploads\/2019\/11\/Slide_Noumbissi-600x338.jpg 600w, https:\/\/eacim-ceramic-implantology.com\/wp-content\/uploads\/2019\/11\/Slide_Noumbissi-700x394.jpg 700w, https:\/\/eacim-ceramic-implantology.com\/wp-content\/uploads\/2019\/11\/Slide_Noumbissi-768x432.jpg 768w, https:\/\/eacim-ceramic-implantology.com\/wp-content\/uploads\/2019\/11\/Slide_Noumbissi-800x450.jpg 800w, https:\/\/eacim-ceramic-implantology.com\/wp-content\/uploads\/2019\/11\/Slide_Noumbissi-1024x576.jpg 1024w, https:\/\/eacim-ceramic-implantology.com\/wp-content\/uploads\/2019\/11\/Slide_Noumbissi-1200x675.jpg 1200w, https:\/\/eacim-ceramic-implantology.com\/wp-content\/uploads\/2019\/11\/Slide_Noumbissi.jpg 1280w\" sizes=\"(max-width: 1280px) 100vw, 1280px\" \/><\/p>\n<\/div><div class=\"fusion-clearfix\"><\/div><\/div><\/div><\/div><\/div><div class=\"fusion-fullwidth fullwidth-box fusion-builder-row-2 nonhundred-percent-fullwidth non-hundred-percent-height-scrolling\" style=\"--awb-border-radius-top-left:0px;--awb-border-radius-top-right:0px;--awb-border-radius-bottom-right:0px;--awb-border-radius-bottom-left:0px;--awb-flex-wrap:wrap;\" ><div class=\"fusion-builder-row fusion-row\"><div class=\"fusion-layout-column fusion_builder_column fusion-builder-column-1 fusion_builder_column_1_1 1_1 fusion-one-full fusion-column-first fusion-column-last\" style=\"--awb-bg-size:cover;\"><div class=\"fusion-column-wrapper fusion-column-has-shadow fusion-flex-column-wrapper-legacy\"><div class=\"fusion-sep-clear\"><\/div><div class=\"fusion-separator fusion-full-width-sep\" style=\"margin-left: auto;margin-right: auto;margin-top:10px;margin-bottom:10px;width:100%;\"><\/div><div class=\"fusion-sep-clear\"><\/div><div class=\"fusion-aligncenter\"><a class=\"fusion-button button-flat button-large button-default fusion-button-default button-2 fusion-button-default-span fusion-button-default-type\" target=\"_self\" href=\"\/event\/2nd-eacim-congress-in-brussels-large-reconstruction-with-ceramic-implants\/\"><span class=\"fusion-button-text awb-button__text awb-button__text--default\">Go back to congress page \/ retour \u00e0 la page Congr\u00e8s<\/span><\/a><\/div><div class=\"fusion-clearfix\"><\/div><\/div><\/div>\n<\/div><\/div>\n<\/p>\n","protected":false},"excerpt":{"rendered":"","protected":false},"author":1,"featured_media":0,"parent":0,"menu_order":0,"comment_status":"closed","ping_status":"closed","template":"","meta":{"_price":"","_stock":"","_tribe_ticket_header":"","_tribe_default_ticket_provider":"","_tribe_ticket_capacity":"0","_ticket_start_date":"","_ticket_end_date":"","_tribe_ticket_show_description":"","_tribe_ticket_show_not_going":false,"_tribe_ticket_use_global_stock":"","_tribe_ticket_global_stock_level":"","_global_stock_mode":"","_global_stock_cap":"","_tribe_rsvp_for_event":"","_tribe_ticket_going_count":"","_tribe_ticket_not_going_count":"","_tribe_tickets_list":"[]","_tribe_ticket_has_attendee_info_fields":false,"footnotes":""},"class_list":["post-4362","page","type-page","status-publish","hentry"],"yoast_head":"<!-- This site is optimized with the Yoast SEO plugin v26.4 - https:\/\/yoast.com\/wordpress\/plugins\/seo\/ -->\n<title>Prof. Sammy Noumbissi - Conf\u00e9rencier au congr\u00e8s EACim 2021 - EACim<\/title>\n<meta name=\"description\" content=\"Tout sur la conf\u00e9rence au congr\u00e8s EACim : &quot;Les implants dentaires en c\u00e9ramique zircone sont l\u00e0 pour longtemps : Dix ans d&#039;observation scientifique et clinique&quot;\" \/>\n<meta name=\"robots\" content=\"index, follow, max-snippet:-1, max-image-preview:large, max-video-preview:-1\" \/>\n<link rel=\"canonical\" href=\"https:\/\/eacim-ceramic-implantology.com\/fr\/dr-sammy-noumbissi-conferencier-au-congres-eacim-2021\/\" \/>\n<meta property=\"og:locale\" content=\"fr_FR\" \/>\n<meta property=\"og:type\" content=\"article\" \/>\n<meta property=\"og:title\" content=\"Prof. Sammy Noumbissi - Conf\u00e9rencier au congr\u00e8s EACim 2021 - EACim\" \/>\n<meta property=\"og:description\" content=\"Tout sur la conf\u00e9rence au congr\u00e8s EACim : &quot;Les implants dentaires en c\u00e9ramique zircone sont l\u00e0 pour longtemps : Dix ans d&#039;observation scientifique et clinique&quot;\" \/>\n<meta property=\"og:url\" content=\"https:\/\/eacim-ceramic-implantology.com\/fr\/dr-sammy-noumbissi-conferencier-au-congres-eacim-2021\/\" \/>\n<meta property=\"og:site_name\" content=\"EACim\" \/>\n<meta property=\"article:modified_time\" content=\"2021-05-31T08:28:31+00:00\" \/>\n<meta property=\"og:image\" content=\"https:\/\/eacim-ceramic-implantology.com\/wp-content\/uploads\/2019\/10\/trombi-conf-congres2020-Noumbissi-300x293.jpg\" \/>\n<meta name=\"twitter:card\" content=\"summary_large_image\" \/>\n<meta name=\"twitter:label1\" content=\"Dur\u00e9e de lecture estim\u00e9e\" \/>\n\t<meta name=\"twitter:data1\" content=\"3 minutes\" \/>\n<script type=\"application\/ld+json\" class=\"yoast-schema-graph\">{\"@context\":\"https:\/\/schema.org\",\"@graph\":[{\"@type\":\"WebPage\",\"@id\":\"https:\/\/eacim-ceramic-implantology.com\/fr\/dr-sammy-noumbissi-conferencier-au-congres-eacim-2021\/\",\"url\":\"https:\/\/eacim-ceramic-implantology.com\/fr\/dr-sammy-noumbissi-conferencier-au-congres-eacim-2021\/\",\"name\":\"Prof. Sammy Noumbissi - Conf\u00e9rencier au congr\u00e8s EACim 2021 - EACim\",\"isPartOf\":{\"@id\":\"https:\/\/3c9a-d050ef7659ec.wptiger.fr\/#website\"},\"primaryImageOfPage\":{\"@id\":\"https:\/\/eacim-ceramic-implantology.com\/fr\/dr-sammy-noumbissi-conferencier-au-congres-eacim-2021\/#primaryimage\"},\"image\":{\"@id\":\"https:\/\/eacim-ceramic-implantology.com\/fr\/dr-sammy-noumbissi-conferencier-au-congres-eacim-2021\/#primaryimage\"},\"thumbnailUrl\":\"https:\/\/eacim-ceramic-implantology.com\/wp-content\/uploads\/2019\/10\/trombi-conf-congres2020-Noumbissi-300x293.jpg\",\"datePublished\":\"2019-10-30T14:44:52+00:00\",\"dateModified\":\"2021-05-31T08:28:31+00:00\",\"description\":\"Tout sur la conf\u00e9rence au congr\u00e8s EACim : \\\"Les implants dentaires en c\u00e9ramique zircone sont l\u00e0 pour longtemps : Dix ans d'observation scientifique et clinique\\\"\",\"breadcrumb\":{\"@id\":\"https:\/\/eacim-ceramic-implantology.com\/fr\/dr-sammy-noumbissi-conferencier-au-congres-eacim-2021\/#breadcrumb\"},\"inLanguage\":\"fr-FR\",\"potentialAction\":[{\"@type\":\"ReadAction\",\"target\":[\"https:\/\/eacim-ceramic-implantology.com\/fr\/dr-sammy-noumbissi-conferencier-au-congres-eacim-2021\/\"]}]},{\"@type\":\"ImageObject\",\"inLanguage\":\"fr-FR\",\"@id\":\"https:\/\/eacim-ceramic-implantology.com\/fr\/dr-sammy-noumbissi-conferencier-au-congres-eacim-2021\/#primaryimage\",\"url\":\"https:\/\/eacim-ceramic-implantology.com\/wp-content\/uploads\/2019\/10\/trombi-conf-congres2020-Noumbissi-300x293.jpg\",\"contentUrl\":\"https:\/\/eacim-ceramic-implantology.com\/wp-content\/uploads\/2019\/10\/trombi-conf-congres2020-Noumbissi-300x293.jpg\"},{\"@type\":\"BreadcrumbList\",\"@id\":\"https:\/\/eacim-ceramic-implantology.com\/fr\/dr-sammy-noumbissi-conferencier-au-congres-eacim-2021\/#breadcrumb\",\"itemListElement\":[{\"@type\":\"ListItem\",\"position\":1,\"name\":\"Accueil\",\"item\":\"https:\/\/eacim-ceramic-implantology.com\/fr\/\"},{\"@type\":\"ListItem\",\"position\":2,\"name\":\"Prof. Sammy Noumbissi &#8211; Conf\u00e9rencier au congr\u00e8s EACim 2021\"}]},{\"@type\":\"WebSite\",\"@id\":\"https:\/\/3c9a-d050ef7659ec.wptiger.fr\/#website\",\"url\":\"https:\/\/3c9a-d050ef7659ec.wptiger.fr\/\",\"name\":\"EACim\",\"description\":\"European Academy of Ceramic Implantology\",\"potentialAction\":[{\"@type\":\"SearchAction\",\"target\":{\"@type\":\"EntryPoint\",\"urlTemplate\":\"https:\/\/3c9a-d050ef7659ec.wptiger.fr\/?s={search_term_string}\"},\"query-input\":{\"@type\":\"PropertyValueSpecification\",\"valueRequired\":true,\"valueName\":\"search_term_string\"}}],\"inLanguage\":\"fr-FR\"}]}<\/script>\n<!-- \/ Yoast SEO plugin. -->","yoast_head_json":{"title":"Prof. Sammy Noumbissi - Conf\u00e9rencier au congr\u00e8s EACim 2021 - EACim","description":"Tout sur la conf\u00e9rence au congr\u00e8s EACim : \"Les implants dentaires en c\u00e9ramique zircone sont l\u00e0 pour longtemps : Dix ans d'observation scientifique et clinique\"","robots":{"index":"index","follow":"follow","max-snippet":"max-snippet:-1","max-image-preview":"max-image-preview:large","max-video-preview":"max-video-preview:-1"},"canonical":"https:\/\/eacim-ceramic-implantology.com\/fr\/dr-sammy-noumbissi-conferencier-au-congres-eacim-2021\/","og_locale":"fr_FR","og_type":"article","og_title":"Prof. Sammy Noumbissi - Conf\u00e9rencier au congr\u00e8s EACim 2021 - EACim","og_description":"Tout sur la conf\u00e9rence au congr\u00e8s EACim : \"Les implants dentaires en c\u00e9ramique zircone sont l\u00e0 pour longtemps : Dix ans d'observation scientifique et clinique\"","og_url":"https:\/\/eacim-ceramic-implantology.com\/fr\/dr-sammy-noumbissi-conferencier-au-congres-eacim-2021\/","og_site_name":"EACim","article_modified_time":"2021-05-31T08:28:31+00:00","og_image":[{"url":"https:\/\/eacim-ceramic-implantology.com\/wp-content\/uploads\/2019\/10\/trombi-conf-congres2020-Noumbissi-300x293.jpg","type":"","width":"","height":""}],"twitter_card":"summary_large_image","twitter_misc":{"Dur\u00e9e de lecture estim\u00e9e":"3 minutes"},"schema":{"@context":"https:\/\/schema.org","@graph":[{"@type":"WebPage","@id":"https:\/\/eacim-ceramic-implantology.com\/fr\/dr-sammy-noumbissi-conferencier-au-congres-eacim-2021\/","url":"https:\/\/eacim-ceramic-implantology.com\/fr\/dr-sammy-noumbissi-conferencier-au-congres-eacim-2021\/","name":"Prof. Sammy Noumbissi - Conf\u00e9rencier au congr\u00e8s EACim 2021 - EACim","isPartOf":{"@id":"https:\/\/3c9a-d050ef7659ec.wptiger.fr\/#website"},"primaryImageOfPage":{"@id":"https:\/\/eacim-ceramic-implantology.com\/fr\/dr-sammy-noumbissi-conferencier-au-congres-eacim-2021\/#primaryimage"},"image":{"@id":"https:\/\/eacim-ceramic-implantology.com\/fr\/dr-sammy-noumbissi-conferencier-au-congres-eacim-2021\/#primaryimage"},"thumbnailUrl":"https:\/\/eacim-ceramic-implantology.com\/wp-content\/uploads\/2019\/10\/trombi-conf-congres2020-Noumbissi-300x293.jpg","datePublished":"2019-10-30T14:44:52+00:00","dateModified":"2021-05-31T08:28:31+00:00","description":"Tout sur la conf\u00e9rence au congr\u00e8s EACim : \"Les implants dentaires en c\u00e9ramique zircone sont l\u00e0 pour longtemps : Dix ans d'observation scientifique et clinique\"","breadcrumb":{"@id":"https:\/\/eacim-ceramic-implantology.com\/fr\/dr-sammy-noumbissi-conferencier-au-congres-eacim-2021\/#breadcrumb"},"inLanguage":"fr-FR","potentialAction":[{"@type":"ReadAction","target":["https:\/\/eacim-ceramic-implantology.com\/fr\/dr-sammy-noumbissi-conferencier-au-congres-eacim-2021\/"]}]},{"@type":"ImageObject","inLanguage":"fr-FR","@id":"https:\/\/eacim-ceramic-implantology.com\/fr\/dr-sammy-noumbissi-conferencier-au-congres-eacim-2021\/#primaryimage","url":"https:\/\/eacim-ceramic-implantology.com\/wp-content\/uploads\/2019\/10\/trombi-conf-congres2020-Noumbissi-300x293.jpg","contentUrl":"https:\/\/eacim-ceramic-implantology.com\/wp-content\/uploads\/2019\/10\/trombi-conf-congres2020-Noumbissi-300x293.jpg"},{"@type":"BreadcrumbList","@id":"https:\/\/eacim-ceramic-implantology.com\/fr\/dr-sammy-noumbissi-conferencier-au-congres-eacim-2021\/#breadcrumb","itemListElement":[{"@type":"ListItem","position":1,"name":"Accueil","item":"https:\/\/eacim-ceramic-implantology.com\/fr\/"},{"@type":"ListItem","position":2,"name":"Prof. Sammy Noumbissi &#8211; Conf\u00e9rencier au congr\u00e8s EACim 2021"}]},{"@type":"WebSite","@id":"https:\/\/3c9a-d050ef7659ec.wptiger.fr\/#website","url":"https:\/\/3c9a-d050ef7659ec.wptiger.fr\/","name":"EACim","description":"European Academy of Ceramic Implantology","potentialAction":[{"@type":"SearchAction","target":{"@type":"EntryPoint","urlTemplate":"https:\/\/3c9a-d050ef7659ec.wptiger.fr\/?s={search_term_string}"},"query-input":{"@type":"PropertyValueSpecification","valueRequired":true,"valueName":"search_term_string"}}],"inLanguage":"fr-FR"}]}},"_links":{"self":[{"href":"https:\/\/eacim-ceramic-implantology.com\/fr\/wp-json\/wp\/v2\/pages\/4362","targetHints":{"allow":["GET"]}}],"collection":[{"href":"https:\/\/eacim-ceramic-implantology.com\/fr\/wp-json\/wp\/v2\/pages"}],"about":[{"href":"https:\/\/eacim-ceramic-implantology.com\/fr\/wp-json\/wp\/v2\/types\/page"}],"author":[{"embeddable":true,"href":"https:\/\/eacim-ceramic-implantology.com\/fr\/wp-json\/wp\/v2\/users\/1"}],"replies":[{"embeddable":true,"href":"https:\/\/eacim-ceramic-implantology.com\/fr\/wp-json\/wp\/v2\/comments?post=4362"}],"version-history":[{"count":5,"href":"https:\/\/eacim-ceramic-implantology.com\/fr\/wp-json\/wp\/v2\/pages\/4362\/revisions"}],"predecessor-version":[{"id":7230,"href":"https:\/\/eacim-ceramic-implantology.com\/fr\/wp-json\/wp\/v2\/pages\/4362\/revisions\/7230"}],"wp:attachment":[{"href":"https:\/\/eacim-ceramic-implantology.com\/fr\/wp-json\/wp\/v2\/media?parent=4362"}],"curies":[{"name":"wp","href":"https:\/\/api.w.org\/{rel}","templated":true}]}}