{"id":4374,"date":"2019-10-30T15:50:06","date_gmt":"2019-10-30T14:50:06","guid":{"rendered":"https:\/\/eacim-ceramic-implantology.com\/prof-marcel-wainwright-conferencier-au-congres-eacim-2020\/"},"modified":"2021-05-31T10:27:40","modified_gmt":"2021-05-31T08:27:40","slug":"prof-marcel-wainwright-conferencier-au-congres-eacim-2021","status":"publish","type":"page","link":"https:\/\/eacim-ceramic-implantology.com\/fr\/prof-marcel-wainwright-conferencier-au-congres-eacim-2021\/","title":{"rendered":"Prof Marcel Wainwright &#8211; Conf\u00e9rencier au congr\u00e8s EACim 2021"},"content":{"rendered":"<p><div class=\"fusion-fullwidth fullwidth-box fusion-builder-row-1 nonhundred-percent-fullwidth non-hundred-percent-height-scrolling\" style=\"--awb-border-radius-top-left:0px;--awb-border-radius-top-right:0px;--awb-border-radius-bottom-right:0px;--awb-border-radius-bottom-left:0px;--awb-flex-wrap:wrap;\" ><div class=\"fusion-builder-row fusion-row\"><div class=\"fusion-layout-column fusion_builder_column fusion-builder-column-0 fusion_builder_column_1_1 1_1 fusion-one-full fusion-column-first fusion-column-last\" style=\"--awb-bg-size:cover;--awb-margin-bottom:0px;\"><div class=\"fusion-column-wrapper fusion-flex-column-wrapper-legacy\"><div class=\"fusion-text fusion-text-1\"><h1><img decoding=\"async\" class=\"size-medium wp-image-4253 alignright\" src=\"https:\/\/eacim-ceramic-implantology.com\/wp-content\/uploads\/2019\/10\/trombi-conf-congres2020-Wainwright-300x293.jpg\" alt=\"\" width=\"300\" height=\"293\" srcset=\"https:\/\/eacim-ceramic-implantology.com\/wp-content\/uploads\/2019\/10\/trombi-conf-congres2020-Wainwright-200x196.jpg 200w, https:\/\/eacim-ceramic-implantology.com\/wp-content\/uploads\/2019\/10\/trombi-conf-congres2020-Wainwright-300x293.jpg 300w, https:\/\/eacim-ceramic-implantology.com\/wp-content\/uploads\/2019\/10\/trombi-conf-congres2020-Wainwright.jpg 369w\" sizes=\"(max-width: 300px) 100vw, 300px\" \/><strong>P<\/strong><strong>rof. Marcel Wainwright<\/strong> (Allemagne)<\/h1>\n<p>Graduated in Aachen (Germany) 1994, Doctor\u00b4s degree 1996.\u00a01996-2015 Private Practices in Germany.\u00a02015-2017 Director of Mirala Clinic, Holistic and biological dentistry in Stockholm-Sweden.<\/p>\n<p>Since 2018 Dentist Oral Surgeon in Z\u00fcrich (Switzerland) and D\u00fcsseldorf (Germany).<\/p>\n<p>CEO of Kingsmen Group, Developer of own dental care line based on Hyaluronic Acid.\u00a0Since 2009 Professor for Ultrasonic Surgery and Implantology at State University of Seville (Spain).<\/p>\n<p>Certified Implantologist (DGI), German President of DIFNE (Dental International Filler and Neurotoxin Education), Member of DGZI, AAID, ICOI, DGZMK.<\/p>\n<p>International Speaker for implantology, ultrasonic surgery, cosmetic dentistry, intraoral application for hyaluronic acid and dermal fillers and neurotoxins for esthetic rehab.<\/p>\n<p>Co-inventor of the Intralift (ultrasonic minimal invasive crestal sinus lift) and numerous instruments.<\/p>\n<p>Visiting professor of various universities (Mahidol Bangkok, University of Dalian China, Guangzhou China, Chapel Hill USA, KUL Leuven &#8211; Belgium). Author and Co-author of more than 60 publications and scientific papers and books, guest of numerous TV shows as a dental consultant<\/p>\n<\/div><div class=\"fusion-sep-clear\"><\/div><div class=\"fusion-separator fusion-full-width-sep\" style=\"margin-left: auto;margin-right: auto;margin-top:20px;margin-bottom:10px;width:100%;\"><div class=\"fusion-separator-border sep-double\" style=\"--awb-height:20px;--awb-amount:20px;border-color:#e0dede;border-top-width:0px;border-bottom-width:0px;\"><\/div><\/div><div class=\"fusion-sep-clear\"><\/div>\n<div class=\"fusion-text fusion-text-2\"><p><iframe src=\"https:\/\/www.youtube.com\/embed\/IWOrFA4SvWQ\" width=\"1100\" height=\"618\" frameborder=\"0\" allowfullscreen=\"allowfullscreen\"><\/iframe><\/p>\n<p>&nbsp;<\/p>\n<h2>\u00ab\u00a0DES SOLUTIONS PREVISIBLES, FIABLES ET BIOLOGIQUES AVEC DES IMPLANTS CERAMIQUES\u00a0\u00bb &#8211; Congr\u00e8s EACim 2020<\/h2>\n<p><strong>Conf\u00e9rence en Anglais avec traduction simultan\u00e9e en Fran\u00e7ais.<\/strong><\/p>\n<h3><strong>R\u00e9sum\u00e9 de la conf\u00e9rence :<\/strong><\/h3>\n<p>Dans sa pr\u00e9sentation le conf\u00e9rencier d\u00e9crira son exp\u00e9rience clinique avec les implants c\u00e9ramiques et son \u00e9volution au cours des 10 derni\u00e8res ann\u00e9es. Les implants en c\u00e9ramique sont aujourd&rsquo;hui non seulement une alternative aux implants en titane, mais aussi l&rsquo;avenir de l&rsquo;implantologie. La demande de plus en plus de patients pour une r\u00e9habilitation esth\u00e9tique et fonctionnelle des implants \u00e0 base d&rsquo;implants c\u00e9ramiques ne cesse de cro\u00eetre et l&rsquo;industrie avec de plus en plus de coll\u00e8gues ont r\u00e9pondu \u00e0 cette demande.<\/p>\n<p>Des r\u00e9sultats pr\u00e9visibles qui sont encore meilleurs que les implants en titane seront mis en \u00e9vidence dans la pr\u00e9sentation ainsi que la fa\u00e7on de les obtenir.<\/p>\n<p>La chirurgie mini-invasive bas\u00e9e sur la chirurgie ultrasonore, le L-PRF et les implants c\u00e9ramiques sont obligatoires pour le conf\u00e9rencier, afin d&rsquo;obtenir des r\u00e9sultats \u00e0 long terme qui pr\u00e9valent en cas de probl\u00e8me. Ainsi, le conf\u00e9rencier montrera ses erreurs et ses \u00e9checs et comment il a r\u00e9ussi \u00e0 les r\u00e9soudre.<\/p>\n<p>La pr\u00e9sentation sera bas\u00e9e sur les derni\u00e8res recherches scientifiques et sur l&rsquo;exp\u00e9rience clinique du conf\u00e9rencier.<\/p>\n<p>&nbsp;<\/p>\n<p><img decoding=\"async\" class=\"alignnone wp-image-4291 size-full\" src=\"https:\/\/eacim-ceramic-implantology.com\/wp-content\/uploads\/2019\/10\/Photo-Wainwright-1.jpg\" alt=\"\" width=\"1000\" height=\"473\" srcset=\"https:\/\/eacim-ceramic-implantology.com\/wp-content\/uploads\/2019\/10\/Photo-Wainwright-1-200x95.jpg 200w, https:\/\/eacim-ceramic-implantology.com\/wp-content\/uploads\/2019\/10\/Photo-Wainwright-1-300x142.jpg 300w, https:\/\/eacim-ceramic-implantology.com\/wp-content\/uploads\/2019\/10\/Photo-Wainwright-1-400x189.jpg 400w, https:\/\/eacim-ceramic-implantology.com\/wp-content\/uploads\/2019\/10\/Photo-Wainwright-1-500x237.jpg 500w, https:\/\/eacim-ceramic-implantology.com\/wp-content\/uploads\/2019\/10\/Photo-Wainwright-1-600x284.jpg 600w, https:\/\/eacim-ceramic-implantology.com\/wp-content\/uploads\/2019\/10\/Photo-Wainwright-1-700x331.jpg 700w, https:\/\/eacim-ceramic-implantology.com\/wp-content\/uploads\/2019\/10\/Photo-Wainwright-1-768x363.jpg 768w, https:\/\/eacim-ceramic-implantology.com\/wp-content\/uploads\/2019\/10\/Photo-Wainwright-1-800x378.jpg 800w, https:\/\/eacim-ceramic-implantology.com\/wp-content\/uploads\/2019\/10\/Photo-Wainwright-1.jpg 1000w\" sizes=\"(max-width: 1000px) 100vw, 1000px\" \/><\/p>\n<p><img decoding=\"async\" class=\"alignnone wp-image-4293 \" src=\"https:\/\/eacim-ceramic-implantology.com\/wp-content\/uploads\/2019\/10\/photo-Wainwright-2.jpg\" alt=\"\" width=\"282\" height=\"606\" srcset=\"https:\/\/eacim-ceramic-implantology.com\/wp-content\/uploads\/2019\/10\/photo-Wainwright-2-140x300.jpg 140w, https:\/\/eacim-ceramic-implantology.com\/wp-content\/uploads\/2019\/10\/photo-Wainwright-2-200x429.jpg 200w, https:\/\/eacim-ceramic-implantology.com\/wp-content\/uploads\/2019\/10\/photo-Wainwright-2-400x858.jpg 400w, https:\/\/eacim-ceramic-implantology.com\/wp-content\/uploads\/2019\/10\/photo-Wainwright-2.jpg 466w\" sizes=\"(max-width: 282px) 100vw, 282px\" \/> <img decoding=\"async\" class=\"alignnone wp-image-4295 \" src=\"https:\/\/eacim-ceramic-implantology.com\/wp-content\/uploads\/2019\/10\/Photo-Wainwright-3.jpg\" alt=\"\" width=\"466\" height=\"605\" srcset=\"https:\/\/eacim-ceramic-implantology.com\/wp-content\/uploads\/2019\/10\/Photo-Wainwright-3-200x260.jpg 200w, https:\/\/eacim-ceramic-implantology.com\/wp-content\/uploads\/2019\/10\/Photo-Wainwright-3-231x300.jpg 231w, https:\/\/eacim-ceramic-implantology.com\/wp-content\/uploads\/2019\/10\/Photo-Wainwright-3-400x519.jpg 400w, https:\/\/eacim-ceramic-implantology.com\/wp-content\/uploads\/2019\/10\/Photo-Wainwright-3-500x649.jpg 500w, https:\/\/eacim-ceramic-implantology.com\/wp-content\/uploads\/2019\/10\/Photo-Wainwright-3-600x779.jpg 600w, https:\/\/eacim-ceramic-implantology.com\/wp-content\/uploads\/2019\/10\/Photo-Wainwright-3-700x909.jpg 700w, https:\/\/eacim-ceramic-implantology.com\/wp-content\/uploads\/2019\/10\/Photo-Wainwright-3-768x997.jpg 768w, https:\/\/eacim-ceramic-implantology.com\/wp-content\/uploads\/2019\/10\/Photo-Wainwright-3.jpg 770w\" sizes=\"(max-width: 466px) 100vw, 466px\" \/> <img decoding=\"async\" class=\"alignnone wp-image-4297 \" src=\"https:\/\/eacim-ceramic-implantology.com\/wp-content\/uploads\/2019\/10\/Photo-Wainwright-4.jpg\" alt=\"\" width=\"324\" height=\"605\" srcset=\"https:\/\/eacim-ceramic-implantology.com\/wp-content\/uploads\/2019\/10\/Photo-Wainwright-4-161x300.jpg 161w, https:\/\/eacim-ceramic-implantology.com\/wp-content\/uploads\/2019\/10\/Photo-Wainwright-4-200x374.jpg 200w, https:\/\/eacim-ceramic-implantology.com\/wp-content\/uploads\/2019\/10\/Photo-Wainwright-4-400x748.jpg 400w, https:\/\/eacim-ceramic-implantology.com\/wp-content\/uploads\/2019\/10\/Photo-Wainwright-4-500x935.jpg 500w, https:\/\/eacim-ceramic-implantology.com\/wp-content\/uploads\/2019\/10\/Photo-Wainwright-4.jpg 535w\" sizes=\"(max-width: 324px) 100vw, 324px\" \/><\/p>\n<\/div><div class=\"fusion-clearfix\"><\/div><\/div><\/div><\/div><\/div><div class=\"fusion-fullwidth fullwidth-box fusion-builder-row-2 nonhundred-percent-fullwidth non-hundred-percent-height-scrolling\" style=\"--awb-border-radius-top-left:0px;--awb-border-radius-top-right:0px;--awb-border-radius-bottom-right:0px;--awb-border-radius-bottom-left:0px;--awb-flex-wrap:wrap;\" ><div class=\"fusion-builder-row fusion-row\"><div class=\"fusion-layout-column fusion_builder_column fusion-builder-column-1 fusion_builder_column_1_1 1_1 fusion-one-full fusion-column-first fusion-column-last\" style=\"--awb-bg-size:cover;\"><div class=\"fusion-column-wrapper fusion-column-has-shadow fusion-flex-column-wrapper-legacy\"><div class=\"fusion-sep-clear\"><\/div><div class=\"fusion-separator fusion-full-width-sep\" style=\"margin-left: auto;margin-right: auto;margin-top:10px;margin-bottom:10px;width:100%;\"><\/div><div class=\"fusion-sep-clear\"><\/div><div class=\"fusion-aligncenter\"><a class=\"fusion-button button-flat button-large button-default fusion-button-default button-1 fusion-button-default-span fusion-button-default-type\" target=\"_self\" href=\"\/event\/2nd-eacim-congress-in-brussels-large-reconstruction-with-ceramic-implants\/\"><span class=\"fusion-button-text awb-button__text awb-button__text--default\">Go back to congress page \/ retour \u00e0 la page Congr\u00e8s<\/span><\/a><\/div><div class=\"fusion-clearfix\"><\/div><\/div><\/div>\n<\/div><\/div>\n<\/p>\n","protected":false},"excerpt":{"rendered":"","protected":false},"author":1,"featured_media":0,"parent":0,"menu_order":0,"comment_status":"closed","ping_status":"closed","template":"","meta":{"_price":"","_stock":"","_tribe_ticket_header":"","_tribe_default_ticket_provider":"","_tribe_ticket_capacity":"0","_ticket_start_date":"","_ticket_end_date":"","_tribe_ticket_show_description":"","_tribe_ticket_show_not_going":false,"_tribe_ticket_use_global_stock":"","_tribe_ticket_global_stock_level":"","_global_stock_mode":"","_global_stock_cap":"","_tribe_rsvp_for_event":"","_tribe_ticket_going_count":"","_tribe_ticket_not_going_count":"","_tribe_tickets_list":"[]","_tribe_ticket_has_attendee_info_fields":false,"footnotes":""},"class_list":["post-4374","page","type-page","status-publish","hentry"],"yoast_head":"<!-- This site is optimized with the Yoast SEO plugin v26.4 - https:\/\/yoast.com\/wordpress\/plugins\/seo\/ -->\n<title>Prof Marcel Wainwright - Conf\u00e9rencier au congr\u00e8s EACim 2021 - EACim<\/title>\n<meta name=\"description\" content=\"Tout sur la conf\u00e9rence au congr\u00e8s EACim : &quot;Des solutions pr\u00e9visibles, fiables et biologiques avec des implants c\u00e9ramiques&quot;\" \/>\n<meta name=\"robots\" content=\"index, follow, max-snippet:-1, max-image-preview:large, max-video-preview:-1\" \/>\n<link rel=\"canonical\" href=\"https:\/\/eacim-ceramic-implantology.com\/fr\/prof-marcel-wainwright-conferencier-au-congres-eacim-2021\/\" \/>\n<meta property=\"og:locale\" content=\"fr_FR\" \/>\n<meta property=\"og:type\" content=\"article\" \/>\n<meta property=\"og:title\" content=\"Prof Marcel Wainwright - Conf\u00e9rencier au congr\u00e8s EACim 2021 - EACim\" \/>\n<meta property=\"og:description\" content=\"Tout sur la conf\u00e9rence au congr\u00e8s EACim : &quot;Des solutions pr\u00e9visibles, fiables et biologiques avec des implants c\u00e9ramiques&quot;\" \/>\n<meta property=\"og:url\" content=\"https:\/\/eacim-ceramic-implantology.com\/fr\/prof-marcel-wainwright-conferencier-au-congres-eacim-2021\/\" \/>\n<meta property=\"og:site_name\" content=\"EACim\" \/>\n<meta property=\"article:modified_time\" content=\"2021-05-31T08:27:40+00:00\" \/>\n<meta property=\"og:image\" content=\"https:\/\/eacim-ceramic-implantology.com\/wp-content\/uploads\/2019\/10\/trombi-conf-congres2020-Wainwright-300x293.jpg\" \/>\n<meta name=\"twitter:card\" content=\"summary_large_image\" \/>\n<meta name=\"twitter:label1\" content=\"Dur\u00e9e de lecture estim\u00e9e\" \/>\n\t<meta name=\"twitter:data1\" content=\"3 minutes\" \/>\n<script type=\"application\/ld+json\" class=\"yoast-schema-graph\">{\"@context\":\"https:\/\/schema.org\",\"@graph\":[{\"@type\":\"WebPage\",\"@id\":\"https:\/\/eacim-ceramic-implantology.com\/fr\/prof-marcel-wainwright-conferencier-au-congres-eacim-2021\/\",\"url\":\"https:\/\/eacim-ceramic-implantology.com\/fr\/prof-marcel-wainwright-conferencier-au-congres-eacim-2021\/\",\"name\":\"Prof Marcel Wainwright - Conf\u00e9rencier au congr\u00e8s EACim 2021 - EACim\",\"isPartOf\":{\"@id\":\"https:\/\/3c9a-d050ef7659ec.wptiger.fr\/#website\"},\"primaryImageOfPage\":{\"@id\":\"https:\/\/eacim-ceramic-implantology.com\/fr\/prof-marcel-wainwright-conferencier-au-congres-eacim-2021\/#primaryimage\"},\"image\":{\"@id\":\"https:\/\/eacim-ceramic-implantology.com\/fr\/prof-marcel-wainwright-conferencier-au-congres-eacim-2021\/#primaryimage\"},\"thumbnailUrl\":\"https:\/\/eacim-ceramic-implantology.com\/wp-content\/uploads\/2019\/10\/trombi-conf-congres2020-Wainwright-300x293.jpg\",\"datePublished\":\"2019-10-30T14:50:06+00:00\",\"dateModified\":\"2021-05-31T08:27:40+00:00\",\"description\":\"Tout sur la conf\u00e9rence au congr\u00e8s EACim : \\\"Des solutions pr\u00e9visibles, fiables et biologiques avec des implants c\u00e9ramiques\\\"\",\"breadcrumb\":{\"@id\":\"https:\/\/eacim-ceramic-implantology.com\/fr\/prof-marcel-wainwright-conferencier-au-congres-eacim-2021\/#breadcrumb\"},\"inLanguage\":\"fr-FR\",\"potentialAction\":[{\"@type\":\"ReadAction\",\"target\":[\"https:\/\/eacim-ceramic-implantology.com\/fr\/prof-marcel-wainwright-conferencier-au-congres-eacim-2021\/\"]}]},{\"@type\":\"ImageObject\",\"inLanguage\":\"fr-FR\",\"@id\":\"https:\/\/eacim-ceramic-implantology.com\/fr\/prof-marcel-wainwright-conferencier-au-congres-eacim-2021\/#primaryimage\",\"url\":\"https:\/\/eacim-ceramic-implantology.com\/wp-content\/uploads\/2019\/10\/trombi-conf-congres2020-Wainwright-300x293.jpg\",\"contentUrl\":\"https:\/\/eacim-ceramic-implantology.com\/wp-content\/uploads\/2019\/10\/trombi-conf-congres2020-Wainwright-300x293.jpg\"},{\"@type\":\"BreadcrumbList\",\"@id\":\"https:\/\/eacim-ceramic-implantology.com\/fr\/prof-marcel-wainwright-conferencier-au-congres-eacim-2021\/#breadcrumb\",\"itemListElement\":[{\"@type\":\"ListItem\",\"position\":1,\"name\":\"Accueil\",\"item\":\"https:\/\/eacim-ceramic-implantology.com\/fr\/\"},{\"@type\":\"ListItem\",\"position\":2,\"name\":\"Prof Marcel Wainwright &#8211; Conf\u00e9rencier au congr\u00e8s EACim 2021\"}]},{\"@type\":\"WebSite\",\"@id\":\"https:\/\/3c9a-d050ef7659ec.wptiger.fr\/#website\",\"url\":\"https:\/\/3c9a-d050ef7659ec.wptiger.fr\/\",\"name\":\"EACim\",\"description\":\"European Academy of Ceramic Implantology\",\"potentialAction\":[{\"@type\":\"SearchAction\",\"target\":{\"@type\":\"EntryPoint\",\"urlTemplate\":\"https:\/\/3c9a-d050ef7659ec.wptiger.fr\/?s={search_term_string}\"},\"query-input\":{\"@type\":\"PropertyValueSpecification\",\"valueRequired\":true,\"valueName\":\"search_term_string\"}}],\"inLanguage\":\"fr-FR\"}]}<\/script>\n<!-- \/ Yoast SEO plugin. -->","yoast_head_json":{"title":"Prof Marcel Wainwright - Conf\u00e9rencier au congr\u00e8s EACim 2021 - EACim","description":"Tout sur la conf\u00e9rence au congr\u00e8s EACim : \"Des solutions pr\u00e9visibles, fiables et biologiques avec des implants c\u00e9ramiques\"","robots":{"index":"index","follow":"follow","max-snippet":"max-snippet:-1","max-image-preview":"max-image-preview:large","max-video-preview":"max-video-preview:-1"},"canonical":"https:\/\/eacim-ceramic-implantology.com\/fr\/prof-marcel-wainwright-conferencier-au-congres-eacim-2021\/","og_locale":"fr_FR","og_type":"article","og_title":"Prof Marcel Wainwright - Conf\u00e9rencier au congr\u00e8s EACim 2021 - EACim","og_description":"Tout sur la conf\u00e9rence au congr\u00e8s EACim : \"Des solutions pr\u00e9visibles, fiables et biologiques avec des implants c\u00e9ramiques\"","og_url":"https:\/\/eacim-ceramic-implantology.com\/fr\/prof-marcel-wainwright-conferencier-au-congres-eacim-2021\/","og_site_name":"EACim","article_modified_time":"2021-05-31T08:27:40+00:00","og_image":[{"url":"https:\/\/eacim-ceramic-implantology.com\/wp-content\/uploads\/2019\/10\/trombi-conf-congres2020-Wainwright-300x293.jpg","type":"","width":"","height":""}],"twitter_card":"summary_large_image","twitter_misc":{"Dur\u00e9e de lecture estim\u00e9e":"3 minutes"},"schema":{"@context":"https:\/\/schema.org","@graph":[{"@type":"WebPage","@id":"https:\/\/eacim-ceramic-implantology.com\/fr\/prof-marcel-wainwright-conferencier-au-congres-eacim-2021\/","url":"https:\/\/eacim-ceramic-implantology.com\/fr\/prof-marcel-wainwright-conferencier-au-congres-eacim-2021\/","name":"Prof Marcel Wainwright - Conf\u00e9rencier au congr\u00e8s EACim 2021 - EACim","isPartOf":{"@id":"https:\/\/3c9a-d050ef7659ec.wptiger.fr\/#website"},"primaryImageOfPage":{"@id":"https:\/\/eacim-ceramic-implantology.com\/fr\/prof-marcel-wainwright-conferencier-au-congres-eacim-2021\/#primaryimage"},"image":{"@id":"https:\/\/eacim-ceramic-implantology.com\/fr\/prof-marcel-wainwright-conferencier-au-congres-eacim-2021\/#primaryimage"},"thumbnailUrl":"https:\/\/eacim-ceramic-implantology.com\/wp-content\/uploads\/2019\/10\/trombi-conf-congres2020-Wainwright-300x293.jpg","datePublished":"2019-10-30T14:50:06+00:00","dateModified":"2021-05-31T08:27:40+00:00","description":"Tout sur la conf\u00e9rence au congr\u00e8s EACim : \"Des solutions pr\u00e9visibles, fiables et biologiques avec des implants c\u00e9ramiques\"","breadcrumb":{"@id":"https:\/\/eacim-ceramic-implantology.com\/fr\/prof-marcel-wainwright-conferencier-au-congres-eacim-2021\/#breadcrumb"},"inLanguage":"fr-FR","potentialAction":[{"@type":"ReadAction","target":["https:\/\/eacim-ceramic-implantology.com\/fr\/prof-marcel-wainwright-conferencier-au-congres-eacim-2021\/"]}]},{"@type":"ImageObject","inLanguage":"fr-FR","@id":"https:\/\/eacim-ceramic-implantology.com\/fr\/prof-marcel-wainwright-conferencier-au-congres-eacim-2021\/#primaryimage","url":"https:\/\/eacim-ceramic-implantology.com\/wp-content\/uploads\/2019\/10\/trombi-conf-congres2020-Wainwright-300x293.jpg","contentUrl":"https:\/\/eacim-ceramic-implantology.com\/wp-content\/uploads\/2019\/10\/trombi-conf-congres2020-Wainwright-300x293.jpg"},{"@type":"BreadcrumbList","@id":"https:\/\/eacim-ceramic-implantology.com\/fr\/prof-marcel-wainwright-conferencier-au-congres-eacim-2021\/#breadcrumb","itemListElement":[{"@type":"ListItem","position":1,"name":"Accueil","item":"https:\/\/eacim-ceramic-implantology.com\/fr\/"},{"@type":"ListItem","position":2,"name":"Prof Marcel Wainwright &#8211; Conf\u00e9rencier au congr\u00e8s EACim 2021"}]},{"@type":"WebSite","@id":"https:\/\/3c9a-d050ef7659ec.wptiger.fr\/#website","url":"https:\/\/3c9a-d050ef7659ec.wptiger.fr\/","name":"EACim","description":"European Academy of Ceramic Implantology","potentialAction":[{"@type":"SearchAction","target":{"@type":"EntryPoint","urlTemplate":"https:\/\/3c9a-d050ef7659ec.wptiger.fr\/?s={search_term_string}"},"query-input":{"@type":"PropertyValueSpecification","valueRequired":true,"valueName":"search_term_string"}}],"inLanguage":"fr-FR"}]}},"_links":{"self":[{"href":"https:\/\/eacim-ceramic-implantology.com\/fr\/wp-json\/wp\/v2\/pages\/4374","targetHints":{"allow":["GET"]}}],"collection":[{"href":"https:\/\/eacim-ceramic-implantology.com\/fr\/wp-json\/wp\/v2\/pages"}],"about":[{"href":"https:\/\/eacim-ceramic-implantology.com\/fr\/wp-json\/wp\/v2\/types\/page"}],"author":[{"embeddable":true,"href":"https:\/\/eacim-ceramic-implantology.com\/fr\/wp-json\/wp\/v2\/users\/1"}],"replies":[{"embeddable":true,"href":"https:\/\/eacim-ceramic-implantology.com\/fr\/wp-json\/wp\/v2\/comments?post=4374"}],"version-history":[{"count":5,"href":"https:\/\/eacim-ceramic-implantology.com\/fr\/wp-json\/wp\/v2\/pages\/4374\/revisions"}],"predecessor-version":[{"id":7229,"href":"https:\/\/eacim-ceramic-implantology.com\/fr\/wp-json\/wp\/v2\/pages\/4374\/revisions\/7229"}],"wp:attachment":[{"href":"https:\/\/eacim-ceramic-implantology.com\/fr\/wp-json\/wp\/v2\/media?parent=4374"}],"curies":[{"name":"wp","href":"https:\/\/api.w.org\/{rel}","templated":true}]}}