{"id":4380,"date":"2019-10-30T15:58:14","date_gmt":"2019-10-30T14:58:14","guid":{"rendered":"https:\/\/eacim-ceramic-implantology.com\/dr-saurabh-gupta-conferencier-au-congres-eacim-2020\/"},"modified":"2021-05-31T09:59:31","modified_gmt":"2021-05-31T07:59:31","slug":"dr-saurabh-gupta-conferencier-au-congres-eacim-2021","status":"publish","type":"page","link":"https:\/\/eacim-ceramic-implantology.com\/fr\/dr-saurabh-gupta-conferencier-au-congres-eacim-2021\/","title":{"rendered":"Dr Saurabh Gupta &#8211; Conf\u00e9rencier au congr\u00e8s EACim 2021"},"content":{"rendered":"<p><div class=\"fusion-fullwidth fullwidth-box fusion-builder-row-1 nonhundred-percent-fullwidth non-hundred-percent-height-scrolling\" style=\"--awb-border-radius-top-left:0px;--awb-border-radius-top-right:0px;--awb-border-radius-bottom-right:0px;--awb-border-radius-bottom-left:0px;--awb-flex-wrap:wrap;\" ><div class=\"fusion-builder-row fusion-row\"><div class=\"fusion-layout-column fusion_builder_column fusion-builder-column-0 fusion_builder_column_1_1 1_1 fusion-one-full fusion-column-first fusion-column-last\" style=\"--awb-bg-size:cover;--awb-margin-bottom:0px;\"><div class=\"fusion-column-wrapper fusion-flex-column-wrapper-legacy\"><div class=\"fusion-text fusion-text-1\"><h1><img decoding=\"async\" class=\"size-medium wp-image-4245 alignright\" src=\"https:\/\/eacim-ceramic-implantology.com\/wp-content\/uploads\/2019\/10\/trombi-conf-congres2020-Gupta-300x293.jpg\" alt=\"\" width=\"300\" height=\"293\" srcset=\"https:\/\/eacim-ceramic-implantology.com\/wp-content\/uploads\/2019\/10\/trombi-conf-congres2020-Gupta-200x196.jpg 200w, https:\/\/eacim-ceramic-implantology.com\/wp-content\/uploads\/2019\/10\/trombi-conf-congres2020-Gupta-300x293.jpg 300w, https:\/\/eacim-ceramic-implantology.com\/wp-content\/uploads\/2019\/10\/trombi-conf-congres2020-Gupta.jpg 369w\" sizes=\"(max-width: 300px) 100vw, 300px\" \/><strong>Dr Saurabh Gupta <\/strong>(Inde)<\/h1>\n<h3><strong>BDS, MDS (Oral and Maxillofacial Surgeon &amp; Implantologist)<\/strong><\/h3>\n<p>Le Dr. Saurabh Gupta est dipl\u00f4m\u00e9 de l&rsquo;Universit\u00e9 de Manipal, en Inde, et d\u00e9tient une ma\u00eetrise en chirurgie orale et maxillo-faciale de RGUHS, Bangalore, en Inde.<\/p>\n<p>Il est \u00e9galement form\u00e9 \u00e0 de nombreuses disciplines chirurgicales connexes, notamment l&rsquo;implantologie, le laser et la dentisterie num\u00e9rique. Il travaille actuellement comme directeur clinique de la Digital Dental Design Clinic et du laboratoire DVG (agr\u00e9\u00e9 par 3M) \u00e0 Bangalore.<\/p>\n<p>Il est \u00e9galement consultant senior invit\u00e9 au centre dentaire et maxillo-facial Aarogya, \u00e0 Delhi.<\/p>\n<p>Il donne des conf\u00e9rences au niveau national et international, il est directeur de l&rsquo;\u00e9ducation et membre du conseil d&rsquo;administration de l&rsquo;International Academy of Ceramic Implantology, qui est la premi\u00e8re acad\u00e9mie aux \u00c9tats-Unis consacr\u00e9e \u00e0 l&rsquo;implantologie sans m\u00e9tal.<\/p>\n<p>Il est un membre actif du ZIRG (Zirconia Implant Research Group), dont les objectifs sont de diriger et d&rsquo;orienter la recherche en implantologie sans m\u00e9tal et de soutenir les jeunes cliniciens et les cliniciens \u00e9tablis dans la recherche clinique et scientifique.<\/p>\n<p>Il est \u00e9galement membre de la \u00ab\u00a0Bioceramic Division\u00a0\u00bb de \u00ab\u00a0The American Ceramic Society\u00a0\u00bb, Ohio, \u00c9tats-Unis. Il participe \u00e9galement \u00e0 des projets de recherche et d\u00e9veloppement \u00e0 l&rsquo;Indian Institute of Science (IISc), Bangalore.<\/p>\n<p>Il est \u00e9galement membre et ambassadeur de la Fondation Cleanimplant (Allemagne), dont la mission est d&rsquo;\u00e9valuer la qualit\u00e9 de production et la propret\u00e9 des surfaces des implants disponibles dans le commerce. Il est \u00e9galement membre du conseil d&rsquo;administration du magazine CBCT international.<\/p>\n<p>En outre, il fait partie du groupe MIDI Implantology bas\u00e9 en Espagne et est sp\u00e9cialiste clinique pour COHO Biotechnology, Taiwan. Actuellement, il participe \u00e0 de nombreuses recherches sur les mat\u00e9riaux d&rsquo;implant en zircone et la dentisterie num\u00e9rique.<\/p>\n<\/div><div class=\"fusion-sep-clear\"><\/div><div class=\"fusion-separator fusion-full-width-sep\" style=\"margin-left: auto;margin-right: auto;margin-top:20px;margin-bottom:10px;width:100%;\"><div class=\"fusion-separator-border sep-double\" style=\"--awb-height:20px;--awb-amount:20px;border-color:#e0dede;border-top-width:0px;border-bottom-width:0px;\"><\/div><\/div><div class=\"fusion-sep-clear\"><\/div>\n<div class=\"fusion-text fusion-text-2\"><h2><\/h2>\n<h2>\u00ab\u00a0DIGITAL WORKFLOW IN ZIRCONIA IMPLANT DENTISTRY : L&rsquo;AVENIR EST LA\u00a0\u00bb &#8211; Congr\u00e8s EACim 2020<\/h2>\n<h3>\u00a0<strong>R\u00e9sum\u00e9 de la conf\u00e9rence :<\/strong><\/h3>\n<p>La dentisterie num\u00e9rique et les implants en zircone sont \u00e0 la mode de la science dentaire moderne. Ces derni\u00e8res ann\u00e9es, cependant, la demande croissante des patients pour une esth\u00e9tique plus naturelle a vu les mat\u00e9riaux c\u00e9ramiques comme la zircone devenir une alternative populaire.<\/p>\n<p>De plus, la dentisterie se d\u00e9place vers le monde virtuel en raison des progr\u00e8s technologiques croissants et de l&rsquo;accessibilit\u00e9 financi\u00e8re. Son utilisation en dentisterie implantaire a un impact \u00e9norme en am\u00e9liorant la vie des praticiens et des patients.<\/p>\n<p>Le but de cette pr\u00e9sentation est de pr\u00e9senter aux participants les implants en zircone et le concept de flux de travail num\u00e9rique total interpr\u00e9t\u00e9 comme un protocole dans lequel chaque nouvelle consid\u00e9ration sur le diagnostic, le plan de traitement et le d\u00e9veloppement du traitement implantaire en zircone peut \u00eatre men\u00e9e par une ressource num\u00e9rique.<\/p>\n<p>De la tomodensitom\u00e9trie \u00e0 faisceau conique \u00e0 la chirurgie guid\u00e9e pr\u00e9cise assist\u00e9e par des scanners intra-buccaux en passant par la conception num\u00e9rique 3D du sourire et la d\u00e9termination spectrophotom\u00e9trique de la couleur des dents, de la r\u00e9alisation d&#8217;empreintes d&rsquo;implants num\u00e9riques \u00e0 la conception CAO et la production FAO en utilisant des imprimantes 3d ou des fraiseuses ; il est plus probable de nos traitements quotidiens d&rsquo;avoir des workflows num\u00e9riques \u00e0 100%.<\/p>\n<p>Cette pr\u00e9sentation d\u00e9taillera les possibilit\u00e9s et les limites actuelles de ces technologies de pointe en dentisterie implantaire.<\/p>\n<p>&nbsp;<\/p>\n<p><img decoding=\"async\" class=\"alignnone wp-image-4313 size-full\" src=\"https:\/\/eacim-ceramic-implantology.com\/wp-content\/uploads\/2019\/10\/EACIM-Saurabh-11.jpg\" alt=\"\" width=\"1000\" height=\"566\" srcset=\"https:\/\/eacim-ceramic-implantology.com\/wp-content\/uploads\/2019\/10\/EACIM-Saurabh-11-200x113.jpg 200w, https:\/\/eacim-ceramic-implantology.com\/wp-content\/uploads\/2019\/10\/EACIM-Saurabh-11-300x170.jpg 300w, https:\/\/eacim-ceramic-implantology.com\/wp-content\/uploads\/2019\/10\/EACIM-Saurabh-11-400x226.jpg 400w, https:\/\/eacim-ceramic-implantology.com\/wp-content\/uploads\/2019\/10\/EACIM-Saurabh-11-500x283.jpg 500w, https:\/\/eacim-ceramic-implantology.com\/wp-content\/uploads\/2019\/10\/EACIM-Saurabh-11-600x340.jpg 600w, https:\/\/eacim-ceramic-implantology.com\/wp-content\/uploads\/2019\/10\/EACIM-Saurabh-11-700x396.jpg 700w, https:\/\/eacim-ceramic-implantology.com\/wp-content\/uploads\/2019\/10\/EACIM-Saurabh-11-768x435.jpg 768w, https:\/\/eacim-ceramic-implantology.com\/wp-content\/uploads\/2019\/10\/EACIM-Saurabh-11-800x453.jpg 800w, https:\/\/eacim-ceramic-implantology.com\/wp-content\/uploads\/2019\/10\/EACIM-Saurabh-11.jpg 1000w\" sizes=\"(max-width: 1000px) 100vw, 1000px\" \/><\/p>\n<p><img decoding=\"async\" class=\"alignnone wp-image-4315 size-full\" src=\"https:\/\/eacim-ceramic-implantology.com\/wp-content\/uploads\/2019\/10\/EACIM-Saurabh-22.jpg\" alt=\"\" width=\"1000\" height=\"563\" srcset=\"https:\/\/eacim-ceramic-implantology.com\/wp-content\/uploads\/2019\/10\/EACIM-Saurabh-22-200x113.jpg 200w, https:\/\/eacim-ceramic-implantology.com\/wp-content\/uploads\/2019\/10\/EACIM-Saurabh-22-300x169.jpg 300w, https:\/\/eacim-ceramic-implantology.com\/wp-content\/uploads\/2019\/10\/EACIM-Saurabh-22-400x225.jpg 400w, https:\/\/eacim-ceramic-implantology.com\/wp-content\/uploads\/2019\/10\/EACIM-Saurabh-22-500x282.jpg 500w, https:\/\/eacim-ceramic-implantology.com\/wp-content\/uploads\/2019\/10\/EACIM-Saurabh-22-600x338.jpg 600w, https:\/\/eacim-ceramic-implantology.com\/wp-content\/uploads\/2019\/10\/EACIM-Saurabh-22-700x394.jpg 700w, https:\/\/eacim-ceramic-implantology.com\/wp-content\/uploads\/2019\/10\/EACIM-Saurabh-22-768x432.jpg 768w, https:\/\/eacim-ceramic-implantology.com\/wp-content\/uploads\/2019\/10\/EACIM-Saurabh-22-800x450.jpg 800w, https:\/\/eacim-ceramic-implantology.com\/wp-content\/uploads\/2019\/10\/EACIM-Saurabh-22.jpg 1000w\" sizes=\"(max-width: 1000px) 100vw, 1000px\" \/><\/p>\n<\/div><div class=\"fusion-clearfix\"><\/div><\/div><\/div><\/div><\/div><div class=\"fusion-fullwidth fullwidth-box fusion-builder-row-2 nonhundred-percent-fullwidth non-hundred-percent-height-scrolling\" style=\"--awb-border-radius-top-left:0px;--awb-border-radius-top-right:0px;--awb-border-radius-bottom-right:0px;--awb-border-radius-bottom-left:0px;--awb-flex-wrap:wrap;\" ><div class=\"fusion-builder-row fusion-row\"><div class=\"fusion-layout-column fusion_builder_column fusion-builder-column-1 fusion_builder_column_1_1 1_1 fusion-one-full fusion-column-first fusion-column-last\" style=\"--awb-bg-size:cover;\"><div class=\"fusion-column-wrapper fusion-column-has-shadow fusion-flex-column-wrapper-legacy\"><div class=\"fusion-sep-clear\"><\/div><div class=\"fusion-separator fusion-full-width-sep\" style=\"margin-left: auto;margin-right: auto;margin-top:10px;margin-bottom:10px;width:100%;\"><\/div><div class=\"fusion-sep-clear\"><\/div><div class=\"fusion-aligncenter\"><a class=\"fusion-button button-flat button-large button-default fusion-button-default button-1 fusion-button-default-span fusion-button-default-type\" target=\"_self\" href=\"\/event\/2nd-eacim-congress-in-brussels-large-reconstruction-with-ceramic-implants\/\"><span class=\"fusion-button-text awb-button__text awb-button__text--default\">Go back to congress page \/ retour \u00e0 la page Congr\u00e8s<\/span><\/a><\/div><div class=\"fusion-clearfix\"><\/div><\/div><\/div>\n<\/div><\/div><\/p>\n","protected":false},"excerpt":{"rendered":"","protected":false},"author":1,"featured_media":0,"parent":0,"menu_order":0,"comment_status":"closed","ping_status":"closed","template":"","meta":{"_price":"","_stock":"","_tribe_ticket_header":"","_tribe_default_ticket_provider":"","_tribe_ticket_capacity":"0","_ticket_start_date":"","_ticket_end_date":"","_tribe_ticket_show_description":"","_tribe_ticket_show_not_going":false,"_tribe_ticket_use_global_stock":"","_tribe_ticket_global_stock_level":"","_global_stock_mode":"","_global_stock_cap":"","_tribe_rsvp_for_event":"","_tribe_ticket_going_count":"","_tribe_ticket_not_going_count":"","_tribe_tickets_list":"[]","_tribe_ticket_has_attendee_info_fields":false,"footnotes":""},"class_list":["post-4380","page","type-page","status-publish","hentry"],"yoast_head":"<!-- This site is optimized with the Yoast SEO plugin v26.4 - https:\/\/yoast.com\/wordpress\/plugins\/seo\/ -->\n<title>Dr Saurabh Gupta - Conf\u00e9rencier au congr\u00e8s EACim 2021 - EACim<\/title>\n<meta name=\"description\" content=\"Tout sur la conf\u00e9rence au congr\u00e8s EACim : &quot;Digital Workflow in Zirconia Implant Dentistry : L&#039;avenir est l\u00e0&quot;\" \/>\n<meta name=\"robots\" content=\"index, follow, max-snippet:-1, max-image-preview:large, max-video-preview:-1\" \/>\n<link rel=\"canonical\" href=\"https:\/\/eacim-ceramic-implantology.com\/fr\/dr-saurabh-gupta-conferencier-au-congres-eacim-2021\/\" \/>\n<meta property=\"og:locale\" content=\"fr_FR\" \/>\n<meta property=\"og:type\" content=\"article\" \/>\n<meta property=\"og:title\" content=\"Dr Saurabh Gupta - Conf\u00e9rencier au congr\u00e8s EACim 2021 - EACim\" \/>\n<meta property=\"og:description\" content=\"Tout sur la conf\u00e9rence au congr\u00e8s EACim : &quot;Digital Workflow in Zirconia Implant Dentistry : L&#039;avenir est l\u00e0&quot;\" \/>\n<meta property=\"og:url\" content=\"https:\/\/eacim-ceramic-implantology.com\/fr\/dr-saurabh-gupta-conferencier-au-congres-eacim-2021\/\" \/>\n<meta property=\"og:site_name\" content=\"EACim\" \/>\n<meta property=\"article:modified_time\" content=\"2021-05-31T07:59:31+00:00\" \/>\n<meta property=\"og:image\" content=\"https:\/\/eacim-ceramic-implantology.com\/wp-content\/uploads\/2019\/10\/trombi-conf-congres2020-Gupta-300x293.jpg\" \/>\n<meta name=\"twitter:card\" content=\"summary_large_image\" \/>\n<meta name=\"twitter:label1\" content=\"Dur\u00e9e de lecture estim\u00e9e\" \/>\n\t<meta name=\"twitter:data1\" content=\"4 minutes\" \/>\n<script type=\"application\/ld+json\" class=\"yoast-schema-graph\">{\"@context\":\"https:\/\/schema.org\",\"@graph\":[{\"@type\":\"WebPage\",\"@id\":\"https:\/\/eacim-ceramic-implantology.com\/fr\/dr-saurabh-gupta-conferencier-au-congres-eacim-2021\/\",\"url\":\"https:\/\/eacim-ceramic-implantology.com\/fr\/dr-saurabh-gupta-conferencier-au-congres-eacim-2021\/\",\"name\":\"Dr Saurabh Gupta - Conf\u00e9rencier au congr\u00e8s EACim 2021 - EACim\",\"isPartOf\":{\"@id\":\"https:\/\/3c9a-d050ef7659ec.wptiger.fr\/#website\"},\"primaryImageOfPage\":{\"@id\":\"https:\/\/eacim-ceramic-implantology.com\/fr\/dr-saurabh-gupta-conferencier-au-congres-eacim-2021\/#primaryimage\"},\"image\":{\"@id\":\"https:\/\/eacim-ceramic-implantology.com\/fr\/dr-saurabh-gupta-conferencier-au-congres-eacim-2021\/#primaryimage\"},\"thumbnailUrl\":\"https:\/\/eacim-ceramic-implantology.com\/wp-content\/uploads\/2019\/10\/trombi-conf-congres2020-Gupta-300x293.jpg\",\"datePublished\":\"2019-10-30T14:58:14+00:00\",\"dateModified\":\"2021-05-31T07:59:31+00:00\",\"description\":\"Tout sur la conf\u00e9rence au congr\u00e8s EACim : \\\"Digital Workflow in Zirconia Implant Dentistry : L'avenir est l\u00e0\\\"\",\"breadcrumb\":{\"@id\":\"https:\/\/eacim-ceramic-implantology.com\/fr\/dr-saurabh-gupta-conferencier-au-congres-eacim-2021\/#breadcrumb\"},\"inLanguage\":\"fr-FR\",\"potentialAction\":[{\"@type\":\"ReadAction\",\"target\":[\"https:\/\/eacim-ceramic-implantology.com\/fr\/dr-saurabh-gupta-conferencier-au-congres-eacim-2021\/\"]}]},{\"@type\":\"ImageObject\",\"inLanguage\":\"fr-FR\",\"@id\":\"https:\/\/eacim-ceramic-implantology.com\/fr\/dr-saurabh-gupta-conferencier-au-congres-eacim-2021\/#primaryimage\",\"url\":\"https:\/\/eacim-ceramic-implantology.com\/wp-content\/uploads\/2019\/10\/trombi-conf-congres2020-Gupta-300x293.jpg\",\"contentUrl\":\"https:\/\/eacim-ceramic-implantology.com\/wp-content\/uploads\/2019\/10\/trombi-conf-congres2020-Gupta-300x293.jpg\"},{\"@type\":\"BreadcrumbList\",\"@id\":\"https:\/\/eacim-ceramic-implantology.com\/fr\/dr-saurabh-gupta-conferencier-au-congres-eacim-2021\/#breadcrumb\",\"itemListElement\":[{\"@type\":\"ListItem\",\"position\":1,\"name\":\"Accueil\",\"item\":\"https:\/\/eacim-ceramic-implantology.com\/fr\/\"},{\"@type\":\"ListItem\",\"position\":2,\"name\":\"Dr Saurabh Gupta &#8211; Conf\u00e9rencier au congr\u00e8s EACim 2021\"}]},{\"@type\":\"WebSite\",\"@id\":\"https:\/\/3c9a-d050ef7659ec.wptiger.fr\/#website\",\"url\":\"https:\/\/3c9a-d050ef7659ec.wptiger.fr\/\",\"name\":\"EACim\",\"description\":\"European Academy of Ceramic Implantology\",\"potentialAction\":[{\"@type\":\"SearchAction\",\"target\":{\"@type\":\"EntryPoint\",\"urlTemplate\":\"https:\/\/3c9a-d050ef7659ec.wptiger.fr\/?s={search_term_string}\"},\"query-input\":{\"@type\":\"PropertyValueSpecification\",\"valueRequired\":true,\"valueName\":\"search_term_string\"}}],\"inLanguage\":\"fr-FR\"}]}<\/script>\n<!-- \/ Yoast SEO plugin. -->","yoast_head_json":{"title":"Dr Saurabh Gupta - Conf\u00e9rencier au congr\u00e8s EACim 2021 - EACim","description":"Tout sur la conf\u00e9rence au congr\u00e8s EACim : \"Digital Workflow in Zirconia Implant Dentistry : L'avenir est l\u00e0\"","robots":{"index":"index","follow":"follow","max-snippet":"max-snippet:-1","max-image-preview":"max-image-preview:large","max-video-preview":"max-video-preview:-1"},"canonical":"https:\/\/eacim-ceramic-implantology.com\/fr\/dr-saurabh-gupta-conferencier-au-congres-eacim-2021\/","og_locale":"fr_FR","og_type":"article","og_title":"Dr Saurabh Gupta - Conf\u00e9rencier au congr\u00e8s EACim 2021 - EACim","og_description":"Tout sur la conf\u00e9rence au congr\u00e8s EACim : \"Digital Workflow in Zirconia Implant Dentistry : L'avenir est l\u00e0\"","og_url":"https:\/\/eacim-ceramic-implantology.com\/fr\/dr-saurabh-gupta-conferencier-au-congres-eacim-2021\/","og_site_name":"EACim","article_modified_time":"2021-05-31T07:59:31+00:00","og_image":[{"url":"https:\/\/eacim-ceramic-implantology.com\/wp-content\/uploads\/2019\/10\/trombi-conf-congres2020-Gupta-300x293.jpg","type":"","width":"","height":""}],"twitter_card":"summary_large_image","twitter_misc":{"Dur\u00e9e de lecture estim\u00e9e":"4 minutes"},"schema":{"@context":"https:\/\/schema.org","@graph":[{"@type":"WebPage","@id":"https:\/\/eacim-ceramic-implantology.com\/fr\/dr-saurabh-gupta-conferencier-au-congres-eacim-2021\/","url":"https:\/\/eacim-ceramic-implantology.com\/fr\/dr-saurabh-gupta-conferencier-au-congres-eacim-2021\/","name":"Dr Saurabh Gupta - Conf\u00e9rencier au congr\u00e8s EACim 2021 - EACim","isPartOf":{"@id":"https:\/\/3c9a-d050ef7659ec.wptiger.fr\/#website"},"primaryImageOfPage":{"@id":"https:\/\/eacim-ceramic-implantology.com\/fr\/dr-saurabh-gupta-conferencier-au-congres-eacim-2021\/#primaryimage"},"image":{"@id":"https:\/\/eacim-ceramic-implantology.com\/fr\/dr-saurabh-gupta-conferencier-au-congres-eacim-2021\/#primaryimage"},"thumbnailUrl":"https:\/\/eacim-ceramic-implantology.com\/wp-content\/uploads\/2019\/10\/trombi-conf-congres2020-Gupta-300x293.jpg","datePublished":"2019-10-30T14:58:14+00:00","dateModified":"2021-05-31T07:59:31+00:00","description":"Tout sur la conf\u00e9rence au congr\u00e8s EACim : \"Digital Workflow in Zirconia Implant Dentistry : L'avenir est l\u00e0\"","breadcrumb":{"@id":"https:\/\/eacim-ceramic-implantology.com\/fr\/dr-saurabh-gupta-conferencier-au-congres-eacim-2021\/#breadcrumb"},"inLanguage":"fr-FR","potentialAction":[{"@type":"ReadAction","target":["https:\/\/eacim-ceramic-implantology.com\/fr\/dr-saurabh-gupta-conferencier-au-congres-eacim-2021\/"]}]},{"@type":"ImageObject","inLanguage":"fr-FR","@id":"https:\/\/eacim-ceramic-implantology.com\/fr\/dr-saurabh-gupta-conferencier-au-congres-eacim-2021\/#primaryimage","url":"https:\/\/eacim-ceramic-implantology.com\/wp-content\/uploads\/2019\/10\/trombi-conf-congres2020-Gupta-300x293.jpg","contentUrl":"https:\/\/eacim-ceramic-implantology.com\/wp-content\/uploads\/2019\/10\/trombi-conf-congres2020-Gupta-300x293.jpg"},{"@type":"BreadcrumbList","@id":"https:\/\/eacim-ceramic-implantology.com\/fr\/dr-saurabh-gupta-conferencier-au-congres-eacim-2021\/#breadcrumb","itemListElement":[{"@type":"ListItem","position":1,"name":"Accueil","item":"https:\/\/eacim-ceramic-implantology.com\/fr\/"},{"@type":"ListItem","position":2,"name":"Dr Saurabh Gupta &#8211; Conf\u00e9rencier au congr\u00e8s EACim 2021"}]},{"@type":"WebSite","@id":"https:\/\/3c9a-d050ef7659ec.wptiger.fr\/#website","url":"https:\/\/3c9a-d050ef7659ec.wptiger.fr\/","name":"EACim","description":"European Academy of Ceramic Implantology","potentialAction":[{"@type":"SearchAction","target":{"@type":"EntryPoint","urlTemplate":"https:\/\/3c9a-d050ef7659ec.wptiger.fr\/?s={search_term_string}"},"query-input":{"@type":"PropertyValueSpecification","valueRequired":true,"valueName":"search_term_string"}}],"inLanguage":"fr-FR"}]}},"_links":{"self":[{"href":"https:\/\/eacim-ceramic-implantology.com\/fr\/wp-json\/wp\/v2\/pages\/4380","targetHints":{"allow":["GET"]}}],"collection":[{"href":"https:\/\/eacim-ceramic-implantology.com\/fr\/wp-json\/wp\/v2\/pages"}],"about":[{"href":"https:\/\/eacim-ceramic-implantology.com\/fr\/wp-json\/wp\/v2\/types\/page"}],"author":[{"embeddable":true,"href":"https:\/\/eacim-ceramic-implantology.com\/fr\/wp-json\/wp\/v2\/users\/1"}],"replies":[{"embeddable":true,"href":"https:\/\/eacim-ceramic-implantology.com\/fr\/wp-json\/wp\/v2\/comments?post=4380"}],"version-history":[{"count":5,"href":"https:\/\/eacim-ceramic-implantology.com\/fr\/wp-json\/wp\/v2\/pages\/4380\/revisions"}],"predecessor-version":[{"id":7201,"href":"https:\/\/eacim-ceramic-implantology.com\/fr\/wp-json\/wp\/v2\/pages\/4380\/revisions\/7201"}],"wp:attachment":[{"href":"https:\/\/eacim-ceramic-implantology.com\/fr\/wp-json\/wp\/v2\/media?parent=4380"}],"curies":[{"name":"wp","href":"https:\/\/api.w.org\/{rel}","templated":true}]}}