{"id":4877,"date":"2019-12-24T19:13:40","date_gmt":"2019-12-24T18:13:40","guid":{"rendered":"https:\/\/eacim-ceramic-implantology.com\/prof-carlo-maiorana-conferencier-congres-eacim-2020\/"},"modified":"2021-05-31T10:28:46","modified_gmt":"2021-05-31T08:28:46","slug":"prof-carlo-maiorana-conferencier-congres-eacim-2021","status":"publish","type":"page","link":"https:\/\/eacim-ceramic-implantology.com\/fr\/prof-carlo-maiorana-conferencier-congres-eacim-2021\/","title":{"rendered":"Prof. Carlo Maiorana conf\u00e9rencier congr\u00e8s EACim 2021"},"content":{"rendered":"<p><div class=\"fusion-fullwidth fullwidth-box fusion-builder-row-1 nonhundred-percent-fullwidth non-hundred-percent-height-scrolling\" style=\"--awb-border-radius-top-left:0px;--awb-border-radius-top-right:0px;--awb-border-radius-bottom-right:0px;--awb-border-radius-bottom-left:0px;--awb-flex-wrap:wrap;\" ><div class=\"fusion-builder-row fusion-row\"><div class=\"fusion-layout-column fusion_builder_column fusion-builder-column-0 fusion_builder_column_1_1 1_1 fusion-one-full fusion-column-first fusion-column-last\" style=\"--awb-bg-size:cover;--awb-margin-bottom:0px;\"><div class=\"fusion-column-wrapper fusion-flex-column-wrapper-legacy\"><div class=\"fusion-text fusion-text-1\"><h1><img decoding=\"async\" class=\"size-full wp-image-3907 alignright\" src=\"https:\/\/eacim-ceramic-implantology.com\/wp-content\/uploads\/2019\/09\/MaioranaPsdt2020.png\" alt=\"\" width=\"271\" height=\"271\" srcset=\"https:\/\/eacim-ceramic-implantology.com\/wp-content\/uploads\/2019\/09\/MaioranaPsdt2020-66x66.png 66w, https:\/\/eacim-ceramic-implantology.com\/wp-content\/uploads\/2019\/09\/MaioranaPsdt2020-100x100.png 100w, https:\/\/eacim-ceramic-implantology.com\/wp-content\/uploads\/2019\/09\/MaioranaPsdt2020-150x150.png 150w, https:\/\/eacim-ceramic-implantology.com\/wp-content\/uploads\/2019\/09\/MaioranaPsdt2020-200x200.png 200w, https:\/\/eacim-ceramic-implantology.com\/wp-content\/uploads\/2019\/09\/MaioranaPsdt2020.png 271w\" sizes=\"(max-width: 271px) 100vw, 271px\" \/>Prof. Carlo Maiorana\u00a0 (Italie)<\/h1>\n<p><strong>Professeur titulaire en chirurgie buccale, Pr\u00e9sident du\u00a0 congr\u00e8s EACim 2020<br \/>\n<\/strong><\/p>\n<ul>\n<li>Universit\u00e9 de Milan \u00c9cole de m\u00e9decine dentaire<\/li>\n<li>D\u00e9partement des sciences biom\u00e9dicales chirurgicales et orales,<\/li>\n<li>Centre d&rsquo;implant pour les atrophies de la m\u00e2choire,<\/li>\n<li>IRCCS Policlinico Hospital, Milan.<\/li>\n<\/ul>\n<p><strong>\u00a0<\/strong><\/p>\n<h3><\/h3>\n<\/div><div class=\"fusion-sep-clear\"><\/div><div class=\"fusion-separator fusion-full-width-sep\" style=\"margin-left: auto;margin-right: auto;margin-top:20px;margin-bottom:10px;width:100%;\"><div class=\"fusion-separator-border sep-double\" style=\"--awb-height:20px;--awb-amount:20px;border-color:#e0dede;border-top-width:0px;border-bottom-width:0px;\"><\/div><\/div><div class=\"fusion-sep-clear\"><\/div>\n<div class=\"fusion-text fusion-text-2\"><h2><\/h2>\n<h2>\u201cEvolution de l&rsquo;implantologie. Perspectives d&rsquo;avenir et conclusions du congr\u00e8s\u00a0\u00bb<\/h2>\n<h3>R\u00e9sum\u00e9 de la conf\u00e9rence :<strong><br \/>\n<\/strong><\/h3>\n<\/div><div class=\"fusion-clearfix\"><\/div><\/div><\/div><\/div><\/div><div class=\"fusion-fullwidth fullwidth-box fusion-builder-row-2 nonhundred-percent-fullwidth non-hundred-percent-height-scrolling\" style=\"--awb-border-radius-top-left:0px;--awb-border-radius-top-right:0px;--awb-border-radius-bottom-right:0px;--awb-border-radius-bottom-left:0px;--awb-flex-wrap:wrap;\" ><div class=\"fusion-builder-row fusion-row\"><div class=\"fusion-layout-column fusion_builder_column fusion-builder-column-1 fusion_builder_column_1_1 1_1 fusion-one-full fusion-column-first fusion-column-last\" style=\"--awb-bg-size:cover;\"><div class=\"fusion-column-wrapper fusion-column-has-shadow fusion-flex-column-wrapper-legacy\"><div class=\"fusion-sep-clear\"><\/div><div class=\"fusion-separator fusion-full-width-sep\" style=\"margin-left: auto;margin-right: auto;margin-top:10px;margin-bottom:10px;width:100%;\"><\/div><div class=\"fusion-sep-clear\"><\/div><div class=\"fusion-aligncenter\"><a class=\"fusion-button button-flat button-large button-default fusion-button-default button-1 fusion-button-default-span fusion-button-default-type\" target=\"_self\" href=\"\/event\/2nd-eacim-congress-in-brussels-large-reconstruction-with-ceramic-implants\/\"><span class=\"fusion-button-text awb-button__text awb-button__text--default\">Go back to congress page \/ retour \u00e0 la page Congr\u00e8s<\/span><\/a><\/div><div class=\"fusion-clearfix\"><\/div><\/div><\/div>\n<\/div><\/div>\n<\/p>\n","protected":false},"excerpt":{"rendered":"","protected":false},"author":1,"featured_media":0,"parent":0,"menu_order":0,"comment_status":"closed","ping_status":"closed","template":"","meta":{"_price":"","_stock":"","_tribe_ticket_header":"","_tribe_default_ticket_provider":"","_tribe_ticket_capacity":"0","_ticket_start_date":"","_ticket_end_date":"","_tribe_ticket_show_description":"","_tribe_ticket_show_not_going":false,"_tribe_ticket_use_global_stock":"","_tribe_ticket_global_stock_level":"","_global_stock_mode":"","_global_stock_cap":"","_tribe_rsvp_for_event":"","_tribe_ticket_going_count":"","_tribe_ticket_not_going_count":"","_tribe_tickets_list":"[]","_tribe_ticket_has_attendee_info_fields":false,"footnotes":""},"class_list":["post-4877","page","type-page","status-publish","hentry"],"yoast_head":"<!-- This site is optimized with the Yoast SEO plugin v26.4 - https:\/\/yoast.com\/wordpress\/plugins\/seo\/ -->\n<title>Prof. Carlo Maiorana conf\u00e9rencier congr\u00e8s EACim 2021 - EACim<\/title>\n<meta name=\"robots\" content=\"index, follow, max-snippet:-1, max-image-preview:large, max-video-preview:-1\" \/>\n<link rel=\"canonical\" href=\"https:\/\/eacim-ceramic-implantology.com\/fr\/prof-carlo-maiorana-conferencier-congres-eacim-2021\/\" \/>\n<meta property=\"og:locale\" content=\"fr_FR\" \/>\n<meta property=\"og:type\" content=\"article\" \/>\n<meta property=\"og:title\" content=\"Prof. Carlo Maiorana conf\u00e9rencier congr\u00e8s EACim 2021 - EACim\" \/>\n<meta property=\"og:url\" content=\"https:\/\/eacim-ceramic-implantology.com\/fr\/prof-carlo-maiorana-conferencier-congres-eacim-2021\/\" \/>\n<meta property=\"og:site_name\" content=\"EACim\" \/>\n<meta property=\"article:modified_time\" content=\"2021-05-31T08:28:46+00:00\" \/>\n<meta property=\"og:image\" content=\"https:\/\/eacim-ceramic-implantology.com\/wp-content\/uploads\/2019\/09\/MaioranaPsdt2020.png\" \/>\n<meta name=\"twitter:card\" content=\"summary_large_image\" \/>\n<meta name=\"twitter:label1\" content=\"Dur\u00e9e de lecture estim\u00e9e\" \/>\n\t<meta name=\"twitter:data1\" content=\"1 minute\" \/>\n<script type=\"application\/ld+json\" class=\"yoast-schema-graph\">{\"@context\":\"https:\/\/schema.org\",\"@graph\":[{\"@type\":\"WebPage\",\"@id\":\"https:\/\/eacim-ceramic-implantology.com\/fr\/prof-carlo-maiorana-conferencier-congres-eacim-2021\/\",\"url\":\"https:\/\/eacim-ceramic-implantology.com\/fr\/prof-carlo-maiorana-conferencier-congres-eacim-2021\/\",\"name\":\"Prof. Carlo Maiorana conf\u00e9rencier congr\u00e8s EACim 2021 - EACim\",\"isPartOf\":{\"@id\":\"https:\/\/3c9a-d050ef7659ec.wptiger.fr\/#website\"},\"primaryImageOfPage\":{\"@id\":\"https:\/\/eacim-ceramic-implantology.com\/fr\/prof-carlo-maiorana-conferencier-congres-eacim-2021\/#primaryimage\"},\"image\":{\"@id\":\"https:\/\/eacim-ceramic-implantology.com\/fr\/prof-carlo-maiorana-conferencier-congres-eacim-2021\/#primaryimage\"},\"thumbnailUrl\":\"https:\/\/eacim-ceramic-implantology.com\/wp-content\/uploads\/2019\/09\/MaioranaPsdt2020.png\",\"datePublished\":\"2019-12-24T18:13:40+00:00\",\"dateModified\":\"2021-05-31T08:28:46+00:00\",\"breadcrumb\":{\"@id\":\"https:\/\/eacim-ceramic-implantology.com\/fr\/prof-carlo-maiorana-conferencier-congres-eacim-2021\/#breadcrumb\"},\"inLanguage\":\"fr-FR\",\"potentialAction\":[{\"@type\":\"ReadAction\",\"target\":[\"https:\/\/eacim-ceramic-implantology.com\/fr\/prof-carlo-maiorana-conferencier-congres-eacim-2021\/\"]}]},{\"@type\":\"ImageObject\",\"inLanguage\":\"fr-FR\",\"@id\":\"https:\/\/eacim-ceramic-implantology.com\/fr\/prof-carlo-maiorana-conferencier-congres-eacim-2021\/#primaryimage\",\"url\":\"https:\/\/eacim-ceramic-implantology.com\/wp-content\/uploads\/2019\/09\/MaioranaPsdt2020.png\",\"contentUrl\":\"https:\/\/eacim-ceramic-implantology.com\/wp-content\/uploads\/2019\/09\/MaioranaPsdt2020.png\"},{\"@type\":\"BreadcrumbList\",\"@id\":\"https:\/\/eacim-ceramic-implantology.com\/fr\/prof-carlo-maiorana-conferencier-congres-eacim-2021\/#breadcrumb\",\"itemListElement\":[{\"@type\":\"ListItem\",\"position\":1,\"name\":\"Accueil\",\"item\":\"https:\/\/eacim-ceramic-implantology.com\/fr\/\"},{\"@type\":\"ListItem\",\"position\":2,\"name\":\"Prof. Carlo Maiorana conf\u00e9rencier congr\u00e8s EACim 2021\"}]},{\"@type\":\"WebSite\",\"@id\":\"https:\/\/3c9a-d050ef7659ec.wptiger.fr\/#website\",\"url\":\"https:\/\/3c9a-d050ef7659ec.wptiger.fr\/\",\"name\":\"EACim\",\"description\":\"European Academy of Ceramic Implantology\",\"potentialAction\":[{\"@type\":\"SearchAction\",\"target\":{\"@type\":\"EntryPoint\",\"urlTemplate\":\"https:\/\/3c9a-d050ef7659ec.wptiger.fr\/?s={search_term_string}\"},\"query-input\":{\"@type\":\"PropertyValueSpecification\",\"valueRequired\":true,\"valueName\":\"search_term_string\"}}],\"inLanguage\":\"fr-FR\"}]}<\/script>\n<!-- \/ Yoast SEO plugin. -->","yoast_head_json":{"title":"Prof. Carlo Maiorana conf\u00e9rencier congr\u00e8s EACim 2021 - EACim","robots":{"index":"index","follow":"follow","max-snippet":"max-snippet:-1","max-image-preview":"max-image-preview:large","max-video-preview":"max-video-preview:-1"},"canonical":"https:\/\/eacim-ceramic-implantology.com\/fr\/prof-carlo-maiorana-conferencier-congres-eacim-2021\/","og_locale":"fr_FR","og_type":"article","og_title":"Prof. Carlo Maiorana conf\u00e9rencier congr\u00e8s EACim 2021 - EACim","og_url":"https:\/\/eacim-ceramic-implantology.com\/fr\/prof-carlo-maiorana-conferencier-congres-eacim-2021\/","og_site_name":"EACim","article_modified_time":"2021-05-31T08:28:46+00:00","og_image":[{"url":"https:\/\/eacim-ceramic-implantology.com\/wp-content\/uploads\/2019\/09\/MaioranaPsdt2020.png","type":"","width":"","height":""}],"twitter_card":"summary_large_image","twitter_misc":{"Dur\u00e9e de lecture estim\u00e9e":"1 minute"},"schema":{"@context":"https:\/\/schema.org","@graph":[{"@type":"WebPage","@id":"https:\/\/eacim-ceramic-implantology.com\/fr\/prof-carlo-maiorana-conferencier-congres-eacim-2021\/","url":"https:\/\/eacim-ceramic-implantology.com\/fr\/prof-carlo-maiorana-conferencier-congres-eacim-2021\/","name":"Prof. Carlo Maiorana conf\u00e9rencier congr\u00e8s EACim 2021 - EACim","isPartOf":{"@id":"https:\/\/3c9a-d050ef7659ec.wptiger.fr\/#website"},"primaryImageOfPage":{"@id":"https:\/\/eacim-ceramic-implantology.com\/fr\/prof-carlo-maiorana-conferencier-congres-eacim-2021\/#primaryimage"},"image":{"@id":"https:\/\/eacim-ceramic-implantology.com\/fr\/prof-carlo-maiorana-conferencier-congres-eacim-2021\/#primaryimage"},"thumbnailUrl":"https:\/\/eacim-ceramic-implantology.com\/wp-content\/uploads\/2019\/09\/MaioranaPsdt2020.png","datePublished":"2019-12-24T18:13:40+00:00","dateModified":"2021-05-31T08:28:46+00:00","breadcrumb":{"@id":"https:\/\/eacim-ceramic-implantology.com\/fr\/prof-carlo-maiorana-conferencier-congres-eacim-2021\/#breadcrumb"},"inLanguage":"fr-FR","potentialAction":[{"@type":"ReadAction","target":["https:\/\/eacim-ceramic-implantology.com\/fr\/prof-carlo-maiorana-conferencier-congres-eacim-2021\/"]}]},{"@type":"ImageObject","inLanguage":"fr-FR","@id":"https:\/\/eacim-ceramic-implantology.com\/fr\/prof-carlo-maiorana-conferencier-congres-eacim-2021\/#primaryimage","url":"https:\/\/eacim-ceramic-implantology.com\/wp-content\/uploads\/2019\/09\/MaioranaPsdt2020.png","contentUrl":"https:\/\/eacim-ceramic-implantology.com\/wp-content\/uploads\/2019\/09\/MaioranaPsdt2020.png"},{"@type":"BreadcrumbList","@id":"https:\/\/eacim-ceramic-implantology.com\/fr\/prof-carlo-maiorana-conferencier-congres-eacim-2021\/#breadcrumb","itemListElement":[{"@type":"ListItem","position":1,"name":"Accueil","item":"https:\/\/eacim-ceramic-implantology.com\/fr\/"},{"@type":"ListItem","position":2,"name":"Prof. Carlo Maiorana conf\u00e9rencier congr\u00e8s EACim 2021"}]},{"@type":"WebSite","@id":"https:\/\/3c9a-d050ef7659ec.wptiger.fr\/#website","url":"https:\/\/3c9a-d050ef7659ec.wptiger.fr\/","name":"EACim","description":"European Academy of Ceramic Implantology","potentialAction":[{"@type":"SearchAction","target":{"@type":"EntryPoint","urlTemplate":"https:\/\/3c9a-d050ef7659ec.wptiger.fr\/?s={search_term_string}"},"query-input":{"@type":"PropertyValueSpecification","valueRequired":true,"valueName":"search_term_string"}}],"inLanguage":"fr-FR"}]}},"_links":{"self":[{"href":"https:\/\/eacim-ceramic-implantology.com\/fr\/wp-json\/wp\/v2\/pages\/4877","targetHints":{"allow":["GET"]}}],"collection":[{"href":"https:\/\/eacim-ceramic-implantology.com\/fr\/wp-json\/wp\/v2\/pages"}],"about":[{"href":"https:\/\/eacim-ceramic-implantology.com\/fr\/wp-json\/wp\/v2\/types\/page"}],"author":[{"embeddable":true,"href":"https:\/\/eacim-ceramic-implantology.com\/fr\/wp-json\/wp\/v2\/users\/1"}],"replies":[{"embeddable":true,"href":"https:\/\/eacim-ceramic-implantology.com\/fr\/wp-json\/wp\/v2\/comments?post=4877"}],"version-history":[{"count":3,"href":"https:\/\/eacim-ceramic-implantology.com\/fr\/wp-json\/wp\/v2\/pages\/4877\/revisions"}],"predecessor-version":[{"id":7231,"href":"https:\/\/eacim-ceramic-implantology.com\/fr\/wp-json\/wp\/v2\/pages\/4877\/revisions\/7231"}],"wp:attachment":[{"href":"https:\/\/eacim-ceramic-implantology.com\/fr\/wp-json\/wp\/v2\/media?parent=4877"}],"curies":[{"name":"wp","href":"https:\/\/api.w.org\/{rel}","templated":true}]}}