{"id":5873,"date":"2020-09-18T16:08:06","date_gmt":"2020-09-18T14:08:06","guid":{"rendered":"https:\/\/eacim-ceramic-implantology.com\/dr-rouven-wagner-lecture-eacim-2021-congress\/"},"modified":"2021-08-01T12:10:04","modified_gmt":"2021-08-01T10:10:04","slug":"dr-rouven-wagner-conferencier-au-congres-eacim-2021","status":"publish","type":"page","link":"https:\/\/eacim-ceramic-implantology.com\/fr\/dr-rouven-wagner-conferencier-au-congres-eacim-2021\/","title":{"rendered":"Dr. Rouven Wagner  \u2013 Conf\u00e9rencier au congr\u00e8s EACim 2021"},"content":{"rendered":"<p><div class=\"fusion-fullwidth fullwidth-box fusion-builder-row-1 nonhundred-percent-fullwidth non-hundred-percent-height-scrolling\" style=\"--awb-border-radius-top-left:0px;--awb-border-radius-top-right:0px;--awb-border-radius-bottom-right:0px;--awb-border-radius-bottom-left:0px;--awb-flex-wrap:wrap;\" ><div class=\"fusion-builder-row fusion-row\"><div class=\"fusion-layout-column fusion_builder_column fusion-builder-column-0 fusion_builder_column_1_1 1_1 fusion-one-full fusion-column-first fusion-column-last\" style=\"--awb-bg-size:cover;--awb-margin-bottom:0px;\"><div class=\"fusion-column-wrapper fusion-flex-column-wrapper-legacy\"><div class=\"fusion-text fusion-text-1\"><h1><img decoding=\"async\" class=\" wp-image-5861 alignright\" src=\"https:\/\/eacim-ceramic-implantology.com\/wp-content\/uploads\/2020\/09\/trombi-conf-congres2021-Wagner.jpg\" alt=\"\" width=\"300\" height=\"293\" srcset=\"https:\/\/eacim-ceramic-implantology.com\/wp-content\/uploads\/2020\/09\/trombi-conf-congres2021-Wagner-200x196.jpg 200w, https:\/\/eacim-ceramic-implantology.com\/wp-content\/uploads\/2020\/09\/trombi-conf-congres2021-Wagner-300x293.jpg 300w, https:\/\/eacim-ceramic-implantology.com\/wp-content\/uploads\/2020\/09\/trombi-conf-congres2021-Wagner.jpg 369w\" sizes=\"(max-width: 300px) 100vw, 300px\" \/><strong>Dr. Rouven Wagner (Allemagne) <\/strong><\/h1>\n<p>2016 : Fondation de la clinique Hohenbuschei avec Dr. Sandra Wagner<br \/>\n2013 \u2013 2014 : \u00c9tudes de troisi\u00e8me cycle pour le Master of Science en Implantologie et Chirurgie Orale<br \/>\n2013 : Doctorat (Dr. med. dent.) sur le th\u00e8me \u00ab R\u00e9sultats \u00e0 long terme et complications tardives apr\u00e8s fractures zygomatiques et du plancher orbitaire \u00bb<br \/>\n2012 : Qualification en radioprotection pour la tomographie volumique num\u00e9rique (DVT)<br \/>\n2009 : \u00c9tude de fin d&rsquo;\u00e9tudes en m\u00e9decine dentaire et permis d&rsquo;exercice de la profession de dentiste<br \/>\n2008 : Cong\u00e9 sabbatique pour participer \u00e0 l&rsquo;aide au d\u00e9veloppement via le Dental Exchange Service (ZAD) aux Iles Cook<br \/>\n2004 \u2013 2009 : \u00c9tude de m\u00e9decine dentaire \u00e0 l&rsquo;Universit\u00e9 de Leipzig <\/p>\n<h3><span class=\"tlid-translation translation\" lang=\"fr\"><span class=\"\" title=\"\">Adh\u00e9sions<\/span><\/span><\/h3>\n<p>\u2022 Deutsche Gesellschaft f\u00fcr Zahn-, Mund- und Kieferheilkunde (DGZMK)<br \/>\n\u2022 Deutsche Gesellschaft f\u00fcr Sportzahnmedizin (DGSZM)<br \/>\n\u2022 Deutsche Gesellschaft f\u00fcr Implantologie im Zahn-, Mund- und Kieferbereich (DGI)<br \/>\n\u2022 International Team for Implantology (ITI)<br \/>\n\u2022 European Society for Ceramic Implantology (ESCI)<br \/>\n\u2022 Akademie Praxis und Wissenschaft (APW)<\/p>\n<\/div><div class=\"fusion-sep-clear\"><\/div><div class=\"fusion-separator fusion-full-width-sep\" style=\"margin-left: auto;margin-right: auto;margin-top:20px;margin-bottom:10px;width:100%;\"><div class=\"fusion-separator-border sep-double\" style=\"--awb-height:20px;--awb-amount:20px;border-color:#e0dede;border-top-width:0px;border-bottom-width:0px;\"><\/div><\/div><div class=\"fusion-sep-clear\"><\/div>\n<div class=\"fusion-text fusion-text-2\"><div class=\"fusion-text fusion-text-2\"><\/div>\n<h2><\/h2>\n<h2>\u00ab Une solution de restauration proth\u00e9tique complexe utilisant le syst\u00e8me implantaire Camlog CERALOG \u00bb &#8211; Congr\u00e8s EACim 2021<\/h2>\n<h3>R\u00e9sum\u00e9 de la conf\u00e9rence :<strong><br \/>\n<\/strong><\/h3>\n<p>Un patient de 73 ans, qui avait besoin d&rsquo;une nouvelle solution proth\u00e9tique pour sa m\u00e2choire inf\u00e9rieure, a visit\u00e9 notre clinique. Le patient avait re\u00e7u une proth\u00e8se amovible il y a 15 ans pour remplacer les dents lat\u00e9rales manquantes. Cependant, cela n&rsquo;offrait pas un soutien suffisant pour ces zones situ\u00e9es dans la m\u00e2choire inf\u00e9rieure.<br \/>\nGr\u00e2ce \u00e0 une nouvelle analyse gnathologique, une restauration de la m\u00e2choire inf\u00e9rieure a \u00e9t\u00e9 effectu\u00e9e, en utilisant des implants Ceralog pour fixer les nouvelles proth\u00e8ses en c\u00e9ramique.<\/p>\n<h4><strong><span class=\"tlid-translation translation\" lang=\"en\"><span class=\"\" title=\"\">Extrait de la conf\u00e9rence du Dr <\/span><\/span><\/strong><strong>Rouven Wagner<\/strong><strong><span class=\"tlid-translation translation\" lang=\"en\"><span class=\"\" title=\"\"> au congr\u00e8s EACim 2021<br \/>\n<\/span><\/span><\/strong><\/h4>\n<p data-wp-editing=\"1\">\n<\/div><div class=\"fusion-clearfix\"><\/div><\/div><\/div><\/div><\/div><div class=\"fusion-fullwidth fullwidth-box fusion-builder-row-2 nonhundred-percent-fullwidth non-hundred-percent-height-scrolling\" style=\"--awb-border-radius-top-left:0px;--awb-border-radius-top-right:0px;--awb-border-radius-bottom-right:0px;--awb-border-radius-bottom-left:0px;--awb-flex-wrap:wrap;\" ><div class=\"fusion-builder-row fusion-row\"><div class=\"fusion-layout-column fusion_builder_column fusion-builder-column-1 fusion_builder_column_1_1 1_1 fusion-one-full fusion-column-first fusion-column-last\" style=\"--awb-bg-size:cover;\"><div class=\"fusion-column-wrapper fusion-column-has-shadow fusion-flex-column-wrapper-legacy\"><div class=\"fusion-sep-clear\"><\/div><div class=\"fusion-separator fusion-full-width-sep\" style=\"margin-left: auto;margin-right: auto;margin-top:10px;margin-bottom:10px;width:100%;\"><\/div><div class=\"fusion-sep-clear\"><\/div><div class=\"fusion-aligncenter\"><a class=\"fusion-button button-flat button-large button-default fusion-button-default button-1 fusion-button-default-span fusion-button-default-type\" target=\"_self\" href=\"\/event\/2nd-eacim-congress-in-brussels-large-reconstruction-with-ceramic-implants\/\"><span class=\"fusion-button-text awb-button__text awb-button__text--default\">Go back to congress page \/ retour \u00e0 la page Congr\u00e8s<\/span><\/a><\/div><div class=\"fusion-clearfix\"><\/div><\/div><\/div>\n<\/div><\/div>\n<\/p>\n","protected":false},"excerpt":{"rendered":"","protected":false},"author":1,"featured_media":0,"parent":0,"menu_order":0,"comment_status":"closed","ping_status":"closed","template":"","meta":{"_price":"","_stock":"","_tribe_ticket_header":"","_tribe_default_ticket_provider":"","_tribe_ticket_capacity":"0","_ticket_start_date":"","_ticket_end_date":"","_tribe_ticket_show_description":"","_tribe_ticket_show_not_going":false,"_tribe_ticket_use_global_stock":"","_tribe_ticket_global_stock_level":"","_global_stock_mode":"","_global_stock_cap":"","_tribe_rsvp_for_event":"","_tribe_ticket_going_count":"","_tribe_ticket_not_going_count":"","_tribe_tickets_list":"[]","_tribe_ticket_has_attendee_info_fields":false,"footnotes":""},"class_list":["post-5873","page","type-page","status-publish","hentry"],"yoast_head":"<!-- This site is optimized with the Yoast SEO plugin v26.4 - https:\/\/yoast.com\/wordpress\/plugins\/seo\/ -->\n<title>Dr. Rouven Wagner \u2013 Conf\u00e9rencier au congr\u00e8s EACim 2021 - EACim<\/title>\n<meta name=\"robots\" content=\"index, follow, max-snippet:-1, max-image-preview:large, max-video-preview:-1\" \/>\n<link rel=\"canonical\" href=\"https:\/\/eacim-ceramic-implantology.com\/fr\/dr-rouven-wagner-conferencier-au-congres-eacim-2021\/\" \/>\n<meta property=\"og:locale\" content=\"fr_FR\" \/>\n<meta property=\"og:type\" content=\"article\" \/>\n<meta property=\"og:title\" content=\"Dr. Rouven Wagner \u2013 Conf\u00e9rencier au congr\u00e8s EACim 2021 - EACim\" \/>\n<meta property=\"og:url\" content=\"https:\/\/eacim-ceramic-implantology.com\/fr\/dr-rouven-wagner-conferencier-au-congres-eacim-2021\/\" \/>\n<meta property=\"og:site_name\" content=\"EACim\" \/>\n<meta property=\"article:modified_time\" content=\"2021-08-01T10:10:04+00:00\" \/>\n<meta property=\"og:image\" content=\"https:\/\/eacim-ceramic-implantology.com\/wp-content\/uploads\/2020\/09\/trombi-conf-congres2021-Wagner.jpg\" \/>\n<meta name=\"twitter:card\" content=\"summary_large_image\" \/>\n<meta name=\"twitter:label1\" content=\"Dur\u00e9e de lecture estim\u00e9e\" \/>\n\t<meta name=\"twitter:data1\" content=\"2 minutes\" \/>\n<script type=\"application\/ld+json\" class=\"yoast-schema-graph\">{\"@context\":\"https:\/\/schema.org\",\"@graph\":[{\"@type\":\"WebPage\",\"@id\":\"https:\/\/eacim-ceramic-implantology.com\/fr\/dr-rouven-wagner-conferencier-au-congres-eacim-2021\/\",\"url\":\"https:\/\/eacim-ceramic-implantology.com\/fr\/dr-rouven-wagner-conferencier-au-congres-eacim-2021\/\",\"name\":\"Dr. Rouven Wagner \u2013 Conf\u00e9rencier au congr\u00e8s EACim 2021 - EACim\",\"isPartOf\":{\"@id\":\"https:\/\/3c9a-d050ef7659ec.wptiger.fr\/#website\"},\"primaryImageOfPage\":{\"@id\":\"https:\/\/eacim-ceramic-implantology.com\/fr\/dr-rouven-wagner-conferencier-au-congres-eacim-2021\/#primaryimage\"},\"image\":{\"@id\":\"https:\/\/eacim-ceramic-implantology.com\/fr\/dr-rouven-wagner-conferencier-au-congres-eacim-2021\/#primaryimage\"},\"thumbnailUrl\":\"https:\/\/eacim-ceramic-implantology.com\/wp-content\/uploads\/2020\/09\/trombi-conf-congres2021-Wagner.jpg\",\"datePublished\":\"2020-09-18T14:08:06+00:00\",\"dateModified\":\"2021-08-01T10:10:04+00:00\",\"breadcrumb\":{\"@id\":\"https:\/\/eacim-ceramic-implantology.com\/fr\/dr-rouven-wagner-conferencier-au-congres-eacim-2021\/#breadcrumb\"},\"inLanguage\":\"fr-FR\",\"potentialAction\":[{\"@type\":\"ReadAction\",\"target\":[\"https:\/\/eacim-ceramic-implantology.com\/fr\/dr-rouven-wagner-conferencier-au-congres-eacim-2021\/\"]}]},{\"@type\":\"ImageObject\",\"inLanguage\":\"fr-FR\",\"@id\":\"https:\/\/eacim-ceramic-implantology.com\/fr\/dr-rouven-wagner-conferencier-au-congres-eacim-2021\/#primaryimage\",\"url\":\"https:\/\/eacim-ceramic-implantology.com\/wp-content\/uploads\/2020\/09\/trombi-conf-congres2021-Wagner.jpg\",\"contentUrl\":\"https:\/\/eacim-ceramic-implantology.com\/wp-content\/uploads\/2020\/09\/trombi-conf-congres2021-Wagner.jpg\"},{\"@type\":\"BreadcrumbList\",\"@id\":\"https:\/\/eacim-ceramic-implantology.com\/fr\/dr-rouven-wagner-conferencier-au-congres-eacim-2021\/#breadcrumb\",\"itemListElement\":[{\"@type\":\"ListItem\",\"position\":1,\"name\":\"Accueil\",\"item\":\"https:\/\/eacim-ceramic-implantology.com\/fr\/\"},{\"@type\":\"ListItem\",\"position\":2,\"name\":\"Dr. Rouven Wagner \u2013 Conf\u00e9rencier au congr\u00e8s EACim 2021\"}]},{\"@type\":\"WebSite\",\"@id\":\"https:\/\/3c9a-d050ef7659ec.wptiger.fr\/#website\",\"url\":\"https:\/\/3c9a-d050ef7659ec.wptiger.fr\/\",\"name\":\"EACim\",\"description\":\"European Academy of Ceramic Implantology\",\"potentialAction\":[{\"@type\":\"SearchAction\",\"target\":{\"@type\":\"EntryPoint\",\"urlTemplate\":\"https:\/\/3c9a-d050ef7659ec.wptiger.fr\/?s={search_term_string}\"},\"query-input\":{\"@type\":\"PropertyValueSpecification\",\"valueRequired\":true,\"valueName\":\"search_term_string\"}}],\"inLanguage\":\"fr-FR\"}]}<\/script>\n<!-- \/ Yoast SEO plugin. -->","yoast_head_json":{"title":"Dr. Rouven Wagner \u2013 Conf\u00e9rencier au congr\u00e8s EACim 2021 - EACim","robots":{"index":"index","follow":"follow","max-snippet":"max-snippet:-1","max-image-preview":"max-image-preview:large","max-video-preview":"max-video-preview:-1"},"canonical":"https:\/\/eacim-ceramic-implantology.com\/fr\/dr-rouven-wagner-conferencier-au-congres-eacim-2021\/","og_locale":"fr_FR","og_type":"article","og_title":"Dr. Rouven Wagner \u2013 Conf\u00e9rencier au congr\u00e8s EACim 2021 - EACim","og_url":"https:\/\/eacim-ceramic-implantology.com\/fr\/dr-rouven-wagner-conferencier-au-congres-eacim-2021\/","og_site_name":"EACim","article_modified_time":"2021-08-01T10:10:04+00:00","og_image":[{"url":"https:\/\/eacim-ceramic-implantology.com\/wp-content\/uploads\/2020\/09\/trombi-conf-congres2021-Wagner.jpg","type":"","width":"","height":""}],"twitter_card":"summary_large_image","twitter_misc":{"Dur\u00e9e de lecture estim\u00e9e":"2 minutes"},"schema":{"@context":"https:\/\/schema.org","@graph":[{"@type":"WebPage","@id":"https:\/\/eacim-ceramic-implantology.com\/fr\/dr-rouven-wagner-conferencier-au-congres-eacim-2021\/","url":"https:\/\/eacim-ceramic-implantology.com\/fr\/dr-rouven-wagner-conferencier-au-congres-eacim-2021\/","name":"Dr. Rouven Wagner \u2013 Conf\u00e9rencier au congr\u00e8s EACim 2021 - EACim","isPartOf":{"@id":"https:\/\/3c9a-d050ef7659ec.wptiger.fr\/#website"},"primaryImageOfPage":{"@id":"https:\/\/eacim-ceramic-implantology.com\/fr\/dr-rouven-wagner-conferencier-au-congres-eacim-2021\/#primaryimage"},"image":{"@id":"https:\/\/eacim-ceramic-implantology.com\/fr\/dr-rouven-wagner-conferencier-au-congres-eacim-2021\/#primaryimage"},"thumbnailUrl":"https:\/\/eacim-ceramic-implantology.com\/wp-content\/uploads\/2020\/09\/trombi-conf-congres2021-Wagner.jpg","datePublished":"2020-09-18T14:08:06+00:00","dateModified":"2021-08-01T10:10:04+00:00","breadcrumb":{"@id":"https:\/\/eacim-ceramic-implantology.com\/fr\/dr-rouven-wagner-conferencier-au-congres-eacim-2021\/#breadcrumb"},"inLanguage":"fr-FR","potentialAction":[{"@type":"ReadAction","target":["https:\/\/eacim-ceramic-implantology.com\/fr\/dr-rouven-wagner-conferencier-au-congres-eacim-2021\/"]}]},{"@type":"ImageObject","inLanguage":"fr-FR","@id":"https:\/\/eacim-ceramic-implantology.com\/fr\/dr-rouven-wagner-conferencier-au-congres-eacim-2021\/#primaryimage","url":"https:\/\/eacim-ceramic-implantology.com\/wp-content\/uploads\/2020\/09\/trombi-conf-congres2021-Wagner.jpg","contentUrl":"https:\/\/eacim-ceramic-implantology.com\/wp-content\/uploads\/2020\/09\/trombi-conf-congres2021-Wagner.jpg"},{"@type":"BreadcrumbList","@id":"https:\/\/eacim-ceramic-implantology.com\/fr\/dr-rouven-wagner-conferencier-au-congres-eacim-2021\/#breadcrumb","itemListElement":[{"@type":"ListItem","position":1,"name":"Accueil","item":"https:\/\/eacim-ceramic-implantology.com\/fr\/"},{"@type":"ListItem","position":2,"name":"Dr. Rouven Wagner \u2013 Conf\u00e9rencier au congr\u00e8s EACim 2021"}]},{"@type":"WebSite","@id":"https:\/\/3c9a-d050ef7659ec.wptiger.fr\/#website","url":"https:\/\/3c9a-d050ef7659ec.wptiger.fr\/","name":"EACim","description":"European Academy of Ceramic Implantology","potentialAction":[{"@type":"SearchAction","target":{"@type":"EntryPoint","urlTemplate":"https:\/\/3c9a-d050ef7659ec.wptiger.fr\/?s={search_term_string}"},"query-input":{"@type":"PropertyValueSpecification","valueRequired":true,"valueName":"search_term_string"}}],"inLanguage":"fr-FR"}]}},"_links":{"self":[{"href":"https:\/\/eacim-ceramic-implantology.com\/fr\/wp-json\/wp\/v2\/pages\/5873","targetHints":{"allow":["GET"]}}],"collection":[{"href":"https:\/\/eacim-ceramic-implantology.com\/fr\/wp-json\/wp\/v2\/pages"}],"about":[{"href":"https:\/\/eacim-ceramic-implantology.com\/fr\/wp-json\/wp\/v2\/types\/page"}],"author":[{"embeddable":true,"href":"https:\/\/eacim-ceramic-implantology.com\/fr\/wp-json\/wp\/v2\/users\/1"}],"replies":[{"embeddable":true,"href":"https:\/\/eacim-ceramic-implantology.com\/fr\/wp-json\/wp\/v2\/comments?post=5873"}],"version-history":[{"count":5,"href":"https:\/\/eacim-ceramic-implantology.com\/fr\/wp-json\/wp\/v2\/pages\/5873\/revisions"}],"predecessor-version":[{"id":7523,"href":"https:\/\/eacim-ceramic-implantology.com\/fr\/wp-json\/wp\/v2\/pages\/5873\/revisions\/7523"}],"wp:attachment":[{"href":"https:\/\/eacim-ceramic-implantology.com\/fr\/wp-json\/wp\/v2\/media?parent=5873"}],"curies":[{"name":"wp","href":"https:\/\/api.w.org\/{rel}","templated":true}]}}