{"id":7245,"date":"2021-06-01T17:49:53","date_gmt":"2021-06-01T15:49:53","guid":{"rendered":"https:\/\/eacim-ceramic-implantology.com\/dr-pedro-santos-silva-lecture-eacim-2021-congress\/"},"modified":"2021-06-04T16:56:58","modified_gmt":"2021-06-04T14:56:58","slug":"dr-pedro-santos-silva-lecture-eacim-2021-congress","status":"publish","type":"page","link":"https:\/\/eacim-ceramic-implantology.com\/fr\/dr-pedro-santos-silva-lecture-eacim-2021-congress\/","title":{"rendered":"Conf\u00e9rence de Dr Pedro Santos Silva &#8211; Congr\u00e8s EACim 2021"},"content":{"rendered":"<p><div class=\"fusion-fullwidth fullwidth-box fusion-builder-row-1 nonhundred-percent-fullwidth non-hundred-percent-height-scrolling\" style=\"--awb-border-radius-top-left:0px;--awb-border-radius-top-right:0px;--awb-border-radius-bottom-right:0px;--awb-border-radius-bottom-left:0px;--awb-flex-wrap:wrap;\" ><div class=\"fusion-builder-row fusion-row\"><div class=\"fusion-layout-column fusion_builder_column fusion-builder-column-0 fusion_builder_column_1_1 1_1 fusion-one-full fusion-column-first fusion-column-last\" style=\"--awb-bg-size:cover;--awb-margin-bottom:0px;\"><div class=\"fusion-column-wrapper fusion-flex-column-wrapper-legacy\"><div class=\"fusion-text fusion-text-1\"><h1><img decoding=\"async\" class=\"size-full wp-image-7237 alignright\" src=\"https:\/\/eacim-ceramic-implantology.com\/wp-content\/uploads\/2021\/06\/silva-pt.jpg\" alt=\"\" width=\"324\" height=\"324\" srcset=\"https:\/\/eacim-ceramic-implantology.com\/wp-content\/uploads\/2021\/06\/silva-pt-66x66.jpg 66w, https:\/\/eacim-ceramic-implantology.com\/wp-content\/uploads\/2021\/06\/silva-pt-100x100.jpg 100w, https:\/\/eacim-ceramic-implantology.com\/wp-content\/uploads\/2021\/06\/silva-pt-150x150.jpg 150w, https:\/\/eacim-ceramic-implantology.com\/wp-content\/uploads\/2021\/06\/silva-pt-200x200.jpg 200w, https:\/\/eacim-ceramic-implantology.com\/wp-content\/uploads\/2021\/06\/silva-pt-300x300.jpg 300w, https:\/\/eacim-ceramic-implantology.com\/wp-content\/uploads\/2021\/06\/silva-pt.jpg 324w\" sizes=\"(max-width: 324px) 100vw, 324px\" \/><strong>Dr Pedro Santos Silva (Portugal)<\/strong><\/h1>\n<ul>\n<li>Dipl\u00f4m\u00e9 DDS, ISCSN-CESPU, Portugal<\/li>\n<li>Directeur de Clinique au centre m\u00e9dical S.Tiago, Portugal<\/li>\n<li>Sp\u00e9cialiste reconnu en chirurgie orale par l&rsquo;OMD, Portugal<\/li>\n<li>aster en implantologie et parodontologie, College of Dentistry (New York, USA)<\/li>\n<li>Master en implantologie orale &#8211; Universit\u00e9 de S\u00e9ville, Espagne.<\/li>\n<li>Dipl\u00f4me sup\u00e9rieur en implantologie orale avanc\u00e9e &#8211; Universit\u00e9 de S\u00e9ville, Espagne.<\/li>\n<li>Sp\u00e9cialiste en implantologie esth\u00e9tique, r\u00e9g\u00e9n\u00e9ration et parodontologie avanc\u00e9e (Madrid, Espagne)<\/li>\n<li>Cours d&rsquo;esth\u00e9tique, de greffe et de gestion des tissus mous- gIDE (Global Institute Dental Education) (Los Angeles, USA)<\/li>\n<li>Cours sp\u00e9cialis\u00e9 en implantologie zygomatique (S\u00e3o Paulo, Br\u00e9sil)<\/li>\n<li>Conf\u00e9rencier dans des cours internationaux d&rsquo;implantologie et de parodontologie<\/li>\n<\/ul>\n<h3><\/h3>\n<\/div><div class=\"fusion-sep-clear\"><\/div><div class=\"fusion-separator fusion-full-width-sep\" style=\"margin-left: auto;margin-right: auto;margin-top:20px;margin-bottom:10px;width:100%;\"><div class=\"fusion-separator-border sep-double\" style=\"--awb-height:20px;--awb-amount:20px;border-color:#e0dede;border-top-width:0px;border-bottom-width:0px;\"><\/div><\/div><div class=\"fusion-sep-clear\"><\/div>\n<div class=\"fusion-text fusion-text-2\"><h2>Bioint\u00e9gration compl\u00e8te et flexibilit\u00e9 de la restauration &#8211; congr\u00e8s EACim 2021<\/h2>\n<h3><strong>R\u00e9sum\u00e9 :<br \/>\n<\/strong><\/h3>\n<p>La bio-int\u00e9gration, l&rsquo;int\u00e9gration des tissus durs et mous, est une condition pr\u00e9alable au succ\u00e8s \u00e0 long terme.<br \/>\nAu cours de cette conf\u00e9rence, le Dr Silva vous pr\u00e9sentera quelques cas importants avec des implants en deux parties afin de montrer les possibilit\u00e9s de restauration avec les implants en zircone. Les implants en zircone conviennent aux restaurations d&rsquo;arcades compl\u00e8tes si la flexibilit\u00e9 proth\u00e9tique est assur\u00e9e par le syst\u00e8me. Outre les cas importants, le conf\u00e9rencier pr\u00e9sentera \u00e9galement un flux de travail num\u00e9rique unique d&rsquo;un syst\u00e8me \u00e0 deux pi\u00e8ces sans scan bodies.<\/p>\n<\/div><div class=\"fusion-clearfix\"><\/div><\/div><\/div><\/div><\/div><div class=\"fusion-fullwidth fullwidth-box fusion-builder-row-2 nonhundred-percent-fullwidth non-hundred-percent-height-scrolling\" style=\"--awb-border-radius-top-left:0px;--awb-border-radius-top-right:0px;--awb-border-radius-bottom-right:0px;--awb-border-radius-bottom-left:0px;--awb-flex-wrap:wrap;\" ><div class=\"fusion-builder-row fusion-row\"><div class=\"fusion-layout-column fusion_builder_column fusion-builder-column-1 fusion_builder_column_1_1 1_1 fusion-one-full fusion-column-first fusion-column-last\" style=\"--awb-bg-size:cover;\"><div class=\"fusion-column-wrapper fusion-column-has-shadow fusion-flex-column-wrapper-legacy\"><div class=\"fusion-sep-clear\"><\/div><div class=\"fusion-separator fusion-full-width-sep\" style=\"margin-left: auto;margin-right: auto;margin-top:10px;margin-bottom:10px;width:100%;\"><\/div><div class=\"fusion-sep-clear\"><\/div><div class=\"fusion-aligncenter\"><a class=\"fusion-button button-flat button-large button-default fusion-button-default button-1 fusion-button-default-span fusion-button-default-type\" target=\"_self\" href=\"\/event\/2nd-eacim-congress-in-brussels-large-reconstruction-with-ceramic-implants\/\"><span class=\"fusion-button-text awb-button__text awb-button__text--default\">Go back to congress page \/ retour \u00e0 la page Congr\u00e8s<\/span><\/a><\/div><div class=\"fusion-clearfix\"><\/div><\/div><\/div>\n<\/div><\/div>\n<\/p>\n","protected":false},"excerpt":{"rendered":"","protected":false},"author":1,"featured_media":0,"parent":0,"menu_order":0,"comment_status":"closed","ping_status":"closed","template":"","meta":{"_price":"","_stock":"","_tribe_ticket_header":"","_tribe_default_ticket_provider":"","_tribe_ticket_capacity":"0","_ticket_start_date":"","_ticket_end_date":"","_tribe_ticket_show_description":"","_tribe_ticket_show_not_going":false,"_tribe_ticket_use_global_stock":"","_tribe_ticket_global_stock_level":"","_global_stock_mode":"","_global_stock_cap":"","_tribe_rsvp_for_event":"","_tribe_ticket_going_count":"","_tribe_ticket_not_going_count":"","_tribe_tickets_list":"[]","_tribe_ticket_has_attendee_info_fields":false,"footnotes":""},"class_list":["post-7245","page","type-page","status-publish","hentry"],"yoast_head":"<!-- This site is optimized with the Yoast SEO plugin v26.4 - https:\/\/yoast.com\/wordpress\/plugins\/seo\/ -->\n<title>Conf\u00e9rence de Dr Pedro Santos Silva - Congr\u00e8s EACim 2021 - EACim<\/title>\n<meta name=\"description\" content=\"All about his lecture in EACim congress: \u201cComplete biointegration and restorative flexibility \u201d\" \/>\n<meta name=\"robots\" content=\"index, follow, max-snippet:-1, max-image-preview:large, max-video-preview:-1\" \/>\n<link rel=\"canonical\" href=\"https:\/\/eacim-ceramic-implantology.com\/fr\/dr-pedro-santos-silva-lecture-eacim-2021-congress\/\" \/>\n<meta property=\"og:locale\" content=\"fr_FR\" \/>\n<meta property=\"og:type\" content=\"article\" \/>\n<meta property=\"og:title\" content=\"Conf\u00e9rence de Dr Pedro Santos Silva - Congr\u00e8s EACim 2021 - EACim\" \/>\n<meta property=\"og:description\" content=\"All about his lecture in EACim congress: \u201cComplete biointegration and restorative flexibility \u201d\" \/>\n<meta property=\"og:url\" content=\"https:\/\/eacim-ceramic-implantology.com\/fr\/dr-pedro-santos-silva-lecture-eacim-2021-congress\/\" \/>\n<meta property=\"og:site_name\" content=\"EACim\" \/>\n<meta property=\"article:modified_time\" content=\"2021-06-04T14:56:58+00:00\" \/>\n<meta property=\"og:image\" content=\"https:\/\/eacim-ceramic-implantology.com\/wp-content\/uploads\/2021\/06\/silva-pt.jpg\" \/>\n<meta name=\"twitter:card\" content=\"summary_large_image\" \/>\n<meta name=\"twitter:label1\" content=\"Dur\u00e9e de lecture estim\u00e9e\" \/>\n\t<meta name=\"twitter:data1\" content=\"3 minutes\" \/>\n<script type=\"application\/ld+json\" class=\"yoast-schema-graph\">{\"@context\":\"https:\/\/schema.org\",\"@graph\":[{\"@type\":\"WebPage\",\"@id\":\"https:\/\/eacim-ceramic-implantology.com\/fr\/dr-pedro-santos-silva-lecture-eacim-2021-congress\/\",\"url\":\"https:\/\/eacim-ceramic-implantology.com\/fr\/dr-pedro-santos-silva-lecture-eacim-2021-congress\/\",\"name\":\"Conf\u00e9rence de Dr Pedro Santos Silva - Congr\u00e8s EACim 2021 - EACim\",\"isPartOf\":{\"@id\":\"https:\/\/3c9a-d050ef7659ec.wptiger.fr\/#website\"},\"primaryImageOfPage\":{\"@id\":\"https:\/\/eacim-ceramic-implantology.com\/fr\/dr-pedro-santos-silva-lecture-eacim-2021-congress\/#primaryimage\"},\"image\":{\"@id\":\"https:\/\/eacim-ceramic-implantology.com\/fr\/dr-pedro-santos-silva-lecture-eacim-2021-congress\/#primaryimage\"},\"thumbnailUrl\":\"https:\/\/eacim-ceramic-implantology.com\/wp-content\/uploads\/2021\/06\/silva-pt.jpg\",\"datePublished\":\"2021-06-01T15:49:53+00:00\",\"dateModified\":\"2021-06-04T14:56:58+00:00\",\"description\":\"All about his lecture in EACim congress: \u201cComplete biointegration and restorative flexibility \u201d\",\"breadcrumb\":{\"@id\":\"https:\/\/eacim-ceramic-implantology.com\/fr\/dr-pedro-santos-silva-lecture-eacim-2021-congress\/#breadcrumb\"},\"inLanguage\":\"fr-FR\",\"potentialAction\":[{\"@type\":\"ReadAction\",\"target\":[\"https:\/\/eacim-ceramic-implantology.com\/fr\/dr-pedro-santos-silva-lecture-eacim-2021-congress\/\"]}]},{\"@type\":\"ImageObject\",\"inLanguage\":\"fr-FR\",\"@id\":\"https:\/\/eacim-ceramic-implantology.com\/fr\/dr-pedro-santos-silva-lecture-eacim-2021-congress\/#primaryimage\",\"url\":\"https:\/\/eacim-ceramic-implantology.com\/wp-content\/uploads\/2021\/06\/silva-pt.jpg\",\"contentUrl\":\"https:\/\/eacim-ceramic-implantology.com\/wp-content\/uploads\/2021\/06\/silva-pt.jpg\"},{\"@type\":\"BreadcrumbList\",\"@id\":\"https:\/\/eacim-ceramic-implantology.com\/fr\/dr-pedro-santos-silva-lecture-eacim-2021-congress\/#breadcrumb\",\"itemListElement\":[{\"@type\":\"ListItem\",\"position\":1,\"name\":\"Accueil\",\"item\":\"https:\/\/eacim-ceramic-implantology.com\/fr\/\"},{\"@type\":\"ListItem\",\"position\":2,\"name\":\"Conf\u00e9rence de Dr Pedro Santos Silva &#8211; Congr\u00e8s EACim 2021\"}]},{\"@type\":\"WebSite\",\"@id\":\"https:\/\/3c9a-d050ef7659ec.wptiger.fr\/#website\",\"url\":\"https:\/\/3c9a-d050ef7659ec.wptiger.fr\/\",\"name\":\"EACim\",\"description\":\"European Academy of Ceramic Implantology\",\"potentialAction\":[{\"@type\":\"SearchAction\",\"target\":{\"@type\":\"EntryPoint\",\"urlTemplate\":\"https:\/\/3c9a-d050ef7659ec.wptiger.fr\/?s={search_term_string}\"},\"query-input\":{\"@type\":\"PropertyValueSpecification\",\"valueRequired\":true,\"valueName\":\"search_term_string\"}}],\"inLanguage\":\"fr-FR\"}]}<\/script>\n<!-- \/ Yoast SEO plugin. -->","yoast_head_json":{"title":"Conf\u00e9rence de Dr Pedro Santos Silva - Congr\u00e8s EACim 2021 - EACim","description":"All about his lecture in EACim congress: \u201cComplete biointegration and restorative flexibility \u201d","robots":{"index":"index","follow":"follow","max-snippet":"max-snippet:-1","max-image-preview":"max-image-preview:large","max-video-preview":"max-video-preview:-1"},"canonical":"https:\/\/eacim-ceramic-implantology.com\/fr\/dr-pedro-santos-silva-lecture-eacim-2021-congress\/","og_locale":"fr_FR","og_type":"article","og_title":"Conf\u00e9rence de Dr Pedro Santos Silva - Congr\u00e8s EACim 2021 - EACim","og_description":"All about his lecture in EACim congress: \u201cComplete biointegration and restorative flexibility \u201d","og_url":"https:\/\/eacim-ceramic-implantology.com\/fr\/dr-pedro-santos-silva-lecture-eacim-2021-congress\/","og_site_name":"EACim","article_modified_time":"2021-06-04T14:56:58+00:00","og_image":[{"url":"https:\/\/eacim-ceramic-implantology.com\/wp-content\/uploads\/2021\/06\/silva-pt.jpg","type":"","width":"","height":""}],"twitter_card":"summary_large_image","twitter_misc":{"Dur\u00e9e de lecture estim\u00e9e":"3 minutes"},"schema":{"@context":"https:\/\/schema.org","@graph":[{"@type":"WebPage","@id":"https:\/\/eacim-ceramic-implantology.com\/fr\/dr-pedro-santos-silva-lecture-eacim-2021-congress\/","url":"https:\/\/eacim-ceramic-implantology.com\/fr\/dr-pedro-santos-silva-lecture-eacim-2021-congress\/","name":"Conf\u00e9rence de Dr Pedro Santos Silva - Congr\u00e8s EACim 2021 - EACim","isPartOf":{"@id":"https:\/\/3c9a-d050ef7659ec.wptiger.fr\/#website"},"primaryImageOfPage":{"@id":"https:\/\/eacim-ceramic-implantology.com\/fr\/dr-pedro-santos-silva-lecture-eacim-2021-congress\/#primaryimage"},"image":{"@id":"https:\/\/eacim-ceramic-implantology.com\/fr\/dr-pedro-santos-silva-lecture-eacim-2021-congress\/#primaryimage"},"thumbnailUrl":"https:\/\/eacim-ceramic-implantology.com\/wp-content\/uploads\/2021\/06\/silva-pt.jpg","datePublished":"2021-06-01T15:49:53+00:00","dateModified":"2021-06-04T14:56:58+00:00","description":"All about his lecture in EACim congress: \u201cComplete biointegration and restorative flexibility \u201d","breadcrumb":{"@id":"https:\/\/eacim-ceramic-implantology.com\/fr\/dr-pedro-santos-silva-lecture-eacim-2021-congress\/#breadcrumb"},"inLanguage":"fr-FR","potentialAction":[{"@type":"ReadAction","target":["https:\/\/eacim-ceramic-implantology.com\/fr\/dr-pedro-santos-silva-lecture-eacim-2021-congress\/"]}]},{"@type":"ImageObject","inLanguage":"fr-FR","@id":"https:\/\/eacim-ceramic-implantology.com\/fr\/dr-pedro-santos-silva-lecture-eacim-2021-congress\/#primaryimage","url":"https:\/\/eacim-ceramic-implantology.com\/wp-content\/uploads\/2021\/06\/silva-pt.jpg","contentUrl":"https:\/\/eacim-ceramic-implantology.com\/wp-content\/uploads\/2021\/06\/silva-pt.jpg"},{"@type":"BreadcrumbList","@id":"https:\/\/eacim-ceramic-implantology.com\/fr\/dr-pedro-santos-silva-lecture-eacim-2021-congress\/#breadcrumb","itemListElement":[{"@type":"ListItem","position":1,"name":"Accueil","item":"https:\/\/eacim-ceramic-implantology.com\/fr\/"},{"@type":"ListItem","position":2,"name":"Conf\u00e9rence de Dr Pedro Santos Silva &#8211; Congr\u00e8s EACim 2021"}]},{"@type":"WebSite","@id":"https:\/\/3c9a-d050ef7659ec.wptiger.fr\/#website","url":"https:\/\/3c9a-d050ef7659ec.wptiger.fr\/","name":"EACim","description":"European Academy of Ceramic Implantology","potentialAction":[{"@type":"SearchAction","target":{"@type":"EntryPoint","urlTemplate":"https:\/\/3c9a-d050ef7659ec.wptiger.fr\/?s={search_term_string}"},"query-input":{"@type":"PropertyValueSpecification","valueRequired":true,"valueName":"search_term_string"}}],"inLanguage":"fr-FR"}]}},"_links":{"self":[{"href":"https:\/\/eacim-ceramic-implantology.com\/fr\/wp-json\/wp\/v2\/pages\/7245","targetHints":{"allow":["GET"]}}],"collection":[{"href":"https:\/\/eacim-ceramic-implantology.com\/fr\/wp-json\/wp\/v2\/pages"}],"about":[{"href":"https:\/\/eacim-ceramic-implantology.com\/fr\/wp-json\/wp\/v2\/types\/page"}],"author":[{"embeddable":true,"href":"https:\/\/eacim-ceramic-implantology.com\/fr\/wp-json\/wp\/v2\/users\/1"}],"replies":[{"embeddable":true,"href":"https:\/\/eacim-ceramic-implantology.com\/fr\/wp-json\/wp\/v2\/comments?post=7245"}],"version-history":[{"count":5,"href":"https:\/\/eacim-ceramic-implantology.com\/fr\/wp-json\/wp\/v2\/pages\/7245\/revisions"}],"predecessor-version":[{"id":7314,"href":"https:\/\/eacim-ceramic-implantology.com\/fr\/wp-json\/wp\/v2\/pages\/7245\/revisions\/7314"}],"wp:attachment":[{"href":"https:\/\/eacim-ceramic-implantology.com\/fr\/wp-json\/wp\/v2\/media?parent=7245"}],"curies":[{"name":"wp","href":"https:\/\/api.w.org\/{rel}","templated":true}]}}