{"id":9012,"date":"2022-10-29T14:23:46","date_gmt":"2022-10-29T12:23:46","guid":{"rendered":"https:\/\/eacim-ceramic-implantology.com\/conference-du-dr-fabrice-baudot-congres-eacim-2023\/"},"modified":"2022-10-29T16:37:59","modified_gmt":"2022-10-29T14:37:59","slug":"conference-du-dr-fabrice-baudot-congres-eacim-2023","status":"publish","type":"page","link":"https:\/\/eacim-ceramic-implantology.com\/fr\/conference-du-dr-fabrice-baudot-congres-eacim-2023\/","title":{"rendered":"Conf\u00e9rence du Dr Fabrice BAUDOT &#8211; Congr\u00e8s EACim 2023"},"content":{"rendered":"<h1><em><img decoding=\"async\" class=\"size-full wp-image-1540 alignright\" src=\"https:\/\/eacim-ceramic-implantology.com\/wp-content\/uploads\/2018\/11\/trombi-EACim-baudot.gif\" alt=\"Fabrice BAUDOT, membre fondateur d'EACim\" width=\"300\" height=\"300\" \/>Dr Fabrice BAUDOT \u2013 France<br \/>\n<\/em><\/h1>\n<ul>\n<li>DDS<\/li>\n<li>Master of Science en biologie et m\u00e9decine<\/li>\n<li>Certificat d&rsquo;\u00e9tudes sup\u00e9rieures en parodontologie<\/li>\n<li>Dipl\u00f4me universitaire en parodontologie et implantologie (Paris VII)<\/li>\n<\/ul>\n<p><strong>Specialit\u00e9s:<\/strong><\/p>\n<ul>\n<li>Microchirurgie parodontale<\/li>\n<li>Implantologie<\/li>\n<li>Chirurgie orale LASER Er-Yag<\/li>\n<\/ul>\n<p><strong>Fonctions:<\/strong><strong>\u00a0<\/strong><\/p>\n<ul>\n<li>Fondateur de l&rsquo;IMCP (Institut de microchirurgie parodontale)<\/li>\n<li>Membre fondateur et directeur scientifique de l&rsquo;EACim(European Academy of Ceramic Implantology)<\/li>\n<\/ul>\n<p>&nbsp;<\/p>\n<div class=\"fusion-button-wrapper\"><a class=\"fusion-button button-flat button-medium button-custom fusion-button-default button-1 fusion-button-default-span fusion-button-default-type\" style=\"--button_accent_color:#ffffff;--button_accent_hover_color:#f7f7f7;--button_border_hover_color:#f7f7f7;--button_gradient_top_color:#04486b;--button_gradient_bottom_color:#04486b;--button_gradient_top_color_hover:#2898a0;--button_gradient_bottom_color_hover:#2898a0;\" target=\"_self\" href=\"http:\/\/www.dr-baudot-fabrice-chirurgiens-dentistes.fr\"><span class=\"fusion-button-text awb-button__text awb-button__text--default\">Consulter son site <\/span><\/a><\/div>\n<p>&nbsp;<\/p>\n<h2>\u00ab\u00a0Biomimitic implantology with zirconia implants\u00a0\u00bb \/ L&rsquo;implantologie biomim\u00e9tique avec les implants en zircone\u00a0\u00bb &#8211; Congr\u00e8s EACim 2023<\/h2>\n<h3>R\u00e9sum\u00e9 de la conf\u00e9rence\u00a0:<\/h3>\n<p>Nous avons v\u00e9cu l&rsquo;av\u00e8nement de l&rsquo;implant en titane mais avec le recul clinique, nous constatons l&rsquo;apparition d&rsquo;une nouvelle pathologie : la p\u00e9ri-implantite.<\/p>\n<p>Les m\u00e9ta-analyses sur ce fl\u00e9au concernent principalement les implants en titane. Un concept \u00e9mergent d\u00e9crit les r\u00e9actions inflammatoires li\u00e9es aux particules m\u00e9talliques lib\u00e9r\u00e9es dans l&rsquo;environnement p\u00e9ri-implantaire qui peuvent provoquer des perturbations du m\u00e9tabolisme tissulaire de l&rsquo;environnement de l&rsquo;implant sont un facteur de risque majeur de p\u00e9ri-implantite.<\/p>\n<p>Les implants en zircone ont \u00e9volu\u00e9 et leurs propri\u00e9t\u00e9s physiques et biologiques leur permettent de se pr\u00e9senter aujourd&rsquo;hui comme une alternative pr\u00e9ventive aux implants en titane dans la lutte contre la p\u00e9ri-implantite.<\/p>\n<p>Les implants en zircone se rapprochent d\u00e9sormais de la dent naturelle. Cette biomim\u00e9tique qui caract\u00e9rise ces implants et les concepts proth\u00e9tiques pour les mettre en \u0153uvre est une v\u00e9ritable r\u00e9volution en implantologie.<\/p>\n<p>&nbsp;<\/p>\n","protected":false},"excerpt":{"rendered":"<p>Dr Fabrice BAUDOT \u2013 France DDS Master of Science en  [&#8230;]<\/p>\n","protected":false},"author":1,"featured_media":0,"parent":0,"menu_order":0,"comment_status":"closed","ping_status":"closed","template":"","meta":{"_price":"","_stock":"","_tribe_ticket_header":"","_tribe_default_ticket_provider":"","_tribe_ticket_capacity":"0","_ticket_start_date":"","_ticket_end_date":"","_tribe_ticket_show_description":"","_tribe_ticket_show_not_going":false,"_tribe_ticket_use_global_stock":"","_tribe_ticket_global_stock_level":"","_global_stock_mode":"","_global_stock_cap":"","_tribe_rsvp_for_event":"","_tribe_ticket_going_count":"","_tribe_ticket_not_going_count":"","_tribe_tickets_list":"[]","_tribe_ticket_has_attendee_info_fields":false,"footnotes":""},"class_list":["post-9012","page","type-page","status-publish","hentry"],"yoast_head":"<!-- This site is optimized with the Yoast SEO plugin v26.4 - https:\/\/yoast.com\/wordpress\/plugins\/seo\/ -->\n<title>Conf\u00e9rence du Dr Fabrice BAUDOT - Congr\u00e8s EACim 2023 - EACim<\/title>\n<meta name=\"description\" content=\"Conf\u00e9rence du Dr Fabrice Baudot lors du congr\u00e8s EACim. Son th\u00e8me : Comportement de la c\u00e9ramique Zircone au contact des tissus mous : r\u00e9sultat biologique et esth\u00e9tique.\" \/>\n<meta name=\"robots\" content=\"index, follow, max-snippet:-1, max-image-preview:large, max-video-preview:-1\" \/>\n<link rel=\"canonical\" href=\"https:\/\/eacim-ceramic-implantology.com\/fr\/conference-du-dr-fabrice-baudot-congres-eacim-2023\/\" \/>\n<meta property=\"og:locale\" content=\"fr_FR\" \/>\n<meta property=\"og:type\" content=\"article\" \/>\n<meta property=\"og:title\" content=\"Conf\u00e9rence du Dr Fabrice BAUDOT - Congr\u00e8s EACim 2023 - EACim\" \/>\n<meta property=\"og:description\" content=\"Conf\u00e9rence du Dr Fabrice Baudot lors du congr\u00e8s EACim. Son th\u00e8me : Comportement de la c\u00e9ramique Zircone au contact des tissus mous : r\u00e9sultat biologique et esth\u00e9tique.\" \/>\n<meta property=\"og:url\" content=\"https:\/\/eacim-ceramic-implantology.com\/fr\/conference-du-dr-fabrice-baudot-congres-eacim-2023\/\" \/>\n<meta property=\"og:site_name\" content=\"EACim\" \/>\n<meta property=\"article:modified_time\" content=\"2022-10-29T14:37:59+00:00\" \/>\n<meta property=\"og:image\" content=\"https:\/\/eacim-ceramic-implantology.com\/wp-content\/uploads\/2018\/11\/trombi-EACim-baudot.gif\" \/>\n<meta name=\"twitter:card\" content=\"summary_large_image\" \/>\n<meta name=\"twitter:label1\" content=\"Dur\u00e9e de lecture estim\u00e9e\" \/>\n\t<meta name=\"twitter:data1\" content=\"2 minutes\" \/>\n<script type=\"application\/ld+json\" class=\"yoast-schema-graph\">{\"@context\":\"https:\/\/schema.org\",\"@graph\":[{\"@type\":\"WebPage\",\"@id\":\"https:\/\/eacim-ceramic-implantology.com\/fr\/conference-du-dr-fabrice-baudot-congres-eacim-2023\/\",\"url\":\"https:\/\/eacim-ceramic-implantology.com\/fr\/conference-du-dr-fabrice-baudot-congres-eacim-2023\/\",\"name\":\"Conf\u00e9rence du Dr Fabrice BAUDOT - Congr\u00e8s EACim 2023 - EACim\",\"isPartOf\":{\"@id\":\"https:\/\/3c9a-d050ef7659ec.wptiger.fr\/#website\"},\"primaryImageOfPage\":{\"@id\":\"https:\/\/eacim-ceramic-implantology.com\/fr\/conference-du-dr-fabrice-baudot-congres-eacim-2023\/#primaryimage\"},\"image\":{\"@id\":\"https:\/\/eacim-ceramic-implantology.com\/fr\/conference-du-dr-fabrice-baudot-congres-eacim-2023\/#primaryimage\"},\"thumbnailUrl\":\"https:\/\/eacim-ceramic-implantology.com\/wp-content\/uploads\/2018\/11\/trombi-EACim-baudot.gif\",\"datePublished\":\"2022-10-29T12:23:46+00:00\",\"dateModified\":\"2022-10-29T14:37:59+00:00\",\"description\":\"Conf\u00e9rence du Dr Fabrice Baudot lors du congr\u00e8s EACim. Son th\u00e8me : Comportement de la c\u00e9ramique Zircone au contact des tissus mous : r\u00e9sultat biologique et esth\u00e9tique.\",\"breadcrumb\":{\"@id\":\"https:\/\/eacim-ceramic-implantology.com\/fr\/conference-du-dr-fabrice-baudot-congres-eacim-2023\/#breadcrumb\"},\"inLanguage\":\"fr-FR\",\"potentialAction\":[{\"@type\":\"ReadAction\",\"target\":[\"https:\/\/eacim-ceramic-implantology.com\/fr\/conference-du-dr-fabrice-baudot-congres-eacim-2023\/\"]}]},{\"@type\":\"ImageObject\",\"inLanguage\":\"fr-FR\",\"@id\":\"https:\/\/eacim-ceramic-implantology.com\/fr\/conference-du-dr-fabrice-baudot-congres-eacim-2023\/#primaryimage\",\"url\":\"https:\/\/eacim-ceramic-implantology.com\/wp-content\/uploads\/2018\/11\/trombi-EACim-baudot.gif\",\"contentUrl\":\"https:\/\/eacim-ceramic-implantology.com\/wp-content\/uploads\/2018\/11\/trombi-EACim-baudot.gif\"},{\"@type\":\"BreadcrumbList\",\"@id\":\"https:\/\/eacim-ceramic-implantology.com\/fr\/conference-du-dr-fabrice-baudot-congres-eacim-2023\/#breadcrumb\",\"itemListElement\":[{\"@type\":\"ListItem\",\"position\":1,\"name\":\"Accueil\",\"item\":\"https:\/\/eacim-ceramic-implantology.com\/fr\/\"},{\"@type\":\"ListItem\",\"position\":2,\"name\":\"Conf\u00e9rence du Dr Fabrice BAUDOT &#8211; Congr\u00e8s EACim 2023\"}]},{\"@type\":\"WebSite\",\"@id\":\"https:\/\/3c9a-d050ef7659ec.wptiger.fr\/#website\",\"url\":\"https:\/\/3c9a-d050ef7659ec.wptiger.fr\/\",\"name\":\"EACim\",\"description\":\"European Academy of Ceramic Implantology\",\"potentialAction\":[{\"@type\":\"SearchAction\",\"target\":{\"@type\":\"EntryPoint\",\"urlTemplate\":\"https:\/\/3c9a-d050ef7659ec.wptiger.fr\/?s={search_term_string}\"},\"query-input\":{\"@type\":\"PropertyValueSpecification\",\"valueRequired\":true,\"valueName\":\"search_term_string\"}}],\"inLanguage\":\"fr-FR\"}]}<\/script>\n<!-- \/ Yoast SEO plugin. -->","yoast_head_json":{"title":"Conf\u00e9rence du Dr Fabrice BAUDOT - Congr\u00e8s EACim 2023 - EACim","description":"Conf\u00e9rence du Dr Fabrice Baudot lors du congr\u00e8s EACim. Son th\u00e8me : Comportement de la c\u00e9ramique Zircone au contact des tissus mous : r\u00e9sultat biologique et esth\u00e9tique.","robots":{"index":"index","follow":"follow","max-snippet":"max-snippet:-1","max-image-preview":"max-image-preview:large","max-video-preview":"max-video-preview:-1"},"canonical":"https:\/\/eacim-ceramic-implantology.com\/fr\/conference-du-dr-fabrice-baudot-congres-eacim-2023\/","og_locale":"fr_FR","og_type":"article","og_title":"Conf\u00e9rence du Dr Fabrice BAUDOT - Congr\u00e8s EACim 2023 - EACim","og_description":"Conf\u00e9rence du Dr Fabrice Baudot lors du congr\u00e8s EACim. Son th\u00e8me : Comportement de la c\u00e9ramique Zircone au contact des tissus mous : r\u00e9sultat biologique et esth\u00e9tique.","og_url":"https:\/\/eacim-ceramic-implantology.com\/fr\/conference-du-dr-fabrice-baudot-congres-eacim-2023\/","og_site_name":"EACim","article_modified_time":"2022-10-29T14:37:59+00:00","og_image":[{"url":"https:\/\/eacim-ceramic-implantology.com\/wp-content\/uploads\/2018\/11\/trombi-EACim-baudot.gif","type":"","width":"","height":""}],"twitter_card":"summary_large_image","twitter_misc":{"Dur\u00e9e de lecture estim\u00e9e":"2 minutes"},"schema":{"@context":"https:\/\/schema.org","@graph":[{"@type":"WebPage","@id":"https:\/\/eacim-ceramic-implantology.com\/fr\/conference-du-dr-fabrice-baudot-congres-eacim-2023\/","url":"https:\/\/eacim-ceramic-implantology.com\/fr\/conference-du-dr-fabrice-baudot-congres-eacim-2023\/","name":"Conf\u00e9rence du Dr Fabrice BAUDOT - Congr\u00e8s EACim 2023 - EACim","isPartOf":{"@id":"https:\/\/3c9a-d050ef7659ec.wptiger.fr\/#website"},"primaryImageOfPage":{"@id":"https:\/\/eacim-ceramic-implantology.com\/fr\/conference-du-dr-fabrice-baudot-congres-eacim-2023\/#primaryimage"},"image":{"@id":"https:\/\/eacim-ceramic-implantology.com\/fr\/conference-du-dr-fabrice-baudot-congres-eacim-2023\/#primaryimage"},"thumbnailUrl":"https:\/\/eacim-ceramic-implantology.com\/wp-content\/uploads\/2018\/11\/trombi-EACim-baudot.gif","datePublished":"2022-10-29T12:23:46+00:00","dateModified":"2022-10-29T14:37:59+00:00","description":"Conf\u00e9rence du Dr Fabrice Baudot lors du congr\u00e8s EACim. Son th\u00e8me : Comportement de la c\u00e9ramique Zircone au contact des tissus mous : r\u00e9sultat biologique et esth\u00e9tique.","breadcrumb":{"@id":"https:\/\/eacim-ceramic-implantology.com\/fr\/conference-du-dr-fabrice-baudot-congres-eacim-2023\/#breadcrumb"},"inLanguage":"fr-FR","potentialAction":[{"@type":"ReadAction","target":["https:\/\/eacim-ceramic-implantology.com\/fr\/conference-du-dr-fabrice-baudot-congres-eacim-2023\/"]}]},{"@type":"ImageObject","inLanguage":"fr-FR","@id":"https:\/\/eacim-ceramic-implantology.com\/fr\/conference-du-dr-fabrice-baudot-congres-eacim-2023\/#primaryimage","url":"https:\/\/eacim-ceramic-implantology.com\/wp-content\/uploads\/2018\/11\/trombi-EACim-baudot.gif","contentUrl":"https:\/\/eacim-ceramic-implantology.com\/wp-content\/uploads\/2018\/11\/trombi-EACim-baudot.gif"},{"@type":"BreadcrumbList","@id":"https:\/\/eacim-ceramic-implantology.com\/fr\/conference-du-dr-fabrice-baudot-congres-eacim-2023\/#breadcrumb","itemListElement":[{"@type":"ListItem","position":1,"name":"Accueil","item":"https:\/\/eacim-ceramic-implantology.com\/fr\/"},{"@type":"ListItem","position":2,"name":"Conf\u00e9rence du Dr Fabrice BAUDOT &#8211; Congr\u00e8s EACim 2023"}]},{"@type":"WebSite","@id":"https:\/\/3c9a-d050ef7659ec.wptiger.fr\/#website","url":"https:\/\/3c9a-d050ef7659ec.wptiger.fr\/","name":"EACim","description":"European Academy of Ceramic Implantology","potentialAction":[{"@type":"SearchAction","target":{"@type":"EntryPoint","urlTemplate":"https:\/\/3c9a-d050ef7659ec.wptiger.fr\/?s={search_term_string}"},"query-input":{"@type":"PropertyValueSpecification","valueRequired":true,"valueName":"search_term_string"}}],"inLanguage":"fr-FR"}]}},"_links":{"self":[{"href":"https:\/\/eacim-ceramic-implantology.com\/fr\/wp-json\/wp\/v2\/pages\/9012","targetHints":{"allow":["GET"]}}],"collection":[{"href":"https:\/\/eacim-ceramic-implantology.com\/fr\/wp-json\/wp\/v2\/pages"}],"about":[{"href":"https:\/\/eacim-ceramic-implantology.com\/fr\/wp-json\/wp\/v2\/types\/page"}],"author":[{"embeddable":true,"href":"https:\/\/eacim-ceramic-implantology.com\/fr\/wp-json\/wp\/v2\/users\/1"}],"replies":[{"embeddable":true,"href":"https:\/\/eacim-ceramic-implantology.com\/fr\/wp-json\/wp\/v2\/comments?post=9012"}],"version-history":[{"count":3,"href":"https:\/\/eacim-ceramic-implantology.com\/fr\/wp-json\/wp\/v2\/pages\/9012\/revisions"}],"predecessor-version":[{"id":9090,"href":"https:\/\/eacim-ceramic-implantology.com\/fr\/wp-json\/wp\/v2\/pages\/9012\/revisions\/9090"}],"wp:attachment":[{"href":"https:\/\/eacim-ceramic-implantology.com\/fr\/wp-json\/wp\/v2\/media?parent=9012"}],"curies":[{"name":"wp","href":"https:\/\/api.w.org\/{rel}","templated":true}]}}