{"id":9015,"date":"2022-10-29T14:31:06","date_gmt":"2022-10-29T12:31:06","guid":{"rendered":"https:\/\/eacim-ceramic-implantology.com\/conference-du-dr-norbert-cionca-congres-eacim-2023\/"},"modified":"2022-10-29T16:39:23","modified_gmt":"2022-10-29T14:39:23","slug":"conference-du-dr-norbert-cionca-congres-eacim-2023","status":"publish","type":"page","link":"https:\/\/eacim-ceramic-implantology.com\/fr\/conference-du-dr-norbert-cionca-congres-eacim-2023\/","title":{"rendered":"Conf\u00e9rence du Dr Norbert CIONCA &#8211; congr\u00e8s EACim 2023"},"content":{"rendered":"<h1><em>Dr Norbert CIONCA \u2013 Suisse<img decoding=\"async\" class=\"size-full wp-image-6887 alignright\" src=\"https:\/\/eacim-ceramic-implantology.com\/wp-content\/uploads\/2021\/04\/trombi-EACim-ambassador-Cionca.png\" alt=\"\" width=\"300\" height=\"300\" srcset=\"https:\/\/eacim-ceramic-implantology.com\/wp-content\/uploads\/2021\/04\/trombi-EACim-ambassador-Cionca-66x66.png 66w, https:\/\/eacim-ceramic-implantology.com\/wp-content\/uploads\/2021\/04\/trombi-EACim-ambassador-Cionca-100x100.png 100w, https:\/\/eacim-ceramic-implantology.com\/wp-content\/uploads\/2021\/04\/trombi-EACim-ambassador-Cionca-150x150.png 150w, https:\/\/eacim-ceramic-implantology.com\/wp-content\/uploads\/2021\/04\/trombi-EACim-ambassador-Cionca-200x200.png 200w, https:\/\/eacim-ceramic-implantology.com\/wp-content\/uploads\/2021\/04\/trombi-EACim-ambassador-Cionca.png 300w\" sizes=\"(max-width: 300px) 100vw, 300px\" \/><br \/>\n<\/em><\/h1>\n<ul>\n<li>Charg\u00e9 de cours \u00e0 la Division de parodontologie et physiopathologie orale de la Facult\u00e9 de m\u00e9decine dentaire de l&rsquo;Universit\u00e9 de Gen\u00e8ve.<\/li>\n<li>Dipl\u00f4me f\u00e9d\u00e9ral de m\u00e9decin-dentiste (D.D.S)<\/li>\n<li>Doctorate in dentistry (Dr. med. dent.)<\/li>\n<li>Privat Docent (PD) in dentistry &#8211; Swiss board-certified periodontist<\/li>\n<li>Consultant \u00e0 la Geneva School of Hygienist<\/li>\n<li>Membre de la Soci\u00e9t\u00e9 Suisse de Parodontologie (SSP)<\/li>\n<li>Membre de l&rsquo;Association Internationale pour la Recherche Dentaire (IADR)<\/li>\n<\/ul>\n<p>&nbsp;<\/p>\n<div class=\"fusion-button-wrapper\"><a class=\"fusion-button button-flat button-medium button-custom fusion-button-default button-1 fusion-button-default-span fusion-button-default-type\" style=\"--button_accent_color:#ffffff;--button_accent_hover_color:#f7f7f7;--button_border_hover_color:#f7f7f7;--button_gradient_top_color:#04486b;--button_gradient_bottom_color:#04486b;--button_gradient_top_color_hover:#2898a0;--button_gradient_bottom_color_hover:#2898a0;\" target=\"_self\" href=\"https:\/\/www.cdchampel.ch\/equipe\/dr-norbert-cionca\/\"><span class=\"fusion-button-text awb-button__text awb-button__text--default\">Consulter son site <\/span><\/a><\/div>\n<p>&nbsp;<\/p>\n<h2>\u00ab\u00a0La corrosion des implants oraux : causes et cons\u00e9quences\u00a0\u00bb \/ \u00ab\u00a0Corrosion of oral implants : causes and consequences\u00a0\u00bb\u00a0 &#8211; 2023 congr\u00e8s EACim.<\/h2>\n<h3>R\u00e9sum\u00e9 de la conf\u00e9rence :<\/h3>\n<p>L&rsquo;objectif de cette conf\u00e9rence est de pr\u00e9senter l&rsquo;origine des particules de titane et leurs effets locaux et syst\u00e9miques chez les patients porteurs d&rsquo;implants oraux.<\/p>\n<p>Le principe de la tribocorrosion sera expliqu\u00e9 ainsi que le risque de d\u00e9velopper des l\u00e9sions de p\u00e9ri-implantite.<\/p>\n<p>L&rsquo;influence du mat\u00e9riau de l&rsquo;implant pourrait repr\u00e9senter un point majeur dans l&rsquo;hom\u00e9ostasie biologique des tissus p\u00e9ri-implantaires.<\/p>\n<p>&nbsp;<\/p>\n<p>&nbsp;<\/p>\n<p>&nbsp;<\/p>\n<p>&nbsp;<\/p>\n","protected":false},"excerpt":{"rendered":"<p>Dr Norbert CIONCA \u2013 Suisse Charg\u00e9 de cours \u00e0 la  [&#8230;]<\/p>\n","protected":false},"author":1,"featured_media":0,"parent":0,"menu_order":0,"comment_status":"closed","ping_status":"closed","template":"","meta":{"_price":"","_stock":"","_tribe_ticket_header":"","_tribe_default_ticket_provider":"","_tribe_ticket_capacity":"0","_ticket_start_date":"","_ticket_end_date":"","_tribe_ticket_show_description":"","_tribe_ticket_show_not_going":false,"_tribe_ticket_use_global_stock":"","_tribe_ticket_global_stock_level":"","_global_stock_mode":"","_global_stock_cap":"","_tribe_rsvp_for_event":"","_tribe_ticket_going_count":"","_tribe_ticket_not_going_count":"","_tribe_tickets_list":"[]","_tribe_ticket_has_attendee_info_fields":false,"footnotes":""},"class_list":["post-9015","page","type-page","status-publish","hentry"],"yoast_head":"<!-- This site is optimized with the Yoast SEO plugin v26.4 - https:\/\/yoast.com\/wordpress\/plugins\/seo\/ -->\n<title>Conf\u00e9rence du Dr Norbert CIONCA - congr\u00e8s EACim 2023 - EACim<\/title>\n<meta name=\"robots\" content=\"index, follow, max-snippet:-1, max-image-preview:large, max-video-preview:-1\" \/>\n<link rel=\"canonical\" href=\"https:\/\/eacim-ceramic-implantology.com\/fr\/conference-du-dr-norbert-cionca-congres-eacim-2023\/\" \/>\n<meta property=\"og:locale\" content=\"fr_FR\" \/>\n<meta property=\"og:type\" content=\"article\" \/>\n<meta property=\"og:title\" content=\"Conf\u00e9rence du Dr Norbert CIONCA - congr\u00e8s EACim 2023 - EACim\" \/>\n<meta property=\"og:description\" content=\"Dr Norbert CIONCA \u2013 Suisse Charg\u00e9 de cours \u00e0 la [...]\" \/>\n<meta property=\"og:url\" content=\"https:\/\/eacim-ceramic-implantology.com\/fr\/conference-du-dr-norbert-cionca-congres-eacim-2023\/\" \/>\n<meta property=\"og:site_name\" content=\"EACim\" \/>\n<meta property=\"article:modified_time\" content=\"2022-10-29T14:39:23+00:00\" \/>\n<meta property=\"og:image\" content=\"https:\/\/eacim-ceramic-implantology.com\/wp-content\/uploads\/2021\/04\/trombi-EACim-ambassador-Cionca.png\" \/>\n<meta name=\"twitter:card\" content=\"summary_large_image\" \/>\n<meta name=\"twitter:label1\" content=\"Dur\u00e9e de lecture estim\u00e9e\" \/>\n\t<meta name=\"twitter:data1\" content=\"1 minute\" \/>\n<script type=\"application\/ld+json\" class=\"yoast-schema-graph\">{\"@context\":\"https:\/\/schema.org\",\"@graph\":[{\"@type\":\"WebPage\",\"@id\":\"https:\/\/eacim-ceramic-implantology.com\/fr\/conference-du-dr-norbert-cionca-congres-eacim-2023\/\",\"url\":\"https:\/\/eacim-ceramic-implantology.com\/fr\/conference-du-dr-norbert-cionca-congres-eacim-2023\/\",\"name\":\"Conf\u00e9rence du Dr Norbert CIONCA - congr\u00e8s EACim 2023 - EACim\",\"isPartOf\":{\"@id\":\"https:\/\/3c9a-d050ef7659ec.wptiger.fr\/#website\"},\"primaryImageOfPage\":{\"@id\":\"https:\/\/eacim-ceramic-implantology.com\/fr\/conference-du-dr-norbert-cionca-congres-eacim-2023\/#primaryimage\"},\"image\":{\"@id\":\"https:\/\/eacim-ceramic-implantology.com\/fr\/conference-du-dr-norbert-cionca-congres-eacim-2023\/#primaryimage\"},\"thumbnailUrl\":\"https:\/\/eacim-ceramic-implantology.com\/wp-content\/uploads\/2021\/04\/trombi-EACim-ambassador-Cionca.png\",\"datePublished\":\"2022-10-29T12:31:06+00:00\",\"dateModified\":\"2022-10-29T14:39:23+00:00\",\"breadcrumb\":{\"@id\":\"https:\/\/eacim-ceramic-implantology.com\/fr\/conference-du-dr-norbert-cionca-congres-eacim-2023\/#breadcrumb\"},\"inLanguage\":\"fr-FR\",\"potentialAction\":[{\"@type\":\"ReadAction\",\"target\":[\"https:\/\/eacim-ceramic-implantology.com\/fr\/conference-du-dr-norbert-cionca-congres-eacim-2023\/\"]}]},{\"@type\":\"ImageObject\",\"inLanguage\":\"fr-FR\",\"@id\":\"https:\/\/eacim-ceramic-implantology.com\/fr\/conference-du-dr-norbert-cionca-congres-eacim-2023\/#primaryimage\",\"url\":\"https:\/\/eacim-ceramic-implantology.com\/wp-content\/uploads\/2021\/04\/trombi-EACim-ambassador-Cionca.png\",\"contentUrl\":\"https:\/\/eacim-ceramic-implantology.com\/wp-content\/uploads\/2021\/04\/trombi-EACim-ambassador-Cionca.png\"},{\"@type\":\"BreadcrumbList\",\"@id\":\"https:\/\/eacim-ceramic-implantology.com\/fr\/conference-du-dr-norbert-cionca-congres-eacim-2023\/#breadcrumb\",\"itemListElement\":[{\"@type\":\"ListItem\",\"position\":1,\"name\":\"Accueil\",\"item\":\"https:\/\/eacim-ceramic-implantology.com\/fr\/\"},{\"@type\":\"ListItem\",\"position\":2,\"name\":\"Conf\u00e9rence du Dr Norbert CIONCA &#8211; congr\u00e8s EACim 2023\"}]},{\"@type\":\"WebSite\",\"@id\":\"https:\/\/3c9a-d050ef7659ec.wptiger.fr\/#website\",\"url\":\"https:\/\/3c9a-d050ef7659ec.wptiger.fr\/\",\"name\":\"EACim\",\"description\":\"European Academy of Ceramic Implantology\",\"potentialAction\":[{\"@type\":\"SearchAction\",\"target\":{\"@type\":\"EntryPoint\",\"urlTemplate\":\"https:\/\/3c9a-d050ef7659ec.wptiger.fr\/?s={search_term_string}\"},\"query-input\":{\"@type\":\"PropertyValueSpecification\",\"valueRequired\":true,\"valueName\":\"search_term_string\"}}],\"inLanguage\":\"fr-FR\"}]}<\/script>\n<!-- \/ Yoast SEO plugin. -->","yoast_head_json":{"title":"Conf\u00e9rence du Dr Norbert CIONCA - congr\u00e8s EACim 2023 - EACim","robots":{"index":"index","follow":"follow","max-snippet":"max-snippet:-1","max-image-preview":"max-image-preview:large","max-video-preview":"max-video-preview:-1"},"canonical":"https:\/\/eacim-ceramic-implantology.com\/fr\/conference-du-dr-norbert-cionca-congres-eacim-2023\/","og_locale":"fr_FR","og_type":"article","og_title":"Conf\u00e9rence du Dr Norbert CIONCA - congr\u00e8s EACim 2023 - EACim","og_description":"Dr Norbert CIONCA \u2013 Suisse Charg\u00e9 de cours \u00e0 la [...]","og_url":"https:\/\/eacim-ceramic-implantology.com\/fr\/conference-du-dr-norbert-cionca-congres-eacim-2023\/","og_site_name":"EACim","article_modified_time":"2022-10-29T14:39:23+00:00","og_image":[{"url":"https:\/\/eacim-ceramic-implantology.com\/wp-content\/uploads\/2021\/04\/trombi-EACim-ambassador-Cionca.png","type":"","width":"","height":""}],"twitter_card":"summary_large_image","twitter_misc":{"Dur\u00e9e de lecture estim\u00e9e":"1 minute"},"schema":{"@context":"https:\/\/schema.org","@graph":[{"@type":"WebPage","@id":"https:\/\/eacim-ceramic-implantology.com\/fr\/conference-du-dr-norbert-cionca-congres-eacim-2023\/","url":"https:\/\/eacim-ceramic-implantology.com\/fr\/conference-du-dr-norbert-cionca-congres-eacim-2023\/","name":"Conf\u00e9rence du Dr Norbert CIONCA - congr\u00e8s EACim 2023 - EACim","isPartOf":{"@id":"https:\/\/3c9a-d050ef7659ec.wptiger.fr\/#website"},"primaryImageOfPage":{"@id":"https:\/\/eacim-ceramic-implantology.com\/fr\/conference-du-dr-norbert-cionca-congres-eacim-2023\/#primaryimage"},"image":{"@id":"https:\/\/eacim-ceramic-implantology.com\/fr\/conference-du-dr-norbert-cionca-congres-eacim-2023\/#primaryimage"},"thumbnailUrl":"https:\/\/eacim-ceramic-implantology.com\/wp-content\/uploads\/2021\/04\/trombi-EACim-ambassador-Cionca.png","datePublished":"2022-10-29T12:31:06+00:00","dateModified":"2022-10-29T14:39:23+00:00","breadcrumb":{"@id":"https:\/\/eacim-ceramic-implantology.com\/fr\/conference-du-dr-norbert-cionca-congres-eacim-2023\/#breadcrumb"},"inLanguage":"fr-FR","potentialAction":[{"@type":"ReadAction","target":["https:\/\/eacim-ceramic-implantology.com\/fr\/conference-du-dr-norbert-cionca-congres-eacim-2023\/"]}]},{"@type":"ImageObject","inLanguage":"fr-FR","@id":"https:\/\/eacim-ceramic-implantology.com\/fr\/conference-du-dr-norbert-cionca-congres-eacim-2023\/#primaryimage","url":"https:\/\/eacim-ceramic-implantology.com\/wp-content\/uploads\/2021\/04\/trombi-EACim-ambassador-Cionca.png","contentUrl":"https:\/\/eacim-ceramic-implantology.com\/wp-content\/uploads\/2021\/04\/trombi-EACim-ambassador-Cionca.png"},{"@type":"BreadcrumbList","@id":"https:\/\/eacim-ceramic-implantology.com\/fr\/conference-du-dr-norbert-cionca-congres-eacim-2023\/#breadcrumb","itemListElement":[{"@type":"ListItem","position":1,"name":"Accueil","item":"https:\/\/eacim-ceramic-implantology.com\/fr\/"},{"@type":"ListItem","position":2,"name":"Conf\u00e9rence du Dr Norbert CIONCA &#8211; congr\u00e8s EACim 2023"}]},{"@type":"WebSite","@id":"https:\/\/3c9a-d050ef7659ec.wptiger.fr\/#website","url":"https:\/\/3c9a-d050ef7659ec.wptiger.fr\/","name":"EACim","description":"European Academy of Ceramic Implantology","potentialAction":[{"@type":"SearchAction","target":{"@type":"EntryPoint","urlTemplate":"https:\/\/3c9a-d050ef7659ec.wptiger.fr\/?s={search_term_string}"},"query-input":{"@type":"PropertyValueSpecification","valueRequired":true,"valueName":"search_term_string"}}],"inLanguage":"fr-FR"}]}},"_links":{"self":[{"href":"https:\/\/eacim-ceramic-implantology.com\/fr\/wp-json\/wp\/v2\/pages\/9015","targetHints":{"allow":["GET"]}}],"collection":[{"href":"https:\/\/eacim-ceramic-implantology.com\/fr\/wp-json\/wp\/v2\/pages"}],"about":[{"href":"https:\/\/eacim-ceramic-implantology.com\/fr\/wp-json\/wp\/v2\/types\/page"}],"author":[{"embeddable":true,"href":"https:\/\/eacim-ceramic-implantology.com\/fr\/wp-json\/wp\/v2\/users\/1"}],"replies":[{"embeddable":true,"href":"https:\/\/eacim-ceramic-implantology.com\/fr\/wp-json\/wp\/v2\/comments?post=9015"}],"version-history":[{"count":4,"href":"https:\/\/eacim-ceramic-implantology.com\/fr\/wp-json\/wp\/v2\/pages\/9015\/revisions"}],"predecessor-version":[{"id":9092,"href":"https:\/\/eacim-ceramic-implantology.com\/fr\/wp-json\/wp\/v2\/pages\/9015\/revisions\/9092"}],"wp:attachment":[{"href":"https:\/\/eacim-ceramic-implantology.com\/fr\/wp-json\/wp\/v2\/media?parent=9015"}],"curies":[{"name":"wp","href":"https:\/\/api.w.org\/{rel}","templated":true}]}}