{"id":9018,"date":"2022-10-29T14:38:29","date_gmt":"2022-10-29T12:38:29","guid":{"rendered":"https:\/\/eacim-ceramic-implantology.com\/conference-du-dr-goran-benic-congres-eacim-2023\/"},"modified":"2022-10-29T14:38:29","modified_gmt":"2022-10-29T12:38:29","slug":"conference-du-dr-goran-benic-congres-eacim-2023","status":"publish","type":"page","link":"https:\/\/eacim-ceramic-implantology.com\/fr\/conference-du-dr-goran-benic-congres-eacim-2023\/","title":{"rendered":"Conf\u00e9rence du Dr Goran BENIC &#8211; Congr\u00e8s EACim 2023"},"content":{"rendered":"<h1><em><img decoding=\"async\" class=\"size-full wp-image-8937 alignright\" src=\"https:\/\/eacim-ceramic-implantology.com\/wp-content\/uploads\/2022\/10\/trombi-G-Benic-conf2023.gif\" alt=\"\" width=\"300\" height=\"300\" \/>PD Dr Goran BENIC &#8211; Suisse<br \/>\n<\/em><\/h1>\n<p><strong>Universit\u00e9 de Zurich et Clinique priv\u00e9e de Lugano, Suisse<\/strong><\/p>\n<p>Goran Benic is Specialist of Reconstructive Dentistry at the Center of Dental Medicine, University of Zurich, Switzerland and associate at the Private Clinic in Lugano, Switzerland. His clinical focus is on the treatment of complex and esthetic cases using all options of implant and reconstructive dentistry. Ses principaux int\u00e9r\u00eats scientifiques sont les proc\u00e9dures d&rsquo;augmentation osseuse, les reconstructions fixes sur dents et sur implants et les applications cliniques de la technologie num\u00e9rique en dentisterie implantaire.<\/p>\n<div class=\"fusion-button-wrapper\"><a class=\"fusion-button button-flat button-medium button-custom fusion-button-default button-1 fusion-button-default-span fusion-button-default-type\" style=\"--button_accent_color:#ffffff;--button_accent_hover_color:#f7f7f7;--button_border_hover_color:#f7f7f7;--button_gradient_top_color:#04486b;--button_gradient_bottom_color:#04486b;--button_gradient_top_color_hover:#2898a0;--button_gradient_bottom_color_hover:#2898a0;\" target=\"_self\" href=\"https:\/\/www.zzm.uzh.ch\/en\/research\/staff\/benic-goran.html\"><span class=\"fusion-button-text awb-button__text awb-button__text--default\">En savoir plus <\/span><\/a><\/div>\n<p>&nbsp;<\/p>\n<h2>\u00ab\u00a0Hard tissue management at ceramic implants\u00a0\u00bb \/ \u00ab\u00a0Gestion des tissus durs au niveau des implants en c\u00e9ramique\u00a0\u00bb &#8211; congr\u00e8s EACim 2023.<\/h2>\n<h3>R\u00e9sum\u00e9 de la conf\u00e9rence :\u00a0:<\/h3>\n<p>Il existe un grand nombre de donn\u00e9es d\u00e9montrant l&rsquo;utilisation r\u00e9ussie des techniques de r\u00e9g\u00e9n\u00e9ration osseuse sur les sites implantaires et le succ\u00e8s \u00e0 long terme des implants en titane plac\u00e9s en combinaison avec une augmentation osseuse. Mais ces donn\u00e9es peuvent-elles \u00eatre appliqu\u00e9es aux implants en c\u00e9ramique ? Que savons-nous de l&rsquo;augmentation osseuse au niveau des implants en c\u00e9ramique ? Est-il justifi\u00e9 de ne pas augmenter les d\u00e9fauts osseux mineurs sur les implants en c\u00e9ramique ?<\/p>\n<p>Cette conf\u00e9rence pr\u00e9sentera les preuves actuelles et les recommandations cliniques pour la gestion des tissus durs sur les implants en zircone.<br \/>\n&nbsp;<\/p>\n","protected":false},"excerpt":{"rendered":"<p>PD Dr Goran BENIC &#8211; Suisse Universit\u00e9 de Zurich et  [&#8230;]<\/p>\n","protected":false},"author":1,"featured_media":0,"parent":0,"menu_order":0,"comment_status":"closed","ping_status":"closed","template":"","meta":{"_price":"","_stock":"","_tribe_ticket_header":"","_tribe_default_ticket_provider":"","_tribe_ticket_capacity":"0","_ticket_start_date":"","_ticket_end_date":"","_tribe_ticket_show_description":"","_tribe_ticket_show_not_going":false,"_tribe_ticket_use_global_stock":"","_tribe_ticket_global_stock_level":"","_global_stock_mode":"","_global_stock_cap":"","_tribe_rsvp_for_event":"","_tribe_ticket_going_count":"","_tribe_ticket_not_going_count":"","_tribe_tickets_list":"[]","_tribe_ticket_has_attendee_info_fields":false,"footnotes":""},"class_list":["post-9018","page","type-page","status-publish","hentry"],"yoast_head":"<!-- This site is optimized with the Yoast SEO plugin v26.4 - https:\/\/yoast.com\/wordpress\/plugins\/seo\/ -->\n<title>Conf\u00e9rence du Dr Goran BENIC - Congr\u00e8s EACim 2023 - EACim<\/title>\n<meta name=\"robots\" content=\"index, follow, max-snippet:-1, max-image-preview:large, max-video-preview:-1\" \/>\n<link rel=\"canonical\" href=\"https:\/\/eacim-ceramic-implantology.com\/fr\/conference-du-dr-goran-benic-congres-eacim-2023\/\" \/>\n<meta property=\"og:locale\" content=\"fr_FR\" \/>\n<meta property=\"og:type\" content=\"article\" \/>\n<meta property=\"og:title\" content=\"Conf\u00e9rence du Dr Goran BENIC - Congr\u00e8s EACim 2023 - EACim\" \/>\n<meta property=\"og:description\" content=\"PD Dr Goran BENIC &#8211; Suisse Universit\u00e9 de Zurich et [...]\" \/>\n<meta property=\"og:url\" content=\"https:\/\/eacim-ceramic-implantology.com\/fr\/conference-du-dr-goran-benic-congres-eacim-2023\/\" \/>\n<meta property=\"og:site_name\" content=\"EACim\" \/>\n<meta property=\"og:image\" content=\"https:\/\/eacim-ceramic-implantology.com\/wp-content\/uploads\/2022\/10\/trombi-G-Benic-conf2023.gif\" \/>\n<meta name=\"twitter:card\" content=\"summary_large_image\" \/>\n<meta name=\"twitter:label1\" content=\"Dur\u00e9e de lecture estim\u00e9e\" \/>\n\t<meta name=\"twitter:data1\" content=\"2 minutes\" \/>\n<script type=\"application\/ld+json\" class=\"yoast-schema-graph\">{\"@context\":\"https:\/\/schema.org\",\"@graph\":[{\"@type\":\"WebPage\",\"@id\":\"https:\/\/eacim-ceramic-implantology.com\/fr\/conference-du-dr-goran-benic-congres-eacim-2023\/\",\"url\":\"https:\/\/eacim-ceramic-implantology.com\/fr\/conference-du-dr-goran-benic-congres-eacim-2023\/\",\"name\":\"Conf\u00e9rence du Dr Goran BENIC - Congr\u00e8s EACim 2023 - EACim\",\"isPartOf\":{\"@id\":\"https:\/\/3c9a-d050ef7659ec.wptiger.fr\/#website\"},\"primaryImageOfPage\":{\"@id\":\"https:\/\/eacim-ceramic-implantology.com\/fr\/conference-du-dr-goran-benic-congres-eacim-2023\/#primaryimage\"},\"image\":{\"@id\":\"https:\/\/eacim-ceramic-implantology.com\/fr\/conference-du-dr-goran-benic-congres-eacim-2023\/#primaryimage\"},\"thumbnailUrl\":\"https:\/\/eacim-ceramic-implantology.com\/wp-content\/uploads\/2022\/10\/trombi-G-Benic-conf2023.gif\",\"datePublished\":\"2022-10-29T12:38:29+00:00\",\"breadcrumb\":{\"@id\":\"https:\/\/eacim-ceramic-implantology.com\/fr\/conference-du-dr-goran-benic-congres-eacim-2023\/#breadcrumb\"},\"inLanguage\":\"fr-FR\",\"potentialAction\":[{\"@type\":\"ReadAction\",\"target\":[\"https:\/\/eacim-ceramic-implantology.com\/fr\/conference-du-dr-goran-benic-congres-eacim-2023\/\"]}]},{\"@type\":\"ImageObject\",\"inLanguage\":\"fr-FR\",\"@id\":\"https:\/\/eacim-ceramic-implantology.com\/fr\/conference-du-dr-goran-benic-congres-eacim-2023\/#primaryimage\",\"url\":\"https:\/\/eacim-ceramic-implantology.com\/wp-content\/uploads\/2022\/10\/trombi-G-Benic-conf2023.gif\",\"contentUrl\":\"https:\/\/eacim-ceramic-implantology.com\/wp-content\/uploads\/2022\/10\/trombi-G-Benic-conf2023.gif\"},{\"@type\":\"BreadcrumbList\",\"@id\":\"https:\/\/eacim-ceramic-implantology.com\/fr\/conference-du-dr-goran-benic-congres-eacim-2023\/#breadcrumb\",\"itemListElement\":[{\"@type\":\"ListItem\",\"position\":1,\"name\":\"Accueil\",\"item\":\"https:\/\/eacim-ceramic-implantology.com\/fr\/\"},{\"@type\":\"ListItem\",\"position\":2,\"name\":\"Conf\u00e9rence du Dr Goran BENIC &#8211; Congr\u00e8s EACim 2023\"}]},{\"@type\":\"WebSite\",\"@id\":\"https:\/\/3c9a-d050ef7659ec.wptiger.fr\/#website\",\"url\":\"https:\/\/3c9a-d050ef7659ec.wptiger.fr\/\",\"name\":\"EACim\",\"description\":\"European Academy of Ceramic Implantology\",\"potentialAction\":[{\"@type\":\"SearchAction\",\"target\":{\"@type\":\"EntryPoint\",\"urlTemplate\":\"https:\/\/3c9a-d050ef7659ec.wptiger.fr\/?s={search_term_string}\"},\"query-input\":{\"@type\":\"PropertyValueSpecification\",\"valueRequired\":true,\"valueName\":\"search_term_string\"}}],\"inLanguage\":\"fr-FR\"}]}<\/script>\n<!-- \/ Yoast SEO plugin. -->","yoast_head_json":{"title":"Conf\u00e9rence du Dr Goran BENIC - Congr\u00e8s EACim 2023 - EACim","robots":{"index":"index","follow":"follow","max-snippet":"max-snippet:-1","max-image-preview":"max-image-preview:large","max-video-preview":"max-video-preview:-1"},"canonical":"https:\/\/eacim-ceramic-implantology.com\/fr\/conference-du-dr-goran-benic-congres-eacim-2023\/","og_locale":"fr_FR","og_type":"article","og_title":"Conf\u00e9rence du Dr Goran BENIC - Congr\u00e8s EACim 2023 - EACim","og_description":"PD Dr Goran BENIC &#8211; Suisse Universit\u00e9 de Zurich et [...]","og_url":"https:\/\/eacim-ceramic-implantology.com\/fr\/conference-du-dr-goran-benic-congres-eacim-2023\/","og_site_name":"EACim","og_image":[{"url":"https:\/\/eacim-ceramic-implantology.com\/wp-content\/uploads\/2022\/10\/trombi-G-Benic-conf2023.gif","type":"","width":"","height":""}],"twitter_card":"summary_large_image","twitter_misc":{"Dur\u00e9e de lecture estim\u00e9e":"2 minutes"},"schema":{"@context":"https:\/\/schema.org","@graph":[{"@type":"WebPage","@id":"https:\/\/eacim-ceramic-implantology.com\/fr\/conference-du-dr-goran-benic-congres-eacim-2023\/","url":"https:\/\/eacim-ceramic-implantology.com\/fr\/conference-du-dr-goran-benic-congres-eacim-2023\/","name":"Conf\u00e9rence du Dr Goran BENIC - Congr\u00e8s EACim 2023 - EACim","isPartOf":{"@id":"https:\/\/3c9a-d050ef7659ec.wptiger.fr\/#website"},"primaryImageOfPage":{"@id":"https:\/\/eacim-ceramic-implantology.com\/fr\/conference-du-dr-goran-benic-congres-eacim-2023\/#primaryimage"},"image":{"@id":"https:\/\/eacim-ceramic-implantology.com\/fr\/conference-du-dr-goran-benic-congres-eacim-2023\/#primaryimage"},"thumbnailUrl":"https:\/\/eacim-ceramic-implantology.com\/wp-content\/uploads\/2022\/10\/trombi-G-Benic-conf2023.gif","datePublished":"2022-10-29T12:38:29+00:00","breadcrumb":{"@id":"https:\/\/eacim-ceramic-implantology.com\/fr\/conference-du-dr-goran-benic-congres-eacim-2023\/#breadcrumb"},"inLanguage":"fr-FR","potentialAction":[{"@type":"ReadAction","target":["https:\/\/eacim-ceramic-implantology.com\/fr\/conference-du-dr-goran-benic-congres-eacim-2023\/"]}]},{"@type":"ImageObject","inLanguage":"fr-FR","@id":"https:\/\/eacim-ceramic-implantology.com\/fr\/conference-du-dr-goran-benic-congres-eacim-2023\/#primaryimage","url":"https:\/\/eacim-ceramic-implantology.com\/wp-content\/uploads\/2022\/10\/trombi-G-Benic-conf2023.gif","contentUrl":"https:\/\/eacim-ceramic-implantology.com\/wp-content\/uploads\/2022\/10\/trombi-G-Benic-conf2023.gif"},{"@type":"BreadcrumbList","@id":"https:\/\/eacim-ceramic-implantology.com\/fr\/conference-du-dr-goran-benic-congres-eacim-2023\/#breadcrumb","itemListElement":[{"@type":"ListItem","position":1,"name":"Accueil","item":"https:\/\/eacim-ceramic-implantology.com\/fr\/"},{"@type":"ListItem","position":2,"name":"Conf\u00e9rence du Dr Goran BENIC &#8211; Congr\u00e8s EACim 2023"}]},{"@type":"WebSite","@id":"https:\/\/3c9a-d050ef7659ec.wptiger.fr\/#website","url":"https:\/\/3c9a-d050ef7659ec.wptiger.fr\/","name":"EACim","description":"European Academy of Ceramic Implantology","potentialAction":[{"@type":"SearchAction","target":{"@type":"EntryPoint","urlTemplate":"https:\/\/3c9a-d050ef7659ec.wptiger.fr\/?s={search_term_string}"},"query-input":{"@type":"PropertyValueSpecification","valueRequired":true,"valueName":"search_term_string"}}],"inLanguage":"fr-FR"}]}},"_links":{"self":[{"href":"https:\/\/eacim-ceramic-implantology.com\/fr\/wp-json\/wp\/v2\/pages\/9018","targetHints":{"allow":["GET"]}}],"collection":[{"href":"https:\/\/eacim-ceramic-implantology.com\/fr\/wp-json\/wp\/v2\/pages"}],"about":[{"href":"https:\/\/eacim-ceramic-implantology.com\/fr\/wp-json\/wp\/v2\/types\/page"}],"author":[{"embeddable":true,"href":"https:\/\/eacim-ceramic-implantology.com\/fr\/wp-json\/wp\/v2\/users\/1"}],"replies":[{"embeddable":true,"href":"https:\/\/eacim-ceramic-implantology.com\/fr\/wp-json\/wp\/v2\/comments?post=9018"}],"version-history":[{"count":2,"href":"https:\/\/eacim-ceramic-implantology.com\/fr\/wp-json\/wp\/v2\/pages\/9018\/revisions"}],"predecessor-version":[{"id":9020,"href":"https:\/\/eacim-ceramic-implantology.com\/fr\/wp-json\/wp\/v2\/pages\/9018\/revisions\/9020"}],"wp:attachment":[{"href":"https:\/\/eacim-ceramic-implantology.com\/fr\/wp-json\/wp\/v2\/media?parent=9018"}],"curies":[{"name":"wp","href":"https:\/\/api.w.org\/{rel}","templated":true}]}}