{"id":9022,"date":"2022-10-29T14:41:49","date_gmt":"2022-10-29T12:41:49","guid":{"rendered":"https:\/\/eacim-ceramic-implantology.com\/conference-du-dr-marc-balmer-congres-eacim-2023\/"},"modified":"2022-10-29T16:42:34","modified_gmt":"2022-10-29T14:42:34","slug":"conference-du-dr-marc-balmer-congres-eacim-2023","status":"publish","type":"page","link":"https:\/\/eacim-ceramic-implantology.com\/fr\/conference-du-dr-marc-balmer-congres-eacim-2023\/","title":{"rendered":"Conf\u00e9rence du Dr Marc BALMER &#8211; Congr\u00e8s EACim 2023"},"content":{"rendered":"<h1><em><img decoding=\"async\" class=\"size-full wp-image-8935 alignright\" src=\"https:\/\/eacim-ceramic-implantology.com\/wp-content\/uploads\/2022\/10\/trombi-M-BALMER-conf2023.gif\" alt=\"\" width=\"300\" height=\"300\" \/>Dr Marc BALMER &#8211; Suisse<br \/>\n<\/em><\/h1>\n<p><strong>Dr. med. dent \u00a0<\/strong><\/p>\n<p>Marc Balmer travaille \u00e0 la Clinique de dentisterie reconstructive de l&rsquo;Universit\u00e9 de Zurich, en Suisse. Il a obtenu un Master en m\u00e9decine dentaire au Centre de m\u00e9decine dentaire de l&rsquo;Universit\u00e9 de Zurich (Suisse) en 2008 et a re\u00e7u le \u00ab\u00a0doctor medicinae dentium\u00a0\u00bb (Dr. med. dent.) de la m\u00eame universit\u00e9 en 2012.<\/p>\n<p>Apr\u00e8s une p\u00e9riode de 6 ans en tant que collaborateur \u00e0 temps plein dans un cabinet priv\u00e9 \u00e0 B\u00fclach, en Suisse, il a obtenu un certificat de formation postgradu\u00e9e en m\u00e9decine dentaire g\u00e9n\u00e9rale de l&rsquo;Association dentaire suisse.<\/p>\n<p>De 2014 \u00e0 2017, il a suivi une formation postgradu\u00e9e de 3 ans en dentisterie reconstructive \u00e0 la Clinique de dentisterie reconstructive de l&rsquo;Universit\u00e9 de Zurich, ce qui lui a valu en 2018 le titre de sp\u00e9cialiste en dentisterie reconstructive de la Soci\u00e9t\u00e9 suisse de dentisterie reconstructive.<\/p>\n<p>Le Dr Balmer a obtenu un master en implantologie orale de l&rsquo;Universit\u00e9 de Zurich en 2019.<\/p>\n<p>Since 2017 he serves as a full-time Senior Teaching and Research Assistant at the Clinic of Reconstructive Dentistry at the University of Zurich, Switzerland. His clinical focus is on the treatment of complex and aesthetic cases using all aspects of reconstructive dentistry including implant dentistry. Il est responsable de la gestion des connaissances, de l&rsquo;enseignement des \u00e9tudiants et de l&rsquo;\u00e9ducation num\u00e9rique dans sa clinique. Ses int\u00e9r\u00eats scientifiques portent sur la prosthodontie, la dentisterie implantaire et plus particuli\u00e8rement sur les mat\u00e9riaux c\u00e9ramiques. Il a publi\u00e9 de nombreux articles scientifiques et cliniques.<\/p>\n<p>&nbsp;<\/p>\n<div class=\"fusion-button-wrapper\"><a class=\"fusion-button button-flat button-medium button-custom fusion-button-default button-1 fusion-button-default-span fusion-button-default-type\" style=\"--button_accent_color:#ffffff;--button_accent_hover_color:#f7f7f7;--button_border_hover_color:#f7f7f7;--button_gradient_top_color:#04486b;--button_gradient_bottom_color:#04486b;--button_gradient_top_color_hover:#2898a0;--button_gradient_bottom_color_hover:#2898a0;\" target=\"_self\" href=\"https:\/\/www.zzm.uzh.ch\/en\/research\/staff\/balmer-marc.html\"><span class=\"fusion-button-text awb-button__text awb-button__text--default\">En savoir plus <\/span><\/a><\/div>\n<p>&nbsp;<\/p>\n<h2>\u00ab\u00a0Implants en c\u00e9ramique : nouvelles preuves cliniques\u00a0\u00bb &#8211; \u00ab\u00a0Ceramic implants: new clinical evidence\u00a0\u00bb\u00a0 &#8211;\u00a0 Congr\u00e8s EACim 2023<\/h2>\n<h3>R\u00e9sum\u00e9 de la conf\u00e9rence :<\/h3>\n<p>Les implants en c\u00e9ramique ont fait leur entr\u00e9e en dentisterie. Cependant, quelles sont les preuves cliniques actuelles pour les implants en zircone en 2023. Existe-t-il enfin des r\u00e9sultats d&rsquo;\u00e9tudes \u00e0 long terme ? Existe-t-il d\u00e9j\u00e0 suffisamment de donn\u00e9es scientifiques pour soutenir les implants en c\u00e9ramique en deux parties ?\u00a0Cette pr\u00e9sentation montre les derni\u00e8res preuves des implants en c\u00e9ramique et met en \u00e9vidence tous leurs aspects.<\/p>\n<p>&nbsp;<\/p>\n<p>&nbsp;<\/p>\n","protected":false},"excerpt":{"rendered":"<p>Dr Marc BALMER &#8211; Suisse Dr. med. dent \u00a0 Marc  [&#8230;]<\/p>\n","protected":false},"author":1,"featured_media":0,"parent":0,"menu_order":0,"comment_status":"closed","ping_status":"closed","template":"","meta":{"_price":"","_stock":"","_tribe_ticket_header":"","_tribe_default_ticket_provider":"","_tribe_ticket_capacity":"0","_ticket_start_date":"","_ticket_end_date":"","_tribe_ticket_show_description":"","_tribe_ticket_show_not_going":false,"_tribe_ticket_use_global_stock":"","_tribe_ticket_global_stock_level":"","_global_stock_mode":"","_global_stock_cap":"","_tribe_rsvp_for_event":"","_tribe_ticket_going_count":"","_tribe_ticket_not_going_count":"","_tribe_tickets_list":"[]","_tribe_ticket_has_attendee_info_fields":false,"footnotes":""},"class_list":["post-9022","page","type-page","status-publish","hentry"],"yoast_head":"<!-- This site is optimized with the Yoast SEO plugin v26.4 - https:\/\/yoast.com\/wordpress\/plugins\/seo\/ -->\n<title>Conf\u00e9rence du Dr Marc BALMER - Congr\u00e8s EACim 2023 - EACim<\/title>\n<meta name=\"robots\" content=\"index, follow, max-snippet:-1, max-image-preview:large, max-video-preview:-1\" \/>\n<link rel=\"canonical\" href=\"https:\/\/eacim-ceramic-implantology.com\/fr\/conference-du-dr-marc-balmer-congres-eacim-2023\/\" \/>\n<meta property=\"og:locale\" content=\"fr_FR\" \/>\n<meta property=\"og:type\" content=\"article\" \/>\n<meta property=\"og:title\" content=\"Conf\u00e9rence du Dr Marc BALMER - Congr\u00e8s EACim 2023 - EACim\" \/>\n<meta property=\"og:description\" content=\"Dr Marc BALMER &#8211; Suisse Dr. med. dent \u00a0 Marc [...]\" \/>\n<meta property=\"og:url\" content=\"https:\/\/eacim-ceramic-implantology.com\/fr\/conference-du-dr-marc-balmer-congres-eacim-2023\/\" \/>\n<meta property=\"og:site_name\" content=\"EACim\" \/>\n<meta property=\"article:modified_time\" content=\"2022-10-29T14:42:34+00:00\" \/>\n<meta property=\"og:image\" content=\"https:\/\/eacim-ceramic-implantology.com\/wp-content\/uploads\/2022\/10\/trombi-M-BALMER-conf2023.gif\" \/>\n<meta name=\"twitter:card\" content=\"summary_large_image\" \/>\n<meta name=\"twitter:label1\" content=\"Dur\u00e9e de lecture estim\u00e9e\" \/>\n\t<meta name=\"twitter:data1\" content=\"2 minutes\" \/>\n<script type=\"application\/ld+json\" class=\"yoast-schema-graph\">{\"@context\":\"https:\/\/schema.org\",\"@graph\":[{\"@type\":\"WebPage\",\"@id\":\"https:\/\/eacim-ceramic-implantology.com\/fr\/conference-du-dr-marc-balmer-congres-eacim-2023\/\",\"url\":\"https:\/\/eacim-ceramic-implantology.com\/fr\/conference-du-dr-marc-balmer-congres-eacim-2023\/\",\"name\":\"Conf\u00e9rence du Dr Marc BALMER - Congr\u00e8s EACim 2023 - EACim\",\"isPartOf\":{\"@id\":\"https:\/\/3c9a-d050ef7659ec.wptiger.fr\/#website\"},\"primaryImageOfPage\":{\"@id\":\"https:\/\/eacim-ceramic-implantology.com\/fr\/conference-du-dr-marc-balmer-congres-eacim-2023\/#primaryimage\"},\"image\":{\"@id\":\"https:\/\/eacim-ceramic-implantology.com\/fr\/conference-du-dr-marc-balmer-congres-eacim-2023\/#primaryimage\"},\"thumbnailUrl\":\"https:\/\/eacim-ceramic-implantology.com\/wp-content\/uploads\/2022\/10\/trombi-M-BALMER-conf2023.gif\",\"datePublished\":\"2022-10-29T12:41:49+00:00\",\"dateModified\":\"2022-10-29T14:42:34+00:00\",\"breadcrumb\":{\"@id\":\"https:\/\/eacim-ceramic-implantology.com\/fr\/conference-du-dr-marc-balmer-congres-eacim-2023\/#breadcrumb\"},\"inLanguage\":\"fr-FR\",\"potentialAction\":[{\"@type\":\"ReadAction\",\"target\":[\"https:\/\/eacim-ceramic-implantology.com\/fr\/conference-du-dr-marc-balmer-congres-eacim-2023\/\"]}]},{\"@type\":\"ImageObject\",\"inLanguage\":\"fr-FR\",\"@id\":\"https:\/\/eacim-ceramic-implantology.com\/fr\/conference-du-dr-marc-balmer-congres-eacim-2023\/#primaryimage\",\"url\":\"https:\/\/eacim-ceramic-implantology.com\/wp-content\/uploads\/2022\/10\/trombi-M-BALMER-conf2023.gif\",\"contentUrl\":\"https:\/\/eacim-ceramic-implantology.com\/wp-content\/uploads\/2022\/10\/trombi-M-BALMER-conf2023.gif\"},{\"@type\":\"BreadcrumbList\",\"@id\":\"https:\/\/eacim-ceramic-implantology.com\/fr\/conference-du-dr-marc-balmer-congres-eacim-2023\/#breadcrumb\",\"itemListElement\":[{\"@type\":\"ListItem\",\"position\":1,\"name\":\"Accueil\",\"item\":\"https:\/\/eacim-ceramic-implantology.com\/fr\/\"},{\"@type\":\"ListItem\",\"position\":2,\"name\":\"Conf\u00e9rence du Dr Marc BALMER &#8211; Congr\u00e8s EACim 2023\"}]},{\"@type\":\"WebSite\",\"@id\":\"https:\/\/3c9a-d050ef7659ec.wptiger.fr\/#website\",\"url\":\"https:\/\/3c9a-d050ef7659ec.wptiger.fr\/\",\"name\":\"EACim\",\"description\":\"European Academy of Ceramic Implantology\",\"potentialAction\":[{\"@type\":\"SearchAction\",\"target\":{\"@type\":\"EntryPoint\",\"urlTemplate\":\"https:\/\/3c9a-d050ef7659ec.wptiger.fr\/?s={search_term_string}\"},\"query-input\":{\"@type\":\"PropertyValueSpecification\",\"valueRequired\":true,\"valueName\":\"search_term_string\"}}],\"inLanguage\":\"fr-FR\"}]}<\/script>\n<!-- \/ Yoast SEO plugin. -->","yoast_head_json":{"title":"Conf\u00e9rence du Dr Marc BALMER - Congr\u00e8s EACim 2023 - EACim","robots":{"index":"index","follow":"follow","max-snippet":"max-snippet:-1","max-image-preview":"max-image-preview:large","max-video-preview":"max-video-preview:-1"},"canonical":"https:\/\/eacim-ceramic-implantology.com\/fr\/conference-du-dr-marc-balmer-congres-eacim-2023\/","og_locale":"fr_FR","og_type":"article","og_title":"Conf\u00e9rence du Dr Marc BALMER - Congr\u00e8s EACim 2023 - EACim","og_description":"Dr Marc BALMER &#8211; Suisse Dr. med. dent \u00a0 Marc [...]","og_url":"https:\/\/eacim-ceramic-implantology.com\/fr\/conference-du-dr-marc-balmer-congres-eacim-2023\/","og_site_name":"EACim","article_modified_time":"2022-10-29T14:42:34+00:00","og_image":[{"url":"https:\/\/eacim-ceramic-implantology.com\/wp-content\/uploads\/2022\/10\/trombi-M-BALMER-conf2023.gif","type":"","width":"","height":""}],"twitter_card":"summary_large_image","twitter_misc":{"Dur\u00e9e de lecture estim\u00e9e":"2 minutes"},"schema":{"@context":"https:\/\/schema.org","@graph":[{"@type":"WebPage","@id":"https:\/\/eacim-ceramic-implantology.com\/fr\/conference-du-dr-marc-balmer-congres-eacim-2023\/","url":"https:\/\/eacim-ceramic-implantology.com\/fr\/conference-du-dr-marc-balmer-congres-eacim-2023\/","name":"Conf\u00e9rence du Dr Marc BALMER - Congr\u00e8s EACim 2023 - EACim","isPartOf":{"@id":"https:\/\/3c9a-d050ef7659ec.wptiger.fr\/#website"},"primaryImageOfPage":{"@id":"https:\/\/eacim-ceramic-implantology.com\/fr\/conference-du-dr-marc-balmer-congres-eacim-2023\/#primaryimage"},"image":{"@id":"https:\/\/eacim-ceramic-implantology.com\/fr\/conference-du-dr-marc-balmer-congres-eacim-2023\/#primaryimage"},"thumbnailUrl":"https:\/\/eacim-ceramic-implantology.com\/wp-content\/uploads\/2022\/10\/trombi-M-BALMER-conf2023.gif","datePublished":"2022-10-29T12:41:49+00:00","dateModified":"2022-10-29T14:42:34+00:00","breadcrumb":{"@id":"https:\/\/eacim-ceramic-implantology.com\/fr\/conference-du-dr-marc-balmer-congres-eacim-2023\/#breadcrumb"},"inLanguage":"fr-FR","potentialAction":[{"@type":"ReadAction","target":["https:\/\/eacim-ceramic-implantology.com\/fr\/conference-du-dr-marc-balmer-congres-eacim-2023\/"]}]},{"@type":"ImageObject","inLanguage":"fr-FR","@id":"https:\/\/eacim-ceramic-implantology.com\/fr\/conference-du-dr-marc-balmer-congres-eacim-2023\/#primaryimage","url":"https:\/\/eacim-ceramic-implantology.com\/wp-content\/uploads\/2022\/10\/trombi-M-BALMER-conf2023.gif","contentUrl":"https:\/\/eacim-ceramic-implantology.com\/wp-content\/uploads\/2022\/10\/trombi-M-BALMER-conf2023.gif"},{"@type":"BreadcrumbList","@id":"https:\/\/eacim-ceramic-implantology.com\/fr\/conference-du-dr-marc-balmer-congres-eacim-2023\/#breadcrumb","itemListElement":[{"@type":"ListItem","position":1,"name":"Accueil","item":"https:\/\/eacim-ceramic-implantology.com\/fr\/"},{"@type":"ListItem","position":2,"name":"Conf\u00e9rence du Dr Marc BALMER &#8211; Congr\u00e8s EACim 2023"}]},{"@type":"WebSite","@id":"https:\/\/3c9a-d050ef7659ec.wptiger.fr\/#website","url":"https:\/\/3c9a-d050ef7659ec.wptiger.fr\/","name":"EACim","description":"European Academy of Ceramic Implantology","potentialAction":[{"@type":"SearchAction","target":{"@type":"EntryPoint","urlTemplate":"https:\/\/3c9a-d050ef7659ec.wptiger.fr\/?s={search_term_string}"},"query-input":{"@type":"PropertyValueSpecification","valueRequired":true,"valueName":"search_term_string"}}],"inLanguage":"fr-FR"}]}},"_links":{"self":[{"href":"https:\/\/eacim-ceramic-implantology.com\/fr\/wp-json\/wp\/v2\/pages\/9022","targetHints":{"allow":["GET"]}}],"collection":[{"href":"https:\/\/eacim-ceramic-implantology.com\/fr\/wp-json\/wp\/v2\/pages"}],"about":[{"href":"https:\/\/eacim-ceramic-implantology.com\/fr\/wp-json\/wp\/v2\/types\/page"}],"author":[{"embeddable":true,"href":"https:\/\/eacim-ceramic-implantology.com\/fr\/wp-json\/wp\/v2\/users\/1"}],"replies":[{"embeddable":true,"href":"https:\/\/eacim-ceramic-implantology.com\/fr\/wp-json\/wp\/v2\/comments?post=9022"}],"version-history":[{"count":5,"href":"https:\/\/eacim-ceramic-implantology.com\/fr\/wp-json\/wp\/v2\/pages\/9022\/revisions"}],"predecessor-version":[{"id":9098,"href":"https:\/\/eacim-ceramic-implantology.com\/fr\/wp-json\/wp\/v2\/pages\/9022\/revisions\/9098"}],"wp:attachment":[{"href":"https:\/\/eacim-ceramic-implantology.com\/fr\/wp-json\/wp\/v2\/media?parent=9022"}],"curies":[{"name":"wp","href":"https:\/\/api.w.org\/{rel}","templated":true}]}}