{"id":9028,"date":"2022-10-29T14:49:38","date_gmt":"2022-10-29T12:49:38","guid":{"rendered":"https:\/\/eacim-ceramic-implantology.com\/conference-du-dr-michael-gahlert-congres-eacim-2023\/"},"modified":"2022-10-29T16:40:09","modified_gmt":"2022-10-29T14:40:09","slug":"conference-du-dr-michael-gahlert-congres-eacim-2023","status":"publish","type":"page","link":"https:\/\/eacim-ceramic-implantology.com\/fr\/conference-du-dr-michael-gahlert-congres-eacim-2023\/","title":{"rendered":"Conf\u00e9rence du Dr Michael GAHLERT &#8211; Congr\u00e8s EACim 2023"},"content":{"rendered":"<h1><em><img decoding=\"async\" class=\"size-full wp-image-8933 alignright\" src=\"https:\/\/eacim-ceramic-implantology.com\/wp-content\/uploads\/2022\/10\/trombi-M-GAHLERT-conf2023.gif\" alt=\"\" width=\"300\" height=\"300\" \/>Dr Michael GAHLERT &#8211; Allemagne<br \/>\n<\/em><\/h1>\n<p>1980 &#8211; 1985 \u00c9tudes de dentisterie \u00e0 l&rsquo;universit\u00e9 Albert-Ludwigs de Fribourg.<br \/>\n1985 &#8211; Autorisation d&rsquo;exercer la profession de dentiste<br \/>\n1985 &#8211; 1987 Doctorat en microbiologie exp\u00e9rimentale<br \/>\n1985 &#8211; 1990 R\u00e9sident dans le service de chirurgie maxillo-faciale de l&rsquo;h\u00f4pital universitaire de Fribourg avec formation compl\u00e9mentaire en chirurgie dentoalv\u00e9olaire, parodontologie et implantologie, collaboration dans l&rsquo;\u00e9quipe internationale d&rsquo;implantologie (ITI) avec les Professeurs Gisbert Krekeler et Wilfried Schilli<br \/>\n1990 Sp\u00e9cialiste en chirurgie orale<br \/>\n1990 Cabinet commun avec le Prof. Dr. Heinz Kniha \u00e0 Munich, sp\u00e9cialis\u00e9 en implantologie et parodontologie<br \/>\n1994 Fellow de l&rsquo;\u00e9quipe internationale d&rsquo;implantologie, ITI<br \/>\n1996 Membre de la commission de d\u00e9veloppement de l&rsquo;ITI<br \/>\n1994 &#8211; 2004 Expert nomm\u00e9 \u00e0 l&rsquo;unanimit\u00e9 en implantologie \u00e0 Munich<br \/>\n2001 Id\u00e9e et conception d&rsquo;un implant dentaire c\u00e9ramique en dioxyde de zirconium<br \/>\n2002 Premier projet scientifique pr\u00e9clinique sur les implants en dioxyde de zirconium \u00e0 la Klinikum Rechts der Isar, Munich<br \/>\n2003 Lectureship Danube University Krems pour l&rsquo;\u00e9ducation post-gradu\u00e9e en implantologie dentaire<br \/>\n2005 Brevet international sur les implants c\u00e9ramiques \u00e0 surface sp\u00e9ciale<br \/>\n2006 &#8211; 2018 Projets scientifiques sur les implants en c\u00e9ramique et publications internationales<br \/>\n2011 Associ\u00e9 de recherche Hightech Research Center of Oral and Maxillofacial Surgery, H\u00f4pital universitaire de B\u00e2le<br \/>\n2018 Habilitation en \u00ab\u00a0M\u00e9decine exp\u00e9rimentale\u00a0\u00bb \u00e0 l&rsquo;Universit\u00e9 de B\u00e2le, Suisse<br \/>\n2019 Nomination en tant que professeur invit\u00e9 \u00e0 l&rsquo;Universit\u00e9 priv\u00e9e Sigmund Freud de Vienne<br \/>\n2019 Exercice en commun avec le Privatdozent Dr.habil., Dr.med.dent. Stefan R\u00f6hling \u00e0 Munich, collaborateur scientifique D\u00e9partement de g\u00e9nie biom\u00e9dical Universit\u00e9 de B\u00e2le<br \/>\n2020 Co-laur\u00e9at du prix Andre`Schroeder 2020<br \/>\n2022 Brevet international pour un mat\u00e9riau de remplacement osseux en dioxyde de zirconium<\/p>\n<p>&nbsp;<\/p>\n<div class=\"fusion-button-wrapper\"><a class=\"fusion-button button-flat button-medium button-custom fusion-button-default button-1 fusion-button-default-span fusion-button-default-type\" style=\"--button_accent_color:#ffffff;--button_accent_hover_color:#f7f7f7;--button_border_hover_color:#f7f7f7;--button_gradient_top_color:#04486b;--button_gradient_bottom_color:#04486b;--button_gradient_top_color_hover:#2898a0;--button_gradient_bottom_color_hover:#2898a0;\" target=\"_self\" href=\"https:\/\/www.oralchirurgie-t1.de\/?utm_source=organic&amp;utm_campaign=gmb-oralchirurgie\"><span class=\"fusion-button-text awb-button__text awb-button__text--default\">Visitez son site internet <\/span><\/a><\/div>\n<p>&nbsp;<\/p>\n<h2>\u00ab\u00a0Single tooth rehabilitation with zirconia implants: clinical outcome and long term results\u00a0\u00bb \/ \u00ab\u00a0R\u00e9habilitation d&rsquo;une seule dent avec des implants en zircone : r\u00e9sultat clinique et r\u00e9sultats \u00e0 long terme\u00a0\u00bb &#8211;\u00a0 Congr\u00e8s EACim 2023<\/h2>\n<h3>R\u00e9sum\u00e9 de la conf\u00e9rence :<\/h3>\n<p>Au cours de cette conf\u00e9rence, les donn\u00e9es \u00e0 long terme de notre \u00e9tude prospective multicentrique de 10 ans sur les implants monotypes en zircone montreront les r\u00e9sultats cliniques des patients, qui sont comparables \u00e0 ceux des implants en titane. La discussion actuelle sur l&rsquo;utilisation clinique des implants en zircone \u00e0 deux parties montre au destinataire que ces produits m\u00e9dicaux auront de tr\u00e8s bonnes chances de positionner les implants en c\u00e9ramique \u00e0 l&rsquo;avenir sur les march\u00e9s \u00e0 une place importante.<\/p>\n<p>&nbsp;<\/p>\n<p>&nbsp;<\/p>\n<p>&nbsp;<\/p>\n<p>&nbsp;<\/p>\n","protected":false},"excerpt":{"rendered":"<p>Dr Michael GAHLERT &#8211; Allemagne 1980 &#8211; 1985 \u00c9tudes de  [&#8230;]<\/p>\n","protected":false},"author":1,"featured_media":0,"parent":0,"menu_order":0,"comment_status":"closed","ping_status":"closed","template":"","meta":{"_price":"","_stock":"","_tribe_ticket_header":"","_tribe_default_ticket_provider":"","_tribe_ticket_capacity":"0","_ticket_start_date":"","_ticket_end_date":"","_tribe_ticket_show_description":"","_tribe_ticket_show_not_going":false,"_tribe_ticket_use_global_stock":"","_tribe_ticket_global_stock_level":"","_global_stock_mode":"","_global_stock_cap":"","_tribe_rsvp_for_event":"","_tribe_ticket_going_count":"","_tribe_ticket_not_going_count":"","_tribe_tickets_list":"[]","_tribe_ticket_has_attendee_info_fields":false,"footnotes":""},"class_list":["post-9028","page","type-page","status-publish","hentry"],"yoast_head":"<!-- This site is optimized with the Yoast SEO plugin v26.4 - https:\/\/yoast.com\/wordpress\/plugins\/seo\/ -->\n<title>Conf\u00e9rence du Dr Michael GAHLERT - Congr\u00e8s EACim 2023 - EACim<\/title>\n<meta name=\"robots\" content=\"index, follow, max-snippet:-1, max-image-preview:large, max-video-preview:-1\" \/>\n<link rel=\"canonical\" href=\"https:\/\/eacim-ceramic-implantology.com\/fr\/conference-du-dr-michael-gahlert-congres-eacim-2023\/\" \/>\n<meta property=\"og:locale\" content=\"fr_FR\" \/>\n<meta property=\"og:type\" content=\"article\" \/>\n<meta property=\"og:title\" content=\"Conf\u00e9rence du Dr Michael GAHLERT - Congr\u00e8s EACim 2023 - EACim\" \/>\n<meta property=\"og:description\" content=\"Dr Michael GAHLERT &#8211; Allemagne 1980 &#8211; 1985 \u00c9tudes de [...]\" \/>\n<meta property=\"og:url\" content=\"https:\/\/eacim-ceramic-implantology.com\/fr\/conference-du-dr-michael-gahlert-congres-eacim-2023\/\" \/>\n<meta property=\"og:site_name\" content=\"EACim\" \/>\n<meta property=\"article:modified_time\" content=\"2022-10-29T14:40:09+00:00\" \/>\n<meta property=\"og:image\" content=\"https:\/\/eacim-ceramic-implantology.com\/wp-content\/uploads\/2022\/10\/trombi-M-GAHLERT-conf2023.gif\" \/>\n<meta name=\"twitter:card\" content=\"summary_large_image\" \/>\n<meta name=\"twitter:label1\" content=\"Dur\u00e9e de lecture estim\u00e9e\" \/>\n\t<meta name=\"twitter:data1\" content=\"2 minutes\" \/>\n<script type=\"application\/ld+json\" class=\"yoast-schema-graph\">{\"@context\":\"https:\/\/schema.org\",\"@graph\":[{\"@type\":\"WebPage\",\"@id\":\"https:\/\/eacim-ceramic-implantology.com\/fr\/conference-du-dr-michael-gahlert-congres-eacim-2023\/\",\"url\":\"https:\/\/eacim-ceramic-implantology.com\/fr\/conference-du-dr-michael-gahlert-congres-eacim-2023\/\",\"name\":\"Conf\u00e9rence du Dr Michael GAHLERT - Congr\u00e8s EACim 2023 - EACim\",\"isPartOf\":{\"@id\":\"https:\/\/3c9a-d050ef7659ec.wptiger.fr\/#website\"},\"primaryImageOfPage\":{\"@id\":\"https:\/\/eacim-ceramic-implantology.com\/fr\/conference-du-dr-michael-gahlert-congres-eacim-2023\/#primaryimage\"},\"image\":{\"@id\":\"https:\/\/eacim-ceramic-implantology.com\/fr\/conference-du-dr-michael-gahlert-congres-eacim-2023\/#primaryimage\"},\"thumbnailUrl\":\"https:\/\/eacim-ceramic-implantology.com\/wp-content\/uploads\/2022\/10\/trombi-M-GAHLERT-conf2023.gif\",\"datePublished\":\"2022-10-29T12:49:38+00:00\",\"dateModified\":\"2022-10-29T14:40:09+00:00\",\"breadcrumb\":{\"@id\":\"https:\/\/eacim-ceramic-implantology.com\/fr\/conference-du-dr-michael-gahlert-congres-eacim-2023\/#breadcrumb\"},\"inLanguage\":\"fr-FR\",\"potentialAction\":[{\"@type\":\"ReadAction\",\"target\":[\"https:\/\/eacim-ceramic-implantology.com\/fr\/conference-du-dr-michael-gahlert-congres-eacim-2023\/\"]}]},{\"@type\":\"ImageObject\",\"inLanguage\":\"fr-FR\",\"@id\":\"https:\/\/eacim-ceramic-implantology.com\/fr\/conference-du-dr-michael-gahlert-congres-eacim-2023\/#primaryimage\",\"url\":\"https:\/\/eacim-ceramic-implantology.com\/wp-content\/uploads\/2022\/10\/trombi-M-GAHLERT-conf2023.gif\",\"contentUrl\":\"https:\/\/eacim-ceramic-implantology.com\/wp-content\/uploads\/2022\/10\/trombi-M-GAHLERT-conf2023.gif\"},{\"@type\":\"BreadcrumbList\",\"@id\":\"https:\/\/eacim-ceramic-implantology.com\/fr\/conference-du-dr-michael-gahlert-congres-eacim-2023\/#breadcrumb\",\"itemListElement\":[{\"@type\":\"ListItem\",\"position\":1,\"name\":\"Accueil\",\"item\":\"https:\/\/eacim-ceramic-implantology.com\/fr\/\"},{\"@type\":\"ListItem\",\"position\":2,\"name\":\"Conf\u00e9rence du Dr Michael GAHLERT &#8211; Congr\u00e8s EACim 2023\"}]},{\"@type\":\"WebSite\",\"@id\":\"https:\/\/3c9a-d050ef7659ec.wptiger.fr\/#website\",\"url\":\"https:\/\/3c9a-d050ef7659ec.wptiger.fr\/\",\"name\":\"EACim\",\"description\":\"European Academy of Ceramic Implantology\",\"potentialAction\":[{\"@type\":\"SearchAction\",\"target\":{\"@type\":\"EntryPoint\",\"urlTemplate\":\"https:\/\/3c9a-d050ef7659ec.wptiger.fr\/?s={search_term_string}\"},\"query-input\":{\"@type\":\"PropertyValueSpecification\",\"valueRequired\":true,\"valueName\":\"search_term_string\"}}],\"inLanguage\":\"fr-FR\"}]}<\/script>\n<!-- \/ Yoast SEO plugin. -->","yoast_head_json":{"title":"Conf\u00e9rence du Dr Michael GAHLERT - Congr\u00e8s EACim 2023 - EACim","robots":{"index":"index","follow":"follow","max-snippet":"max-snippet:-1","max-image-preview":"max-image-preview:large","max-video-preview":"max-video-preview:-1"},"canonical":"https:\/\/eacim-ceramic-implantology.com\/fr\/conference-du-dr-michael-gahlert-congres-eacim-2023\/","og_locale":"fr_FR","og_type":"article","og_title":"Conf\u00e9rence du Dr Michael GAHLERT - Congr\u00e8s EACim 2023 - EACim","og_description":"Dr Michael GAHLERT &#8211; Allemagne 1980 &#8211; 1985 \u00c9tudes de [...]","og_url":"https:\/\/eacim-ceramic-implantology.com\/fr\/conference-du-dr-michael-gahlert-congres-eacim-2023\/","og_site_name":"EACim","article_modified_time":"2022-10-29T14:40:09+00:00","og_image":[{"url":"https:\/\/eacim-ceramic-implantology.com\/wp-content\/uploads\/2022\/10\/trombi-M-GAHLERT-conf2023.gif","type":"","width":"","height":""}],"twitter_card":"summary_large_image","twitter_misc":{"Dur\u00e9e de lecture estim\u00e9e":"2 minutes"},"schema":{"@context":"https:\/\/schema.org","@graph":[{"@type":"WebPage","@id":"https:\/\/eacim-ceramic-implantology.com\/fr\/conference-du-dr-michael-gahlert-congres-eacim-2023\/","url":"https:\/\/eacim-ceramic-implantology.com\/fr\/conference-du-dr-michael-gahlert-congres-eacim-2023\/","name":"Conf\u00e9rence du Dr Michael GAHLERT - Congr\u00e8s EACim 2023 - EACim","isPartOf":{"@id":"https:\/\/3c9a-d050ef7659ec.wptiger.fr\/#website"},"primaryImageOfPage":{"@id":"https:\/\/eacim-ceramic-implantology.com\/fr\/conference-du-dr-michael-gahlert-congres-eacim-2023\/#primaryimage"},"image":{"@id":"https:\/\/eacim-ceramic-implantology.com\/fr\/conference-du-dr-michael-gahlert-congres-eacim-2023\/#primaryimage"},"thumbnailUrl":"https:\/\/eacim-ceramic-implantology.com\/wp-content\/uploads\/2022\/10\/trombi-M-GAHLERT-conf2023.gif","datePublished":"2022-10-29T12:49:38+00:00","dateModified":"2022-10-29T14:40:09+00:00","breadcrumb":{"@id":"https:\/\/eacim-ceramic-implantology.com\/fr\/conference-du-dr-michael-gahlert-congres-eacim-2023\/#breadcrumb"},"inLanguage":"fr-FR","potentialAction":[{"@type":"ReadAction","target":["https:\/\/eacim-ceramic-implantology.com\/fr\/conference-du-dr-michael-gahlert-congres-eacim-2023\/"]}]},{"@type":"ImageObject","inLanguage":"fr-FR","@id":"https:\/\/eacim-ceramic-implantology.com\/fr\/conference-du-dr-michael-gahlert-congres-eacim-2023\/#primaryimage","url":"https:\/\/eacim-ceramic-implantology.com\/wp-content\/uploads\/2022\/10\/trombi-M-GAHLERT-conf2023.gif","contentUrl":"https:\/\/eacim-ceramic-implantology.com\/wp-content\/uploads\/2022\/10\/trombi-M-GAHLERT-conf2023.gif"},{"@type":"BreadcrumbList","@id":"https:\/\/eacim-ceramic-implantology.com\/fr\/conference-du-dr-michael-gahlert-congres-eacim-2023\/#breadcrumb","itemListElement":[{"@type":"ListItem","position":1,"name":"Accueil","item":"https:\/\/eacim-ceramic-implantology.com\/fr\/"},{"@type":"ListItem","position":2,"name":"Conf\u00e9rence du Dr Michael GAHLERT &#8211; Congr\u00e8s EACim 2023"}]},{"@type":"WebSite","@id":"https:\/\/3c9a-d050ef7659ec.wptiger.fr\/#website","url":"https:\/\/3c9a-d050ef7659ec.wptiger.fr\/","name":"EACim","description":"European Academy of Ceramic Implantology","potentialAction":[{"@type":"SearchAction","target":{"@type":"EntryPoint","urlTemplate":"https:\/\/3c9a-d050ef7659ec.wptiger.fr\/?s={search_term_string}"},"query-input":{"@type":"PropertyValueSpecification","valueRequired":true,"valueName":"search_term_string"}}],"inLanguage":"fr-FR"}]}},"_links":{"self":[{"href":"https:\/\/eacim-ceramic-implantology.com\/fr\/wp-json\/wp\/v2\/pages\/9028","targetHints":{"allow":["GET"]}}],"collection":[{"href":"https:\/\/eacim-ceramic-implantology.com\/fr\/wp-json\/wp\/v2\/pages"}],"about":[{"href":"https:\/\/eacim-ceramic-implantology.com\/fr\/wp-json\/wp\/v2\/types\/page"}],"author":[{"embeddable":true,"href":"https:\/\/eacim-ceramic-implantology.com\/fr\/wp-json\/wp\/v2\/users\/1"}],"replies":[{"embeddable":true,"href":"https:\/\/eacim-ceramic-implantology.com\/fr\/wp-json\/wp\/v2\/comments?post=9028"}],"version-history":[{"count":5,"href":"https:\/\/eacim-ceramic-implantology.com\/fr\/wp-json\/wp\/v2\/pages\/9028\/revisions"}],"predecessor-version":[{"id":9095,"href":"https:\/\/eacim-ceramic-implantology.com\/fr\/wp-json\/wp\/v2\/pages\/9028\/revisions\/9095"}],"wp:attachment":[{"href":"https:\/\/eacim-ceramic-implantology.com\/fr\/wp-json\/wp\/v2\/media?parent=9028"}],"curies":[{"name":"wp","href":"https:\/\/api.w.org\/{rel}","templated":true}]}}